{"id":225115,"date":"2026-04-20T15:35:35","date_gmt":"2026-04-20T14:35:35","guid":{"rendered":"https:\/\/zoca.es\/producto\/microsoft-surface-pro-8-123-reconditionne-core-i7-3ghz-16-gb-ram-256-gb-ssd-m2-2880x1920-fr-14989\/"},"modified":"2026-04-20T15:35:45","modified_gmt":"2026-04-20T14:35:45","slug":"microsoft-surface-pro-8-123-reconditionne-core-i7-3ghz-16-gb-ram-256-gb-ssd-m2-2880x1920-fr-14989","status":"publish","type":"product","link":"https:\/\/zoca.es\/fr\/produit\/microsoft-surface-pro-8-123-reconditionne-core-i7-3ghz-16-gb-ram-256-gb-ssd-m2-2880x1920-fr-14989\/","title":{"rendered":"Microsoft Surface Pro 8 12.3\u00a0\u00bb | Reconditionn\u00e9 | Core i7 3GHz | 16 GB RAM | 256 GB SSD M2 2880&#215;1920"},"content":{"rendered":"<p><strong>Processeur<\/strong><br \/>Intel Core i7 1185G7 3 GHz.<br \/><strong>M\u00e9moire RAM<\/strong><br \/>16 Gb. SO-DDR4 RAM<br \/><strong>Disque dur<\/strong><br \/>256 Gb. SSD M2<br \/><strong>Cartes<\/strong><br \/>Graphique: Intel Iris Xe Graphics<br \/>Son: High Definition Audio<br \/>R\u00e9seau: &#8211;<br \/><strong>Syst\u00e8me op\u00e9ratif<\/strong><br \/>Windows 11 Pro<br \/><strong>Ports<\/strong><br \/>USB 3.0<br \/>USB-C<br \/><strong>\u00c9cran<\/strong><br \/>Tactile 12.3 \u00a0\u00bb 2K 16:9  \u00b7 R\u00e9solution 2880&#215;1920<br \/><strong>Multim\u00e9dias<\/strong><br \/>Cam\u00e9ra arri\u00e8re<br \/>Cam\u00e9ra frontale<br \/><strong>Connectivit\u00e9<\/strong><br \/>WIFI<br \/>Bluetooth<br \/>4G<br \/><strong>Autres<\/strong><br \/>hR emballage<br \/><strong>Dimensions<\/strong><br \/>29.2&#215;20.1&#215;0.85 cm.<br \/><strong>Poids<\/strong><br \/>0.79 Kg.<br \/><strong>Sp\u00e9cifications suppl\u00e9mentaires<\/strong><br \/>La Microsoft Surface Pro 8 est l&rsquo;outil parfait pour ceux qui ont besoin d&rsquo;un appareil sans compromis : aussi puissant qu&rsquo;un ordinateur portable haut de gamme, aussi libre et portable qu&rsquo;une tablette. Con\u00e7ue pour les professionnels exigeants, les \u00e9tudiants avanc\u00e9s et les cr\u00e9ateurs de contenu qui ne veulent pas choisir entre performance et mobilit\u00e9, la Surface Pro 8 red\u00e9finit ce que l&rsquo;on peut attendre d&rsquo;un 2 en 1. Sous son \u00e9l\u00e9gant bo\u00eetier se cache un processeur Intel Core i7 de 11\u00e8me g\u00e9n\u00e9ration \u00e0 3 GHz, soutenu par 16 Go de RAM et 256 Go de stockage SSD M.2 haute vitesse. Tout cela tourne sous Windows 11 Pro, ce qui garantit une compatibilit\u00e9 totale avec l&rsquo;environnement professionnel et les outils professionnels les plus exigeants. Son \u00e9cran tactile de 12,3\u00a0\u00bb avec une r\u00e9solution de 2880&#215;1920 et un format 16:9 offre une nettet\u00e9 et une fid\u00e9lit\u00e9 des couleurs qui s\u00e9duisent d\u00e8s le premier regard, id\u00e9al aussi bien pour travailler avec des feuilles de calcul que pour des pr\u00e9sentations impeccables ou de l&rsquo;\u00e9dition multim\u00e9dia. La connectivit\u00e9 Wi-Fi, Bluetooth et 4G int\u00e9gr\u00e9e assure que vous \u00eates toujours connect\u00e9, o\u00f9 que vous soyez. Ce qui distingue vraiment la Surface Pro 8 est sa capacit\u00e9 \u00e0 s&rsquo;adapter \u00e0 n&rsquo;importe quel sc\u00e9nario : au bureau comme station de travail, en d\u00e9placement comme tablette connect\u00e9e ou en r\u00e9union comme outil de pr\u00e9sentation. Ce n&rsquo;est pas une tablette qui essaie d&rsquo;\u00eatre un ordinateur, ni un ordinateur qui essaie d&rsquo;\u00eatre une tablette \u2014 c&rsquo;est les deux \u00e0 la fois, sans rien sacrifier. Si vous cherchez un appareil qui travaille aussi dur que vous et qui transmet en plus du professionnalisme, la Surface Pro 8 est un investissement qui se remarque d\u00e8s le premier jour. Bonne apparence ext\u00e9rieure. Peut pr\u00e9senter de l\u00e9g\u00e8res marques d&rsquo;utilisation sur le bo\u00eetier. Si vous avez des questions, appelez-nous ou utilisez notre chat pour obtenir plus d&rsquo;informations ou pour demander plus de d\u00e9tails.<\/p>\n","protected":false},"excerpt":{"rendered":"<p>Intel Core i7 1185G7 3 GHz. \u00b7 16 Gb. SO-DDR4 RAM \u00b7 256 Gb. SSD M2 \u00b7 <strong>Windows 11 Pro<\/strong> \u00b7 Tactile 12.3 \u00a0\u00bb 2K 16:9<\/p>\n","protected":false},"featured_media":225116,"template":"","meta":[],"product_brand":[3456],"product_cat":[3186,2302],"product_tag":[],"class_list":{"0":"post-225115","1":"product","2":"type-product","3":"status-publish","4":"has-post-thumbnail","6":"product_brand-microsoft","7":"product_cat-tablettes-surface-fr","8":"product_cat-tablettes-fr","10":"first","11":"instock","12":"taxable","13":"shipping-taxable","14":"purchasable","15":"product-type-simple"},"bundled_by":[],"bundle_stock_status":"instock","bundle_stock_quantity":3,"bundle_virtual":false,"bundle_layout":"","bundle_add_to_cart_form_location":"","bundle_editable_in_cart":false,"bundle_sold_individually_context":"","bundle_item_grouping":"","bundle_min_size":"","bundle_max_size":"","bundle_price":[],"bundled_items":[],"bundle_sell_ids":[],"exclude_global_add_ons":true,"addons":{"pencil-upgrades":{"name":"Extension Crayon","type":"multiple_choice","position":0,"required":false,"title_format":"heading","default":"","description_enable":false,"description":"","placeholder_enable":false,"placeholder":"","display":"radiobutton","restrictions_type":"any_text","adjust_price":false,"price":"","price_type":"quantity_based","restrictions":false,"min":"0","max":"0","options":[{"label":"Stylet Microsoft Surface 8\/X Original [AMP00178]","price":"55.0000","price_type":"quantity_based","image":0,"visibility":true}]},"os-upgrades":{"name":"Expansion SO","type":"multiple_choice","position":0,"required":false,"title_format":"heading","default":"","description_enable":false,"description":"","placeholder_enable":false,"placeholder":"","display":"radiobutton","restrictions_type":"any_text","adjust_price":false,"price":"","price_type":"quantity_based","restrictions":false,"min":"0","max":"0","options":[{"label":"Changer la langue en fran\u00e7ais [AMP00125]","price":"0.0000","price_type":"quantity_based","image":0,"visibility":true},{"label":"Changer la langue en anglais [AMP00008]","price":"0.0000","price_type":"quantity_based","image":0,"visibility":true},{"label":"Changer la langue en portugais [AMP00009]","price":"0.0000","price_type":"quantity_based","image":0,"visibility":true}]},"keyboard-upgrades":{"name":"Extension clavier","type":"multiple_choice","position":0,"required":false,"title_format":"heading","default":"","description_enable":false,"description":"","placeholder_enable":false,"placeholder":"","display":"radiobutton","restrictions_type":"any_text","adjust_price":false,"price":"","price_type":"quantity_based","restrictions":false,"min":"0","max":"0","options":[{"label":"Clavier espagnol Microsoft Surface Pro 8\/X [AMP00179]","price":"70.0000","price_type":"quantity_based","image":0,"visibility":true}]}},"df_price":713.9,"df_sale_price":"","df_regular_price":713.9,"df_image_link":"https:\/\/zoca.es\/wp-content\/uploads\/images\/product\/14989\/ms00246_01-300x225.jpg","_links":{"self":[{"href":"https:\/\/zoca.es\/fr\/wp-json\/wp\/v2\/product\/225115","targetHints":{"allow":["GET"]}}],"collection":[{"href":"https:\/\/zoca.es\/fr\/wp-json\/wp\/v2\/product"}],"about":[{"href":"https:\/\/zoca.es\/fr\/wp-json\/wp\/v2\/types\/product"}],"wp:featuredmedia":[{"embeddable":true,"href":"https:\/\/zoca.es\/fr\/wp-json\/wp\/v2\/media\/225116"}],"wp:attachment":[{"href":"https:\/\/zoca.es\/fr\/wp-json\/wp\/v2\/media?parent=225115"}],"wp:term":[{"taxonomy":"product_brand","embeddable":true,"href":"https:\/\/zoca.es\/fr\/wp-json\/wp\/v2\/product_brand?post=225115"},{"taxonomy":"product_cat","embeddable":true,"href":"https:\/\/zoca.es\/fr\/wp-json\/wp\/v2\/product_cat?post=225115"},{"taxonomy":"product_tag","embeddable":true,"href":"https:\/\/zoca.es\/fr\/wp-json\/wp\/v2\/product_tag?post=225115"}],"curies":[{"name":"wp","href":"https:\/\/api.w.org\/{rel}","templated":true}]}}