{"id":224454,"date":"2026-04-20T12:37:31","date_gmt":"2026-04-20T11:37:31","guid":{"rendered":"https:\/\/zoca.es\/producto\/fujitsu-b24-9ws-24-ips-169-reconditionne-1920x1080-fr-14933\/"},"modified":"2026-04-20T12:37:46","modified_gmt":"2026-04-20T11:37:46","slug":"fujitsu-b24-9ws-24-ips-169-reconditionne-1920x1080-fr-14933","status":"publish","type":"product","link":"https:\/\/zoca.es\/fr\/produit\/fujitsu-b24-9ws-24-ips-169-reconditionne-1920x1080-fr-14933\/","title":{"rendered":"Fujitsu B24-9WS 24\u00a0\u00bb IPS 16:9 | Reconditionn\u00e9 | 1920&#215;1080"},"content":{"rendered":"<p><strong>\u00c9cran<\/strong><br \/>IPS 24 \u00a0\u00bb FullHD 16:9 \u00b7 R\u00e9solution 1920&#215;1080<br \/>R\u00e9ponse 5 ms<br \/>Contraste 1000:1<br \/>Luminosit\u00e9 300 cd\/m2<br \/>Angle vision 178\u00b0v\/178\u00b0h<br \/><strong>Ports vid\u00e9o<\/strong><br \/>VGA<br \/>HDMI<br \/>DVI<br \/><strong>Affichage sp\u00e9cifique<\/strong><br \/>Stand VESA<br \/>Base<br \/>R\u00e9glable en hauteur<br \/><strong>Autres<\/strong><br \/>hR emballage<br \/><strong>Dimensions<\/strong><br \/>56x34x25 cm.<br \/><strong>Poids<\/strong><br \/>5.40 Kg.<br \/><strong>Sp\u00e9cifications suppl\u00e9mentaires<\/strong><br \/>Le Fujitsu B24-9WS est un moniteur qui parle le langage des environnements professionnels exigeants. Avec 24 pouces de panneau IPS et une r\u00e9solution Full HD, Fujitsu met sur la table toute son exp\u00e9rience en solutions d&rsquo;entreprise pour offrir un \u00e9cran qui non seulement rend bien, mais qui est construit pour durer et performer dans des conditions d&rsquo;utilisation intensive. C&rsquo;est l&rsquo;option pour ceux qui \u00e9quipent des postes de travail o\u00f9 l&rsquo;image doit \u00eatre pr\u00e9cise, la connectivit\u00e9 ne peut pas \u00eatre un goulot d&rsquo;\u00e9tranglement et la fiabilit\u00e9 n&rsquo;est pas n\u00e9gociable. Le panneau IPS garantit un angle de vision de 178\u00b0 sur les deux axes, ce qui signifie une reproduction fid\u00e8le de la couleur et du contraste peu importe d&rsquo;o\u00f9 l&rsquo;on regarde l&rsquo;\u00e9cran, un avantage r\u00e9el dans les espaces de travail collaboratifs ou aux postes o\u00f9 plusieurs personnes consultent le moniteur. La r\u00e9solution Full HD de 1920&#215;1080 se combine avec une luminosit\u00e9 de 300 cd\/m\u00b2, au-dessus de la moyenne dans sa cat\u00e9gorie, et un contraste de 1000:1 pour offrir une image avec de la profondeur, de la clart\u00e9 et du confort visuel m\u00eame dans des environnements avec un \u00e9clairage intense. La connectivit\u00e9 est l&rsquo;un de ses points forts : VGA, HDMI et DVI sur un m\u00eame moniteur ouvrent la porte \u00e0 une compatibilit\u00e9 pratiquement universelle avec n&rsquo;importe quel \u00e9quipement, nouvelle ou ancienne g\u00e9n\u00e9ration, compl\u00e9t\u00e9e par 2 ports USB 2.0 pour g\u00e9rer les p\u00e9riph\u00e9riques directement depuis l&rsquo;\u00e9cran. C\u00e2ble d&rsquo;alimentation et VGA inclus pour une mise en marche imm\u00e9diate. Le Fujitsu B24-9WS est la preuve que derri\u00e8re une marque aux racines dans la technologie d&rsquo;entreprise il y a une fa\u00e7on diff\u00e9rente de comprendre ce que doit offrir un moniteur professionnel. Plus grande luminosit\u00e9, triple connectivit\u00e9 et technologie IPS dans un format de 24 pouces qui est devenu le point d&rsquo;\u00e9quilibre parfait entre espace de travail et performance visuelle. Pour ceux qui cherchent une solution robuste, polyvalente et soutenue par une marque de premier niveau, ce moniteur cl\u00f4t l&rsquo;argument par lui-m\u00eame. Bonne apparence ext\u00e9rieure. Peut pr\u00e9senter de l\u00e9g\u00e8res marques d&rsquo;utilisation sur le bo\u00eetier. Si vous avez des questions, appelez-nous ou utilisez notre chat pour obtenir plus d&rsquo;informations ou pour demander plus de d\u00e9tails.<br \/><strong>Commentaires<\/strong><br \/><u>2xUSB 2.0 &#8211; C\u00e2ble d&rsquo;alimentation et VGA inclus<\/u><\/p>\n","protected":false},"excerpt":{"rendered":"<p>IPS 24 \u00a0\u00bb FullHD 16:9 \u00b7 R\u00e9ponse 5 ms \u00b7 Contraste 1000:1 \u00b7 Luminosit\u00e9 300 cd\/m2 \u00b7 VGA \u00b7 HDMI \u00b7 DVI \u00b7<br \/>\n<u>2xUSB 2.0 &#8211; C\u00e2ble d&rsquo;alimentation et VGA inclus<\/u><\/p>\n","protected":false},"featured_media":224455,"template":"","meta":[],"product_brand":[3458],"product_cat":[2237,3127],"product_tag":[],"class_list":{"0":"post-224454","1":"product","2":"type-product","3":"status-publish","4":"has-post-thumbnail","6":"product_brand-fujitsu","7":"product_cat-moniteurs-fr","8":"product_cat-moniteurs-moniteurs-fr","10":"first","11":"instock","12":"taxable","13":"shipping-taxable","14":"purchasable","15":"product-type-simple"},"bundled_by":[],"bundle_stock_status":"instock","bundle_stock_quantity":2,"bundle_virtual":false,"bundle_layout":"","bundle_add_to_cart_form_location":"","bundle_editable_in_cart":false,"bundle_sold_individually_context":"","bundle_item_grouping":"","bundle_min_size":"","bundle_max_size":"","bundle_price":[],"bundled_items":[],"bundle_sell_ids":[],"exclude_global_add_ons":true,"addons":{"hdmi-upgrades":{"name":"Extension c\u00e2ble","type":"multiple_choice","position":0,"required":false,"title_format":"heading","default":"","description_enable":false,"description":"","placeholder_enable":false,"placeholder":"","display":"radiobutton","restrictions_type":"any_text","adjust_price":false,"price":"","price_type":"quantity_based","restrictions":false,"min":"0","max":"0","options":[{"label":"C\u00e2ble HDMI 2 mts. [AMP00104]","price":"6.0000","price_type":"quantity_based","image":0,"visibility":true},{"label":"C\u00e2ble DVI-D M\/M Dual Link 1,8 mts. [AMP00102]","price":"2.0000","price_type":"quantity_based","image":0,"visibility":true}]}},"df_price":99.22,"df_sale_price":"","df_regular_price":99.22,"df_image_link":"https:\/\/zoca.es\/wp-content\/uploads\/images\/product\/14933\/fuji00292_01-300x225.jpg","_links":{"self":[{"href":"https:\/\/zoca.es\/fr\/wp-json\/wp\/v2\/product\/224454","targetHints":{"allow":["GET"]}}],"collection":[{"href":"https:\/\/zoca.es\/fr\/wp-json\/wp\/v2\/product"}],"about":[{"href":"https:\/\/zoca.es\/fr\/wp-json\/wp\/v2\/types\/product"}],"wp:featuredmedia":[{"embeddable":true,"href":"https:\/\/zoca.es\/fr\/wp-json\/wp\/v2\/media\/224455"}],"wp:attachment":[{"href":"https:\/\/zoca.es\/fr\/wp-json\/wp\/v2\/media?parent=224454"}],"wp:term":[{"taxonomy":"product_brand","embeddable":true,"href":"https:\/\/zoca.es\/fr\/wp-json\/wp\/v2\/product_brand?post=224454"},{"taxonomy":"product_cat","embeddable":true,"href":"https:\/\/zoca.es\/fr\/wp-json\/wp\/v2\/product_cat?post=224454"},{"taxonomy":"product_tag","embeddable":true,"href":"https:\/\/zoca.es\/fr\/wp-json\/wp\/v2\/product_tag?post=224454"}],"curies":[{"name":"wp","href":"https:\/\/api.w.org\/{rel}","templated":true}]}}