{"id":223665,"date":"2026-04-20T09:01:08","date_gmt":"2026-04-20T08:01:08","guid":{"rendered":"https:\/\/zoca.es\/producto\/hp-elitedisplay-e233-23-ips-169-faute-1920x1080-fr-15019\/"},"modified":"2026-04-20T09:01:29","modified_gmt":"2026-04-20T08:01:29","slug":"hp-elitedisplay-e233-23-ips-169-faute-1920x1080-fr-15019","status":"publish","type":"product","link":"https:\/\/zoca.es\/fr\/produit\/hp-elitedisplay-e233-23-ips-169-faute-1920x1080-fr-15019\/","title":{"rendered":"HP EliteDisplay E233 23\u00a0\u00bb IPS 16:9 | Faute | 1920&#215;1080"},"content":{"rendered":"<p><strong>\u00c9cran<\/strong><br \/>IPS 23 \u00a0\u00bb FullHD 16:9  \u00b7 R\u00e9solution 1920&#215;1080<br \/>Dot pitch 0.265 mm<br \/>R\u00e9ponse 7 ms<br \/>Contraste 1000:1<br \/>Luminosit\u00e9 250 cd\/m2<br \/>Angle vision 178\u00b0v\/178\u00b0h<br \/><strong>Ports vid\u00e9o<\/strong><br \/>VGA<br \/>HDMI<br \/>Display Port<br \/><strong>Affichage sp\u00e9cifique<\/strong><br \/>Stand VESA<br \/>Base<br \/>R\u00e9glable en hauteur<br \/><strong>Autres<\/strong><br \/>hR emballage<br \/><strong>Dimensions<\/strong><br \/>52&#215;20.5&#215;32.2 cm.<br \/><strong>Poids<\/strong><br \/>5.20 Kg.<br \/><strong>Commentaires<\/strong><br \/><u>Un l\u00e9ger assombrissement appara\u00eet en haut de l&rsquo;\u00e9cran. Il s&rsquo;agit d&rsquo;un d\u00e9faut mineur, \u00e0 peine perceptible. Seule une observation tr\u00e8s attentive permet de distinguer une petite ombre plus fonc\u00e9e en haut de l&rsquo;\u00e9cran. Compte tenu de la discr\u00e9tion du d\u00e9faut, c&rsquo;est une excellente opportunit\u00e9. Pour toute question, n&rsquo;h\u00e9sitez pas \u00e0 nous appeler ou \u00e0 utiliser notre chat pour obtenir plus d&rsquo;informations ou demander des pr\u00e9cisions.<\/u><br \/><strong>D\u00e9fauts<\/strong><br \/>Ombres<\/p>\n","protected":false},"excerpt":{"rendered":"<p>IPS 23 \u00a0\u00bb FullHD 16:9 \u00b7 R\u00e9solution 1920&#215;1080 \u00b7<u>L\u00e9ger assombrissement de l&rsquo;\u00e9cran<\/u><\/p>\n","protected":false},"featured_media":223666,"template":"","meta":[],"product_brand":[3453],"product_cat":[2237,2249],"product_tag":[],"class_list":{"0":"post-223665","1":"product","2":"type-product","3":"status-publish","4":"has-post-thumbnail","6":"product_brand-hp","7":"product_cat-moniteurs-fr","8":"product_cat-moniteurs-avec-des-defauts-fr","10":"first","11":"instock","12":"taxable","13":"shipping-taxable","14":"purchasable","15":"product-type-simple"},"bundled_by":[],"bundle_stock_status":"instock","bundle_stock_quantity":1,"bundle_virtual":false,"bundle_layout":"","bundle_add_to_cart_form_location":"","bundle_editable_in_cart":false,"bundle_sold_individually_context":"","bundle_item_grouping":"","bundle_min_size":"","bundle_max_size":"","bundle_price":[],"bundled_items":[],"bundle_sell_ids":[],"exclude_global_add_ons":true,"addons":{"hdmi-upgrades":{"name":"Extension c\u00e2ble","type":"multiple_choice","position":0,"required":false,"title_format":"heading","default":"","description_enable":false,"description":"","placeholder_enable":false,"placeholder":"","display":"radiobutton","restrictions_type":"any_text","adjust_price":false,"price":"","price_type":"quantity_based","restrictions":false,"min":"0","max":"0","options":[{"label":"C\u00e2ble HDMI 2 mts. [AMP00104]","price":"6.0000","price_type":"quantity_based","image":0,"visibility":true},{"label":"C\u00e2ble DisplayPort vers DisplayPort 1,8 mts. [AMP00103]","price":"8.0000","price_type":"quantity_based","image":0,"visibility":true}]}},"df_price":60.5,"df_sale_price":"","df_regular_price":60.5,"df_image_link":"https:\/\/zoca.es\/wp-content\/uploads\/images\/product\/15019\/hp02299tr02_01-300x225.jpg","_links":{"self":[{"href":"https:\/\/zoca.es\/fr\/wp-json\/wp\/v2\/product\/223665","targetHints":{"allow":["GET"]}}],"collection":[{"href":"https:\/\/zoca.es\/fr\/wp-json\/wp\/v2\/product"}],"about":[{"href":"https:\/\/zoca.es\/fr\/wp-json\/wp\/v2\/types\/product"}],"wp:featuredmedia":[{"embeddable":true,"href":"https:\/\/zoca.es\/fr\/wp-json\/wp\/v2\/media\/223666"}],"wp:attachment":[{"href":"https:\/\/zoca.es\/fr\/wp-json\/wp\/v2\/media?parent=223665"}],"wp:term":[{"taxonomy":"product_brand","embeddable":true,"href":"https:\/\/zoca.es\/fr\/wp-json\/wp\/v2\/product_brand?post=223665"},{"taxonomy":"product_cat","embeddable":true,"href":"https:\/\/zoca.es\/fr\/wp-json\/wp\/v2\/product_cat?post=223665"},{"taxonomy":"product_tag","embeddable":true,"href":"https:\/\/zoca.es\/fr\/wp-json\/wp\/v2\/product_tag?post=223665"}],"curies":[{"name":"wp","href":"https:\/\/api.w.org\/{rel}","templated":true}]}}