{"id":223465,"date":"2026-04-20T08:50:21","date_gmt":"2026-04-20T07:50:21","guid":{"rendered":"https:\/\/zoca.es\/producto\/hp-elitedisplay-e231-23-led-169-faute-1920x1080-fr-15021\/"},"modified":"2026-04-20T08:50:37","modified_gmt":"2026-04-20T07:50:37","slug":"hp-elitedisplay-e231-23-led-169-faute-1920x1080-fr-15021","status":"publish","type":"product","link":"https:\/\/zoca.es\/fr\/produit\/hp-elitedisplay-e231-23-led-169-faute-1920x1080-fr-15021\/","title":{"rendered":"HP EliteDisplay E231 23\u00a0\u00bb Led 16:9 | Faute | 1920&#215;1080"},"content":{"rendered":"<p><strong>\u00c9cran<\/strong><br \/>Led 23 \u00a0\u00bb FullHD 16:9  \u00b7 R\u00e9solution 1920&#215;1080<br \/>Dot pitch 0.265 mm<br \/>R\u00e9ponse 5 ms<br \/>Contraste 1000:1<br \/>Luminosit\u00e9 250 cd\/m2<br \/>Angle vision 170\u00b0v\/160\u00b0h<br \/><strong>Ports vid\u00e9o<\/strong><br \/>VGA<br \/>Display Port<br \/>DVI<br \/><strong>Affichage sp\u00e9cifique<\/strong><br \/>Stand VESA<br \/>Base<br \/>R\u00e9glable en hauteur<br \/><strong>Autres<\/strong><br \/>hR emballage<br \/><strong>Dimensions<\/strong><br \/>54.4x35x24 cm.<br \/><strong>Poids<\/strong><br \/>6.05 Kg.<br \/><strong>Commentaires<\/strong><br \/><u>Pr\u00e9sence de l\u00e9g\u00e8res rayures sur l&rsquo;\u00e9cran et le bo\u00eetier. Elles sont plus visibles sur l&rsquo;\u00e9cran sur fond clair et moins sur fond fonc\u00e9. Les marques sur le bo\u00eetier sont purement esth\u00e9tiques. Voir \u00ab\u00a0+ Photos\u00a0\u00bb. Pour toute question, n&rsquo;h\u00e9sitez pas \u00e0 nous appeler ou \u00e0 utiliser notre chat pour obtenir plus d&rsquo;informations ou demander des pr\u00e9cisions.<\/u><br \/><strong>D\u00e9fauts<\/strong><br \/>\u00c9cran ray\u00e9<\/p>\n","protected":false},"excerpt":{"rendered":"<p>Led 23 \u00a0\u00bb FullHD 16:9 \u00b7 R\u00e9solution 1920&#215;1080 \u00b7<u>Rayures mineures sur l&rsquo;\u00e9cran et le bo\u00eetier (voir dans \u00ab + Photos \u00bb)<\/u><\/p>\n","protected":false},"featured_media":223466,"template":"","meta":[],"product_brand":[3453],"product_cat":[2237,2249],"product_tag":[],"class_list":{"0":"post-223465","1":"product","2":"type-product","3":"status-publish","4":"has-post-thumbnail","6":"product_brand-hp","7":"product_cat-moniteurs-fr","8":"product_cat-moniteurs-avec-des-defauts-fr","10":"first","11":"instock","12":"taxable","13":"shipping-taxable","14":"purchasable","15":"product-type-simple"},"bundled_by":[],"bundle_stock_status":"instock","bundle_stock_quantity":3,"bundle_virtual":false,"bundle_layout":"","bundle_add_to_cart_form_location":"","bundle_editable_in_cart":false,"bundle_sold_individually_context":"","bundle_item_grouping":"","bundle_min_size":"","bundle_max_size":"","bundle_price":[],"bundled_items":[],"bundle_sell_ids":[],"exclude_global_add_ons":true,"addons":{"hdmi-upgrades":{"name":"Extension c\u00e2ble","type":"multiple_choice","position":0,"required":false,"title_format":"heading","default":"","description_enable":false,"description":"","placeholder_enable":false,"placeholder":"","display":"radiobutton","restrictions_type":"any_text","adjust_price":false,"price":"","price_type":"quantity_based","restrictions":false,"min":"0","max":"0","options":[{"label":"C\u00e2ble DisplayPort vers DisplayPort 1,8 mts. [AMP00103]","price":"8.0000","price_type":"quantity_based","image":0,"visibility":true},{"label":"C\u00e2ble DVI-D M\/M Dual Link 1,8 mts. [AMP00102]","price":"2.0000","price_type":"quantity_based","image":0,"visibility":true}]}},"df_price":48.4,"df_sale_price":"","df_regular_price":48.4,"df_image_link":"https:\/\/zoca.es\/wp-content\/uploads\/images\/product\/15021\/hp00597tr03_01-300x225.jpg","_links":{"self":[{"href":"https:\/\/zoca.es\/fr\/wp-json\/wp\/v2\/product\/223465","targetHints":{"allow":["GET"]}}],"collection":[{"href":"https:\/\/zoca.es\/fr\/wp-json\/wp\/v2\/product"}],"about":[{"href":"https:\/\/zoca.es\/fr\/wp-json\/wp\/v2\/types\/product"}],"wp:featuredmedia":[{"embeddable":true,"href":"https:\/\/zoca.es\/fr\/wp-json\/wp\/v2\/media\/223466"}],"wp:attachment":[{"href":"https:\/\/zoca.es\/fr\/wp-json\/wp\/v2\/media?parent=223465"}],"wp:term":[{"taxonomy":"product_brand","embeddable":true,"href":"https:\/\/zoca.es\/fr\/wp-json\/wp\/v2\/product_brand?post=223465"},{"taxonomy":"product_cat","embeddable":true,"href":"https:\/\/zoca.es\/fr\/wp-json\/wp\/v2\/product_cat?post=223465"},{"taxonomy":"product_tag","embeddable":true,"href":"https:\/\/zoca.es\/fr\/wp-json\/wp\/v2\/product_tag?post=223465"}],"curies":[{"name":"wp","href":"https:\/\/api.w.org\/{rel}","templated":true}]}}