{"id":222983,"date":"2026-04-16T11:26:34","date_gmt":"2026-04-16T10:26:34","guid":{"rendered":"https:\/\/zoca.es\/producto\/dell-optiplex-3050m-mini-reconditionne-core-i5-27ghz-8-gb-ram-512-gb-ssd-fr-14934\/"},"modified":"2026-04-16T11:26:54","modified_gmt":"2026-04-16T10:26:54","slug":"dell-optiplex-3050m-mini-reconditionne-core-i5-27ghz-8-gb-ram-512-gb-ssd-fr-14934","status":"publish","type":"product","link":"https:\/\/zoca.es\/fr\/produit\/dell-optiplex-3050m-mini-reconditionne-core-i5-27ghz-8-gb-ram-512-gb-ssd-fr-14934\/","title":{"rendered":"Dell OptiPlex 3050M Mini | Reconditionn\u00e9 | Core i5 2.7GHz | 8 GB RAM | 512 GB SSD"},"content":{"rendered":"<p><strong>Processeur<\/strong><br \/>Intel Core i5 7500T 2.7 GHz.<br \/><strong>Facteur de forme<\/strong><br \/>Mini<br \/><strong>M\u00e9moire RAM<\/strong><br \/>8 Gb. SO-DDR4 RAM<br \/><strong>Disque dur<\/strong><br \/>512 Gb. SSD<br \/><strong>Cartes<\/strong><br \/>Graphique: Intel HD Graphics 630<br \/>Son: Realtek Audio<br \/>R\u00e9seau: Realtek PCIe GBe family<br \/><strong>Syst\u00e8me op\u00e9ratif<\/strong><br \/>Windows 10 Pro<br \/><strong>Ports<\/strong><br \/>S\u00e9rie<br \/>2x USB 2.0<br \/>4x USB 3.0<br \/><strong>Ports vid\u00e9o<\/strong><br \/>HDMI<br \/>Display Port<br \/><strong>Connectivit\u00e9<\/strong><br \/>RJ-45<br \/><strong>Autres<\/strong><br \/>hR emballage<br \/><strong>Dimensions<\/strong><br \/>18.5x19x4 cm.<br \/><strong>Poids<\/strong><br \/>1.20 Kg.<br \/><strong>Sp\u00e9cifications suppl\u00e9mentaires<\/strong><br \/>Le Dell OptiPlex 3050M Mini est un ordinateur de bureau professionnel con\u00e7u pour offrir des performances fiables dans un encombrement minimal, ce qui en fait un choix id\u00e9al pour les environnements de travail modernes o\u00f9 l\u2019organisation, l\u2019efficacit\u00e9 et l\u2019optimisation de l\u2019espace sont essentielles. Son design ultra compact permet de le placer facilement sur un bureau, de l\u2019int\u00e9grer dans des supports VESA ou m\u00eame de le dissimuler derri\u00e8re un \u00e9cran, cr\u00e9ant ainsi un espace de travail propre et fonctionnel.<br \/>\u00c9quip\u00e9 d\u2019un processeur Intel Core i5 de 7e g\u00e9n\u00e9ration, ce PC de bureau pour entreprise offre des performances stables et fluides pour les t\u00e2ches bureautiques, la gestion administrative et l\u2019usage professionnel quotidien. Ses 8 Go de m\u00e9moire RAM permettent de travailler avec plusieurs applications ouvertes sans difficult\u00e9, tandis que le SSD de 512 Go offre un excellent \u00e9quilibre entre vitesse et capacit\u00e9, garantissant des d\u00e9marrages rapides et un acc\u00e8s imm\u00e9diat aux fichiers et programmes.<br \/>Cet \u00e9quipement fiable pour bureau se distingue par sa faible consommation d\u2019\u00e9nergie et son fonctionnement silencieux, ce qui en fait une solution id\u00e9ale pour les environnements \u00e0 usage continu. Son design optimis\u00e9 r\u00e9duit non seulement l\u2019espace occup\u00e9, mais assure \u00e9galement une bonne dissipation thermique, garantissant une stabilit\u00e9 \u00e0 long terme.<br \/>Il dispose \u00e9galement d\u2019un emplacement M.2 2280 disponible pour l\u2019extension du stockage, permettant d\u2019adapter facilement le syst\u00e8me aux besoins futurs. Cette \u00e9volutivit\u00e9 en fait un ordinateur compact mais polyvalent, pr\u00eat \u00e0 \u00e9voluer avec les exigences professionnelles.<br \/>Avec Windows 10 Pro, il offre un environnement s\u00e9curis\u00e9 et stable parfaitement adapt\u00e9 aux entreprises, facilitant l\u2019int\u00e9gration dans les r\u00e9seaux professionnels et le travail quotidien.<br \/>En r\u00e9sum\u00e9, le Dell OptiPlex 3050M Mini est un ordinateur de bureau compact, efficace et fonctionnel, id\u00e9al pour ceux qui recherchent un syst\u00e8me fiable, discret et performant, optimisant l\u2019espace sans compromettre la productivit\u00e9.<br \/>Bon \u00e9tat ext\u00e9rieur. Consultez \u00ab + Photos \u00bb et \u201cVid\u00e9o\u201d et, si vous avez des questions, appelez-nous ou utilisez notre chat pour obtenir plus d\u2019informations ou demander plus de d\u00e9tails.<br \/><strong>Commentaires<\/strong><br \/><u>1xM.2 2280 pour le stockage disponible<\/u><\/p>\n","protected":false},"excerpt":{"rendered":"<p>Intel Core i5 7500T 2.7 GHz. \u00b7 8 Gb. SO-DDR4 RAM \u00b7 512 Gb. SSD \u00b7 Windows 10 Pro \u00b7<br \/>\n<u>1xM.2 2280 pour le stockage disponible<\/u><\/p>\n","protected":false},"featured_media":222984,"template":"","meta":[],"product_brand":[3445],"product_cat":[2219,2228],"product_tag":[],"class_list":{"0":"post-222983","1":"product","2":"type-product","3":"status-publish","4":"has-post-thumbnail","6":"product_brand-dell","7":"product_cat-ordinateurs-fr","8":"product_cat-ordinateurs-mini-fr","10":"first","11":"instock","12":"taxable","13":"shipping-taxable","14":"purchasable","15":"product-type-simple"},"bundled_by":[],"bundle_stock_status":"instock","bundle_stock_quantity":124,"bundle_virtual":false,"bundle_layout":"","bundle_add_to_cart_form_location":"","bundle_editable_in_cart":false,"bundle_sold_individually_context":"","bundle_item_grouping":"","bundle_min_size":"","bundle_max_size":"","bundle_price":[],"bundled_items":[],"bundle_sell_ids":[],"exclude_global_add_ons":true,"addons":{"webcam-upgrades":{"name":"Extension Webcam","type":"multiple_choice","position":0,"required":false,"title_format":"heading","default":"","description_enable":false,"description":"","placeholder_enable":false,"placeholder":"","display":"radiobutton","restrictions_type":"any_text","adjust_price":false,"price":"","price_type":"quantity_based","restrictions":false,"min":"0","max":"0","options":[{"label":"Conceptronic AMDIS FullHD [AMP00085]","price":"29.0000","price_type":"quantity_based","image":0,"visibility":true}]},"ram-memory-upgrades":{"name":"Extension RAM","type":"multiple_choice","position":0,"required":false,"title_format":"heading","default":"","description_enable":false,"description":"","placeholder_enable":false,"placeholder":"","display":"radiobutton","restrictions_type":"any_text","adjust_price":false,"price":"","price_type":"quantity_based","restrictions":false,"min":"0","max":"0","options":[{"label":"Extension de 16 Gb Gb de RAM SO-DIMM DDR4 [AMP00081]","price":"60.0000","price_type":"quantity_based","image":0,"visibility":true}]},"hdd-upgrades":{"name":"Extension disque dur","type":"multiple_choice","position":0,"required":false,"title_format":"heading","default":"","description_enable":false,"description":"","placeholder_enable":false,"placeholder":"","display":"radiobutton","restrictions_type":"any_text","adjust_price":false,"price":"","price_type":"quantity_based","restrictions":false,"min":"0","max":"0","options":[{"label":"Passez au disque SSD 1 Tb. [AMP00071]","price":"95.0000","price_type":"quantity_based","image":0,"visibility":true},{"label":"Passez au disque SSD 1 Tb. M.2 2280 PCIe [AMP00107]","price":"165.0000","price_type":"quantity_based","image":0,"visibility":true},{"label":"SSD suppl\u00e9mentaire 500 Gb. M.2 2280 PCIe [AMP00108]","price":"115.0000","price_type":"quantity_based","image":0,"visibility":true},{"label":"Disque SSD de 1 Tb. M.2 2280 PCIe suppl\u00e9mentaire [AMP00109]","price":"170.0000","price_type":"quantity_based","image":0,"visibility":true}]},"network-card-upgrades":{"name":"Extension WIFI","type":"multiple_choice","position":0,"required":false,"title_format":"heading","default":"","description_enable":false,"description":"","placeholder_enable":false,"placeholder":"","display":"radiobutton","restrictions_type":"any_text","adjust_price":false,"price":"","price_type":"quantity_based","restrictions":false,"min":"0","max":"0","options":[{"label":"Mise \u00e0 niveau nano USB sans fil [AMP00018]","price":"12.0000","price_type":"quantity_based","image":0,"visibility":true}]},"os-upgrades":{"name":"Expansion SO","type":"multiple_choice","position":0,"required":false,"title_format":"heading","default":"","description_enable":false,"description":"","placeholder_enable":false,"placeholder":"","display":"radiobutton","restrictions_type":"any_text","adjust_price":false,"price":"","price_type":"quantity_based","restrictions":false,"min":"0","max":"0","options":[{"label":"Changer la langue en fran\u00e7ais [AMP00125]","price":"0.0000","price_type":"quantity_based","image":0,"visibility":true},{"label":"Changer la langue en anglais [AMP00008]","price":"0.0000","price_type":"quantity_based","image":0,"visibility":true},{"label":"Changer la langue en portugais [AMP00009]","price":"0.0000","price_type":"quantity_based","image":0,"visibility":true}]},"keyboard-upgrades":{"name":"Extension clavier","type":"multiple_choice","position":0,"required":false,"title_format":"heading","default":"","description_enable":false,"description":"","placeholder_enable":false,"placeholder":"","display":"radiobutton","restrictions_type":"any_text","adjust_price":false,"price":"","price_type":"quantity_based","restrictions":false,"min":"0","max":"0","options":[{"label":"Clavier et souris [AMP00020]","price":"8.0000","price_type":"quantity_based","image":0,"visibility":true},{"label":"Clavier et souris Portuguese New [AMP00088]","price":"15.0000","price_type":"quantity_based","image":0,"visibility":true},{"label":"Clavier et souris USB espagnols (Nouveau) [AMP00068]","price":"12.0000","price_type":"quantity_based","image":0,"visibility":true}]}},"df_price":181.5,"df_sale_price":"","df_regular_price":181.5,"df_image_link":"https:\/\/zoca.es\/wp-content\/uploads\/images\/product\/14934\/dell01680_01-300x225.jpg","_links":{"self":[{"href":"https:\/\/zoca.es\/fr\/wp-json\/wp\/v2\/product\/222983","targetHints":{"allow":["GET"]}}],"collection":[{"href":"https:\/\/zoca.es\/fr\/wp-json\/wp\/v2\/product"}],"about":[{"href":"https:\/\/zoca.es\/fr\/wp-json\/wp\/v2\/types\/product"}],"wp:featuredmedia":[{"embeddable":true,"href":"https:\/\/zoca.es\/fr\/wp-json\/wp\/v2\/media\/222984"}],"wp:attachment":[{"href":"https:\/\/zoca.es\/fr\/wp-json\/wp\/v2\/media?parent=222983"}],"wp:term":[{"taxonomy":"product_brand","embeddable":true,"href":"https:\/\/zoca.es\/fr\/wp-json\/wp\/v2\/product_brand?post=222983"},{"taxonomy":"product_cat","embeddable":true,"href":"https:\/\/zoca.es\/fr\/wp-json\/wp\/v2\/product_cat?post=222983"},{"taxonomy":"product_tag","embeddable":true,"href":"https:\/\/zoca.es\/fr\/wp-json\/wp\/v2\/product_tag?post=222983"}],"curies":[{"name":"wp","href":"https:\/\/api.w.org\/{rel}","templated":true}]}}