{"id":219897,"date":"2026-04-14T08:58:00","date_gmt":"2026-04-14T07:58:00","guid":{"rendered":"https:\/\/zoca.es\/producto\/hp-prodesk-600-g4-sff-reconditionne-core-i5-3ghz-16-gb-ram-256-gb-ssd-m2-fr-14921\/"},"modified":"2026-04-14T08:58:17","modified_gmt":"2026-04-14T07:58:17","slug":"hp-prodesk-600-g4-sff-reconditionne-core-i5-3ghz-16-gb-ram-256-gb-ssd-m2-fr-14921","status":"publish","type":"product","link":"https:\/\/zoca.es\/fr\/produit\/hp-prodesk-600-g4-sff-reconditionne-core-i5-3ghz-16-gb-ram-256-gb-ssd-m2-fr-14921\/","title":{"rendered":"HP ProDesk 600 G4 SFF | Reconditionn\u00e9 | Core i5 3GHz | 16 GB RAM | 256 GB SSD M2"},"content":{"rendered":"<p><strong>Processeur<\/strong><br \/>Intel Core i5 8500 3 GHz.<br \/><strong>Facteur de forme<\/strong><br \/>SFF<br \/><strong>M\u00e9moire RAM<\/strong><br \/>16 Gb. DDR4 RAM<br \/><strong>Disque dur<\/strong><br \/>256 Gb. SSD M2<br \/><strong>Lecteur optique<\/strong><br \/>DVD<br \/><strong>Cartes<\/strong><br \/>Graphique: Intel UDH Graphics 630<br \/>Son: Synaptics high definition audio<br \/>R\u00e9seau: I219-LM<br \/><strong>Syst\u00e8me op\u00e9ratif<\/strong><br \/>Windows 11 Pro<br \/><strong>Ports<\/strong><br \/>6x USB 2.0<br \/>USB-C<br \/>4x USB 3.1<br \/><strong>Ports vid\u00e9o<\/strong><br \/>HDMI<br \/>2x Display Port<br \/><strong>Connectivit\u00e9<\/strong><br \/>RJ-45<br \/><strong>Autres<\/strong><br \/>hR emballage<br \/><strong>Dimensions<\/strong><br \/>31x27x9.5 cm.<br \/><strong>Poids<\/strong><br \/>3.70 Kg.<br \/><strong>Sp\u00e9cifications suppl\u00e9mentaires<\/strong><br \/>Le HP ProDesk 600 G4 au format tour est une solution professionnelle con\u00e7ue pour ceux qui recherchent puissance, stabilit\u00e9 et \u00e9volutivit\u00e9 dans un \u00e9quipement fiable pour le bureau. Son ch\u00e2ssis plus grand que les mod\u00e8les Mini offre non seulement une meilleure dissipation thermique, mais aussi une plus grande polyvalence dans des environnements exigeants o\u00f9 les performances continues sont essentielles.\u00c9quip\u00e9 d\u2019un processeur Intel Core i5 de 8e g\u00e9n\u00e9ration, cet ordinateur de bureau professionnel offre des performances solides et constantes, id\u00e9ales pour les t\u00e2ches de gestion, la bureautique avanc\u00e9e, les environnements administratifs ou les applications professionnelles n\u00e9cessitant fluidit\u00e9 et stabilit\u00e9. Ses 16 Go de m\u00e9moire RAM permettent de travailler avec plusieurs applications ouvertes sans ralentissement, tandis que le SSD M.2 de 256 Go garantit des d\u00e9marrages rapides, un chargement efficace des programmes et un acc\u00e8s rapide aux donn\u00e9es.L\u2019un de ses principaux atouts est sa capacit\u00e9 d\u2019\u00e9volution, gr\u00e2ce aux slots PCIe (1x PCIe X16 et 1x PCIe X4), permettant d\u2019ajouter des cartes graphiques, des contr\u00f4leurs ou d\u2019autres composants selon les besoins. De plus, la pr\u00e9sence d\u2019un lecteur DVD apporte une fonctionnalit\u00e9 suppl\u00e9mentaire pour les environnements n\u00e9cessitant encore des supports physiques, une caract\u00e9ristique de plus en plus rare mais appr\u00e9ci\u00e9e dans certains secteurs.Ce PC de bureau pour entreprise int\u00e8gre Windows 11 Pro ainsi que le TPM 2.0, garantissant un environnement s\u00e9curis\u00e9, moderne et conforme aux exigences actuelles en mati\u00e8re de protection des donn\u00e9es et de gestion. Sa conception robuste et sa fiabilit\u00e9 le rendent parfaitement adapt\u00e9 \u00e0 une utilisation intensive, assurant une excellente stabilit\u00e9 dans le temps.En r\u00e9sum\u00e9, le HP ProDesk 600 G4 est un ordinateur de bureau puissant, \u00e9volutif et con\u00e7u pour accompagner la croissance des besoins, id\u00e9al pour ceux qui recherchent un syst\u00e8me polyvalent, durable et performant dans des environnements professionnels exigeants.Bon \u00e9tat ext\u00e9rieur. Consultez \u00ab + Photos \u00bb et \u201cVid\u00e9o\u201d et, si vous avez des questions, appelez-nous ou utilisez notre chat pour obtenir plus d\u2019informations ou demander plus de d\u00e9tails.<br \/><strong>Commentaires<\/strong><br \/><u>1xPCIe X16 \/ 1xPCIe X4<\/u><\/p>\n","protected":false},"excerpt":{"rendered":"<p>Intel Core i5 8500 3 GHz. \u00b7 16 Gb. DDR4 RAM \u00b7 256 Gb. SSD M2 \u00b7 DVD \u00b7 <strong>Windows 11 Pro<\/strong> \u00b7<br \/>\n<u>1xPCIe X16 \/ 1xPCIe X4<\/u><\/p>\n","protected":false},"featured_media":219898,"template":"","meta":[],"product_brand":[3453],"product_cat":[3124,2219],"product_tag":[],"class_list":{"0":"post-219897","1":"product","2":"type-product","3":"status-publish","4":"has-post-thumbnail","6":"product_brand-hp","7":"product_cat-ordinateurs-ordinateurs-fr","8":"product_cat-ordinateurs-fr","10":"first","11":"instock","12":"taxable","13":"shipping-taxable","14":"purchasable","15":"product-type-simple"},"bundled_by":[],"bundle_stock_status":"instock","bundle_stock_quantity":11,"bundle_virtual":false,"bundle_layout":"","bundle_add_to_cart_form_location":"","bundle_editable_in_cart":false,"bundle_sold_individually_context":"","bundle_item_grouping":"","bundle_min_size":"","bundle_max_size":"","bundle_price":[],"bundled_items":[],"bundle_sell_ids":[],"exclude_global_add_ons":true,"addons":{"webcam-upgrades":{"name":"Extension Webcam","type":"multiple_choice","position":0,"required":false,"title_format":"heading","default":"","description_enable":false,"description":"","placeholder_enable":false,"placeholder":"","display":"radiobutton","restrictions_type":"any_text","adjust_price":false,"price":"","price_type":"quantity_based","restrictions":false,"min":"0","max":"0","options":[{"label":"Conceptronic AMDIS FullHD [AMP00085]","price":"29.0000","price_type":"quantity_based","image":0,"visibility":true}]},"ram-memory-upgrades":{"name":"Extension RAM","type":"multiple_choice","position":0,"required":false,"title_format":"heading","default":"","description_enable":false,"description":"","placeholder_enable":false,"placeholder":"","display":"radiobutton","restrictions_type":"any_text","adjust_price":false,"price":"","price_type":"quantity_based","restrictions":false,"min":"0","max":"0","options":[{"label":"Extension de 32 Gb de RAM DIMM [AMP00122]","price":"150.0000","price_type":"quantity_based","image":0,"visibility":true}]},"hdd-upgrades":{"name":"Extension disque dur","type":"multiple_choice","position":0,"required":false,"title_format":"heading","default":"","description_enable":false,"description":"","placeholder_enable":false,"placeholder":"","display":"radiobutton","restrictions_type":"any_text","adjust_price":false,"price":"","price_type":"quantity_based","restrictions":false,"min":"0","max":"0","options":[{"label":"Passez au disque SSD de 500 Gb. M.2 2280PCIe [AMP00106]","price":"110.0000","price_type":"quantity_based","image":0,"visibility":true},{"label":"Passez au disque SSD 1 Tb. M.2 2280 PCIe [AMP00107]","price":"165.0000","price_type":"quantity_based","image":0,"visibility":true}]},"graphic-card-upgrades":{"name":"Extension carte graphique","type":"multiple_choice","position":0,"required":false,"title_format":"heading","default":"","description_enable":false,"description":"","placeholder_enable":false,"placeholder":"","display":"radiobutton","restrictions_type":"any_text","adjust_price":false,"price":"","price_type":"quantity_based","restrictions":false,"min":"0","max":"0","options":[{"label":"Graphique T. 2 Gb. (1xDVI, 1xHDMI) [AMP00010]","price":"60.0000","price_type":"quantity_based","image":0,"visibility":true}]},"network-card-upgrades":{"name":"Extension WIFI","type":"multiple_choice","position":0,"required":false,"title_format":"heading","default":"","description_enable":false,"description":"","placeholder_enable":false,"placeholder":"","display":"radiobutton","restrictions_type":"any_text","adjust_price":false,"price":"","price_type":"quantity_based","restrictions":false,"min":"0","max":"0","options":[{"label":"Mise \u00e0 niveau de la carte PCI Wi-Fi [AMP00017]","price":"15.0000","price_type":"quantity_based","image":0,"visibility":true},{"label":"Mise \u00e0 niveau nano USB sans fil [AMP00018]","price":"12.0000","price_type":"quantity_based","image":0,"visibility":true}]},"os-upgrades":{"name":"Expansion SO","type":"multiple_choice","position":0,"required":false,"title_format":"heading","default":"","description_enable":false,"description":"","placeholder_enable":false,"placeholder":"","display":"radiobutton","restrictions_type":"any_text","adjust_price":false,"price":"","price_type":"quantity_based","restrictions":false,"min":"0","max":"0","options":[{"label":"Changer la langue en fran\u00e7ais [AMP00125]","price":"0.0000","price_type":"quantity_based","image":0,"visibility":true},{"label":"Changer la langue en anglais [AMP00008]","price":"0.0000","price_type":"quantity_based","image":0,"visibility":true},{"label":"Changer la langue en portugais [AMP00009]","price":"0.0000","price_type":"quantity_based","image":0,"visibility":true}]},"keyboard-upgrades":{"name":"Extension clavier","type":"multiple_choice","position":0,"required":false,"title_format":"heading","default":"","description_enable":false,"description":"","placeholder_enable":false,"placeholder":"","display":"radiobutton","restrictions_type":"any_text","adjust_price":false,"price":"","price_type":"quantity_based","restrictions":false,"min":"0","max":"0","options":[{"label":"Clavier et souris [AMP00020]","price":"8.0000","price_type":"quantity_based","image":0,"visibility":true},{"label":"Clavier et souris Portuguese New [AMP00088]","price":"15.0000","price_type":"quantity_based","image":0,"visibility":true},{"label":"Clavier et souris USB espagnols (Nouveau) [AMP00068]","price":"12.0000","price_type":"quantity_based","image":0,"visibility":true}]}},"df_price":347.27,"df_sale_price":"","df_regular_price":347.27,"df_image_link":"https:\/\/zoca.es\/wp-content\/uploads\/images\/product\/14921\/hp03329_01-300x225.jpg","_links":{"self":[{"href":"https:\/\/zoca.es\/fr\/wp-json\/wp\/v2\/product\/219897","targetHints":{"allow":["GET"]}}],"collection":[{"href":"https:\/\/zoca.es\/fr\/wp-json\/wp\/v2\/product"}],"about":[{"href":"https:\/\/zoca.es\/fr\/wp-json\/wp\/v2\/types\/product"}],"wp:featuredmedia":[{"embeddable":true,"href":"https:\/\/zoca.es\/fr\/wp-json\/wp\/v2\/media\/219898"}],"wp:attachment":[{"href":"https:\/\/zoca.es\/fr\/wp-json\/wp\/v2\/media?parent=219897"}],"wp:term":[{"taxonomy":"product_brand","embeddable":true,"href":"https:\/\/zoca.es\/fr\/wp-json\/wp\/v2\/product_brand?post=219897"},{"taxonomy":"product_cat","embeddable":true,"href":"https:\/\/zoca.es\/fr\/wp-json\/wp\/v2\/product_cat?post=219897"},{"taxonomy":"product_tag","embeddable":true,"href":"https:\/\/zoca.es\/fr\/wp-json\/wp\/v2\/product_tag?post=219897"}],"curies":[{"name":"wp","href":"https:\/\/api.w.org\/{rel}","templated":true}]}}