{"id":219727,"date":"2026-04-14T08:47:11","date_gmt":"2026-04-14T07:47:11","guid":{"rendered":"https:\/\/zoca.es\/producto\/hp-prodesk-600-g4-mini-reconditionne-core-i5-21ghz-16-gb-ram-256-gb-ssd-m2-fr-14823\/"},"modified":"2026-04-14T08:47:30","modified_gmt":"2026-04-14T07:47:30","slug":"hp-prodesk-600-g4-mini-reconditionne-core-i5-21ghz-16-gb-ram-256-gb-ssd-m2-fr-14823","status":"publish","type":"product","link":"https:\/\/zoca.es\/fr\/produit\/hp-prodesk-600-g4-mini-reconditionne-core-i5-21ghz-16-gb-ram-256-gb-ssd-m2-fr-14823\/","title":{"rendered":"HP ProDesk 600 G4 Mini | Reconditionn\u00e9 | Core i5 2.1GHz | 16 GB RAM | 256 GB SSD M2"},"content":{"rendered":"<p><strong>Processeur<\/strong><br \/>Intel Core i5 8500T 2.1 GHz.<br \/><strong>Facteur de forme<\/strong><br \/>Mini<br \/><strong>M\u00e9moire RAM<\/strong><br \/>16 Gb. SO-DDR4 RAM<br \/><strong>Disque dur<\/strong><br \/>256 Gb. SSD M2<br \/><strong>Cartes<\/strong><br \/>Graphique: Intel HD Graphics 630<br \/>Son: HD Audio<br \/>R\u00e9seau: Intel Ethernet Connection I219-LM<br \/><strong>Syst\u00e8me op\u00e9ratif<\/strong><br \/>Windows 11 Pro<br \/><strong>Ports<\/strong><br \/>6x USB 3.0<br \/>USB-C<br \/><strong>Ports vid\u00e9o<\/strong><br \/>VGA<br \/>2x Display Port<br \/><strong>Connectivit\u00e9<\/strong><br \/>RJ-45<br \/><strong>Autres<\/strong><br \/>hR emballage<br \/><strong>Dimensions<\/strong><br \/>18x18x4 cm.<br \/><strong>Poids<\/strong><br \/>1.15 Kg.<br \/><strong>Sp\u00e9cifications suppl\u00e9mentaires<\/strong><br \/>Le HP ProDesk 600 G4 Mini est un ordinateur de bureau professionnel qui se distingue par son \u00e9quilibre entre performance, format compact et polyvalence, en faisant une solution id\u00e9ale pour les environnements de travail dynamiques o\u00f9 l\u2019espace est un facteur cl\u00e9. Son design compact permet de l\u2019int\u00e9grer facilement sur n\u2019importe quel bureau ou m\u00eame de le fixer derri\u00e8re un \u00e9cran, offrant un espace de travail propre et organis\u00e9 sans compromettre la puissance.<br \/>\u00c9quip\u00e9 d\u2019un processeur Intel Core i5 de 8e g\u00e9n\u00e9ration, ce PC de bureau pour entreprise offre des performances solides et constantes pour les t\u00e2ches bureautiques, la gestion d\u2019entreprise et le multit\u00e2che quotidien. Les 16 Go de m\u00e9moire RAM assurent une utilisation fluide m\u00eame avec plusieurs applications ouvertes, tandis que le SSD M.2 de 256 Go garantit des d\u00e9marrages rapides et un acc\u00e8s instantan\u00e9 aux fichiers, am\u00e9liorant la productivit\u00e9 d\u00e8s la premi\u00e8re utilisation.<br \/>Cet \u00e9quipement fiable pour bureau est con\u00e7u pour offrir une stabilit\u00e9 \u00e0 long terme, un \u00e9l\u00e9ment essentiel dans les environnements professionnels n\u00e9cessitant continuit\u00e9 et faible maintenance. De plus, il int\u00e8gre Windows 11 Pro ainsi que le TPM 2.0, garantissant un environnement s\u00e9curis\u00e9, moderne et conforme aux exigences actuelles en mati\u00e8re de protection des donn\u00e9es et de gestion.<br \/>L\u2019un de ses principaux atouts est sa capacit\u00e9 d\u2019\u00e9volution gr\u00e2ce \u00e0 un emplacement M.2 suppl\u00e9mentaire disponible pour le stockage, permettant d\u2019adapter le syst\u00e8me aux besoins futurs sans remplacement. Il s\u2019agit ainsi d\u2019un ordinateur compact et \u00e9volutif, con\u00e7u pour accompagner la croissance de l\u2019activit\u00e9.<br \/>En r\u00e9sum\u00e9, le HP ProDesk 600 G4 Mini est un choix judicieux pour ceux qui recherchent un ordinateur de bureau puissant, efficace et durable, capable d\u2019offrir des performances stables au quotidien avec un excellent \u00e9quilibre entre taille, fonctionnalit\u00e9s et fiabilit\u00e9.<br \/>Bon \u00e9tat ext\u00e9rieur. Consultez \u00ab + Photos \u00bb et \u201cVid\u00e9o\u201d et, si vous avez des questions, appelez-nous ou utilisez notre chat pour obtenir plus d\u2019informations ou demander plus de d\u00e9tails.<br \/><strong>Commentaires<\/strong><br \/><u>1xM.2 2280 pour le stockage disponible<\/u><\/p>\n","protected":false},"excerpt":{"rendered":"<p>Intel Core i5 8500T 2.1 GHz. \u00b7 16 Gb. SO-DDR4 RAM \u00b7 256 Gb. SSD M2 \u00b7 <strong>Windows 11 Pro<\/strong> \u00b7<br \/>\n<u>1xM.2 2280 pour le stockage disponible<\/u><\/p>\n","protected":false},"featured_media":219728,"template":"","meta":[],"product_brand":[3453],"product_cat":[2219,2228],"product_tag":[],"class_list":{"0":"post-219727","1":"product","2":"type-product","3":"status-publish","4":"has-post-thumbnail","6":"product_brand-hp","7":"product_cat-ordinateurs-fr","8":"product_cat-ordinateurs-mini-fr","10":"first","11":"instock","12":"taxable","13":"shipping-taxable","14":"purchasable","15":"product-type-simple"},"bundled_by":[],"bundle_stock_status":"instock","bundle_stock_quantity":33,"bundle_virtual":false,"bundle_layout":"","bundle_add_to_cart_form_location":"","bundle_editable_in_cart":false,"bundle_sold_individually_context":"","bundle_item_grouping":"","bundle_min_size":"","bundle_max_size":"","bundle_price":[],"bundled_items":[],"bundle_sell_ids":[],"exclude_global_add_ons":true,"addons":{"webcam-upgrades":{"name":"Extension Webcam","type":"multiple_choice","position":0,"required":false,"title_format":"heading","default":"","description_enable":false,"description":"","placeholder_enable":false,"placeholder":"","display":"radiobutton","restrictions_type":"any_text","adjust_price":false,"price":"","price_type":"quantity_based","restrictions":false,"min":"0","max":"0","options":[{"label":"Conceptronic AMDIS FullHD [AMP00085]","price":"29.0000","price_type":"quantity_based","image":0,"visibility":true}]},"ram-memory-upgrades":{"name":"Extension RAM","type":"multiple_choice","position":0,"required":false,"title_format":"heading","default":"","description_enable":false,"description":"","placeholder_enable":false,"placeholder":"","display":"radiobutton","restrictions_type":"any_text","adjust_price":false,"price":"","price_type":"quantity_based","restrictions":false,"min":"0","max":"0","options":[{"label":"Extension de 32 Gb de RAM SODIMM [AMP00098]","price":"150.0000","price_type":"quantity_based","image":0,"visibility":true}]},"hdd-upgrades":{"name":"Extension disque dur","type":"multiple_choice","position":0,"required":false,"title_format":"heading","default":"","description_enable":false,"description":"","placeholder_enable":false,"placeholder":"","display":"radiobutton","restrictions_type":"any_text","adjust_price":false,"price":"","price_type":"quantity_based","restrictions":false,"min":"0","max":"0","options":[{"label":"Passez au disque SSD de 500 Gb. M.2 2280PCIe [AMP00106]","price":"110.0000","price_type":"quantity_based","image":0,"visibility":true},{"label":"Passez au disque SSD 1 Tb. M.2 2280 PCIe [AMP00107]","price":"165.0000","price_type":"quantity_based","image":0,"visibility":true},{"label":"SSD suppl\u00e9mentaire 500 Gb. M.2 2280 PCIe [AMP00108]","price":"115.0000","price_type":"quantity_based","image":0,"visibility":true},{"label":"Disque SSD de 1 Tb. M.2 2280 PCIe suppl\u00e9mentaire [AMP00109]","price":"170.0000","price_type":"quantity_based","image":0,"visibility":true}]},"network-card-upgrades":{"name":"Extension WIFI","type":"multiple_choice","position":0,"required":false,"title_format":"heading","default":"","description_enable":false,"description":"","placeholder_enable":false,"placeholder":"","display":"radiobutton","restrictions_type":"any_text","adjust_price":false,"price":"","price_type":"quantity_based","restrictions":false,"min":"0","max":"0","options":[{"label":"Mise \u00e0 niveau nano USB sans fil [AMP00018]","price":"12.0000","price_type":"quantity_based","image":0,"visibility":true}]},"os-upgrades":{"name":"Expansion SO","type":"multiple_choice","position":0,"required":false,"title_format":"heading","default":"","description_enable":false,"description":"","placeholder_enable":false,"placeholder":"","display":"radiobutton","restrictions_type":"any_text","adjust_price":false,"price":"","price_type":"quantity_based","restrictions":false,"min":"0","max":"0","options":[{"label":"Changer la langue en fran\u00e7ais [AMP00125]","price":"0.0000","price_type":"quantity_based","image":0,"visibility":true},{"label":"Changer la langue en anglais [AMP00008]","price":"0.0000","price_type":"quantity_based","image":0,"visibility":true},{"label":"Changer la langue en portugais [AMP00009]","price":"0.0000","price_type":"quantity_based","image":0,"visibility":true}]},"keyboard-upgrades":{"name":"Extension clavier","type":"multiple_choice","position":0,"required":false,"title_format":"heading","default":"","description_enable":false,"description":"","placeholder_enable":false,"placeholder":"","display":"radiobutton","restrictions_type":"any_text","adjust_price":false,"price":"","price_type":"quantity_based","restrictions":false,"min":"0","max":"0","options":[{"label":"Clavier et souris [AMP00020]","price":"8.0000","price_type":"quantity_based","image":0,"visibility":true},{"label":"Clavier et souris Portuguese New [AMP00088]","price":"15.0000","price_type":"quantity_based","image":0,"visibility":true},{"label":"Clavier et souris USB espagnols (Nouveau) [AMP00068]","price":"12.0000","price_type":"quantity_based","image":0,"visibility":true}]}},"df_price":333.96,"df_sale_price":"","df_regular_price":333.96,"df_image_link":"https:\/\/zoca.es\/wp-content\/uploads\/images\/product\/14823\/hp03293_01-300x225.jpg","_links":{"self":[{"href":"https:\/\/zoca.es\/fr\/wp-json\/wp\/v2\/product\/219727","targetHints":{"allow":["GET"]}}],"collection":[{"href":"https:\/\/zoca.es\/fr\/wp-json\/wp\/v2\/product"}],"about":[{"href":"https:\/\/zoca.es\/fr\/wp-json\/wp\/v2\/types\/product"}],"wp:featuredmedia":[{"embeddable":true,"href":"https:\/\/zoca.es\/fr\/wp-json\/wp\/v2\/media\/219728"}],"wp:attachment":[{"href":"https:\/\/zoca.es\/fr\/wp-json\/wp\/v2\/media?parent=219727"}],"wp:term":[{"taxonomy":"product_brand","embeddable":true,"href":"https:\/\/zoca.es\/fr\/wp-json\/wp\/v2\/product_brand?post=219727"},{"taxonomy":"product_cat","embeddable":true,"href":"https:\/\/zoca.es\/fr\/wp-json\/wp\/v2\/product_cat?post=219727"},{"taxonomy":"product_tag","embeddable":true,"href":"https:\/\/zoca.es\/fr\/wp-json\/wp\/v2\/product_tag?post=219727"}],"curies":[{"name":"wp","href":"https:\/\/api.w.org\/{rel}","templated":true}]}}