{"id":219562,"date":"2026-04-14T08:32:56","date_gmt":"2026-04-14T07:32:56","guid":{"rendered":"https:\/\/zoca.es\/producto\/hp-elitedesk-800-g4-impecable-mini-reconditionne-core-i5-3ghz-16-gb-ram-256-gb-ssd-m2-fr-14959\/"},"modified":"2026-04-14T08:33:13","modified_gmt":"2026-04-14T07:33:13","slug":"hp-elitedesk-800-g4-impecable-mini-reconditionne-core-i5-3ghz-16-gb-ram-256-gb-ssd-m2-fr-14959","status":"publish","type":"product","link":"https:\/\/zoca.es\/fr\/produit\/hp-elitedesk-800-g4-impecable-mini-reconditionne-core-i5-3ghz-16-gb-ram-256-gb-ssd-m2-fr-14959\/","title":{"rendered":"HP EliteDesk 800 G4-Impecable Mini | Reconditionn\u00e9 | Core i5 3GHz | 16 GB RAM | 256 GB SSD M2"},"content":{"rendered":"<p><strong>Processeur<\/strong><br \/>Intel Core i5 8500 3 GHz.<br \/><strong>Facteur de forme<\/strong><br \/>Mini<br \/><strong>M\u00e9moire RAM<\/strong><br \/>16 Gb. SO-DDR4 RAM<br \/><strong>Disque dur<\/strong><br \/>256 Gb. SSD M2<br \/><strong>Cartes<\/strong><br \/>Graphique: Intel UHD Graphics 630<br \/>Son: Synaptics HD Audio<br \/>R\u00e9seau: Intel Ethernet Connection I219-LM<br \/><strong>Syst\u00e8me op\u00e9ratif<\/strong><br \/>Windows 11 Pro<br \/><strong>Ports<\/strong><br \/>6x USB 3.0<br \/>USB-C<br \/><strong>Ports vid\u00e9o<\/strong><br \/>3x Display Port<br \/><strong>Connectivit\u00e9<\/strong><br \/>RJ-45<br \/>WIFI<br \/><strong>Autres<\/strong><br \/>hR emballage<br \/><strong>Dimensions<\/strong><br \/>18x18x4 cm.<br \/><strong>Poids<\/strong><br \/>1.05 Kg.<br \/><strong>Sp\u00e9cifications suppl\u00e9mentaires<\/strong><br \/>Le HP EliteDesk 800 G4 Mini est un ordinateur de bureau professionnel qui se distingue par son \u00e9quilibre parfait entre puissance, fiabilit\u00e9 et format compact, con\u00e7u pour les environnements de travail o\u00f9 l\u2019espace et les performances sont tout aussi importants. Son design Mini permet de l\u2019int\u00e9grer facilement dans n\u2019importe quel espace de travail, m\u00eame derri\u00e8re un \u00e9cran, apportant organisation et efficacit\u00e9 sans compromettre les performances.Gr\u00e2ce \u00e0 son processeur Intel Core i5 de 8e g\u00e9n\u00e9ration, ce PC de bureau pour entreprise offre des performances solides et stables pour les t\u00e2ches bureautiques avanc\u00e9es, la gestion d\u2019entreprise et le multit\u00e2che quotidien. Ses 16 Go de m\u00e9moire RAM permettent de travailler avec plusieurs applications ouvertes de mani\u00e8re fluide, tandis que le SSD M.2 de 256 Go garantit des d\u00e9marrages rapides, une ouverture rapide des programmes et un acc\u00e8s efficace aux donn\u00e9es, am\u00e9liorant nettement la productivit\u00e9.L\u2019un de ses points forts est sa capacit\u00e9 d\u2019\u00e9volution, avec un emplacement M.2 suppl\u00e9mentaire disponible pour le stockage, permettant d\u2019adapter facilement le syst\u00e8me aux besoins futurs. De plus, sa connectivit\u00e9 Wi-Fi facilite son int\u00e9gration dans des environnements sans fil, \u00e9liminant la d\u00e9pendance aux c\u00e2bles et offrant une plus grande flexibilit\u00e9 d\u2019installation.Cet \u00e9quipement fiable pour bureau int\u00e8gre Windows 11 Pro et TPM 2.0, offrant un environnement s\u00e9curis\u00e9, moderne et pr\u00eat pour des environnements professionnels exigeants, avec des fonctionnalit\u00e9s avanc\u00e9es de protection des donn\u00e9es et de gestion. Sa conception robuste et sa faible consommation d\u2019\u00e9nergie en font un choix id\u00e9al pour une utilisation continue, r\u00e9duisant les co\u00fbts d\u2019exploitation et am\u00e9liorant l\u2019efficacit\u00e9 globale.En r\u00e9sum\u00e9, le HP EliteDesk 800 G4 Mini est un ordinateur de bureau compact, polyvalent et con\u00e7u pour un usage professionnel quotidien, parfait pour ceux qui recherchent un syst\u00e8me puissant, \u00e9volutif et offrant des performances constantes dans tout environnement de travail.<strong>Aspect ext\u00e9rieur impeccable<\/strong>. Consultez \u00ab + Photos \u00bb et \u201cVid\u00e9o\u201d et, si vous avez des questions, appelez-nous ou utilisez notre chat pour obtenir plus d\u2019informations ou demander plus de d\u00e9tails.<br \/><strong>Commentaires<\/strong><br \/><u>Wi-Fi &#8211; 1xM.2 2280 pour le stockage disponible<\/u><\/p>\n","protected":false},"excerpt":{"rendered":"<p>Intel Core i5 8500 3 GHz. \u00b7 16 Gb. SO-DDR4 RAM \u00b7 256 Gb. SSD M2 \u00b7 <strong>Windows 11 Pro \u00b7<br \/>\nWi-Fi<\/strong> &#8211; <u>1xM.2 2280 pour le stockage disponible<\/u><\/p>\n","protected":false},"featured_media":219563,"template":"","meta":[],"product_brand":[3453],"product_cat":[2219,2228],"product_tag":[],"class_list":{"0":"post-219562","1":"product","2":"type-product","3":"status-publish","4":"has-post-thumbnail","6":"product_brand-hp","7":"product_cat-ordinateurs-fr","8":"product_cat-ordinateurs-mini-fr","10":"first","11":"instock","12":"taxable","13":"shipping-taxable","14":"purchasable","15":"product-type-simple"},"bundled_by":[],"bundle_stock_status":"instock","bundle_stock_quantity":40,"bundle_virtual":false,"bundle_layout":"","bundle_add_to_cart_form_location":"","bundle_editable_in_cart":false,"bundle_sold_individually_context":"","bundle_item_grouping":"","bundle_min_size":"","bundle_max_size":"","bundle_price":[],"bundled_items":[],"bundle_sell_ids":[],"exclude_global_add_ons":true,"addons":{"webcam-upgrades":{"name":"Extension Webcam","type":"multiple_choice","position":0,"required":false,"title_format":"heading","default":"","description_enable":false,"description":"","placeholder_enable":false,"placeholder":"","display":"radiobutton","restrictions_type":"any_text","adjust_price":false,"price":"","price_type":"quantity_based","restrictions":false,"min":"0","max":"0","options":[{"label":"Conceptronic AMDIS FullHD [AMP00085]","price":"29.0000","price_type":"quantity_based","image":0,"visibility":true}]},"ram-memory-upgrades":{"name":"Extension RAM","type":"multiple_choice","position":0,"required":false,"title_format":"heading","default":"","description_enable":false,"description":"","placeholder_enable":false,"placeholder":"","display":"radiobutton","restrictions_type":"any_text","adjust_price":false,"price":"","price_type":"quantity_based","restrictions":false,"min":"0","max":"0","options":[{"label":"Extension de 32 Gb de RAM SODIMM [AMP00098]","price":"150.0000","price_type":"quantity_based","image":0,"visibility":true}]},"hdd-upgrades":{"name":"Extension disque dur","type":"multiple_choice","position":0,"required":false,"title_format":"heading","default":"","description_enable":false,"description":"","placeholder_enable":false,"placeholder":"","display":"radiobutton","restrictions_type":"any_text","adjust_price":false,"price":"","price_type":"quantity_based","restrictions":false,"min":"0","max":"0","options":[{"label":"Passez au disque SSD de 500 Gb. M.2 2280PCIe [AMP00106]","price":"110.0000","price_type":"quantity_based","image":0,"visibility":true},{"label":"Passez au disque SSD 1 Tb. M.2 2280 PCIe [AMP00107]","price":"165.0000","price_type":"quantity_based","image":0,"visibility":true},{"label":"SSD suppl\u00e9mentaire 500 Gb. M.2 2280 PCIe [AMP00108]","price":"115.0000","price_type":"quantity_based","image":0,"visibility":true},{"label":"Disque SSD de 1 Tb. M.2 2280 PCIe suppl\u00e9mentaire [AMP00109]","price":"170.0000","price_type":"quantity_based","image":0,"visibility":true}]},"os-upgrades":{"name":"Expansion SO","type":"multiple_choice","position":0,"required":false,"title_format":"heading","default":"","description_enable":false,"description":"","placeholder_enable":false,"placeholder":"","display":"radiobutton","restrictions_type":"any_text","adjust_price":false,"price":"","price_type":"quantity_based","restrictions":false,"min":"0","max":"0","options":[{"label":"Changer la langue en fran\u00e7ais [AMP00125]","price":"0.0000","price_type":"quantity_based","image":0,"visibility":true},{"label":"Changer la langue en anglais [AMP00008]","price":"0.0000","price_type":"quantity_based","image":0,"visibility":true},{"label":"Changer la langue en portugais [AMP00009]","price":"0.0000","price_type":"quantity_based","image":0,"visibility":true}]},"keyboard-upgrades":{"name":"Extension clavier","type":"multiple_choice","position":0,"required":false,"title_format":"heading","default":"","description_enable":false,"description":"","placeholder_enable":false,"placeholder":"","display":"radiobutton","restrictions_type":"any_text","adjust_price":false,"price":"","price_type":"quantity_based","restrictions":false,"min":"0","max":"0","options":[{"label":"Clavier et souris [AMP00020]","price":"8.0000","price_type":"quantity_based","image":0,"visibility":true},{"label":"Clavier et souris Portuguese New [AMP00088]","price":"15.0000","price_type":"quantity_based","image":0,"visibility":true},{"label":"Clavier et souris USB espagnols (Nouveau) [AMP00068]","price":"12.0000","price_type":"quantity_based","image":0,"visibility":true}]}},"df_price":353.32,"df_sale_price":"","df_regular_price":353.32,"df_image_link":"https:\/\/zoca.es\/wp-content\/uploads\/images\/product\/14959\/hp03346_01-300x225.jpg","_links":{"self":[{"href":"https:\/\/zoca.es\/fr\/wp-json\/wp\/v2\/product\/219562","targetHints":{"allow":["GET"]}}],"collection":[{"href":"https:\/\/zoca.es\/fr\/wp-json\/wp\/v2\/product"}],"about":[{"href":"https:\/\/zoca.es\/fr\/wp-json\/wp\/v2\/types\/product"}],"wp:featuredmedia":[{"embeddable":true,"href":"https:\/\/zoca.es\/fr\/wp-json\/wp\/v2\/media\/219563"}],"wp:attachment":[{"href":"https:\/\/zoca.es\/fr\/wp-json\/wp\/v2\/media?parent=219562"}],"wp:term":[{"taxonomy":"product_brand","embeddable":true,"href":"https:\/\/zoca.es\/fr\/wp-json\/wp\/v2\/product_brand?post=219562"},{"taxonomy":"product_cat","embeddable":true,"href":"https:\/\/zoca.es\/fr\/wp-json\/wp\/v2\/product_cat?post=219562"},{"taxonomy":"product_tag","embeddable":true,"href":"https:\/\/zoca.es\/fr\/wp-json\/wp\/v2\/product_tag?post=219562"}],"curies":[{"name":"wp","href":"https:\/\/api.w.org\/{rel}","templated":true}]}}