{"id":219407,"date":"2026-04-14T08:11:25","date_gmt":"2026-04-14T07:11:25","guid":{"rendered":"https:\/\/zoca.es\/producto\/lenovo-m70q-gen-3-impecable-mini-reconditionne-core-i5-18ghz-16-gb-ram-256-gb-ssd-m2-fr-14881\/"},"modified":"2026-04-14T08:16:43","modified_gmt":"2026-04-14T07:16:43","slug":"lenovo-m70q-gen-3-impecable-mini-reconditionne-core-i5-18ghz-16-gb-ram-256-gb-ssd-m2-fr-14881","status":"publish","type":"product","link":"https:\/\/zoca.es\/fr\/produit\/lenovo-m70q-gen-3-impecable-mini-reconditionne-core-i5-18ghz-16-gb-ram-256-gb-ssd-m2-fr-14881\/","title":{"rendered":"Lenovo M70Q Gen 3-Impecable Mini | Reconditionn\u00e9 | Core i5 1.8GHz | 16 GB RAM | 256 GB SSD M2"},"content":{"rendered":"<p><strong>Processeur<\/strong><br \/>Intel Core i5 12400T 1.8 GHz.<br \/><strong>Facteur de forme<\/strong><br \/>Mini<br \/><strong>M\u00e9moire RAM<\/strong><br \/>16 Gb. SO-DDR4 RAM<br \/><strong>Disque dur<\/strong><br \/>256 Gb. SSD M2<br \/><strong>Cartes<\/strong><br \/>Graphique: INTEL GRAPHICS 730<br \/>Son: Realtek Audio<br \/>R\u00e9seau: Intel L219-LM<br \/><strong>Syst\u00e8me op\u00e9ratif<\/strong><br \/>Windows 11 Pro<br \/><strong>Ports<\/strong><br \/>USB 2.0<br \/>USB-C<br \/>5x USB 3.1<br \/><strong>Ports vid\u00e9o<\/strong><br \/>VGA<br \/>HDMI<br \/>Display Port<br \/><strong>Connectivit\u00e9<\/strong><br \/>RJ-45<br \/>WIFI<br \/>Bluetooth<br \/><strong>Autres<\/strong><br \/>hR emballage<br \/><strong>Dimensions<\/strong><br \/>18x18x3.5 cm.<br \/><strong>Poids<\/strong><br \/>1.25 Kg.<br \/><strong>Sp\u00e9cifications suppl\u00e9mentaires<\/strong><br \/>Le Lenovo ThinkCentre M70q Gen 3 est un ordinateur de bureau professionnel con\u00e7u pour offrir des performances maximales dans des espaces r\u00e9duits, constituant une solution id\u00e9ale pour les environnements de travail modernes o\u00f9 l\u2019efficacit\u00e9 et l\u2019organisation sont essentielles. Son format ultra compact permet de l\u2019int\u00e9grer facilement sur n\u2019importe quel bureau, m\u00eame derri\u00e8re un \u00e9cran, optimisant l\u2019espace sans compromettre la puissance.<br \/>\u00c9quip\u00e9 d\u2019un processeur Intel Core i5 de 12e g\u00e9n\u00e9ration, cet ordinateur garantit des performances rapides et fluides pour les t\u00e2ches bureautiques, la gestion d\u2019entreprise et le multit\u00e2che intensif. Ses 16 Go de m\u00e9moire RAM permettent de travailler avec plusieurs applications ouvertes sans ralentissement, tandis que le stockage SSD M.2 de 256 Go assure un d\u00e9marrage rapide, un acc\u00e8s instantan\u00e9 aux fichiers et une exp\u00e9rience utilisateur beaucoup plus dynamique.<br \/>Ce PC de bureau pour entreprise int\u00e8gre \u00e9galement une connectivit\u00e9 Wi-Fi et Bluetooth, facilitant son int\u00e9gration dans des environnements sans fil et la connexion \u00e0 tous types de p\u00e9riph\u00e9riques. L\u2019int\u00e9gration de Windows 11 Pro offre un environnement s\u00e9curis\u00e9, moderne et optimis\u00e9 pour la productivit\u00e9 professionnelle, avec des fonctionnalit\u00e9s avanc\u00e9es de s\u00e9curit\u00e9 gr\u00e2ce au module TPM 2.0.<br \/>Le Lenovo M70q Gen 3 se distingue \u00e9galement par sa fiabilit\u00e9 et sa faible consommation \u00e9nerg\u00e9tique, ce qui en fait un choix id\u00e9al pour une utilisation continue dans des bureaux ou environnements professionnels. Son design robuste et efficace garantit une longue dur\u00e9e de vie, r\u00e9duisant les co\u00fbts de maintenance et am\u00e9liorant la rentabilit\u00e9 \u00e0 long terme.<br \/>En r\u00e9sum\u00e9, il s\u2019agit d\u2019un ordinateur de bureau compact, puissant et con\u00e7u pour offrir des performances stables au quotidien, id\u00e9al pour ceux qui recherchent un \u00e9quipement fiable pour le bureau avec une grande r\u00e9activit\u00e9 et pr\u00eat \u00e0 \u00e9voluer avec les besoins de l\u2019entreprise.<br \/><b>Aspect ext\u00e9rieur impeccable<\/b>. Consultez \u00ab + Photos \u00bb et, si vous avez des questions, appelez-nous ou utilisez notre chat pour obtenir plus d\u2019informations ou demander plus de d\u00e9tails.<br \/><strong>Commentaires<\/strong><br \/><u>Wi-FI \/ Bluetooth<\/u><\/p>\n","protected":false},"excerpt":{"rendered":"<p>Intel Core i5 12400T 1.8 GHz. \u00b7 16 Gb. SO-DDR4 RAM \u00b7 256 Gb. SSD M2 \u00b7 <strong>Windows 11 Pro \u00b7<br \/>\nWi-Fi\/Bluetooth<\/strong><\/p>\n","protected":false},"featured_media":219346,"template":"","meta":[],"product_brand":[3452],"product_cat":[2219,2228],"product_tag":[],"class_list":{"0":"post-219407","1":"product","2":"type-product","3":"status-publish","4":"has-post-thumbnail","6":"product_brand-lenovo","7":"product_cat-ordinateurs-fr","8":"product_cat-ordinateurs-mini-fr","10":"first","11":"instock","12":"taxable","13":"shipping-taxable","14":"purchasable","15":"product-type-simple"},"bundled_by":[],"bundle_stock_status":"instock","bundle_stock_quantity":30,"bundle_virtual":false,"bundle_layout":"","bundle_add_to_cart_form_location":"","bundle_editable_in_cart":false,"bundle_sold_individually_context":"","bundle_item_grouping":"","bundle_min_size":"","bundle_max_size":"","bundle_price":[],"bundled_items":[],"bundle_sell_ids":[],"exclude_global_add_ons":true,"addons":{"webcam-upgrades":{"name":"Extension Webcam","type":"multiple_choice","position":0,"required":false,"title_format":"heading","default":"","description_enable":false,"description":"","placeholder_enable":false,"placeholder":"","display":"radiobutton","restrictions_type":"any_text","adjust_price":false,"price":"","price_type":"quantity_based","restrictions":false,"min":"0","max":"0","options":[{"label":"Conceptronic AMDIS FullHD [AMP00085]","price":"29.0000","price_type":"quantity_based","image":0,"visibility":true}]},"ram-memory-upgrades":{"name":"Extension RAM","type":"multiple_choice","position":0,"required":false,"title_format":"heading","default":"","description_enable":false,"description":"","placeholder_enable":false,"placeholder":"","display":"radiobutton","restrictions_type":"any_text","adjust_price":false,"price":"","price_type":"quantity_based","restrictions":false,"min":"0","max":"0","options":[{"label":"Extension de 32 Gb de RAM SODIMM [AMP00098]","price":"150.0000","price_type":"quantity_based","image":0,"visibility":true}]},"hdd-upgrades":{"name":"Extension disque dur","type":"multiple_choice","position":0,"required":false,"title_format":"heading","default":"","description_enable":false,"description":"","placeholder_enable":false,"placeholder":"","display":"radiobutton","restrictions_type":"any_text","adjust_price":false,"price":"","price_type":"quantity_based","restrictions":false,"min":"0","max":"0","options":[{"label":"Passez au disque SSD de 500 Gb. M.2 2280PCIe [AMP00106]","price":"110.0000","price_type":"quantity_based","image":0,"visibility":true},{"label":"Passez au disque SSD 1 Tb. M.2 2280 PCIe [AMP00107]","price":"165.0000","price_type":"quantity_based","image":0,"visibility":true}]},"os-upgrades":{"name":"Expansion SO","type":"multiple_choice","position":0,"required":false,"title_format":"heading","default":"","description_enable":false,"description":"","placeholder_enable":false,"placeholder":"","display":"radiobutton","restrictions_type":"any_text","adjust_price":false,"price":"","price_type":"quantity_based","restrictions":false,"min":"0","max":"0","options":[{"label":"Changer la langue en fran\u00e7ais [AMP00125]","price":"0.0000","price_type":"quantity_based","image":0,"visibility":true},{"label":"Changer la langue en anglais [AMP00008]","price":"0.0000","price_type":"quantity_based","image":0,"visibility":true},{"label":"Changer la langue en portugais [AMP00009]","price":"0.0000","price_type":"quantity_based","image":0,"visibility":true}]},"keyboard-upgrades":{"name":"Extension clavier","type":"multiple_choice","position":0,"required":false,"title_format":"heading","default":"","description_enable":false,"description":"","placeholder_enable":false,"placeholder":"","display":"radiobutton","restrictions_type":"any_text","adjust_price":false,"price":"","price_type":"quantity_based","restrictions":false,"min":"0","max":"0","options":[{"label":"Clavier et souris [AMP00020]","price":"8.0000","price_type":"quantity_based","image":0,"visibility":true},{"label":"Clavier et souris Portuguese New [AMP00088]","price":"15.0000","price_type":"quantity_based","image":0,"visibility":true},{"label":"Clavier et souris USB espagnols (Nouveau) [AMP00068]","price":"12.0000","price_type":"quantity_based","image":0,"visibility":true}]}},"df_price":637.67,"df_sale_price":"","df_regular_price":637.67,"df_image_link":"https:\/\/zoca.es\/wp-content\/uploads\/images\/product\/14881\/leno01156_01-300x225.jpg","_links":{"self":[{"href":"https:\/\/zoca.es\/fr\/wp-json\/wp\/v2\/product\/219407","targetHints":{"allow":["GET"]}}],"collection":[{"href":"https:\/\/zoca.es\/fr\/wp-json\/wp\/v2\/product"}],"about":[{"href":"https:\/\/zoca.es\/fr\/wp-json\/wp\/v2\/types\/product"}],"wp:featuredmedia":[{"embeddable":true,"href":"https:\/\/zoca.es\/fr\/wp-json\/wp\/v2\/media\/219346"}],"wp:attachment":[{"href":"https:\/\/zoca.es\/fr\/wp-json\/wp\/v2\/media?parent=219407"}],"wp:term":[{"taxonomy":"product_brand","embeddable":true,"href":"https:\/\/zoca.es\/fr\/wp-json\/wp\/v2\/product_brand?post=219407"},{"taxonomy":"product_cat","embeddable":true,"href":"https:\/\/zoca.es\/fr\/wp-json\/wp\/v2\/product_cat?post=219407"},{"taxonomy":"product_tag","embeddable":true,"href":"https:\/\/zoca.es\/fr\/wp-json\/wp\/v2\/product_tag?post=219407"}],"curies":[{"name":"wp","href":"https:\/\/api.w.org\/{rel}","templated":true}]}}