{"id":219027,"date":"2026-04-10T11:42:16","date_gmt":"2026-04-10T10:42:16","guid":{"rendered":"https:\/\/zoca.es\/producto\/dell-7480-aio-tactil-238-aio-reconditionne-core-i5-31ghz-16-gb-ram-256-gb-ssd-m2-fr-13400\/"},"modified":"2026-04-10T11:42:29","modified_gmt":"2026-04-10T10:42:29","slug":"dell-7480-aio-tactil-238-aio-reconditionne-core-i5-31ghz-16-gb-ram-256-gb-ssd-m2-fr-13400","status":"publish","type":"product","link":"https:\/\/zoca.es\/fr\/produit\/dell-7480-aio-tactil-238-aio-reconditionne-core-i5-31ghz-16-gb-ram-256-gb-ssd-m2-fr-13400\/","title":{"rendered":"Dell 7480 AIO T\u00e1ctil 23.8\u00a0\u00bb AIO | Reconditionn\u00e9 | Core i5 3.1GHz | 16 GB RAM | 256 GB SSD M2"},"content":{"rendered":"<p><strong>Processeur<\/strong><br \/>Intel Core i5 10500 3.1 GHz.<br \/><strong>Facteur de forme<\/strong><br \/>AIO<br \/><strong>M\u00e9moire RAM<\/strong><br \/>16 Gb. SO-DDR4 RAM<br \/><strong>Disque dur<\/strong><br \/>256 Gb. SSD M2<br \/><strong>Cartes<\/strong><br \/>Graphique: Intel HD Graphics 630<br \/>Son: Realtek Audio<br \/>R\u00e9seau: Intel i219-LM Gigabit Ethernet<br \/><strong>Syst\u00e8me op\u00e9ratif<\/strong><br \/>Windows 11 Pro<br \/><strong>Ports<\/strong><br \/>USB-C<br \/>5x USB 3.1<br \/><strong>\u00c9cran<\/strong><br \/>Tactile 23.8 \u00a0\u00bb FullHD avec Haut-parleurs \u00b7  16:9  \u00b7 R\u00e9solution 1920&#215;1080<br \/><strong>Ports vid\u00e9o<\/strong><br \/>2x HDMI<br \/>Display Port<br \/><strong>Multim\u00e9dias<\/strong><br \/>Webcam<br \/>Lecteur SD<br \/><strong>Affichage sp\u00e9cifique<\/strong><br \/>Stand VESA<br \/>Base<br \/><strong>Connectivit\u00e9<\/strong><br \/>RJ-45<br \/>WIFI<br \/>Bluetooth<br \/><strong>Autres<\/strong><br \/>hR emballage<br \/><strong>Dimensions<\/strong><br \/>44&#215;57.5&#215;22.5 cm.<br \/><strong>Poids<\/strong><br \/>11.00 Kg.<br \/><strong>Sp\u00e9cifications suppl\u00e9mentaires<\/strong><br \/>Le Dell 7480 AIO tactile de 23,8\u201d est une solution tout-en-un con\u00e7ue pour ceux qui recherchent performance, organisation et polyvalence dans un seul appareil. Gr\u00e2ce \u00e0 son processeur Intel Core i5 de 10e g\u00e9n\u00e9ration, il offre un fonctionnement fluide et stable, id\u00e9al pour les environnements professionnels exigeants, le multit\u00e2che intensif et les applications de gestion. Ses 16 Go de m\u00e9moire RAM garantissent une grande fluidit\u00e9 m\u00eame avec plusieurs programmes ouverts, tandis que le SSD M.2 de 256 Go assure des d\u00e9marrages rapides et un acc\u00e8s imm\u00e9diat aux donn\u00e9es.<br \/>Son \u00e9cran tactile Full HD de 23,8 pouces offre une exp\u00e9rience d\u2019utilisation plus intuitive et productive, parfaite pour interagir directement avec des applications, des pr\u00e9sentations ou des outils de design. Le format All-In-One permet d\u2019optimiser l\u2019espace de travail, en \u00e9liminant les c\u00e2bles inutiles et en offrant une installation propre et \u00e9l\u00e9gante.<br \/>\u00c9quip\u00e9 de Windows 11 Pro et du TPM 2.0, cet appareil garantit un environnement s\u00e9curis\u00e9, \u00e0 jour et pr\u00eat pour les besoins actuels. La connectivit\u00e9 Wi-Fi int\u00e9gr\u00e9e et la possibilit\u00e9 d\u2019\u00e9tendre le stockage via un emplacement M.2 suppl\u00e9mentaire en font une option flexible et \u00e9volutive.<br \/>Il inclut clavier et souris, facilitant une mise en service imm\u00e9diate. En r\u00e9sum\u00e9, un ordinateur AIO puissant, tactile et efficace, id\u00e9al pour les bureaux, commerces ou environnements professionnels recherchant productivit\u00e9, design et fiabilit\u00e9 dans un seul appareil.<br \/>Bonne apparence ext\u00e9rieure. Peut pr\u00e9senter de l\u00e9g\u00e8res marques d\u2019utilisation sur le bo\u00eetier. Si vous avez des questions, appelez-nous ou utilisez notre chat pour obtenir plus d\u2019informations ou demander plus de d\u00e9tails.<br \/><strong>Commentaires<\/strong><br \/><u>Wi-Fi &#8211; 1xM.2 2280 pour le stockage disponible &#8211; Clavier et souris inclus<\/u><\/p>\n","protected":false},"excerpt":{"rendered":"<p>Intel Core i5 10500 3.1 GHz. \u00b7 16 Gb. SO-DDR4 RAM \u00b7 256 Gb. SSD M2 \u00b7 <strong>Windows 11 Pro \u00b7 Tactile 23.8 \u00a0\u00bb FullHD<\/strong> 16:9 avec Haut-parleurs \u00b7<br \/>\n<strong>Wi-Fi<\/strong> &#8211; <u>1xM.2 2280 pour le stockage disponible &#8211; Clavier et souris inclus<\/u><\/p>\n","protected":false},"featured_media":219028,"template":"","meta":[],"product_brand":[3445],"product_cat":[2225,2219],"product_tag":[],"class_list":{"0":"post-219027","1":"product","2":"type-product","3":"status-publish","4":"has-post-thumbnail","6":"product_brand-dell","7":"product_cat-ordinateurs-all-in-one-fr","8":"product_cat-ordinateurs-fr","10":"first","11":"instock","12":"taxable","13":"shipping-taxable","14":"purchasable","15":"product-type-simple"},"bundled_by":[],"bundle_stock_status":"instock","bundle_stock_quantity":44,"bundle_virtual":false,"bundle_layout":"","bundle_add_to_cart_form_location":"","bundle_editable_in_cart":false,"bundle_sold_individually_context":"","bundle_item_grouping":"","bundle_min_size":"","bundle_max_size":"","bundle_price":[],"bundled_items":[],"bundle_sell_ids":[],"exclude_global_add_ons":true,"addons":{"ram-memory-upgrades":{"name":"Extension RAM","type":"multiple_choice","position":0,"required":false,"title_format":"heading","default":"","description_enable":false,"description":"","placeholder_enable":false,"placeholder":"","display":"radiobutton","restrictions_type":"any_text","adjust_price":false,"price":"","price_type":"quantity_based","restrictions":false,"min":"0","max":"0","options":[{"label":"Extension de 32 Gb de RAM SODIMM [AMP00098]","price":"150.0000","price_type":"quantity_based","image":0,"visibility":true}]},"hdd-upgrades":{"name":"Extension disque dur","type":"multiple_choice","position":0,"required":false,"title_format":"heading","default":"","description_enable":false,"description":"","placeholder_enable":false,"placeholder":"","display":"radiobutton","restrictions_type":"any_text","adjust_price":false,"price":"","price_type":"quantity_based","restrictions":false,"min":"0","max":"0","options":[{"label":"Passez au disque SSD de 500 Gb. M.2 2280PCIe [AMP00106]","price":"110.0000","price_type":"quantity_based","image":0,"visibility":true},{"label":"Passez au disque SSD 1 Tb. M.2 2280 PCIe [AMP00107]","price":"165.0000","price_type":"quantity_based","image":0,"visibility":true},{"label":"SSD suppl\u00e9mentaire 500 Gb. M.2 2280 PCIe [AMP00108]","price":"115.0000","price_type":"quantity_based","image":0,"visibility":true},{"label":"Disque SSD de 1 Tb. M.2 2280 PCIe suppl\u00e9mentaire [AMP00109]","price":"170.0000","price_type":"quantity_based","image":0,"visibility":true}]},"os-upgrades":{"name":"Expansion SO","type":"multiple_choice","position":0,"required":false,"title_format":"heading","default":"","description_enable":false,"description":"","placeholder_enable":false,"placeholder":"","display":"radiobutton","restrictions_type":"any_text","adjust_price":false,"price":"","price_type":"quantity_based","restrictions":false,"min":"0","max":"0","options":[{"label":"Changer la langue en fran\u00e7ais [AMP00125]","price":"0.0000","price_type":"quantity_based","image":0,"visibility":true},{"label":"Changer la langue en anglais [AMP00008]","price":"0.0000","price_type":"quantity_based","image":0,"visibility":true},{"label":"Changer la langue en portugais [AMP00009]","price":"0.0000","price_type":"quantity_based","image":0,"visibility":true}]}},"df_price":809.49,"df_sale_price":"","df_regular_price":809.49,"df_image_link":"https:\/\/zoca.es\/wp-content\/uploads\/images\/product\/13400\/dell01424_01-300x225.jpg","_links":{"self":[{"href":"https:\/\/zoca.es\/fr\/wp-json\/wp\/v2\/product\/219027","targetHints":{"allow":["GET"]}}],"collection":[{"href":"https:\/\/zoca.es\/fr\/wp-json\/wp\/v2\/product"}],"about":[{"href":"https:\/\/zoca.es\/fr\/wp-json\/wp\/v2\/types\/product"}],"wp:featuredmedia":[{"embeddable":true,"href":"https:\/\/zoca.es\/fr\/wp-json\/wp\/v2\/media\/219028"}],"wp:attachment":[{"href":"https:\/\/zoca.es\/fr\/wp-json\/wp\/v2\/media?parent=219027"}],"wp:term":[{"taxonomy":"product_brand","embeddable":true,"href":"https:\/\/zoca.es\/fr\/wp-json\/wp\/v2\/product_brand?post=219027"},{"taxonomy":"product_cat","embeddable":true,"href":"https:\/\/zoca.es\/fr\/wp-json\/wp\/v2\/product_cat?post=219027"},{"taxonomy":"product_tag","embeddable":true,"href":"https:\/\/zoca.es\/fr\/wp-json\/wp\/v2\/product_tag?post=219027"}],"curies":[{"name":"wp","href":"https:\/\/api.w.org\/{rel}","templated":true}]}}