{"id":218515,"date":"2026-04-09T16:03:49","date_gmt":"2026-04-09T15:03:49","guid":{"rendered":"https:\/\/zoca.es\/producto\/switch-clonico-phihong-poe15m-1af-inyector-poe-reconditionne-fr-14873\/"},"modified":"2026-04-09T16:03:54","modified_gmt":"2026-04-09T15:03:54","slug":"switch-clonico-phihong-poe15m-1af-inyector-poe-reconditionne-fr-14873","status":"publish","type":"product","link":"https:\/\/zoca.es\/fr\/produit\/switch-clonico-phihong-poe15m-1af-inyector-poe-reconditionne-fr-14873\/","title":{"rendered":"Switch Clonico Phihong POE15M-1AF Inyector PoE | Reconditionn\u00e9"},"content":{"rendered":"<p><strong>G\u00e9n\u00e9rale imprimante<\/strong><br \/>Switch<br \/><strong>Ports r\u00e9seau<\/strong><br \/>Ethernet 1000 Mbps.<br \/><strong>Autres<\/strong><br \/>hR emballage<br \/><strong>Dimensions<\/strong><br \/>10x4x4 cm.<br \/><strong>Poids<\/strong><br \/>1.00 Kg.<br \/><strong>Sp\u00e9cifications suppl\u00e9mentaires<\/strong><br \/>Injecteur PoE Gigabit Ethernet avec alimentation \u00e0 d\u00e9coupage 56 V 0,275 A 15,4 W<br \/><strong>Commentaires<\/strong><br \/><u>Injecteur PoE Gigabit Ethernet avec alimentation \u00e0 d\u00e9coupage 56 V 0,275 A 15,4 W<\/u><\/p>\n","protected":false},"excerpt":{"rendered":"<p>Injecteur PoE Gigabit Ethernet avec alimentation \u00e0 d\u00e9coupage 56 V 0,275 A 15,4 W<\/p>\n","protected":false},"featured_media":218516,"template":"","meta":[],"product_brand":[3482],"product_cat":[3226,3211,80],"product_tag":[],"class_list":{"0":"post-218515","1":"product","2":"type-product","3":"status-publish","4":"has-post-thumbnail","6":"product_brand-clonico","7":"product_cat-networking-autres-fr","8":"product_cat-networking-switches-fr","9":"product_cat-networking-fr","11":"first","12":"instock","13":"taxable","14":"shipping-taxable","15":"purchasable","16":"product-type-simple"},"bundled_by":[],"bundle_stock_status":"instock","bundle_stock_quantity":9,"bundle_virtual":false,"bundle_layout":"","bundle_add_to_cart_form_location":"","bundle_editable_in_cart":false,"bundle_sold_individually_context":"","bundle_item_grouping":"","bundle_min_size":"","bundle_max_size":"","bundle_price":[],"bundled_items":[],"bundle_sell_ids":[],"exclude_global_add_ons":[],"addons":[],"df_price":30.25,"df_sale_price":"","df_regular_price":30.25,"df_image_link":"https:\/\/zoca.es\/wp-content\/uploads\/images\/product\/14873\/clon00158_01-300x225.jpg","_links":{"self":[{"href":"https:\/\/zoca.es\/fr\/wp-json\/wp\/v2\/product\/218515","targetHints":{"allow":["GET"]}}],"collection":[{"href":"https:\/\/zoca.es\/fr\/wp-json\/wp\/v2\/product"}],"about":[{"href":"https:\/\/zoca.es\/fr\/wp-json\/wp\/v2\/types\/product"}],"wp:featuredmedia":[{"embeddable":true,"href":"https:\/\/zoca.es\/fr\/wp-json\/wp\/v2\/media\/218516"}],"wp:attachment":[{"href":"https:\/\/zoca.es\/fr\/wp-json\/wp\/v2\/media?parent=218515"}],"wp:term":[{"taxonomy":"product_brand","embeddable":true,"href":"https:\/\/zoca.es\/fr\/wp-json\/wp\/v2\/product_brand?post=218515"},{"taxonomy":"product_cat","embeddable":true,"href":"https:\/\/zoca.es\/fr\/wp-json\/wp\/v2\/product_cat?post=218515"},{"taxonomy":"product_tag","embeddable":true,"href":"https:\/\/zoca.es\/fr\/wp-json\/wp\/v2\/product_tag?post=218515"}],"curies":[{"name":"wp","href":"https:\/\/api.w.org\/{rel}","templated":true}]}}