{"id":218260,"date":"2026-04-09T10:49:58","date_gmt":"2026-04-09T09:49:58","guid":{"rendered":"https:\/\/zoca.es\/producto\/dell-latitude-7350-13-reconditionne-core-ultra-5-44ghz-16-gb-ram-256-gb-ssd-m2-2880x1920-fr-14987\/"},"modified":"2026-04-09T10:50:14","modified_gmt":"2026-04-09T09:50:14","slug":"dell-latitude-7350-13-reconditionne-core-ultra-5-44ghz-16-gb-ram-256-gb-ssd-m2-2880x1920-fr-14987","status":"publish","type":"product","link":"https:\/\/zoca.es\/fr\/produit\/dell-latitude-7350-13-reconditionne-core-ultra-5-44ghz-16-gb-ram-256-gb-ssd-m2-2880x1920-fr-14987\/","title":{"rendered":"Dell Latitude 7350 13\u00a0\u00bb | Reconditionn\u00e9 | Core Ultra 5 4.4GHz | 16 GB RAM | 256 GB SSD M2 2880&#215;1920"},"content":{"rendered":"<p><strong>Processeur<\/strong><br \/>Intel Core Ultra 5 134U 4.4 GHz.<br \/><strong>M\u00e9moire RAM<\/strong><br \/>16 Gb. SO-DDR5 RAM<br \/><strong>Disque dur<\/strong><br \/>256 Gb. SSD M2<br \/><strong>Cartes<\/strong><br \/>Graphique: Intel Graphics<br \/>Son: Realtek SoundWire HW<br \/>R\u00e9seau: &#8211;<br \/><strong>Syst\u00e8me op\u00e9ratif<\/strong><br \/>Windows 11 Pro<br \/><strong>Ports<\/strong><br \/>2x USB-C<br \/><strong>\u00c9cran<\/strong><br \/>Tactile 13 \u00a0\u00bb 2K 16:10 \u00b7 R\u00e9solution 2880&#215;1920<br \/><strong>Multim\u00e9dias<\/strong><br \/>Cam\u00e9ra arri\u00e8re<br \/>Cam\u00e9ra frontale<br \/><strong>Connectivit\u00e9<\/strong><br \/>WIFI<br \/>Bluetooth<br \/>4G<br \/><strong>Autres<\/strong><br \/>hR emballage<br \/><strong>Dimensions<\/strong><br \/>28x20x1 cm.<br \/><strong>Poids<\/strong><br \/>0.78 Kg.<br \/><strong>Sp\u00e9cifications suppl\u00e9mentaires<\/strong><br \/>La Dell Latitude 7350 est la tablette ultime pour les professionnels recherchant des performances de haut niveau sans sacrifier la mobilit\u00e9. Son design \u00e9l\u00e9gant et l\u00e9ger combine le meilleur d\u2019un ordinateur portable et d\u2019une tablette, offrant la libert\u00e9 de travailler de n\u2019importe o\u00f9, en r\u00e9union, en d\u00e9placement ou dans des environnements hybrides, avec productivit\u00e9 maximale et style.Elle int\u00e8gre un processeur Intel Core Ultra 5 \u00e0 4,4 GHz, 16 Go de RAM SO-DDR5 et un SSD M.2 de 256 Go, garantissant des performances exceptionnelles m\u00eame lors de multit\u00e2ches exigeants et d\u2019applications professionnelles complexes. Son impressionnant \u00e9cran tactile 13 pouces 2K au format 16:10 et r\u00e9solution 2880&#215;1920 offre des couleurs vives, une grande nettet\u00e9 et un espace visuel optimal, id\u00e9al pour le design, les pr\u00e9sentations ou l\u2019analyse de donn\u00e9es. Avec Windows 11 Pro, vous b\u00e9n\u00e9ficierez d\u2019un environnement s\u00e9curis\u00e9, moderne et pr\u00eat pour toutes vos t\u00e2ches professionnelles.Inclut un clavier international et un stylet, faisant de la Latitude 7350 un appareil complet pr\u00eat pour tout usage professionnel. Sa combinaison de puissance, de polyvalence et d\u2019exp\u00e9rience premium la rend parfaite pour ceux qui ont besoin d\u2019un appareil robuste, flexible et capable de relever tout d\u00e9fi professionnel avec efficacit\u00e9 et style.Bon aspect ext\u00e9rieur. Peut pr\u00e9senter de l\u00e9gers signes d\u2019usage sur le bo\u00eetier. Si vous avez des questions, appelez-nous ou utilisez notre chat pour obtenir plus d\u2019informations ou pour demander plus de d\u00e9tails.<br \/><strong>Commentaires<\/strong><br \/><u>Crayon inclus<\/u><\/p>\n","protected":false},"excerpt":{"rendered":"<p>Intel Core Ultra 5 134U 4.4 GHz. \u00b7 16 Gb. SO-DDR5 RAM \u00b7 256 Gb. SSD M2 \u00b7 <strong>Windows 11 Pro<\/strong> \u00b7 Tactile 13 \u00a0\u00bb 2K 16:10 \u00b7<br \/>\n<strong>Crayon inclus<\/strong> \u00b7<u>Clavier international avec autocollants en fran\u00e7ais<\/u><\/p>\n","protected":false},"featured_media":218261,"template":"","meta":[],"product_brand":[3445],"product_cat":[3112,2302],"product_tag":[],"class_list":{"0":"post-218260","1":"product","2":"type-product","3":"status-publish","4":"has-post-thumbnail","6":"product_brand-dell","7":"product_cat-tablettes-tablettes-fr","8":"product_cat-tablettes-fr","10":"first","11":"instock","12":"taxable","13":"shipping-taxable","14":"purchasable","15":"product-type-simple"},"bundled_by":[],"bundle_stock_status":"instock","bundle_stock_quantity":1,"bundle_virtual":false,"bundle_layout":"","bundle_add_to_cart_form_location":"","bundle_editable_in_cart":false,"bundle_sold_individually_context":"","bundle_item_grouping":"","bundle_min_size":"","bundle_max_size":"","bundle_price":[],"bundled_items":[],"bundle_sell_ids":[],"exclude_global_add_ons":true,"addons":{"keyboard-iso-upgrades":{"name":"Choisir langue du clavier","type":"multiple_choice","position":0,"required":false,"title_format":"heading","default":"","description_enable":false,"description":"","placeholder_enable":false,"placeholder":"","display":"radiobutton","restrictions_type":"any_text","adjust_price":false,"price":"","price_type":"quantity_based","restrictions":false,"min":"0","max":"0","options":[{"label":"Autocollants espagnols [AMP00082]","price":"0.0000","price_type":"quantity_based","image":0,"visibility":true},{"label":"Autocollants fran\u00e7ais [AMP00084]","price":"0.0000","price_type":"quantity_based","image":0,"visibility":true},{"label":"Autocollants portugais [AMP00083]","price":"0.0000","price_type":"quantity_based","image":0,"visibility":true}]},"os-upgrades":{"name":"Expansion SO","type":"multiple_choice","position":0,"required":false,"title_format":"heading","default":"","description_enable":false,"description":"","placeholder_enable":false,"placeholder":"","display":"radiobutton","restrictions_type":"any_text","adjust_price":false,"price":"","price_type":"quantity_based","restrictions":false,"min":"0","max":"0","options":[{"label":"Changer la langue en fran\u00e7ais [AMP00125]","price":"0.0000","price_type":"quantity_based","image":0,"visibility":true},{"label":"Changer la langue en anglais [AMP00008]","price":"0.0000","price_type":"quantity_based","image":0,"visibility":true},{"label":"Changer la langue en portugais [AMP00009]","price":"0.0000","price_type":"quantity_based","image":0,"visibility":true}]}},"df_price":781.66,"df_sale_price":"","df_regular_price":781.66,"df_image_link":"https:\/\/zoca.es\/wp-content\/uploads\/images\/product\/14987\/dell01687_01-300x225.jpg","_links":{"self":[{"href":"https:\/\/zoca.es\/fr\/wp-json\/wp\/v2\/product\/218260","targetHints":{"allow":["GET"]}}],"collection":[{"href":"https:\/\/zoca.es\/fr\/wp-json\/wp\/v2\/product"}],"about":[{"href":"https:\/\/zoca.es\/fr\/wp-json\/wp\/v2\/types\/product"}],"wp:featuredmedia":[{"embeddable":true,"href":"https:\/\/zoca.es\/fr\/wp-json\/wp\/v2\/media\/218261"}],"wp:attachment":[{"href":"https:\/\/zoca.es\/fr\/wp-json\/wp\/v2\/media?parent=218260"}],"wp:term":[{"taxonomy":"product_brand","embeddable":true,"href":"https:\/\/zoca.es\/fr\/wp-json\/wp\/v2\/product_brand?post=218260"},{"taxonomy":"product_cat","embeddable":true,"href":"https:\/\/zoca.es\/fr\/wp-json\/wp\/v2\/product_cat?post=218260"},{"taxonomy":"product_tag","embeddable":true,"href":"https:\/\/zoca.es\/fr\/wp-json\/wp\/v2\/product_tag?post=218260"}],"curies":[{"name":"wp","href":"https:\/\/api.w.org\/{rel}","templated":true}]}}