{"id":217830,"date":"2026-04-09T08:27:54","date_gmt":"2026-04-09T07:27:54","guid":{"rendered":"https:\/\/zoca.es\/producto\/hp-elite-x2-g8-13-reconditionne-core-i5-26ghz-16-gb-ram-512-gb-ssd-m2-3000x2000-fr-14793\/"},"modified":"2026-04-09T08:28:12","modified_gmt":"2026-04-09T07:28:12","slug":"hp-elite-x2-g8-13-reconditionne-core-i5-26ghz-16-gb-ram-512-gb-ssd-m2-3000x2000-fr-14793","status":"publish","type":"product","link":"https:\/\/zoca.es\/fr\/produit\/hp-elite-x2-g8-13-reconditionne-core-i5-26ghz-16-gb-ram-512-gb-ssd-m2-3000x2000-fr-14793\/","title":{"rendered":"HP Elite X2 G8 13\u00a0\u00bb | Reconditionn\u00e9 | Core i5 2.6GHz | 16 GB RAM | 512 GB SSD M2 3000&#215;2000"},"content":{"rendered":"<p><strong>Processeur<\/strong><br \/>Intel Core i5 i5-1145G7 2.6 GHz.<br \/><strong>M\u00e9moire RAM<\/strong><br \/>16 Gb. SO-DDR4 RAM<br \/><strong>Disque dur<\/strong><br \/>512 Gb. SSD M2<br \/><strong>Cartes<\/strong><br \/>Graphique: Intel Irix Xe Graphics<br \/>Son: Audio Bang &amp; Olufsen<br \/>R\u00e9seau: &#8211;<br \/><strong>Syst\u00e8me op\u00e9ratif<\/strong><br \/>Windows 11 Pro<br \/><strong>Ports<\/strong><br \/>3x USB-C<br \/><strong>\u00c9cran<\/strong><br \/>Tactile 13 \u00a0\u00bb 2K 16:10  \u00b7 R\u00e9solution 3000&#215;2000<br \/><strong>Multim\u00e9dias<\/strong><br \/>Lecteur d&#8217;empreintes<br \/>Cam\u00e9ra arri\u00e8re<br \/>Cam\u00e9ra frontale<br \/><strong>Connectivit\u00e9<\/strong><br \/>WIFI<br \/>Bluetooth<br \/>4G<br \/><strong>Autres<\/strong><br \/>hR emballage<br \/><strong>Dimensions<\/strong><br \/>29&#215;22.5&#215;2 cm.<br \/><strong>Poids<\/strong><br \/>1.15 Kg.<br \/><strong>Sp\u00e9cifications suppl\u00e9mentaires<\/strong><br \/>La HP Elite X2 G8 est une tablette professionnelle haut de gamme con\u00e7ue pour ceux qui recherchent des performances maximales sans renoncer \u00e0 la mobilit\u00e9. Son design \u00e9l\u00e9gant, ultra-l\u00e9ger et robuste en fait un outil id\u00e9al pour les environnements exigeants, le travail hybride et les utilisateurs qui ont besoin d\u2019un appareil fiable et puissant en toute situation.<br \/>\u00c9quip\u00e9e d\u2019un processeur Intel Core i5 de 11e g\u00e9n\u00e9ration, de 16 Go de m\u00e9moire RAM et d\u2019un SSD M.2 de 512 Go, elle offre des performances exceptionnelles m\u00eame en multit\u00e2che intensif et dans les applications professionnelles. Son impressionnant \u00e9cran tactile de 13 pouces avec r\u00e9solution 2K (3000&#215;2000) et format 16:10 offre une qualit\u00e9 d\u2019image exceptionnelle, avec plus d\u2019espace vertical pour travailler de mani\u00e8re plus confortable et productive. Avec Windows 11 Pro, vous profitez d\u2019un syst\u00e8me moderne, s\u00e9curis\u00e9 et optimis\u00e9 pour les nouveaux environnements de travail.<br \/>L\u2019Elite X2 G8 se distingue par sa polyvalence totale : utilisez-la comme tablette pour une mobilit\u00e9 maximale ou comme ordinateur portable pour une productivit\u00e9 compl\u00e8te. Sa combinaison de puissance, design premium et exp\u00e9rience utilisateur la positionne comme une r\u00e9f\u00e9rence dans le segment professionnel. Un investissement s\u00fbr pour ceux qui recherchent performance, style et efficacit\u00e9 sans compromis.<br \/>Bon aspect ext\u00e9rieur. Consultez \u201c+ Photos\u201d et si vous avez des questions appelez-nous ou utilisez notre chat pour obtenir plus d\u2019informations ou pour demander plus de d\u00e9tails.<\/p>\n","protected":false},"excerpt":{"rendered":"<p>Intel Core i5 i5-1145G7 2.6 GHz. \u00b7 16 Gb. SO-DDR4 RAM \u00b7 512 Gb. SSD M2 \u00b7 <strong>Windows 11 Pro<\/strong> \u00b7 Tactile 13 \u00a0\u00bb 2K 16:10 \u00b7<u>Clavier international avec autocollants en fran\u00e7ais<\/u><\/p>\n","protected":false},"featured_media":217831,"template":"","meta":[],"product_brand":[3453],"product_cat":[3112,2302],"product_tag":[],"class_list":{"0":"post-217830","1":"product","2":"type-product","3":"status-publish","4":"has-post-thumbnail","6":"product_brand-hp","7":"product_cat-tablettes-tablettes-fr","8":"product_cat-tablettes-fr","10":"first","11":"instock","12":"taxable","13":"shipping-taxable","14":"purchasable","15":"product-type-simple"},"bundled_by":[],"bundle_stock_status":"instock","bundle_stock_quantity":23,"bundle_virtual":false,"bundle_layout":"","bundle_add_to_cart_form_location":"","bundle_editable_in_cart":false,"bundle_sold_individually_context":"","bundle_item_grouping":"","bundle_min_size":"","bundle_max_size":"","bundle_price":[],"bundled_items":[],"bundle_sell_ids":[],"exclude_global_add_ons":true,"addons":{"keyboard-iso-upgrades":{"name":"Choisir langue du clavier","type":"multiple_choice","position":0,"required":false,"title_format":"heading","default":"","description_enable":false,"description":"","placeholder_enable":false,"placeholder":"","display":"radiobutton","restrictions_type":"any_text","adjust_price":false,"price":"","price_type":"quantity_based","restrictions":false,"min":"0","max":"0","options":[{"label":"Autocollants espagnols [AMP00082]","price":"0.0000","price_type":"quantity_based","image":0,"visibility":true},{"label":"Autocollants fran\u00e7ais [AMP00084]","price":"0.0000","price_type":"quantity_based","image":0,"visibility":true},{"label":"Autocollants portugais [AMP00083]","price":"0.0000","price_type":"quantity_based","image":0,"visibility":true}]},"docking-station-upgrades":{"name":"Extension Docking Station","type":"multiple_choice","position":0,"required":false,"title_format":"heading","default":"","description_enable":false,"description":"","placeholder_enable":false,"placeholder":"","display":"radiobutton","restrictions_type":"any_text","adjust_price":false,"price":"","price_type":"quantity_based","restrictions":false,"min":"0","max":"0","options":[{"label":"HP USB-C Docking Station [AMP00091]","price":"55.0000","price_type":"quantity_based","image":0,"visibility":true}]},"pencil-upgrades":{"name":"Extension Crayon","type":"multiple_choice","position":0,"required":false,"title_format":"heading","default":"","description_enable":false,"description":"","placeholder_enable":false,"placeholder":"","display":"radiobutton","restrictions_type":"any_text","adjust_price":false,"price":"","price_type":"quantity_based","restrictions":false,"min":"0","max":"0","options":[{"label":"HP Elite X2 Active Pen [AMP00092]","price":"35.0000","price_type":"quantity_based","image":0,"visibility":true},{"label":"HP Elite X2 Active Pen Batterie [AMP00168]","price":"49.0000","price_type":"quantity_based","image":0,"visibility":true}]},"os-upgrades":{"name":"Expansion SO","type":"multiple_choice","position":0,"required":false,"title_format":"heading","default":"","description_enable":false,"description":"","placeholder_enable":false,"placeholder":"","display":"radiobutton","restrictions_type":"any_text","adjust_price":false,"price":"","price_type":"quantity_based","restrictions":false,"min":"0","max":"0","options":[{"label":"Changer la langue en fran\u00e7ais [AMP00125]","price":"0.0000","price_type":"quantity_based","image":0,"visibility":true},{"label":"Changer la langue en anglais [AMP00008]","price":"0.0000","price_type":"quantity_based","image":0,"visibility":true},{"label":"Changer la langue en portugais [AMP00009]","price":"0.0000","price_type":"quantity_based","image":0,"visibility":true}]}},"df_price":534.82,"df_sale_price":"","df_regular_price":534.82,"df_image_link":"https:\/\/zoca.es\/wp-content\/uploads\/images\/product\/14793\/hp03286_01-300x225.jpg","_links":{"self":[{"href":"https:\/\/zoca.es\/fr\/wp-json\/wp\/v2\/product\/217830","targetHints":{"allow":["GET"]}}],"collection":[{"href":"https:\/\/zoca.es\/fr\/wp-json\/wp\/v2\/product"}],"about":[{"href":"https:\/\/zoca.es\/fr\/wp-json\/wp\/v2\/types\/product"}],"wp:featuredmedia":[{"embeddable":true,"href":"https:\/\/zoca.es\/fr\/wp-json\/wp\/v2\/media\/217831"}],"wp:attachment":[{"href":"https:\/\/zoca.es\/fr\/wp-json\/wp\/v2\/media?parent=217830"}],"wp:term":[{"taxonomy":"product_brand","embeddable":true,"href":"https:\/\/zoca.es\/fr\/wp-json\/wp\/v2\/product_brand?post=217830"},{"taxonomy":"product_cat","embeddable":true,"href":"https:\/\/zoca.es\/fr\/wp-json\/wp\/v2\/product_cat?post=217830"},{"taxonomy":"product_tag","embeddable":true,"href":"https:\/\/zoca.es\/fr\/wp-json\/wp\/v2\/product_tag?post=217830"}],"curies":[{"name":"wp","href":"https:\/\/api.w.org\/{rel}","templated":true}]}}