{"id":216400,"date":"2026-04-07T10:25:36","date_gmt":"2026-04-07T09:25:36","guid":{"rendered":"https:\/\/zoca.es\/producto\/point-dacces-ubiquiti-gp-v480-032g-inyector-poe-reconditionne-fr-14872\/"},"modified":"2026-04-07T10:25:43","modified_gmt":"2026-04-07T09:25:43","slug":"point-dacces-ubiquiti-gp-v480-032g-inyector-poe-reconditionne-fr-14872","status":"publish","type":"product","link":"https:\/\/zoca.es\/fr\/produit\/point-dacces-ubiquiti-gp-v480-032g-inyector-poe-reconditionne-fr-14872\/","title":{"rendered":"Point d&rsquo;acc\u00e8s Ubiquiti GP-V480-032G Inyector PoE | Reconditionn\u00e9"},"content":{"rendered":"<p><strong>G\u00e9n\u00e9rale imprimante<\/strong><br \/>Point d&rsquo;acc\u00e8s<br \/><strong>Ports r\u00e9seau<\/strong><br \/>Ethernet 1000 Mbps.<br \/><strong>Autres<\/strong><br \/>hR emballage<br \/><strong>Dimensions<\/strong><br \/>10x5x5 cm.<br \/><strong>Poids<\/strong><br \/>1.00 Kg.<br \/><strong>Sp\u00e9cifications suppl\u00e9mentaires<\/strong><br \/>Injecteur PoE Gigabit Ethernet avec alimentation \u00e0 d\u00e9coupage 48 V 0,32 A 15,36 W<\/p>\n<p><strong>Commentaires<\/strong><br \/><u>Injecteur PoE Gigabit Ethernet avec alimentation \u00e0 d\u00e9coupage 48V 0,32A 15,36W<\/u><\/p>\n","protected":false},"excerpt":{"rendered":"<p>Injecteur PoE Gigabit Ethernet avec alimentation \u00e0 d\u00e9coupage 48 V 0,32 A 15,36 W<\/p>\n","protected":false},"featured_media":216401,"template":"","meta":[],"product_brand":[4431],"product_cat":[3226,3211,80],"product_tag":[],"class_list":{"0":"post-216400","1":"product","2":"type-product","3":"status-publish","4":"has-post-thumbnail","6":"product_brand-ubiquiti","7":"product_cat-networking-autres-fr","8":"product_cat-networking-switches-fr","9":"product_cat-networking-fr","11":"first","12":"instock","13":"taxable","14":"shipping-taxable","15":"purchasable","16":"product-type-simple"},"bundled_by":[],"bundle_stock_status":"instock","bundle_stock_quantity":45,"bundle_virtual":false,"bundle_layout":"","bundle_add_to_cart_form_location":"","bundle_editable_in_cart":false,"bundle_sold_individually_context":"","bundle_item_grouping":"","bundle_min_size":"","bundle_max_size":"","bundle_price":[],"bundled_items":[],"bundle_sell_ids":[],"exclude_global_add_ons":[],"addons":[],"df_price":30.25,"df_sale_price":"","df_regular_price":30.25,"df_image_link":"https:\/\/zoca.es\/wp-content\/uploads\/images\/product\/14872\/ubi00002_01-300x225.jpg","_links":{"self":[{"href":"https:\/\/zoca.es\/fr\/wp-json\/wp\/v2\/product\/216400","targetHints":{"allow":["GET"]}}],"collection":[{"href":"https:\/\/zoca.es\/fr\/wp-json\/wp\/v2\/product"}],"about":[{"href":"https:\/\/zoca.es\/fr\/wp-json\/wp\/v2\/types\/product"}],"wp:featuredmedia":[{"embeddable":true,"href":"https:\/\/zoca.es\/fr\/wp-json\/wp\/v2\/media\/216401"}],"wp:attachment":[{"href":"https:\/\/zoca.es\/fr\/wp-json\/wp\/v2\/media?parent=216400"}],"wp:term":[{"taxonomy":"product_brand","embeddable":true,"href":"https:\/\/zoca.es\/fr\/wp-json\/wp\/v2\/product_brand?post=216400"},{"taxonomy":"product_cat","embeddable":true,"href":"https:\/\/zoca.es\/fr\/wp-json\/wp\/v2\/product_cat?post=216400"},{"taxonomy":"product_tag","embeddable":true,"href":"https:\/\/zoca.es\/fr\/wp-json\/wp\/v2\/product_tag?post=216400"}],"curies":[{"name":"wp","href":"https:\/\/api.w.org\/{rel}","templated":true}]}}