{"id":216148,"date":"2026-04-06T11:49:59","date_gmt":"2026-04-06T10:49:59","guid":{"rendered":"https:\/\/zoca.es\/producto\/hp-elitedesk-800-g6-tpv-kit-reconditionne-fr-14978\/"},"modified":"2026-04-06T11:50:21","modified_gmt":"2026-04-06T10:50:21","slug":"hp-elitedesk-800-g6-tpv-kit-reconditionne-fr-14978","status":"publish","type":"product","link":"https:\/\/zoca.es\/fr\/produit\/hp-elitedesk-800-g6-tpv-kit-reconditionne-fr-14978\/","title":{"rendered":"HP EliteDesk 800 G6 TPV Kit | Reconditionn\u00e9"},"content":{"rendered":"<p><strong>Processeur<\/strong><br \/>Intel Core i5 10500 3.1 GHz.<br \/><strong>Facteur de forme<\/strong><br \/>Mini<br \/><strong>M\u00e9moire RAM<\/strong><br \/>8 Gb. SO-DDR4 RAM<br \/><strong>Disque dur<\/strong><br \/>256 Gb. SSD M2<br \/><strong>Cartes<\/strong><br \/>Graphique: UHD 630<br \/>Son: Hight Definition Audio<br \/>R\u00e9seau: I219-LM<br \/><strong>Syst\u00e8me op\u00e9ratif<\/strong><br \/>Windows 11 Pro<br \/><strong>Ports<\/strong><br \/>USB-C<br \/>6x USB 3.1<br \/><strong>Ports vid\u00e9o<\/strong><br \/>VGA<br \/>2x Display Port<br \/><strong>Connectivit\u00e9<\/strong><br \/>RJ-45<br \/><strong>Autres<\/strong><br \/>hR emballage<br \/><strong>Dimensions<\/strong><br \/>1718&#215;3.5&#215;1718 cm.<br \/><strong>Poids<\/strong><br \/>3.00 Kg.<br \/><strong>Commentaires<\/strong><br \/><u>Comprend : Moniteur tactile ELO ET1515L 15&Prime; <\/u>(\u00e9cran tactile HD 4:3 de 15 pouces; r\u00e9solution 1024 x 768; temps de r\u00e9ponse de 8 ms; contraste de 800:1; luminosit\u00e9 de 250 cd\/m\u00b2; angle de vision de 70\u00b0V\/60\u00b0H; VGA; 1 prise d&rsquo;alimentation CC; 1 prise d&rsquo;alimentation CA; 1 port USB type B; 1 port RS232 (DB-9))<br \/><strong>Sp\u00e9cifications suppl\u00e9mentaires<\/strong><br \/>Bon \u00e9tat ext\u00e9rieur. Peut pr\u00e9senter de l\u00e9g\u00e8res traces d&rsquo;utilisation sur le bo\u00eetier. Voir \u00ab+ Photos\u00bb. Pour toute question, appelez-nous ou utilisez notre chat pour obtenir plus d&rsquo;informations ou demander des d\u00e9tails suppl\u00e9mentaires.<\/p>\n","protected":false},"excerpt":{"rendered":"<p>Intel Core i5 10500 3.1 GHz. \u00b7 8 Gb. SO-DDR4 RAM \u00b7 256 Gb. SSD M2 \u00b7 <strong>Windows 11 Pro \u00b7Moniteur tactile ET1515L 15\u2033<\/strong><\/p>\n","protected":false},"featured_media":216149,"template":"","meta":[],"product_brand":[3453],"product_cat":[2312,2315,2321],"product_tag":[],"class_list":{"0":"post-216148","1":"product","2":"type-product","3":"status-publish","4":"has-post-thumbnail","6":"product_brand-hp","7":"product_cat-tpv-fr","8":"product_cat-tpv-all-in-one-fr","9":"product_cat-tpv-kits-fr","11":"first","12":"instock","13":"taxable","14":"shipping-taxable","15":"purchasable","16":"product-type-simple"},"bundled_by":[],"bundle_stock_status":"instock","bundle_stock_quantity":25,"bundle_virtual":false,"bundle_layout":"","bundle_add_to_cart_form_location":"","bundle_editable_in_cart":false,"bundle_sold_individually_context":"","bundle_item_grouping":"","bundle_min_size":"","bundle_max_size":"","bundle_price":[],"bundled_items":[],"bundle_sell_ids":[],"exclude_global_add_ons":true,"addons":{"ram-memory-upgrades":{"name":"Extension RAM","type":"multiple_choice","position":0,"required":false,"title_format":"heading","default":"","description_enable":false,"description":"","placeholder_enable":false,"placeholder":"","display":"radiobutton","restrictions_type":"any_text","adjust_price":false,"price":"","price_type":"quantity_based","restrictions":false,"min":"0","max":"0","options":[{"label":"Extension de 16 Gb Gb de RAM SO-DIMM DDR4 [AMP00081]","price":"60.0000","price_type":"quantity_based","image":0,"visibility":true}]},"hdd-upgrades":{"name":"Extension disque dur","type":"multiple_choice","position":0,"required":false,"title_format":"heading","default":"","description_enable":false,"description":"","placeholder_enable":false,"placeholder":"","display":"radiobutton","restrictions_type":"any_text","adjust_price":false,"price":"","price_type":"quantity_based","restrictions":false,"min":"0","max":"0","options":[{"label":"Passez au disque SSD de 500 Gb. M.2 2280PCIe [AMP00106]","price":"110.0000","price_type":"quantity_based","image":0,"visibility":true},{"label":"Passez au disque SSD 1 Tb. M.2 2280 PCIe [AMP00107]","price":"165.0000","price_type":"quantity_based","image":0,"visibility":true},{"label":"SSD suppl\u00e9mentaire 500 Gb. M.2 2280 PCIe [AMP00108]","price":"115.0000","price_type":"quantity_based","image":0,"visibility":true},{"label":"Disque SSD de 1 Tb. M.2 2280 PCIe suppl\u00e9mentaire [AMP00109]","price":"170.0000","price_type":"quantity_based","image":0,"visibility":true}]},"network-card-upgrades":{"name":"Extension WIFI","type":"multiple_choice","position":0,"required":false,"title_format":"heading","default":"","description_enable":false,"description":"","placeholder_enable":false,"placeholder":"","display":"radiobutton","restrictions_type":"any_text","adjust_price":false,"price":"","price_type":"quantity_based","restrictions":false,"min":"0","max":"0","options":[{"label":"Mise \u00e0 niveau nano USB sans fil [AMP00018]","price":"12.0000","price_type":"quantity_based","image":0,"visibility":true}]},"os-upgrades":{"name":"Expansion SO","type":"multiple_choice","position":0,"required":false,"title_format":"heading","default":"","description_enable":false,"description":"","placeholder_enable":false,"placeholder":"","display":"radiobutton","restrictions_type":"any_text","adjust_price":false,"price":"","price_type":"quantity_based","restrictions":false,"min":"0","max":"0","options":[{"label":"Changer la langue en fran\u00e7ais [AMP00125]","price":"0.0000","price_type":"quantity_based","image":0,"visibility":true},{"label":"Changer la langue en anglais [AMP00008]","price":"0.0000","price_type":"quantity_based","image":0,"visibility":true},{"label":"Changer la langue en portugais [AMP00009]","price":"0.0000","price_type":"quantity_based","image":0,"visibility":true}]}},"df_price":554.18,"df_sale_price":"","df_regular_price":554.18,"df_image_link":"https:\/\/zoca.es\/wp-content\/uploads\/images\/product\/14978\/hp03351_01-300x225.jpg","_links":{"self":[{"href":"https:\/\/zoca.es\/fr\/wp-json\/wp\/v2\/product\/216148","targetHints":{"allow":["GET"]}}],"collection":[{"href":"https:\/\/zoca.es\/fr\/wp-json\/wp\/v2\/product"}],"about":[{"href":"https:\/\/zoca.es\/fr\/wp-json\/wp\/v2\/types\/product"}],"wp:featuredmedia":[{"embeddable":true,"href":"https:\/\/zoca.es\/fr\/wp-json\/wp\/v2\/media\/216149"}],"wp:attachment":[{"href":"https:\/\/zoca.es\/fr\/wp-json\/wp\/v2\/media?parent=216148"}],"wp:term":[{"taxonomy":"product_brand","embeddable":true,"href":"https:\/\/zoca.es\/fr\/wp-json\/wp\/v2\/product_brand?post=216148"},{"taxonomy":"product_cat","embeddable":true,"href":"https:\/\/zoca.es\/fr\/wp-json\/wp\/v2\/product_cat?post=216148"},{"taxonomy":"product_tag","embeddable":true,"href":"https:\/\/zoca.es\/fr\/wp-json\/wp\/v2\/product_tag?post=216148"}],"curies":[{"name":"wp","href":"https:\/\/api.w.org\/{rel}","templated":true}]}}