{"id":214152,"date":"2026-04-03T18:16:38","date_gmt":"2026-04-03T17:16:38","guid":{"rendered":"https:\/\/zoca.es\/producto\/dell-p2425h-24-ips-169-reconditionne-1920x1200-fr-14818\/"},"modified":"2026-04-03T18:16:54","modified_gmt":"2026-04-03T17:16:54","slug":"dell-p2425h-24-ips-169-reconditionne-1920x1200-fr-14818","status":"publish","type":"product","link":"https:\/\/zoca.es\/fr\/produit\/dell-p2425h-24-ips-169-reconditionne-1920x1200-fr-14818\/","title":{"rendered":"Dell P2425H 24\u00a0\u00bb IPS 16:9 | Reconditionn\u00e9 | 1920&#215;1200"},"content":{"rendered":"<p><strong>\u00c9cran<\/strong><br \/>IPS 24 \u00a0\u00bb FullHD 16:9  \u00b7 R\u00e9solution 1920&#215;1200<br \/>Dot pitch 0.27 mm<br \/>R\u00e9ponse 5 ms<br \/>Contraste 1000:1<br \/>Luminosit\u00e9 250 cd\/m2<br \/>Angle vision 178\u00b0v\/178\u00b0h<br \/><strong>Ports vid\u00e9o<\/strong><br \/>HDMI<br \/>2x Display Port<br \/><strong>Affichage sp\u00e9cifique<\/strong><br \/>Stand VESA<br \/>Base<br \/>R\u00e9glable en hauteur<br \/><strong>Autres<\/strong><br \/>hR emballage<br \/><strong>Dimensions<\/strong><br \/>53x41x17 cm.<br \/><strong>Poids<\/strong><br \/>5.50 Kg.<br \/><strong>Sp\u00e9cifications suppl\u00e9mentaires<\/strong><br \/>Le Dell P2425H est con\u00e7u pour ceux qui ont besoin d\u2019un moniteur moderne, efficace et pr\u00eat pour des environnements de travail dynamiques. Son format 16:10 offre un espace vertical suppl\u00e9mentaire qui am\u00e9liore l\u2019organisation \u00e0 l\u2019\u00e9cran et facilite le travail avec plusieurs applications, ce qui en fait un choix id\u00e9al pour les bureaux, espaces de travail ou configurations multit\u00e2ches o\u00f9 chaque d\u00e9tail compte.<br \/>Son panneau IPS de 24 pouces avec une r\u00e9solution WUXGA 1920&#215;1200 offre une visualisation plus large et plus pr\u00e9cise que le standard Full HD, avec des couleurs uniformes et des angles de vision de 178\u00b0 qui garantissent une coh\u00e9rence depuis n\u2019importe quelle position. Avec un temps de r\u00e9ponse de 5 ms, un contraste de 1000:1 et une luminosit\u00e9 de 250 cd\/m\u00b2, il offre des performances \u00e9quilibr\u00e9es et confortables pour de longues journ\u00e9es de travail. Il se distingue particuli\u00e8rement par sa connectivit\u00e9 optimis\u00e9e, avec HDMI et double DisplayPort, facilitant des configurations multi-\u00e9crans plus propres, stables et efficaces.<br \/>Le Dell P2425H ne se contente pas de r\u00e9pondre aux attentes, il am\u00e9liore l\u2019exp\u00e9rience de travail. Plus d\u2019espace, une meilleure connectivit\u00e9 et une qualit\u00e9 d\u2019image fiable se traduisent par une productivit\u00e9 accrue et une plus grande fluidit\u00e9 au quotidien. Un moniteur professionnel, polyvalent et pr\u00eat \u00e0 s\u2019adapter \u00e0 tout environnement exigeant des performances constantes et des solutions pratiques.<br \/>Bon aspect ext\u00e9rieur. Peut pr\u00e9senter de l\u00e9g\u00e8res marques d\u2019usage sur le bo\u00eetier. Si vous avez des questions, appelez-nous ou utilisez notre chat pour obtenir plus d\u2019informations ou pour demander plus de d\u00e9tails.<br \/><strong>Commentaires<\/strong><br \/><u>C\u00e2ble d&rsquo;alimentation et DisplayPort inclus<\/u><\/p>\n","protected":false},"excerpt":{"rendered":"<p>IPS 24 \u00a0\u00bb FullHD 16:9 \u00b7 Dot pitch 0.27 mm \u00b7 R\u00e9ponse 5 ms \u00b7 Contraste 1000:1 \u00b7 Luminosit\u00e9 250 cd\/m2 \u00b7 HDMI \u00b7 2x Display Port \u00b7<br \/>\n<u>C\u00e2ble d&rsquo;alimentation et DisplayPort inclus<\/u><\/p>\n","protected":false},"featured_media":214153,"template":"","meta":[],"product_brand":[3445],"product_cat":[2237,3127],"product_tag":[],"class_list":{"0":"post-214152","1":"product","2":"type-product","3":"status-publish","4":"has-post-thumbnail","6":"product_brand-dell","7":"product_cat-moniteurs-fr","8":"product_cat-moniteurs-moniteurs-fr","10":"first","11":"outofstock","12":"taxable","13":"shipping-taxable","14":"purchasable","15":"product-type-simple"},"bundled_by":[],"bundle_stock_status":"outofstock","bundle_stock_quantity":0,"bundle_virtual":false,"bundle_layout":"","bundle_add_to_cart_form_location":"","bundle_editable_in_cart":false,"bundle_sold_individually_context":"","bundle_item_grouping":"","bundle_min_size":"","bundle_max_size":"","bundle_price":[],"bundled_items":[],"bundle_sell_ids":[],"exclude_global_add_ons":true,"addons":{"hdmi-upgrades":{"name":"Extension c\u00e2ble","type":"multiple_choice","position":0,"required":false,"title_format":"heading","default":"","description_enable":false,"description":"","placeholder_enable":false,"placeholder":"","display":"radiobutton","restrictions_type":"any_text","adjust_price":false,"price":"","price_type":"quantity_based","restrictions":false,"min":"0","max":"0","options":[{"label":"C\u00e2ble HDMI 2 mts. [AMP00104]","price":"6.0000","price_type":"quantity_based","image":0,"visibility":true}]}},"df_price":113.74,"df_sale_price":"","df_regular_price":113.74,"df_image_link":"https:\/\/zoca.es\/wp-content\/uploads\/images\/product\/14818\/dell01666_01-300x225.jpg","_links":{"self":[{"href":"https:\/\/zoca.es\/fr\/wp-json\/wp\/v2\/product\/214152","targetHints":{"allow":["GET"]}}],"collection":[{"href":"https:\/\/zoca.es\/fr\/wp-json\/wp\/v2\/product"}],"about":[{"href":"https:\/\/zoca.es\/fr\/wp-json\/wp\/v2\/types\/product"}],"wp:featuredmedia":[{"embeddable":true,"href":"https:\/\/zoca.es\/fr\/wp-json\/wp\/v2\/media\/214153"}],"wp:attachment":[{"href":"https:\/\/zoca.es\/fr\/wp-json\/wp\/v2\/media?parent=214152"}],"wp:term":[{"taxonomy":"product_brand","embeddable":true,"href":"https:\/\/zoca.es\/fr\/wp-json\/wp\/v2\/product_brand?post=214152"},{"taxonomy":"product_cat","embeddable":true,"href":"https:\/\/zoca.es\/fr\/wp-json\/wp\/v2\/product_cat?post=214152"},{"taxonomy":"product_tag","embeddable":true,"href":"https:\/\/zoca.es\/fr\/wp-json\/wp\/v2\/product_tag?post=214152"}],"curies":[{"name":"wp","href":"https:\/\/api.w.org\/{rel}","templated":true}]}}