{"id":213972,"date":"2026-04-03T18:07:46","date_gmt":"2026-04-03T17:07:46","guid":{"rendered":"https:\/\/zoca.es\/producto\/dell-p2422h-24-ips-169-reconditionne-1920x1200-fr-14817\/"},"modified":"2026-04-03T18:08:01","modified_gmt":"2026-04-03T17:08:01","slug":"dell-p2422h-24-ips-169-reconditionne-1920x1200-fr-14817","status":"publish","type":"product","link":"https:\/\/zoca.es\/fr\/produit\/dell-p2422h-24-ips-169-reconditionne-1920x1200-fr-14817\/","title":{"rendered":"Dell P2422H 24\u00a0\u00bb IPS 16:9 | Reconditionn\u00e9 | 1920&#215;1200"},"content":{"rendered":"<p><strong>\u00c9cran<\/strong><br \/>IPS 24 \u00a0\u00bb FullHD 16:9  \u00b7 R\u00e9solution 1920&#215;1200<br \/>Dot pitch 0.27 mm<br \/>R\u00e9ponse 5 ms<br \/>Contraste 1000:1<br \/>Luminosit\u00e9 250 cd\/m2<br \/>Angle vision 178\u00b0v\/178\u00b0h<br \/><strong>Ports vid\u00e9o<\/strong><br \/>VGA<br \/>HDMI<br \/>Display Port<br \/><strong>Affichage sp\u00e9cifique<\/strong><br \/>Stand VESA<br \/>Base<br \/>R\u00e9glable en hauteur<br \/><strong>Autres<\/strong><br \/>hR emballage<br \/><strong>Dimensions<\/strong><br \/>53x41x17 cm.<br \/><strong>Poids<\/strong><br \/>5.50 Kg.<br \/><strong>Sp\u00e9cifications suppl\u00e9mentaires<\/strong><br \/>Le Dell P2422H est le choix parfait pour ceux qui recherchent un moniteur qui fait r\u00e9ellement la diff\u00e9rence en mati\u00e8re de productivit\u00e9 et de confort visuel. Son format 16:10 offre cet espace suppl\u00e9mentaire \u00e0 l\u2019\u00e9cran qui se remarque d\u00e8s la premi\u00e8re utilisation, id\u00e9al pour travailler avec de longs documents, des feuilles de calcul ou plusieurs applications ouvertes sans perdre en visibilit\u00e9 ni en fluidit\u00e9.<br \/>\u00c9quip\u00e9 d\u2019un panneau IPS de 24 pouces avec une r\u00e9solution WUXGA 1920&#215;1200, il offre une qualit\u00e9 d\u2019image sup\u00e9rieure au standard Full HD, avec une surface utile plus grande et une reproduction des couleurs uniforme sous n\u2019importe quel angle gr\u00e2ce \u00e0 ses 178\u00b0 d\u2019angles de vision. Son temps de r\u00e9ponse de 5 ms, son contraste de 1000:1 et sa luminosit\u00e9 de 250 cd\/m\u00b2 garantissent des performances \u00e9quilibr\u00e9es et confortables tout au long de la journ\u00e9e. De plus, sa connectivit\u00e9 polyvalente avec VGA, HDMI et DisplayPort permet de l\u2019int\u00e9grer facilement dans tout environnement de travail, en s\u2019adaptant aussi bien aux syst\u00e8mes modernes qu\u2019aux configurations plus traditionnelles.<br \/>Le Dell P2422H n\u2019am\u00e9liore pas seulement ce que vous voyez, mais aussi la fa\u00e7on dont vous travaillez. Plus d\u2019espace, une meilleure organisation et une exp\u00e9rience visuelle plus d\u00e9tendue se traduisent par une efficacit\u00e9 accrue et moins de fatigue. Un moniteur IPS professionnel, fiable et bien \u00e9quilibr\u00e9 qui apporte une r\u00e9elle valeur dans tout environnement o\u00f9 la productivit\u00e9 et la clart\u00e9 sont essentielles.<br \/>Bon aspect ext\u00e9rieur. Peut pr\u00e9senter de l\u00e9g\u00e8res marques d\u2019usage sur le bo\u00eetier. Si vous avez des questions, appelez-nous ou utilisez notre chat pour obtenir plus d\u2019informations ou pour demander plus de d\u00e9tails.<br \/><strong>Commentaires<\/strong><br \/><u>C\u00e2ble d&rsquo;alimentation et VGA inclus<\/u><\/p>\n","protected":false},"excerpt":{"rendered":"<p>IPS 24 \u00a0\u00bb FullHD 16:9 \u00b7 Dot pitch 0.27 mm \u00b7 R\u00e9ponse 5 ms \u00b7 Contraste 1000:1 \u00b7 Luminosit\u00e9 250 cd\/m2 \u00b7 VGA \u00b7 HDMI \u00b7 Display Port \u00b7<br \/>\n<u>C\u00e2ble d&rsquo;alimentation et VGA inclus<\/u><\/p>\n","protected":false},"featured_media":213973,"template":"","meta":[],"product_brand":[3445],"product_cat":[2237,3127],"product_tag":[],"class_list":{"0":"post-213972","1":"product","2":"type-product","3":"status-publish","4":"has-post-thumbnail","6":"product_brand-dell","7":"product_cat-moniteurs-fr","8":"product_cat-moniteurs-moniteurs-fr","10":"first","11":"instock","12":"taxable","13":"shipping-taxable","14":"purchasable","15":"product-type-simple"},"bundled_by":[],"bundle_stock_status":"instock","bundle_stock_quantity":137,"bundle_virtual":false,"bundle_layout":"","bundle_add_to_cart_form_location":"","bundle_editable_in_cart":false,"bundle_sold_individually_context":"","bundle_item_grouping":"","bundle_min_size":"","bundle_max_size":"","bundle_price":[],"bundled_items":[],"bundle_sell_ids":[],"exclude_global_add_ons":true,"addons":{"hdmi-upgrades":{"name":"Extension c\u00e2ble","type":"multiple_choice","position":0,"required":false,"title_format":"heading","default":"","description_enable":false,"description":"","placeholder_enable":false,"placeholder":"","display":"radiobutton","restrictions_type":"any_text","adjust_price":false,"price":"","price_type":"quantity_based","restrictions":false,"min":"0","max":"0","options":[{"label":"C\u00e2ble HDMI 2 mts. [AMP00104]","price":"6.0000","price_type":"quantity_based","image":0,"visibility":true},{"label":"C\u00e2ble DisplayPort vers DisplayPort 1,8 mts. [AMP00103]","price":"8.0000","price_type":"quantity_based","image":0,"visibility":true}]}},"df_price":113.74,"df_sale_price":"","df_regular_price":113.74,"df_image_link":"https:\/\/zoca.es\/wp-content\/uploads\/images\/product\/14817\/dell01665_01-300x225.jpg","_links":{"self":[{"href":"https:\/\/zoca.es\/fr\/wp-json\/wp\/v2\/product\/213972","targetHints":{"allow":["GET"]}}],"collection":[{"href":"https:\/\/zoca.es\/fr\/wp-json\/wp\/v2\/product"}],"about":[{"href":"https:\/\/zoca.es\/fr\/wp-json\/wp\/v2\/types\/product"}],"wp:featuredmedia":[{"embeddable":true,"href":"https:\/\/zoca.es\/fr\/wp-json\/wp\/v2\/media\/213973"}],"wp:attachment":[{"href":"https:\/\/zoca.es\/fr\/wp-json\/wp\/v2\/media?parent=213972"}],"wp:term":[{"taxonomy":"product_brand","embeddable":true,"href":"https:\/\/zoca.es\/fr\/wp-json\/wp\/v2\/product_brand?post=213972"},{"taxonomy":"product_cat","embeddable":true,"href":"https:\/\/zoca.es\/fr\/wp-json\/wp\/v2\/product_cat?post=213972"},{"taxonomy":"product_tag","embeddable":true,"href":"https:\/\/zoca.es\/fr\/wp-json\/wp\/v2\/product_tag?post=213972"}],"curies":[{"name":"wp","href":"https:\/\/api.w.org\/{rel}","templated":true}]}}