{"id":213807,"date":"2026-04-03T17:57:41","date_gmt":"2026-04-03T16:57:41","guid":{"rendered":"https:\/\/zoca.es\/producto\/dell-p2417h-24-lcd-169-reconditionne-1920x1080-fr-14816\/"},"modified":"2026-04-03T17:57:53","modified_gmt":"2026-04-03T16:57:53","slug":"dell-p2417h-24-lcd-169-reconditionne-1920x1080-fr-14816","status":"publish","type":"product","link":"https:\/\/zoca.es\/fr\/produit\/dell-p2417h-24-lcd-169-reconditionne-1920x1080-fr-14816\/","title":{"rendered":"Dell P2417H 24\u00a0\u00bb LCD 16:9 | Reconditionn\u00e9 | 1920&#215;1080"},"content":{"rendered":"<p><strong>\u00c9cran<\/strong><br \/>LCD 24 \u00a0\u00bb FullHD 16:9  \u00b7 R\u00e9solution 1920&#215;1080<br \/>Dot pitch 0.274 mm<br \/>R\u00e9ponse 6 ms<br \/>Contraste 1000:1<br \/>Luminosit\u00e9 250 cd\/m2<br \/>Angle vision 178\u00b0v\/178\u00b0h<br \/><strong>Ports vid\u00e9o<\/strong><br \/>VGA<br \/>HDMI<br \/>Display Port<br \/><strong>Affichage sp\u00e9cifique<\/strong><br \/>Base<br \/>R\u00e9glable en hauteur<br \/><strong>Autres<\/strong><br \/>hR emballage<br \/><strong>Dimensions<\/strong><br \/>18&#215;37.5&#215;56.5 cm.<br \/><strong>Poids<\/strong><br \/>5.40 Kg.<br \/><strong>Sp\u00e9cifications suppl\u00e9mentaires<\/strong><br \/>Le Dell P2417H est un moniteur con\u00e7u pour ceux qui recherchent fiabilit\u00e9, confort et performance constante au quotidien. Con\u00e7u pour des environnements exigeants, il combine une excellente qualit\u00e9 d\u2019image avec une ergonomie avanc\u00e9e, devenant un outil parfait aussi bien pour de longues journ\u00e9es de bureau que pour des configurations multit\u00e2ches plus compl\u00e8tes.<br \/>Son \u00e9cran LCD de 24 pouces avec une r\u00e9solution Full HD 1920&#215;1080 offre une visualisation claire et \u00e9quilibr\u00e9e, id\u00e9ale pour travailler avec des documents, des applications de gestion ou du contenu multim\u00e9dia. Avec un temps de r\u00e9ponse de 6 ms, une luminosit\u00e9 de 250 cd\/m\u00b2 et un contraste de 1000:1, il maintient des performances solides dans tous les sc\u00e9narios. Les larges angles de vision de 178\u00b0 garantissent une image uniforme depuis n\u2019importe quelle position, tandis que sa connectivit\u00e9 compl\u00e8te avec VGA, HDMI, DisplayPort et ports USB 2.0 et 3.0 permet d\u2019int\u00e9grer facilement des p\u00e9riph\u00e9riques et plusieurs appareils sans complications.<br \/>Le Dell P2417H se distingue par sa capacit\u00e9 \u00e0 s\u2019adapter \u00e0 chaque utilisateur, en am\u00e9liorant la posture, en r\u00e9duisant la fatigue visuelle et en optimisant l\u2019espace de travail. C\u2019est une solution polyvalente, \u00e9l\u00e9gante et hautement fonctionnelle qui apporte de la valeur d\u00e8s le premier instant, se positionnant comme un choix s\u00fbr pour ceux qui recherchent un moniteur professionnel, efficace et pr\u00eat pour le rythme r\u00e9el du travail quotidien.<br \/>Bon aspect ext\u00e9rieur. Peut pr\u00e9senter de l\u00e9g\u00e8res marques d\u2019usage sur le bo\u00eetier. Si vous avez des questions, appelez-nous ou utilisez notre chat pour obtenir plus d\u2019informations ou pour demander plus de d\u00e9tails.<br \/><strong>Commentaires<\/strong><br \/><u>2x USB 2.0 \/ 2x USB 3.0 &#8211; C\u00e2ble d&rsquo;alimentation et VGA inclus<\/u><\/p>\n","protected":false},"excerpt":{"rendered":"<p>LCD 24 \u00a0\u00bb FullHD 16:9 \u00b7 Dot pitch 0.274 mm \u00b7 R\u00e9ponse 6 ms \u00b7 Contraste 1000:1 \u00b7 Luminosit\u00e9 250 cd\/m2 \u00b7 VGA \u00b7 HDMI \u00b7 Display Port \u00b7<br \/>\n<u>2x USB 2.0 \/ 2x USB 3.0 &#8211; C\u00e2ble d&rsquo;alimentation et VGA inclus<\/u><\/p>\n","protected":false},"featured_media":213808,"template":"","meta":[],"product_brand":[3445],"product_cat":[2237,3127],"product_tag":[],"class_list":{"0":"post-213807","1":"product","2":"type-product","3":"status-publish","4":"has-post-thumbnail","6":"product_brand-dell","7":"product_cat-moniteurs-fr","8":"product_cat-moniteurs-moniteurs-fr","10":"first","11":"instock","12":"taxable","13":"shipping-taxable","14":"purchasable","15":"product-type-simple"},"bundled_by":[],"bundle_stock_status":"instock","bundle_stock_quantity":1,"bundle_virtual":false,"bundle_layout":"","bundle_add_to_cart_form_location":"","bundle_editable_in_cart":false,"bundle_sold_individually_context":"","bundle_item_grouping":"","bundle_min_size":"","bundle_max_size":"","bundle_price":[],"bundled_items":[],"bundle_sell_ids":[],"exclude_global_add_ons":true,"addons":{"hdmi-upgrades":{"name":"Extension c\u00e2ble","type":"multiple_choice","position":0,"required":false,"title_format":"heading","default":"","description_enable":false,"description":"","placeholder_enable":false,"placeholder":"","display":"radiobutton","restrictions_type":"any_text","adjust_price":false,"price":"","price_type":"quantity_based","restrictions":false,"min":"0","max":"0","options":[{"label":"C\u00e2ble HDMI 2 mts. [AMP00104]","price":"6.0000","price_type":"quantity_based","image":0,"visibility":true},{"label":"C\u00e2ble DisplayPort vers DisplayPort 1,8 mts. [AMP00103]","price":"8.0000","price_type":"quantity_based","image":0,"visibility":true}]}},"df_price":113.74,"df_sale_price":"","df_regular_price":113.74,"df_image_link":"https:\/\/zoca.es\/wp-content\/uploads\/images\/product\/14816\/dell01664_01-300x225.jpg","_links":{"self":[{"href":"https:\/\/zoca.es\/fr\/wp-json\/wp\/v2\/product\/213807","targetHints":{"allow":["GET"]}}],"collection":[{"href":"https:\/\/zoca.es\/fr\/wp-json\/wp\/v2\/product"}],"about":[{"href":"https:\/\/zoca.es\/fr\/wp-json\/wp\/v2\/types\/product"}],"wp:featuredmedia":[{"embeddable":true,"href":"https:\/\/zoca.es\/fr\/wp-json\/wp\/v2\/media\/213808"}],"wp:attachment":[{"href":"https:\/\/zoca.es\/fr\/wp-json\/wp\/v2\/media?parent=213807"}],"wp:term":[{"taxonomy":"product_brand","embeddable":true,"href":"https:\/\/zoca.es\/fr\/wp-json\/wp\/v2\/product_brand?post=213807"},{"taxonomy":"product_cat","embeddable":true,"href":"https:\/\/zoca.es\/fr\/wp-json\/wp\/v2\/product_cat?post=213807"},{"taxonomy":"product_tag","embeddable":true,"href":"https:\/\/zoca.es\/fr\/wp-json\/wp\/v2\/product_tag?post=213807"}],"curies":[{"name":"wp","href":"https:\/\/api.w.org\/{rel}","templated":true}]}}