{"id":213139,"date":"2026-04-01T11:49:39","date_gmt":"2026-04-01T10:49:39","guid":{"rendered":"https:\/\/zoca.es\/producto\/hp-elitedesk-800-g6-impecable-sff-reconditionne-core-i5-31ghz-16-gb-ram-256-gb-ssd-m2-fr-14936\/"},"modified":"2026-04-01T11:49:55","modified_gmt":"2026-04-01T10:49:55","slug":"hp-elitedesk-800-g6-impecable-sff-reconditionne-core-i5-31ghz-16-gb-ram-256-gb-ssd-m2-fr-14936","status":"publish","type":"product","link":"https:\/\/zoca.es\/fr\/produit\/hp-elitedesk-800-g6-impecable-sff-reconditionne-core-i5-31ghz-16-gb-ram-256-gb-ssd-m2-fr-14936\/","title":{"rendered":"HP EliteDesk 800 G6-Impecable SFF | Reconditionn\u00e9 | Core i5 3.1GHz | 16 GB RAM | 256 GB SSD M2"},"content":{"rendered":"<p><strong>Processeur<\/strong><br \/>Intel Core i5 10500 3.1 GHz.<br \/><strong>Facteur de forme<\/strong><br \/>SFF<br \/><strong>M\u00e9moire RAM<\/strong><br \/>16 Gb. DDR4 RAM<br \/><strong>Disque dur<\/strong><br \/>256 Gb. SSD M2<br \/><strong>Cartes<\/strong><br \/>Graphique: Intel UHD Graphics 630<br \/>Son: Realtek HDA<br \/>R\u00e9seau: Intel Ethernet Connection I219-LM<br \/><strong>Syst\u00e8me op\u00e9ratif<\/strong><br \/>Windows 11 Pro<br \/><strong>Ports<\/strong><br \/>10x USB 3.0<br \/>USB-C<br \/><strong>Ports vid\u00e9o<\/strong><br \/>2x Display Port<br \/><strong>Connectivit\u00e9<\/strong><br \/>RJ-45<br \/>WIFI<br \/><strong>Autres<\/strong><br \/>hR emballage<br \/><strong>Dimensions<\/strong><br \/>34x31x10 cm.<br \/><strong>Poids<\/strong><br \/>4.55 Kg.<br \/><strong>Sp\u00e9cifications suppl\u00e9mentaires<\/strong><br \/>Le HP EliteDesk 800 G6 SFF est un ordinateur de bureau professionnel qui combine performances avanc\u00e9es, design compact et connectivit\u00e9 moderne, id\u00e9al pour les environnements de bureau recherchant puissance et efficacit\u00e9 sans occuper trop d\u2019espace. Son format Small Form Factor permet de l\u2019int\u00e9grer \u00e0 n\u2019importe quel bureau, optimisant l\u2019espace de travail sans sacrifier la capacit\u00e9 ou la fonctionnalit\u00e9.\u00c9quip\u00e9 d\u2019un processeur Intel Core i5 de 10e g\u00e9n\u00e9ration, ce PC de bureau professionnel offre des performances rapides et constantes en multit\u00e2che, applications d\u2019entreprise et environnements de travail exigeants. Ses 16 Go de m\u00e9moire DDR4 garantissent une fluidit\u00e9 m\u00eame avec plusieurs programmes ouverts, tandis que le SSD M.2 de 256 Go assure des d\u00e9marrages rapides et un acc\u00e8s instantan\u00e9 aux donn\u00e9es, augmentant la productivit\u00e9 d\u00e8s la premi\u00e8re utilisation.La connectivit\u00e9 Wi-Fi int\u00e9gr\u00e9e apporte libert\u00e9 et flexibilit\u00e9 pour les environnements modernes, tandis que l\u2019emplacement M.2 suppl\u00e9mentaire et les multiples emplacements PCIe permettent d\u2019augmenter le stockage et les capacit\u00e9s graphiques ou d\u2019extension selon les besoins futurs, consolidant ce mod\u00e8le comme un bureau \u00e9volutif et durable.TPM 2.0 et Windows 11 Pro offrent un environnement s\u00e9curis\u00e9 et \u00e0 jour, id\u00e9al pour prot\u00e9ger les donn\u00e9es sensibles et faciliter la gestion de l\u2019infrastructure informatique. Son design efficace et silencieux r\u00e9duit la consommation d\u2019\u00e9nergie et le bruit, offrant un espace de travail confortable et fiable.Dans l\u2019ensemble, le HP EliteDesk 800 G6 SFF est un ordinateur de bureau fiable, parfait pour ceux qui recherchent un desktop puissant, compact et polyvalent, capable de combiner performance, s\u00e9curit\u00e9 et adaptabilit\u00e9 dans tout environnement professionnel.<strong>\u00c9tat ext\u00e9rieur impeccable<\/strong>. Regardez dans \u201c+ Photos\u201d et \u201cVid\u00e9o\u201d et si vous avez des questions, appelez-nous ou utilisez notre chat pour obtenir plus d\u2019informations ou demander plus de d\u00e9tails.<br \/><strong>Commentaires<\/strong><br \/><u>Wi-Fi &#8211; 1xM.2 2280 pour le stockage disponible &#8211; 1xPCIe X16 \/ 1xPCIe X4 \/ 2xPCIe X1<\/u><\/p>\n","protected":false},"excerpt":{"rendered":"<p>Intel Core i5 10500 3.1 GHz. \u00b7 16 Gb. DDR4 RAM \u00b7 256 Gb. SSD M2 \u00b7 <strong>Windows 11 Pro \u00b7<br \/>\nWi-Fi<\/strong> &#8211; <u>1xM.2 2280 pour le stockage disponible &#8211; 1xPCIe X16 \/ 1xPCIe X4 \/ 2xPCIe X1<\/u><\/p>\n","protected":false},"featured_media":213140,"template":"","meta":[],"product_brand":[3453],"product_cat":[3124,2219],"product_tag":[],"class_list":{"0":"post-213139","1":"product","2":"type-product","3":"status-publish","4":"has-post-thumbnail","6":"product_brand-hp","7":"product_cat-ordinateurs-ordinateurs-fr","8":"product_cat-ordinateurs-fr","10":"first","11":"instock","12":"taxable","13":"shipping-taxable","14":"purchasable","15":"product-type-simple"},"bundled_by":[],"bundle_stock_status":"instock","bundle_stock_quantity":1,"bundle_virtual":false,"bundle_layout":"","bundle_add_to_cart_form_location":"","bundle_editable_in_cart":false,"bundle_sold_individually_context":"","bundle_item_grouping":"","bundle_min_size":"","bundle_max_size":"","bundle_price":[],"bundled_items":[],"bundle_sell_ids":[],"exclude_global_add_ons":true,"addons":{"webcam-upgrades":{"name":"Extension Webcam","type":"multiple_choice","position":0,"required":false,"title_format":"heading","default":"","description_enable":false,"description":"","placeholder_enable":false,"placeholder":"","display":"radiobutton","restrictions_type":"any_text","adjust_price":false,"price":"","price_type":"quantity_based","restrictions":false,"min":"0","max":"0","options":[{"label":"Conceptronic AMDIS FullHD [AMP00085]","price":"29.0000","price_type":"quantity_based","image":0,"visibility":true}]},"ram-memory-upgrades":{"name":"Extension RAM","type":"multiple_choice","position":0,"required":false,"title_format":"heading","default":"","description_enable":false,"description":"","placeholder_enable":false,"placeholder":"","display":"radiobutton","restrictions_type":"any_text","adjust_price":false,"price":"","price_type":"quantity_based","restrictions":false,"min":"0","max":"0","options":[{"label":"Extension de 32 Gb de RAM DIMM [AMP00122]","price":"150.0000","price_type":"quantity_based","image":0,"visibility":true}]},"hdd-upgrades":{"name":"Extension disque dur","type":"multiple_choice","position":0,"required":false,"title_format":"heading","default":"","description_enable":false,"description":"","placeholder_enable":false,"placeholder":"","display":"radiobutton","restrictions_type":"any_text","adjust_price":false,"price":"","price_type":"quantity_based","restrictions":false,"min":"0","max":"0","options":[{"label":"Passez au disque SSD de 500 Gb. M.2 2280PCIe [AMP00106]","price":"110.0000","price_type":"quantity_based","image":0,"visibility":true},{"label":"Passez au disque SSD 1 Tb. M.2 2280 PCIe [AMP00107]","price":"165.0000","price_type":"quantity_based","image":0,"visibility":true},{"label":"SSD suppl\u00e9mentaire 500 Gb. M.2 2280 PCIe [AMP00108]","price":"115.0000","price_type":"quantity_based","image":0,"visibility":true},{"label":"Disque SSD de 1 Tb. M.2 2280 PCIe suppl\u00e9mentaire [AMP00109]","price":"170.0000","price_type":"quantity_based","image":0,"visibility":true}]},"graphic-card-upgrades":{"name":"Extension carte graphique","type":"multiple_choice","position":0,"required":false,"title_format":"heading","default":"","description_enable":false,"description":"","placeholder_enable":false,"placeholder":"","display":"radiobutton","restrictions_type":"any_text","adjust_price":false,"price":"","price_type":"quantity_based","restrictions":false,"min":"0","max":"0","options":[{"label":"Graphique T. 2 Gb. (1xDVI, 1xHDMI) [AMP00010]","price":"60.0000","price_type":"quantity_based","image":0,"visibility":true}]},"os-upgrades":{"name":"Expansion SO","type":"multiple_choice","position":0,"required":false,"title_format":"heading","default":"","description_enable":false,"description":"","placeholder_enable":false,"placeholder":"","display":"radiobutton","restrictions_type":"any_text","adjust_price":false,"price":"","price_type":"quantity_based","restrictions":false,"min":"0","max":"0","options":[{"label":"Changer la langue en fran\u00e7ais [AMP00125]","price":"0.0000","price_type":"quantity_based","image":0,"visibility":true},{"label":"Changer la langue en anglais [AMP00008]","price":"0.0000","price_type":"quantity_based","image":0,"visibility":true},{"label":"Changer la langue en portugais [AMP00009]","price":"0.0000","price_type":"quantity_based","image":0,"visibility":true}]},"keyboard-upgrades":{"name":"Extension clavier","type":"multiple_choice","position":0,"required":false,"title_format":"heading","default":"","description_enable":false,"description":"","placeholder_enable":false,"placeholder":"","display":"radiobutton","restrictions_type":"any_text","adjust_price":false,"price":"","price_type":"quantity_based","restrictions":false,"min":"0","max":"0","options":[{"label":"Clavier et souris [AMP00020]","price":"8.0000","price_type":"quantity_based","image":0,"visibility":true},{"label":"Clavier et souris Portuguese New [AMP00088]","price":"15.0000","price_type":"quantity_based","image":0,"visibility":true},{"label":"Clavier et souris USB espagnols (Nouveau) [AMP00068]","price":"12.0000","price_type":"quantity_based","image":0,"visibility":true}]}},"df_price":470.69,"df_sale_price":"","df_regular_price":470.69,"df_image_link":"https:\/\/zoca.es\/wp-content\/uploads\/images\/product\/14936\/hp03337_01-300x225.jpg","_links":{"self":[{"href":"https:\/\/zoca.es\/fr\/wp-json\/wp\/v2\/product\/213139","targetHints":{"allow":["GET"]}}],"collection":[{"href":"https:\/\/zoca.es\/fr\/wp-json\/wp\/v2\/product"}],"about":[{"href":"https:\/\/zoca.es\/fr\/wp-json\/wp\/v2\/types\/product"}],"wp:featuredmedia":[{"embeddable":true,"href":"https:\/\/zoca.es\/fr\/wp-json\/wp\/v2\/media\/213140"}],"wp:attachment":[{"href":"https:\/\/zoca.es\/fr\/wp-json\/wp\/v2\/media?parent=213139"}],"wp:term":[{"taxonomy":"product_brand","embeddable":true,"href":"https:\/\/zoca.es\/fr\/wp-json\/wp\/v2\/product_brand?post=213139"},{"taxonomy":"product_cat","embeddable":true,"href":"https:\/\/zoca.es\/fr\/wp-json\/wp\/v2\/product_cat?post=213139"},{"taxonomy":"product_tag","embeddable":true,"href":"https:\/\/zoca.es\/fr\/wp-json\/wp\/v2\/product_tag?post=213139"}],"curies":[{"name":"wp","href":"https:\/\/api.w.org\/{rel}","templated":true}]}}