{"id":210680,"date":"2026-03-31T10:27:54","date_gmt":"2026-03-31T09:27:54","guid":{"rendered":"https:\/\/zoca.es\/producto\/hp-eliteone-800-g6-238-aio-reconditionne-core-i5-31ghz-16-gb-ram-256-gb-ssd-m2-fr-14838\/"},"modified":"2026-03-31T10:28:13","modified_gmt":"2026-03-31T09:28:13","slug":"hp-eliteone-800-g6-238-aio-reconditionne-core-i5-31ghz-16-gb-ram-256-gb-ssd-m2-fr-14838","status":"publish","type":"product","link":"https:\/\/zoca.es\/fr\/produit\/hp-eliteone-800-g6-238-aio-reconditionne-core-i5-31ghz-16-gb-ram-256-gb-ssd-m2-fr-14838\/","title":{"rendered":"HP EliteOne 800 G6 23.8&Prime; AIO | Reconditionn\u00e9 | Core i5 3.1GHz | 16 GB RAM | 256 GB SSD M2"},"content":{"rendered":"<p><strong>Processeur<\/strong><br \/>Intel Core i5 10500 3.1 GHz.<br \/><strong>Facteur de forme<\/strong><br \/>AIO<br \/><strong>M\u00e9moire RAM<\/strong><br \/>16 Gb. SO-DDR4 RAM<br \/><strong>Disque dur<\/strong><br \/>256 Gb. SSD M2<br \/><strong>Cartes<\/strong><br \/>Graphique: Intel UHD Graphics 630<br \/>Son: Bang&amp;Olufsen Audio<br \/>R\u00e9seau: Intel I219-LM<br \/><strong>Syst\u00e8me op\u00e9ratif<\/strong><br \/>Windows 11 Pro<br \/><strong>Ports<\/strong><br \/>2x USB-C<br \/>5x USB 3.1<br \/><strong>\u00c9cran<\/strong><br \/>IPS 23.8 \u00a0\u00bb FullHD avec Haut-parleurs \u00b7 16:9 \u00b7 R\u00e9solution 1920&#215;1080<br \/><strong>Ports vid\u00e9o<\/strong><br \/>HDMI<br \/>Display Port<br \/><strong>Multim\u00e9dias<\/strong><br \/>Webcam<br \/>Lecteur SD<br \/><strong>Affichage sp\u00e9cifique<\/strong><br \/>Stand VESA<br \/>Base<br \/>R\u00e9glable en hauteur<br \/><strong>Connectivit\u00e9<\/strong><br \/>RJ-45<br \/><strong>Autres<\/strong><br \/>hR emballage<br \/><strong>Dimensions<\/strong><br \/>40.5x54x20.5 cm.<br \/><strong>Poids<\/strong><br \/>9.55 Kg.<br \/><strong>Sp\u00e9cifications suppl\u00e9mentaires<\/strong><br \/>Le HP EliteOne 800 G6 est un ordinateur de bureau professionnel tout-en-un qui combine puissance, design et fonctionnalit\u00e9 dans une solution \u00e9l\u00e9gante et hautement efficace. Con\u00e7u pour les environnements de travail modernes, il \u00e9limine l\u2019encombrement des c\u00e2bles et optimise l\u2019espace disponible, offrant une exp\u00e9rience propre et organis\u00e9e sans compromettre les performances.\u00c9quip\u00e9 d\u2019un processeur Intel Core i5 de 10\u00e8me g\u00e9n\u00e9ration, ce PC de bureau professionnel offre des performances rapides et constantes dans les t\u00e2ches exigeantes, des applications de gestion au multit\u00e2che intensif. Ses 16 Go de m\u00e9moire DDR4 assurent une utilisation fluide au quotidien, tandis que le SSD M.2 de 256 Go permet des d\u00e9marrages rapides et un acc\u00e8s imm\u00e9diat aux donn\u00e9es, am\u00e9liorant la productivit\u00e9 d\u00e8s le d\u00e9part.Son \u00e9cran IPS Full HD de 23,8\u201d se distingue par une excellente qualit\u00e9 d\u2019image, des couleurs nettes et de larges angles de vision, ce qui en fait un outil id\u00e9al aussi bien pour le travail prolong\u00e9 que pour les t\u00e2ches visuelles. De plus, les haut-parleurs int\u00e9gr\u00e9s offrent une exp\u00e9rience multim\u00e9dia compl\u00e8te sans n\u00e9cessiter de p\u00e9riph\u00e9riques suppl\u00e9mentaires.Cet ordinateur fiable pour le bureau int\u00e8gre \u00e9galement TPM 2.0 et Windows 11 Pro, garantissant une s\u00e9curit\u00e9 avanc\u00e9e et un environnement optimis\u00e9 pour le travail professionnel. Son fonctionnement silencieux et efficace le rend parfait pour les espaces o\u00f9 le confort est essentiel.Le HP EliteOne 800 G6 est bien plus qu\u2019un All-in-One : c\u2019est un ordinateur de bureau compact, puissant et \u00e9l\u00e9gant, id\u00e9al pour ceux qui recherchent performance, esth\u00e9tique et organisation dans un seul appareil, avec clavier et souris inclus pour commencer \u00e0 travailler imm\u00e9diatement.Bon aspect ext\u00e9rieur. Voir \u201c+ Photos\u201d et \u00ab\u00a0Vid\u00e9o\u00a0\u00bb et si vous avez des questions appelez-nous ou utilisez notre chat pour obtenir plus d\u2019informations ou demander plus de d\u00e9tails.<br \/><strong>Commentaires<\/strong><br \/><u>1xM.2 2280 pour le stockage disponible &#8211; Clavier et souris inclus<\/u><\/p>\n","protected":false},"excerpt":{"rendered":"<p>Intel Core i5 10500 3.1 GHz. \u00b7 16 Gb. SO-DDR4 RAM \u00b7 256 Gb. SSD M2 \u00b7 <strong>Windows 11 Pro<\/strong> \u00b7 IPS 23.8 \u00a0\u00bb FullHD avec Haut-parleurs \u00b7 16:9 \u00b7<br \/>\n<u>1xM.2 2280 pour le stockage disponible &#8211; Clavier et souris inclus<\/u><\/p>\n","protected":false},"featured_media":210681,"template":"","meta":[],"product_brand":[3453],"product_cat":[2225,2219],"product_tag":[],"class_list":{"0":"post-210680","1":"product","2":"type-product","3":"status-publish","4":"has-post-thumbnail","6":"product_brand-hp","7":"product_cat-ordinateurs-all-in-one-fr","8":"product_cat-ordinateurs-fr","10":"first","11":"instock","12":"taxable","13":"shipping-taxable","14":"purchasable","15":"product-type-simple"},"bundled_by":[],"bundle_stock_status":"instock","bundle_stock_quantity":25,"bundle_virtual":false,"bundle_layout":"","bundle_add_to_cart_form_location":"","bundle_editable_in_cart":false,"bundle_sold_individually_context":"","bundle_item_grouping":"","bundle_min_size":"","bundle_max_size":"","bundle_price":[],"bundled_items":[],"bundle_sell_ids":[],"exclude_global_add_ons":true,"addons":{"ram-memory-upgrades":{"name":"Extension RAM","type":"multiple_choice","position":0,"required":false,"title_format":"heading","default":"","description_enable":false,"description":"","placeholder_enable":false,"placeholder":"","display":"radiobutton","restrictions_type":"any_text","adjust_price":false,"price":"","price_type":"quantity_based","restrictions":false,"min":"0","max":"0","options":[{"label":"Extension de 32 Gb de RAM SODIMM [AMP00098]","price":"150.0000","price_type":"quantity_based","image":0,"visibility":true}]},"hdd-upgrades":{"name":"Extension disque dur","type":"multiple_choice","position":0,"required":false,"title_format":"heading","default":"","description_enable":false,"description":"","placeholder_enable":false,"placeholder":"","display":"radiobutton","restrictions_type":"any_text","adjust_price":false,"price":"","price_type":"quantity_based","restrictions":false,"min":"0","max":"0","options":[{"label":"Passez au disque SSD 1 Tb. M.2 2280 PCIe [AMP00107]","price":"165.0000","price_type":"quantity_based","image":0,"visibility":true},{"label":"Passez au disque SSD de 500 Gb. M.2 2280PCIe [AMP00106]","price":"110.0000","price_type":"quantity_based","image":0,"visibility":true},{"label":"Disque SSD de 1 Tb. M.2 2280 PCIe suppl\u00e9mentaire [AMP00109]","price":"170.0000","price_type":"quantity_based","image":0,"visibility":true},{"label":"SSD suppl\u00e9mentaire 500 Gb. M.2 2280 PCIe [AMP00108]","price":"115.0000","price_type":"quantity_based","image":0,"visibility":true}]},"network-card-upgrades":{"name":"Extension WIFI","type":"multiple_choice","position":0,"required":false,"title_format":"heading","default":"","description_enable":false,"description":"","placeholder_enable":false,"placeholder":"","display":"radiobutton","restrictions_type":"any_text","adjust_price":false,"price":"","price_type":"quantity_based","restrictions":false,"min":"0","max":"0","options":[{"label":"Mise \u00e0 niveau nano USB sans fil [AMP00018]","price":"12.0000","price_type":"quantity_based","image":0,"visibility":true}]},"os-upgrades":{"name":"Expansion SO","type":"multiple_choice","position":0,"required":false,"title_format":"heading","default":"","description_enable":false,"description":"","placeholder_enable":false,"placeholder":"","display":"radiobutton","restrictions_type":"any_text","adjust_price":false,"price":"","price_type":"quantity_based","restrictions":false,"min":"0","max":"0","options":[{"label":"Changer la langue en fran\u00e7ais [AMP00125]","price":"0.0000","price_type":"quantity_based","image":0,"visibility":true},{"label":"Changer la langue en anglais [AMP00008]","price":"0.0000","price_type":"quantity_based","image":0,"visibility":true},{"label":"Changer la langue en portugais [AMP00009]","price":"0.0000","price_type":"quantity_based","image":0,"visibility":true}]}},"df_price":727.21,"df_sale_price":"","df_regular_price":727.21,"df_image_link":"https:\/\/zoca.es\/wp-content\/uploads\/images\/product\/14838\/hp03302_01-300x225.jpg","_links":{"self":[{"href":"https:\/\/zoca.es\/fr\/wp-json\/wp\/v2\/product\/210680","targetHints":{"allow":["GET"]}}],"collection":[{"href":"https:\/\/zoca.es\/fr\/wp-json\/wp\/v2\/product"}],"about":[{"href":"https:\/\/zoca.es\/fr\/wp-json\/wp\/v2\/types\/product"}],"wp:featuredmedia":[{"embeddable":true,"href":"https:\/\/zoca.es\/fr\/wp-json\/wp\/v2\/media\/210681"}],"wp:attachment":[{"href":"https:\/\/zoca.es\/fr\/wp-json\/wp\/v2\/media?parent=210680"}],"wp:term":[{"taxonomy":"product_brand","embeddable":true,"href":"https:\/\/zoca.es\/fr\/wp-json\/wp\/v2\/product_brand?post=210680"},{"taxonomy":"product_cat","embeddable":true,"href":"https:\/\/zoca.es\/fr\/wp-json\/wp\/v2\/product_cat?post=210680"},{"taxonomy":"product_tag","embeddable":true,"href":"https:\/\/zoca.es\/fr\/wp-json\/wp\/v2\/product_tag?post=210680"}],"curies":[{"name":"wp","href":"https:\/\/api.w.org\/{rel}","templated":true}]}}