{"id":209533,"date":"2026-03-27T13:32:54","date_gmt":"2026-03-27T12:32:54","guid":{"rendered":"https:\/\/zoca.es\/producto\/hp-prodesk-600-g4-sff-reconditionne-core-i5-3ghz-16-gb-ram-256-gb-ssd-m2-fr-14922\/"},"modified":"2026-04-17T08:35:54","modified_gmt":"2026-04-17T07:35:54","slug":"hp-prodesk-600-g4-sff-reconditionne-core-i5-3ghz-16-gb-ram-256-gb-ssd-m2-fr-14922","status":"publish","type":"product","link":"https:\/\/zoca.es\/fr\/produit\/hp-prodesk-600-g4-sff-reconditionne-core-i5-3ghz-16-gb-ram-256-gb-ssd-m2-fr-14922\/","title":{"rendered":"HP ProDesk 600 G4 SFF | Reconditionn\u00e9 | Core i5 3GHz | 16 GB RAM | 256 GB SSD M2"},"content":{"rendered":"<p><strong>Processeur<\/strong><br \/>Intel Core i5 8500 3 GHz.<br \/><strong>Facteur de forme<\/strong><br \/>SFF<br \/><strong>M\u00e9moire RAM<\/strong><br \/>16 Gb. DDR4 RAM<br \/><strong>Disque dur<\/strong><br \/>256 Gb. SSD M2<br \/><strong>Lecteur optique<\/strong><br \/>DVD<br \/><strong>Cartes<\/strong><br \/>Graphique: Intel UDH Graphics 630<br \/>Son: Synaptics high definition audio<br \/>R\u00e9seau: I219-LM<br \/><strong>Syst\u00e8me op\u00e9ratif<\/strong><br \/>Windows 11 Pro<br \/><strong>Ports<\/strong><br \/>6x USB 2.0<br \/>USB-C<br \/>4x USB 3.1<br \/><strong>Ports vid\u00e9o<\/strong><br \/>2x Display Port<br \/><strong>Connectivit\u00e9<\/strong><br \/>RJ-45<br \/><strong>Autres<\/strong><br \/>hR emballage<br \/><strong>Dimensions<\/strong><br \/>31x27x9.5 cm.<br \/><strong>Poids<\/strong><br \/>3.70 Kg.<br \/><strong>Sp\u00e9cifications suppl\u00e9mentaires<\/strong><br \/>Le HP ProDesk 600 G4 est un ordinateur de bureau professionnel con\u00e7u pour combiner performance solide, fiabilit\u00e9 et polyvalence, en faisant un choix strat\u00e9gique pour les environnements de bureau et de travail d\u2019entreprise. Sa construction robuste garantit une stabilit\u00e9 \u00e0 long terme, id\u00e9ale pour ceux qui recherchent un syst\u00e8me capable de supporter des journ\u00e9es de travail intensives sans compromettre ses performances.\u00c9quip\u00e9 d\u2019un processeur Intel Core i5 de 8\u1d49 g\u00e9n\u00e9ration, ce PC de bureau professionnel offre une r\u00e9ponse rapide dans les t\u00e2ches de gestion, les applications d\u2019entreprise, la navigation et le multit\u00e2che. Les 16 Go de m\u00e9moire DDR4 assurent une performance fluide m\u00eame avec plusieurs programmes ouverts, tandis que le SSD M.2 de 256 Go permet des d\u00e9marrages rapides et un acc\u00e8s instantan\u00e9 aux fichiers, am\u00e9liorant la productivit\u00e9 d\u00e8s le d\u00e9part.Son design permet une expansion intelligente gr\u00e2ce aux slots PCIe, offrant la possibilit\u00e9 d\u2019ajouter des cartes graphiques ou d\u2019extension selon les besoins futurs. L\u2019inclusion d\u2019un lecteur DVD apporte une compatibilit\u00e9 suppl\u00e9mentaire dans les environnements n\u00e9cessitant des supports physiques, maintenant la flexibilit\u00e9 du syst\u00e8me.Avec Windows 11 Pro, s\u00e9curit\u00e9 et gestion avanc\u00e9e sont garanties, cr\u00e9ant un environnement fiable et moderne. Son fonctionnement efficace, avec faible consommation d\u2019\u00e9nergie et faible niveau sonore, en fait un ordinateur de bureau fiable alliant productivit\u00e9 et confort.En r\u00e9sum\u00e9, le HP ProDesk 600 G4 est un ordinateur puissant et \u00e9volutif, con\u00e7u pour les professionnels qui appr\u00e9cient la performance, la durabilit\u00e9 et la capacit\u00e9 d\u2019adaptation future, faisant de ce mod\u00e8le un investissement s\u00fbr et efficace pour tout environnement de travail.Bon aspect ext\u00e9rieur. Voir \u201c+ Photos\u201d et \u00ab\u00a0Vid\u00e9o\u00a0\u00bb et si vous avez des questions appelez-nous ou utilisez notre chat pour obtenir plus d\u2019informations ou demander plus de d\u00e9tails.<br \/><strong>Commentaires<\/strong><br \/><u>1xPCIe X16 \/ 1xPCIe X4<\/u><\/p>\n","protected":false},"excerpt":{"rendered":"<p>Intel Core i5 8500 3 GHz. \u00b7 16 Gb. DDR4 RAM \u00b7 256 Gb. SSD M2 \u00b7 DVD \u00b7 <strong>Windows 11 Pro<\/strong> \u00b7<br \/>\n<u>1xPCIe X16 \/ 1xPCIe X4<\/u><\/p>\n","protected":false},"featured_media":209472,"template":"","meta":[],"product_brand":[3453],"product_cat":[3124,2219],"product_tag":[],"class_list":{"0":"post-209533","1":"product","2":"type-product","3":"status-publish","4":"has-post-thumbnail","6":"product_brand-hp","7":"product_cat-ordinateurs-ordinateurs-fr","8":"product_cat-ordinateurs-fr","10":"first","11":"instock","12":"taxable","13":"shipping-taxable","14":"purchasable","15":"product-type-simple"},"bundled_by":[],"bundle_stock_status":"instock","bundle_stock_quantity":1,"bundle_virtual":false,"bundle_layout":"","bundle_add_to_cart_form_location":"","bundle_editable_in_cart":false,"bundle_sold_individually_context":"","bundle_item_grouping":"","bundle_min_size":"","bundle_max_size":"","bundle_price":[],"bundled_items":[],"bundle_sell_ids":[],"exclude_global_add_ons":true,"addons":{"ram-memory-upgrades":{"name":"Extension RAM","type":"multiple_choice","position":0,"required":false,"title_format":"heading","default":"","description_enable":false,"description":"","placeholder_enable":false,"placeholder":"","display":"radiobutton","restrictions_type":"any_text","adjust_price":false,"price":"","price_type":"quantity_based","restrictions":false,"min":"0","max":"0","options":[{"label":"Extension de 32 Gb de RAM DIMM [AMP00122]","price":"150.0000","price_type":"quantity_based","image":0,"visibility":true}]},"hdd-upgrades":{"name":"Extension disque dur","type":"multiple_choice","position":0,"required":false,"title_format":"heading","default":"","description_enable":false,"description":"","placeholder_enable":false,"placeholder":"","display":"radiobutton","restrictions_type":"any_text","adjust_price":false,"price":"","price_type":"quantity_based","restrictions":false,"min":"0","max":"0","options":[{"label":"Passez au disque SSD de 500 Gb. M.2 2280PCIe [AMP00106]","price":"110.0000","price_type":"quantity_based","image":0,"visibility":true},{"label":"Passez au disque SSD 1 Tb. M.2 2280 PCIe [AMP00107]","price":"165.0000","price_type":"quantity_based","image":0,"visibility":true}]},"graphic-card-upgrades":{"name":"Extension carte graphique","type":"multiple_choice","position":0,"required":false,"title_format":"heading","default":"","description_enable":false,"description":"","placeholder_enable":false,"placeholder":"","display":"radiobutton","restrictions_type":"any_text","adjust_price":false,"price":"","price_type":"quantity_based","restrictions":false,"min":"0","max":"0","options":[{"label":"Graphique T. 2 Gb. (1xDVI, 1xHDMI) [AMP00010]","price":"60.0000","price_type":"quantity_based","image":0,"visibility":true}]},"network-card-upgrades":{"name":"Extension WIFI","type":"multiple_choice","position":0,"required":false,"title_format":"heading","default":"","description_enable":false,"description":"","placeholder_enable":false,"placeholder":"","display":"radiobutton","restrictions_type":"any_text","adjust_price":false,"price":"","price_type":"quantity_based","restrictions":false,"min":"0","max":"0","options":[{"label":"Mise \u00e0 niveau de la carte PCI Wi-Fi [AMP00017]","price":"15.0000","price_type":"quantity_based","image":0,"visibility":true},{"label":"Mise \u00e0 niveau nano USB sans fil [AMP00018]","price":"12.0000","price_type":"quantity_based","image":0,"visibility":true}]},"os-upgrades":{"name":"Expansion SO","type":"multiple_choice","position":0,"required":false,"title_format":"heading","default":"","description_enable":false,"description":"","placeholder_enable":false,"placeholder":"","display":"radiobutton","restrictions_type":"any_text","adjust_price":false,"price":"","price_type":"quantity_based","restrictions":false,"min":"0","max":"0","options":[{"label":"Changer la langue en fran\u00e7ais [AMP00125]","price":"0.0000","price_type":"quantity_based","image":0,"visibility":true},{"label":"Changer la langue en anglais [AMP00008]","price":"0.0000","price_type":"quantity_based","image":0,"visibility":true},{"label":"Changer la langue en portugais [AMP00009]","price":"0.0000","price_type":"quantity_based","image":0,"visibility":true}]},"keyboard-upgrades":{"name":"Extension clavier","type":"multiple_choice","position":0,"required":false,"title_format":"heading","default":"","description_enable":false,"description":"","placeholder_enable":false,"placeholder":"","display":"radiobutton","restrictions_type":"any_text","adjust_price":false,"price":"","price_type":"quantity_based","restrictions":false,"min":"0","max":"0","options":[{"label":"Clavier et souris [AMP00020]","price":"8.0000","price_type":"quantity_based","image":0,"visibility":true},{"label":"Clavier et souris Portuguese New [AMP00088]","price":"15.0000","price_type":"quantity_based","image":0,"visibility":true},{"label":"Clavier et souris USB espagnols (Nouveau) [AMP00068]","price":"12.0000","price_type":"quantity_based","image":0,"visibility":true}]}},"df_price":347.27,"df_sale_price":"","df_regular_price":347.27,"df_image_link":"https:\/\/zoca.es\/wp-content\/uploads\/images\/product\/14922\/hp03330_01-300x225.jpg","_links":{"self":[{"href":"https:\/\/zoca.es\/fr\/wp-json\/wp\/v2\/product\/209533","targetHints":{"allow":["GET"]}}],"collection":[{"href":"https:\/\/zoca.es\/fr\/wp-json\/wp\/v2\/product"}],"about":[{"href":"https:\/\/zoca.es\/fr\/wp-json\/wp\/v2\/types\/product"}],"wp:featuredmedia":[{"embeddable":true,"href":"https:\/\/zoca.es\/fr\/wp-json\/wp\/v2\/media\/209472"}],"wp:attachment":[{"href":"https:\/\/zoca.es\/fr\/wp-json\/wp\/v2\/media?parent=209533"}],"wp:term":[{"taxonomy":"product_brand","embeddable":true,"href":"https:\/\/zoca.es\/fr\/wp-json\/wp\/v2\/product_brand?post=209533"},{"taxonomy":"product_cat","embeddable":true,"href":"https:\/\/zoca.es\/fr\/wp-json\/wp\/v2\/product_cat?post=209533"},{"taxonomy":"product_tag","embeddable":true,"href":"https:\/\/zoca.es\/fr\/wp-json\/wp\/v2\/product_tag?post=209533"}],"curies":[{"name":"wp","href":"https:\/\/api.w.org\/{rel}","templated":true}]}}