{"id":206574,"date":"2026-03-23T15:44:00","date_gmt":"2026-03-23T14:44:00","guid":{"rendered":"https:\/\/zoca.es\/producto\/dell-latitude-14-5414-rugged-impecable-14-reconditionne-core-i5-24ghz-16-gb-ram-256-gb-ssd-1920x1080-fr-14884\/"},"modified":"2026-03-23T15:44:24","modified_gmt":"2026-03-23T14:44:24","slug":"dell-latitude-14-5414-rugged-impecable-14-reconditionne-core-i5-24ghz-16-gb-ram-256-gb-ssd-1920x1080-fr-14884","status":"publish","type":"product","link":"https:\/\/zoca.es\/fr\/produit\/dell-latitude-14-5414-rugged-impecable-14-reconditionne-core-i5-24ghz-16-gb-ram-256-gb-ssd-1920x1080-fr-14884\/","title":{"rendered":"Dell Latitude 14 5414 Rugged-Impecable 14\u00a0\u00bb | Reconditionn\u00e9 | Core i5 2.4GHz | 16 GB RAM | 256 GB SSD 1920&#215;1080"},"content":{"rendered":"<p><strong>Processeur<\/strong><br \/>Intel Core i5 6300U 2.4 GHz.<br \/><strong>M\u00e9moire RAM<\/strong><br \/>16 Gb. SO-DDR4 RAM<br \/><strong>Disque dur<\/strong><br \/>256 Gb. SSD<br \/><strong>Cartes<\/strong><br \/>Graphique: Intel Graphics 520<br \/>Son: Realtek High Definition Audio<br \/>R\u00e9seau: Intel Ethernet Connection I219-LM<br \/><strong>Syst\u00e8me op\u00e9ratif<\/strong><br \/>Windows 10 Pro<br \/><strong>Ports<\/strong><br \/>2x S\u00e9rie<br \/>USB 2.0<br \/>3x USB 3.0<br \/><strong>\u00c9cran<\/strong><br \/>Tactile 14 \u00a0\u00bb FullHD 16:9 \u00b7 R\u00e9solution 1920&#215;1080<br \/><strong>Autres ports<\/strong><br \/>PCMCIA<br \/>Express Card<br \/><strong>Ports vid\u00e9o<\/strong><br \/>VGA<br \/>HDMI<br \/><strong>Multim\u00e9dias<\/strong><br \/>Webcam<br \/>Lecteur SD<br \/><strong>Connectivit\u00e9<\/strong><br \/>2x RJ-45<br \/>WIFI<br \/>Bluetooth<br \/>4G<br \/><strong>Notebook sp\u00e9cifique<\/strong><br \/>Langue du clavier International (autocollants espagnols)<br \/><strong>Autres<\/strong><br \/>hR emballage<br \/><strong>Dimensions<\/strong><br \/>35x25x5.5 cm.<br \/><strong>Poids<\/strong><br \/>3.25 Kg.<br \/><strong>Sp\u00e9cifications suppl\u00e9mentaires<\/strong><br \/>Le Dell Latitude 14 5414 Rugged est un ordinateur portable robuste qui combine performance, durabilit\u00e9 et mobilit\u00e9 pour les professionnels travaillant dans des environnements exigeants, de l\u2019industrie et la logistique aux op\u00e9rations techniques sur le terrain. \u00c9quip\u00e9 d\u2019un processeur Intel Core i5 et de 16 Go de RAM, il offre fluidit\u00e9 dans les applications professionnelles, la gestion des donn\u00e9es et le multit\u00e2che, tandis que son SSD de 256 Go garantit un acc\u00e8s rapide aux fichiers et aux programmes. L\u2019\u00e9cran tactile FullHD de 14 pouces, compatible avec un stylet, permet une interaction pr\u00e9cise m\u00eame sous la lumi\u00e8re directe du soleil, tandis que son design ergonomique et r\u00e9sistant assure confort et productivit\u00e9 lors de longues journ\u00e9es de travail et de conditions difficiles.<strong>Caract\u00e9ristiques de robustesse :<\/strong><u>Ch\u00e2ssis renforc\u00e9 haute r\u00e9sistance :<\/u> Prot\u00e8ge l\u2019appareil contre les chocs, les chutes et les vibrations, en maintenant les composants internes intacts dans des environnements industriels ou sur le terrain.<u>Protection contre la poussi\u00e8re et la salet\u00e9<\/u> : Sa construction scell\u00e9e emp\u00eache l\u2019entr\u00e9e de particules, assurant un fonctionnement fiable m\u00eame dans des environnements poussi\u00e9reux.<u>R\u00e9sistance \u00e0 l\u2019eau et aux \u00e9claboussures<\/u> : Permet l\u2019utilisation s\u00e9curis\u00e9e de l\u2019ordinateur portable en ext\u00e9rieur sous une pluie l\u00e9g\u00e8re ou face \u00e0 des \u00e9claboussures accidentelles, sans compromettre les performances ni l\u2019int\u00e9grit\u00e9 des composants.<u>\u00c9cran tactile optimis\u00e9 pour l\u2019ext\u00e9rieur<\/u> : Garantit visibilit\u00e9 et pr\u00e9cision dans toutes les conditions d\u2019\u00e9clairage, facilitant l\u2019interaction directe et la prise de notes avec le stylet num\u00e9rique.<u>Design ergonomique et portable :<\/u> Facilite le transport et l\u2019utilisation prolong\u00e9e, offrant confort lors de journ\u00e9es de travail intensives hors du bureau.<u>Compatibilit\u00e9 avec stylet num\u00e9rique<\/u> : Am\u00e9liore la pr\u00e9cision dans les signatures, annotations et applications techniques directement sur l\u2019\u00e9cran.<strong>Certifications de robustesse :<\/strong><u>MIL-STD-810G <\/u>: Certification militaire garantissant r\u00e9sistance aux chutes, vibrations, chocs et conditions extr\u00eames de temp\u00e9rature, humidit\u00e9 et pression, assurant durabilit\u00e9 dans tout environnement professionnel.<u>IP-65 :<\/u> Garantit une protection totale contre la poussi\u00e8re et les jets d\u2019eau de n\u2019importe quelle direction, assurant que l\u2019appareil fonctionne en toute s\u00e9curit\u00e9 m\u00eame en ext\u00e9rieur sous la pluie ou dans des environnements humides.<strong>Aspect ext\u00e9rieur impeccable<\/strong>. Consultez \u201c+ Photos\u201d et \u00ab\u00a0Vid\u00e9o\u00a0\u00bb et si vous avez des questions appelez-nous ou utilisez notre chat pour obtenir plus d\u2019informations ou demander des d\u00e9tails suppl\u00e9mentaires.<br \/><strong>Commentaires<\/strong><br \/><u>Comprend un crayon<\/u><\/p>\n","protected":false},"excerpt":{"rendered":"<p>Intel Core i5 6300U 2.4 GHz. \u00b7 16 Gb. SO-DDR4 RAM \u00b7 256 Gb. SSD \u00b7 Windows 10 Pro \u00b7 <strong>Tactile 14 \u00a0\u00bb FullHD<\/strong> 16:9 \u00b7 Webcam \u00b7<br \/>\n<strong>Comprend un crayon<\/strong> \u00b7<u>Clavier international avec autocollants en fran\u00e7ais<\/u><\/p>\n","protected":false},"featured_media":206575,"template":"","meta":[],"product_brand":[3445],"product_cat":[2254,3068,2275],"product_tag":[],"class_list":{"0":"post-206574","1":"product","2":"type-product","3":"status-publish","4":"has-post-thumbnail","6":"product_brand-dell","7":"product_cat-notebooks-fr","8":"product_cat-ruggerized-fr","9":"product_cat-notebooks-ruggerized-fr","11":"first","12":"instock","13":"taxable","14":"shipping-taxable","15":"purchasable","16":"product-type-simple"},"bundled_by":[],"bundle_stock_status":"instock","bundle_stock_quantity":1,"bundle_virtual":false,"bundle_layout":"","bundle_add_to_cart_form_location":"","bundle_editable_in_cart":false,"bundle_sold_individually_context":"","bundle_item_grouping":"","bundle_min_size":"","bundle_max_size":"","bundle_price":[],"bundled_items":[],"bundle_sell_ids":[],"exclude_global_add_ons":true,"addons":{"keyboard-iso-upgrades":{"name":"Choisir langue du clavier","type":"multiple_choice","position":0,"required":false,"title_format":"heading","default":"","description_enable":false,"description":"","placeholder_enable":false,"placeholder":"","display":"radiobutton","restrictions_type":"any_text","adjust_price":false,"price":"","price_type":"quantity_based","restrictions":false,"min":"0","max":"0","options":[{"label":"Autocollants espagnols [AMP00082]","price":"0.0000","price_type":"quantity_based","image":0,"visibility":true},{"label":"Autocollants fran\u00e7ais [AMP00084]","price":"0.0000","price_type":"quantity_based","image":0,"visibility":true},{"label":"Autocollants portugais [AMP00083]","price":"0.0000","price_type":"quantity_based","image":0,"visibility":true}]},"ram-memory-upgrades":{"name":"Extension RAM","type":"multiple_choice","position":0,"required":false,"title_format":"heading","default":"","description_enable":false,"description":"","placeholder_enable":false,"placeholder":"","display":"radiobutton","restrictions_type":"any_text","adjust_price":false,"price":"","price_type":"quantity_based","restrictions":false,"min":"0","max":"0","options":[{"label":"Extension de 32 Gb de RAM SODIMM [AMP00098]","price":"150.0000","price_type":"quantity_based","image":0,"visibility":true}]},"hdd-upgrades":{"name":"Extension disque dur","type":"multiple_choice","position":0,"required":false,"title_format":"heading","default":"","description_enable":false,"description":"","placeholder_enable":false,"placeholder":"","display":"radiobutton","restrictions_type":"any_text","adjust_price":false,"price":"","price_type":"quantity_based","restrictions":false,"min":"0","max":"0","options":[{"label":"Passez au disque SSD de 480 Gb. [AMP00014]","price":"59.0000","price_type":"quantity_based","image":0,"visibility":true},{"label":"Passez au disque SSD 1 Tb. [AMP00071]","price":"95.0000","price_type":"quantity_based","image":0,"visibility":true}]},"os-upgrades":{"name":"Expansion SO","type":"multiple_choice","position":0,"required":false,"title_format":"heading","default":"","description_enable":false,"description":"","placeholder_enable":false,"placeholder":"","display":"radiobutton","restrictions_type":"any_text","adjust_price":false,"price":"","price_type":"quantity_based","restrictions":false,"min":"0","max":"0","options":[{"label":"Changer la langue en fran\u00e7ais [AMP00125]","price":"0.0000","price_type":"quantity_based","image":0,"visibility":true},{"label":"Changer la langue en anglais [AMP00008]","price":"0.0000","price_type":"quantity_based","image":0,"visibility":true},{"label":"Changer la langue en portugais [AMP00009]","price":"0.0000","price_type":"quantity_based","image":0,"visibility":true}]},"briefcase-upgrades":{"name":"Porte-documents","type":"multiple_choice","position":0,"required":false,"title_format":"heading","default":"","description_enable":false,"description":"","placeholder_enable":false,"placeholder":"","display":"radiobutton","restrictions_type":"any_text","adjust_price":false,"price":"","price_type":"quantity_based","restrictions":false,"min":"0","max":"0","options":[{"label":"Mallette Notebook [AMP00041]","price":"5.0000","price_type":"quantity_based","image":0,"visibility":true}]}},"df_price":625.57,"df_sale_price":"","df_regular_price":625.57,"df_image_link":"https:\/\/zoca.es\/wp-content\/uploads\/images\/product\/14884\/dell01675_01-300x225.jpg","_links":{"self":[{"href":"https:\/\/zoca.es\/fr\/wp-json\/wp\/v2\/product\/206574","targetHints":{"allow":["GET"]}}],"collection":[{"href":"https:\/\/zoca.es\/fr\/wp-json\/wp\/v2\/product"}],"about":[{"href":"https:\/\/zoca.es\/fr\/wp-json\/wp\/v2\/types\/product"}],"wp:featuredmedia":[{"embeddable":true,"href":"https:\/\/zoca.es\/fr\/wp-json\/wp\/v2\/media\/206575"}],"wp:attachment":[{"href":"https:\/\/zoca.es\/fr\/wp-json\/wp\/v2\/media?parent=206574"}],"wp:term":[{"taxonomy":"product_brand","embeddable":true,"href":"https:\/\/zoca.es\/fr\/wp-json\/wp\/v2\/product_brand?post=206574"},{"taxonomy":"product_cat","embeddable":true,"href":"https:\/\/zoca.es\/fr\/wp-json\/wp\/v2\/product_cat?post=206574"},{"taxonomy":"product_tag","embeddable":true,"href":"https:\/\/zoca.es\/fr\/wp-json\/wp\/v2\/product_tag?post=206574"}],"curies":[{"name":"wp","href":"https:\/\/api.w.org\/{rel}","templated":true}]}}