{"id":198019,"date":"2026-03-11T11:08:07","date_gmt":"2026-03-11T10:08:07","guid":{"rendered":"https:\/\/zoca.es\/producto\/dell-latitude-5290-125-reconditionne-core-i3-22ghz-8-gb-ram-128-gb-ssd-m2-1366x768-fr-14698\/"},"modified":"2026-03-11T11:08:27","modified_gmt":"2026-03-11T10:08:27","slug":"dell-latitude-5290-125-reconditionne-core-i3-22ghz-8-gb-ram-128-gb-ssd-m2-1366x768-fr-14698","status":"publish","type":"product","link":"https:\/\/zoca.es\/fr\/produit\/dell-latitude-5290-125-reconditionne-core-i3-22ghz-8-gb-ram-128-gb-ssd-m2-1366x768-fr-14698\/","title":{"rendered":"Dell Latitude 5290 12.5\u00a0\u00bb | Reconditionn\u00e9 | Core i3 2.2GHz | 8 GB RAM | 128 GB SSD M2 1366&#215;768"},"content":{"rendered":"<p><strong>Processeur<\/strong><br \/>Intel Core i3 8130U 2.2 GHz.<br \/><strong>M\u00e9moire RAM<\/strong><br \/>8 Gb. SO-DDR4 RAM<br \/><strong>Disque dur<\/strong><br \/>128 Gb. SSD M2<br \/><strong>Cartes<\/strong><br \/>Graphique: Intel HD Graphics 620<br \/>Son: Realtek HDA<br \/>R\u00e9seau: Intel Ethernet Connection I219-LM<br \/><strong>Syst\u00e8me op\u00e9ratif<\/strong><br \/>Windows 10 Pro<br \/><strong>Ports<\/strong><br \/>2x USB 3.0<br \/><strong>\u00c9cran<\/strong><br \/>Led 12.5 \u00a0\u00bb HD 16:9  \u00b7 R\u00e9solution 1366&#215;768<br \/><strong>Ports vid\u00e9o<\/strong><br \/>VGA<br \/>HDMI<br \/>Mini Display Port<br \/><strong>Multim\u00e9dias<\/strong><br \/>Webcam<br \/>Lecteur carte d&rsquo;identit\u00e9<br \/><strong>Connectivit\u00e9<\/strong><br \/>RJ-45<br \/>WIFI<br \/>Bluetooth<br \/><strong>Notebook sp\u00e9cifique<\/strong><br \/>Langue du clavier International (autocollants espagnols)<br \/><strong>Autres<\/strong><br \/>hR emballage<br \/><strong>Dimensions<\/strong><br \/>30.5x21x2 cm.<br \/><strong>Poids<\/strong><br \/>1.30 Kg.<br \/><strong>Sp\u00e9cifications suppl\u00e9mentaires<\/strong><br \/>Le Dell Latitude 5290 est un ordinateur portable professionnel compact de 12,5 pouces, con\u00e7u pour offrir mobilit\u00e9, fiabilit\u00e9 et performances efficaces dans les environnements professionnels. Sa taille r\u00e9duite et sa construction robuste en font une solution id\u00e9ale pour les utilisateurs qui doivent travailler confortablement aussi bien au bureau que lors de d\u00e9placements.<br \/>\u00c9quip\u00e9 d\u2019un processeur Intel Core i3-8130U \u00e0 2.2 GHz et de 8 Go de m\u00e9moire DDR4, il offre des performances fluides pour les t\u00e2ches bureautiques, la navigation web, la gestion de documents et les applications administratives. Son SSD M.2 de 128 Go garantit des d\u00e9marrages rapides du syst\u00e8me et un acc\u00e8s rapide aux programmes et aux fichiers.<br \/>L\u2019\u00e9cran LED de 12,5\u201d HD (1366&#215;768) offre un format compact qui facilite le transport sans renoncer \u00e0 un espace de travail confortable pour une utilisation quotidienne. De plus, il int\u00e8gre une webcam et un lecteur de DNI, permettant les vid\u00e9oconf\u00e9rences et l\u2019authentification s\u00e9curis\u00e9e sur des plateformes corporatives ou administratives.<br \/>Il inclut Windows 10 Pro, pr\u00eat pour les environnements professionnels et dot\u00e9 de fonctions avanc\u00e9es de s\u00e9curit\u00e9 et de gestion des \u00e9quipements au sein des infrastructures d\u2019entreprise.<br \/>Le Latitude 5290 se distingue par son \u00e9quilibre entre portabilit\u00e9, stabilit\u00e9 et fiabilit\u00e9 professionnelle, devenant une excellente option comme ordinateur portable professionnel compact pour le bureau, le t\u00e9l\u00e9travail ou la mobilit\u00e9, o\u00f9 la praticit\u00e9 et la s\u00e9curit\u00e9 sont fondamentales.<br \/><u>Il pr\u00e9sente une l\u00e9g\u00e8re cassure dans la coque de l\u2019\u00e9cran.<\/u> Regardez dans \u201c+ Photos\u201d et si vous avez des questions appelez-nous ou utilisez notre chat pour \u00e9largir les informations ou pour demander plus de d\u00e9tails.<\/p>\n","protected":false},"excerpt":{"rendered":"<p>Intel Core i3 8130U 2.2 GHz. \u00b7 8 Gb. SO-DDR4 RAM \u00b7 128 Gb. SSD M2 \u00b7 Windows 10 Pro \u00b7 Led 12.5 \u00a0\u00bb HD 16:9 \u00b7 Webcam \u00b7<u>Tr\u00e8s l\u00e9g\u00e8re fissure dans le bo\u00eetier \u00b7Clavier international avec autocollants en fran\u00e7ais<\/u><\/p>\n","protected":false},"featured_media":198020,"template":"","meta":[],"product_brand":[3445],"product_cat":[2254,3121],"product_tag":[],"class_list":{"0":"post-198019","1":"product","2":"type-product","3":"status-publish","4":"has-post-thumbnail","6":"product_brand-dell","7":"product_cat-notebooks-fr","8":"product_cat-notebooks-notebooks-fr","10":"first","11":"instock","12":"taxable","13":"shipping-taxable","14":"purchasable","15":"product-type-simple"},"bundled_by":[],"bundle_stock_status":"instock","bundle_stock_quantity":1,"bundle_virtual":false,"bundle_layout":"","bundle_add_to_cart_form_location":"","bundle_editable_in_cart":false,"bundle_sold_individually_context":"","bundle_item_grouping":"","bundle_min_size":"","bundle_max_size":"","bundle_price":[],"bundled_items":[],"bundle_sell_ids":[],"exclude_global_add_ons":true,"addons":{"keyboard-iso-upgrades":{"name":"Choisir langue du clavier","type":"multiple_choice","position":0,"required":false,"title_format":"heading","default":"","description_enable":false,"description":"","placeholder_enable":false,"placeholder":"","display":"radiobutton","restrictions_type":"any_text","adjust_price":false,"price":"","price_type":"quantity_based","restrictions":false,"min":"0","max":"0","options":[{"label":"Autocollants espagnols [AMP00082]","price":"0.0000","price_type":"quantity_based","image":0,"visibility":true},{"label":"Autocollants fran\u00e7ais [AMP00084]","price":"0.0000","price_type":"quantity_based","image":0,"visibility":true},{"label":"Autocollants portugais [AMP00083]","price":"0.0000","price_type":"quantity_based","image":0,"visibility":true}]},"ram-memory-upgrades":{"name":"Extension RAM","type":"multiple_choice","position":0,"required":false,"title_format":"heading","default":"","description_enable":false,"description":"","placeholder_enable":false,"placeholder":"","display":"radiobutton","restrictions_type":"any_text","adjust_price":false,"price":"","price_type":"quantity_based","restrictions":false,"min":"0","max":"0","options":[{"label":"Extension de 16 Gb Gb de RAM SO-DIMM DDR4 [AMP00081]","price":"60.0000","price_type":"quantity_based","image":0,"visibility":true}]},"hdd-upgrades":{"name":"Extension disque dur","type":"multiple_choice","position":0,"required":false,"title_format":"heading","default":"","description_enable":false,"description":"","placeholder_enable":false,"placeholder":"","display":"radiobutton","restrictions_type":"any_text","adjust_price":false,"price":"","price_type":"quantity_based","restrictions":false,"min":"0","max":"0","options":[{"label":"Passez au disque SSD de 500 Gb. M.2 2280PCIe [AMP00106]","price":110,"price_type":"quantity_based","image":0,"visibility":true},{"label":"Passez au disque SSD 1 Tb. M.2 2280 PCIe [AMP00107]","price":165,"price_type":"quantity_based","image":0,"visibility":true}]},"os-upgrades":{"name":"Expansion SO","type":"multiple_choice","position":0,"required":false,"title_format":"heading","default":"","description_enable":false,"description":"","placeholder_enable":false,"placeholder":"","display":"radiobutton","restrictions_type":"any_text","adjust_price":false,"price":"","price_type":"quantity_based","restrictions":false,"min":"0","max":"0","options":[{"label":"Changer la langue en fran\u00e7ais [AMP00125]","price":"0.0000","price_type":"quantity_based","image":0,"visibility":true},{"label":"Changer la langue en anglais [AMP00008]","price":"0.0000","price_type":"quantity_based","image":0,"visibility":true},{"label":"Changer la langue en portugais [AMP00009]","price":"0.0000","price_type":"quantity_based","image":0,"visibility":true}]},"briefcase-upgrades":{"name":"Porte-documents","type":"multiple_choice","position":0,"required":false,"title_format":"heading","default":"","description_enable":false,"description":"","placeholder_enable":false,"placeholder":"","display":"radiobutton","restrictions_type":"any_text","adjust_price":false,"price":"","price_type":"quantity_based","restrictions":false,"min":"0","max":"0","options":[{"label":"Mallette Notebook [AMP00041]","price":"5.0000","price_type":"quantity_based","image":0,"visibility":true}]}},"df_price":254.1,"df_sale_price":"","df_regular_price":254.1,"df_image_link":"https:\/\/zoca.es\/wp-content\/uploads\/images\/product\/14698\/dell01639_01-300x225.jpg","_links":{"self":[{"href":"https:\/\/zoca.es\/fr\/wp-json\/wp\/v2\/product\/198019","targetHints":{"allow":["GET"]}}],"collection":[{"href":"https:\/\/zoca.es\/fr\/wp-json\/wp\/v2\/product"}],"about":[{"href":"https:\/\/zoca.es\/fr\/wp-json\/wp\/v2\/types\/product"}],"wp:featuredmedia":[{"embeddable":true,"href":"https:\/\/zoca.es\/fr\/wp-json\/wp\/v2\/media\/198020"}],"wp:attachment":[{"href":"https:\/\/zoca.es\/fr\/wp-json\/wp\/v2\/media?parent=198019"}],"wp:term":[{"taxonomy":"product_brand","embeddable":true,"href":"https:\/\/zoca.es\/fr\/wp-json\/wp\/v2\/product_brand?post=198019"},{"taxonomy":"product_cat","embeddable":true,"href":"https:\/\/zoca.es\/fr\/wp-json\/wp\/v2\/product_cat?post=198019"},{"taxonomy":"product_tag","embeddable":true,"href":"https:\/\/zoca.es\/fr\/wp-json\/wp\/v2\/product_tag?post=198019"}],"curies":[{"name":"wp","href":"https:\/\/api.w.org\/{rel}","templated":true}]}}