{"id":196672,"date":"2026-03-09T13:55:41","date_gmt":"2026-03-09T12:55:41","guid":{"rendered":"https:\/\/zoca.es\/producto\/telephonie-ip-grandstream-gxp2200ext-expansion-module-nuevo-reconditionne-fr-14111\/"},"modified":"2026-03-09T13:55:48","modified_gmt":"2026-03-09T12:55:48","slug":"telephonie-ip-grandstream-gxp2200ext-expansion-module-nuevo-reconditionne-fr-14111","status":"publish","type":"product","link":"https:\/\/zoca.es\/fr\/produit\/telephonie-ip-grandstream-gxp2200ext-expansion-module-nuevo-reconditionne-fr-14111\/","title":{"rendered":"T\u00e9l\u00e9phonie IP Grandstream GXP2200EXT Expansion Module-Nuevo | Reconditionn\u00e9"},"content":{"rendered":"<p><b>Lignes<\/b><br \/>20 par page (chaque module contient 2 pages, pour un maximum de 40 lignes par module)<br \/>Jusqu\u2019\u00e0 160 avec 4 modules en cha\u00eene<br \/><b>T\u00e9l\u00e9phones IP Grandstream compatibles<\/b><br \/>GXP2140, GXP2170 et GXV3240<br \/><b>Compatibilit\u00e9 des fonctions<\/b><br \/>GUI locale avec animation contr\u00f4l\u00e9e depuis le t\u00e9l\u00e9phone h\u00f4te GXP2140 ou GXP3240 ; Multiples apparences de ligne\/appel<br \/><b>Alimentation :<\/b><br \/>Fournie par le t\u00e9l\u00e9phone h\u00f4te<br \/><b>Mises \u00e0 jour du firmware :<\/b><br \/>Livr\u00e9es par le t\u00e9l\u00e9phone h\u00f4te<br \/><b>Poids :<\/b><br \/>0,38 kg<\/p>\n","protected":false},"excerpt":{"rendered":"<p>40 lignes par module &#8211; Jusqu&rsquo;\u00e0 160 lignes avec 4 modules dans une cha\u00eene &#8211; Valable pour GXP2140, GXP2170 et GXV3240 &#8211; <strong>Nouveau produit non scell\u00e9<\/strong><\/p>\n","protected":false},"featured_media":196673,"template":"","meta":[],"product_brand":[4425],"product_cat":[3220,80],"product_tag":[],"class_list":{"0":"post-196672","1":"product","2":"type-product","3":"status-publish","4":"has-post-thumbnail","6":"product_brand-grandstream","7":"product_cat-networking-telephonie-ip-fr","8":"product_cat-networking-fr","10":"first","11":"instock","12":"taxable","13":"shipping-taxable","14":"purchasable","15":"product-type-simple"},"bundled_by":[],"bundle_stock_status":"instock","bundle_stock_quantity":3,"bundle_virtual":false,"bundle_layout":"","bundle_add_to_cart_form_location":"","bundle_editable_in_cart":false,"bundle_sold_individually_context":"","bundle_item_grouping":"","bundle_min_size":"","bundle_max_size":"","bundle_price":[],"bundled_items":[],"bundle_sell_ids":[],"exclude_global_add_ons":[],"addons":[],"df_price":102.85,"df_sale_price":"","df_regular_price":102.85,"df_image_link":"https:\/\/zoca.es\/wp-content\/uploads\/images\/product\/14111\/gran00001_01-300x225.jpg","_links":{"self":[{"href":"https:\/\/zoca.es\/fr\/wp-json\/wp\/v2\/product\/196672","targetHints":{"allow":["GET"]}}],"collection":[{"href":"https:\/\/zoca.es\/fr\/wp-json\/wp\/v2\/product"}],"about":[{"href":"https:\/\/zoca.es\/fr\/wp-json\/wp\/v2\/types\/product"}],"wp:featuredmedia":[{"embeddable":true,"href":"https:\/\/zoca.es\/fr\/wp-json\/wp\/v2\/media\/196673"}],"wp:attachment":[{"href":"https:\/\/zoca.es\/fr\/wp-json\/wp\/v2\/media?parent=196672"}],"wp:term":[{"taxonomy":"product_brand","embeddable":true,"href":"https:\/\/zoca.es\/fr\/wp-json\/wp\/v2\/product_brand?post=196672"},{"taxonomy":"product_cat","embeddable":true,"href":"https:\/\/zoca.es\/fr\/wp-json\/wp\/v2\/product_cat?post=196672"},{"taxonomy":"product_tag","embeddable":true,"href":"https:\/\/zoca.es\/fr\/wp-json\/wp\/v2\/product_tag?post=196672"}],"curies":[{"name":"wp","href":"https:\/\/api.w.org\/{rel}","templated":true}]}}