{"id":194685,"date":"2026-03-06T11:08:07","date_gmt":"2026-03-06T10:08:07","guid":{"rendered":"https:\/\/zoca.es\/producto\/hp-prodesk-600-g5-impecable-sff-reconditionne-core-i7-3ghz-16-gb-ram-512-gb-ssd-m2-fr-14802\/"},"modified":"2026-03-06T11:08:26","modified_gmt":"2026-03-06T10:08:26","slug":"hp-prodesk-600-g5-impecable-sff-reconditionne-core-i7-3ghz-16-gb-ram-512-gb-ssd-m2-fr-14802","status":"publish","type":"product","link":"https:\/\/zoca.es\/fr\/produit\/hp-prodesk-600-g5-impecable-sff-reconditionne-core-i7-3ghz-16-gb-ram-512-gb-ssd-m2-fr-14802\/","title":{"rendered":"HP ProDesk 600 G5-Impecable SFF | Reconditionn\u00e9 | Core i7 3GHz | 16 GB RAM | 512 GB SSD M2"},"content":{"rendered":"<p><strong>Processeur<\/strong><br \/>Intel Core i7 9700 3 GHz.<br \/><strong>Facteur de forme<\/strong><br \/>SFF<br \/><strong>M\u00e9moire RAM<\/strong><br \/>16 Gb. DDR4 RAM<br \/><strong>Disque dur<\/strong><br \/>512 Gb. SSD M2<br \/><strong>Cartes<\/strong><br \/>Graphique: Intel UHD Graphics 630<br \/>Son: Synaptics HD Audio<br \/>R\u00e9seau: Intel Ethernet Connection I219-LM<br \/><strong>Syst\u00e8me op\u00e9ratif<\/strong><br \/>Windows 11 Pro<br \/><strong>Ports<\/strong><br \/>4x USB 2.0<br \/>6x USB 3.0<br \/>USB-C<br \/><strong>Ports vid\u00e9o<\/strong><br \/>2x Display Port<br \/><strong>Connectivit\u00e9<\/strong><br \/>RJ-45<br \/><strong>Autres<\/strong><br \/>hR emballage<br \/><strong>Dimensions<\/strong><br \/>33.5&#215;32.5&#215;10 cm.<br \/><strong>Poids<\/strong><br \/>6.13 Kg.<br \/><strong>Sp\u00e9cifications suppl\u00e9mentaires<\/strong><br \/>Le HP ProDesk 600 G5 SFF est un ordinateur de bureau professionnel con\u00e7u pour offrir des performances \u00e9lev\u00e9es, une grande stabilit\u00e9 et une capacit\u00e9 d\u2019\u00e9volution dans des environnements de travail exigeants. \u00c9quip\u00e9 du Intel Core i7-9700 \u00e0 8 c\u0153urs \u00e0 3 GHz, ce syst\u00e8me fournit une puissance remarquable pour le multit\u00e2che intensif, la gestion d\u2019entreprise avanc\u00e9e, les applications professionnelles et les flux de travail n\u00e9cessitant rapidit\u00e9 et fiabilit\u00e9 constantes.Ses 16 Go de m\u00e9moire DDR4 permettent de travailler avec plusieurs applications simultan\u00e9ment sans perte de performance, tandis que le SSD M.2 de 512 Go offre des d\u00e9marrages ultra rapides et un acc\u00e8s imm\u00e9diat aux fichiers et programmes, am\u00e9liorant significativement la productivit\u00e9 quotidienne. Avec Windows 11 Pro, ce PC de bureau pour entreprise int\u00e8gre des outils avanc\u00e9s de s\u00e9curit\u00e9, de gestion et de connectivit\u00e9 adapt\u00e9s aux environnements professionnels modernes.Le design SFF (Small Form Factor) permet de gagner de la place sur le bureau sans renoncer \u00e0 la robustesse ni aux possibilit\u00e9s d\u2019extension. Ses slots PCIe x16 et x4 offrent la possibilit\u00e9 d\u2019int\u00e9grer des cartes graphiques professionnelles, des contr\u00f4leurs ou des solutions sp\u00e9cifiques selon l\u2019\u00e9volution des besoins de l\u2019environnement de travail.Avec une construction solide et des composants con\u00e7us pour un usage intensif, le ProDesk 600 G5 se distingue comme un ordinateur fiable pour bureau, pr\u00eat \u00e0 fonctionner pendant de longues journ\u00e9es de travail avec une stabilit\u00e9 totale. Un desktop puissant et \u00e9quilibr\u00e9, id\u00e9al pour les organisations et les professionnels recherchant des performances durables, une efficacit\u00e9 \u00e9nerg\u00e9tique et un syst\u00e8me pr\u00eat \u00e0 \u00e9voluer avec l\u2019activit\u00e9.<strong>Aspect ext\u00e9rieur impeccable<\/strong>. Regardez dans \u00ab + Photos \u00bb et \u00ab Vid\u00e9o \u00bb et si vous avez des questions appelez-nous ou utilisez notre chat pour \u00e9largir les informations ou demander plus de d\u00e9tails.<br \/><strong>Commentaires<\/strong><br \/><u>1xPCIe X16 \/ 1xPCIe X4<\/u><\/p>\n","protected":false},"excerpt":{"rendered":"<p>Intel Core i7 9700 3 GHz. \u00b7 16 Gb. DDR4 RAM \u00b7 512 Gb. SSD M2 \u00b7 <strong>Windows 11 Pro<\/strong> \u00b7<br \/>\n<u>1xPCIe X16 \/ 1xPCIe X4<\/u><\/p>\n","protected":false},"featured_media":194686,"template":"","meta":[],"product_brand":[3453],"product_cat":[3124,2219],"product_tag":[],"class_list":{"0":"post-194685","1":"product","2":"type-product","3":"status-publish","4":"has-post-thumbnail","6":"product_brand-hp","7":"product_cat-ordinateurs-ordinateurs-fr","8":"product_cat-ordinateurs-fr","10":"first","11":"instock","12":"taxable","13":"shipping-taxable","14":"purchasable","15":"product-type-simple"},"bundled_by":[],"bundle_stock_status":"instock","bundle_stock_quantity":7,"bundle_virtual":false,"bundle_layout":"","bundle_add_to_cart_form_location":"","bundle_editable_in_cart":false,"bundle_sold_individually_context":"","bundle_item_grouping":"","bundle_min_size":"","bundle_max_size":"","bundle_price":[],"bundled_items":[],"bundle_sell_ids":[],"exclude_global_add_ons":true,"addons":{"webcam-upgrades":{"name":"Extension Webcam","type":"multiple_choice","position":0,"required":false,"title_format":"heading","default":"","description_enable":false,"description":"","placeholder_enable":false,"placeholder":"","display":"radiobutton","restrictions_type":"any_text","adjust_price":false,"price":"","price_type":"quantity_based","restrictions":false,"min":"0","max":"0","options":[{"label":"Conceptronic AMDIS FullHD [AMP00085]","price":"29.0000","price_type":"quantity_based","image":0,"visibility":true}]},"ram-memory-upgrades":{"name":"Extension RAM","type":"multiple_choice","position":0,"required":false,"title_format":"heading","default":"","description_enable":false,"description":"","placeholder_enable":false,"placeholder":"","display":"radiobutton","restrictions_type":"any_text","adjust_price":false,"price":"","price_type":"quantity_based","restrictions":false,"min":"0","max":"0","options":[{"label":"Extension de 32 Gb de RAM DIMM [AMP00122]","price":"150.0000","price_type":"quantity_based","image":0,"visibility":true}]},"hdd-upgrades":{"name":"Extension disque dur","type":"multiple_choice","position":0,"required":false,"title_format":"heading","default":"","description_enable":false,"description":"","placeholder_enable":false,"placeholder":"","display":"radiobutton","restrictions_type":"any_text","adjust_price":false,"price":"","price_type":"quantity_based","restrictions":false,"min":"0","max":"0","options":[{"label":"Passez au disque SSD 1 Tb. M.2 2280 PCIe [AMP00107]","price":165,"price_type":"quantity_based","image":0,"visibility":true},{"label":"Passez au disque SSD 2 Tb. M.2 2280 PCIe [AMP00171]","price":260,"price_type":"quantity_based","image":0,"visibility":true}]},"graphic-card-upgrades":{"name":"Extension carte graphique","type":"multiple_choice","position":0,"required":false,"title_format":"heading","default":"","description_enable":false,"description":"","placeholder_enable":false,"placeholder":"","display":"radiobutton","restrictions_type":"any_text","adjust_price":false,"price":"","price_type":"quantity_based","restrictions":false,"min":"0","max":"0","options":[{"label":"Graphique T. 2 Gb. (1xDVI, 1xHDMI) [AMP00010]","price":"60.0000","price_type":"quantity_based","image":0,"visibility":true}]},"network-card-upgrades":{"name":"Extension WIFI","type":"multiple_choice","position":0,"required":false,"title_format":"heading","default":"","description_enable":false,"description":"","placeholder_enable":false,"placeholder":"","display":"radiobutton","restrictions_type":"any_text","adjust_price":false,"price":"","price_type":"quantity_based","restrictions":false,"min":"0","max":"0","options":[{"label":"Mise \u00e0 niveau de la carte PCI Wi-Fi [AMP00017]","price":"15.0000","price_type":"quantity_based","image":0,"visibility":true},{"label":"Mise \u00e0 niveau nano USB sans fil [AMP00018]","price":"12.0000","price_type":"quantity_based","image":0,"visibility":true}]},"os-upgrades":{"name":"Expansion SO","type":"multiple_choice","position":0,"required":false,"title_format":"heading","default":"","description_enable":false,"description":"","placeholder_enable":false,"placeholder":"","display":"radiobutton","restrictions_type":"any_text","adjust_price":false,"price":"","price_type":"quantity_based","restrictions":false,"min":"0","max":"0","options":[{"label":"Changer la langue en fran\u00e7ais [AMP00125]","price":"0.0000","price_type":"quantity_based","image":0,"visibility":true},{"label":"Changer la langue en anglais [AMP00008]","price":"0.0000","price_type":"quantity_based","image":0,"visibility":true},{"label":"Changer la langue en portugais [AMP00009]","price":"0.0000","price_type":"quantity_based","image":0,"visibility":true}]},"keyboard-upgrades":{"name":"Extension clavier","type":"multiple_choice","position":0,"required":false,"title_format":"heading","default":"","description_enable":false,"description":"","placeholder_enable":false,"placeholder":"","display":"radiobutton","restrictions_type":"any_text","adjust_price":false,"price":"","price_type":"quantity_based","restrictions":false,"min":"0","max":"0","options":[{"label":"Clavier et souris [AMP00020]","price":"8.0000","price_type":"quantity_based","image":0,"visibility":true},{"label":"Clavier et souris Portuguese New [AMP00088]","price":"15.0000","price_type":"quantity_based","image":0,"visibility":true},{"label":"Clavier et souris USB espagnols (Nouveau) [AMP00068]","price":"12.0000","price_type":"quantity_based","image":0,"visibility":true}]}},"df_price":521.51,"df_sale_price":"","df_regular_price":521.51,"df_image_link":"https:\/\/zoca.es\/wp-content\/uploads\/images\/product\/14802\/hp03290_01-300x225.jpg","_links":{"self":[{"href":"https:\/\/zoca.es\/fr\/wp-json\/wp\/v2\/product\/194685","targetHints":{"allow":["GET"]}}],"collection":[{"href":"https:\/\/zoca.es\/fr\/wp-json\/wp\/v2\/product"}],"about":[{"href":"https:\/\/zoca.es\/fr\/wp-json\/wp\/v2\/types\/product"}],"wp:featuredmedia":[{"embeddable":true,"href":"https:\/\/zoca.es\/fr\/wp-json\/wp\/v2\/media\/194686"}],"wp:attachment":[{"href":"https:\/\/zoca.es\/fr\/wp-json\/wp\/v2\/media?parent=194685"}],"wp:term":[{"taxonomy":"product_brand","embeddable":true,"href":"https:\/\/zoca.es\/fr\/wp-json\/wp\/v2\/product_brand?post=194685"},{"taxonomy":"product_cat","embeddable":true,"href":"https:\/\/zoca.es\/fr\/wp-json\/wp\/v2\/product_cat?post=194685"},{"taxonomy":"product_tag","embeddable":true,"href":"https:\/\/zoca.es\/fr\/wp-json\/wp\/v2\/product_tag?post=194685"}],"curies":[{"name":"wp","href":"https:\/\/api.w.org\/{rel}","templated":true}]}}