{"id":194505,"date":"2026-03-06T10:52:14","date_gmt":"2026-03-06T09:52:14","guid":{"rendered":"https:\/\/zoca.es\/producto\/hp-prodesk-600-g5-impecable-sff-reconditionne-core-i7-32ghz-16-gb-ram-512-gb-ssd-m2-fr-14764\/"},"modified":"2026-03-23T15:17:04","modified_gmt":"2026-03-23T14:17:04","slug":"hp-prodesk-600-g5-impecable-sff-reconditionne-core-i7-32ghz-16-gb-ram-512-gb-ssd-m2-fr-14764","status":"publish","type":"product","link":"https:\/\/zoca.es\/fr\/produit\/hp-prodesk-600-g5-impecable-sff-reconditionne-core-i7-32ghz-16-gb-ram-512-gb-ssd-m2-fr-14764\/","title":{"rendered":"HP ProDesk 600 G5-Impecable SFF | Reconditionn\u00e9 | Core i7 3.2GHz | 16 GB RAM | 512 GB SSD M2"},"content":{"rendered":"<p><strong>Processeur<\/strong><br \/>Intel Core i7 8700 3.2 GHz.<br \/><strong>Facteur de forme<\/strong><br \/>SFF<br \/><strong>M\u00e9moire RAM<\/strong><br \/>16 Gb. DDR4 RAM<br \/><strong>Disque dur<\/strong><br \/>512 Gb. SSD M2<br \/><strong>Cartes<\/strong><br \/>Graphique: Intel UHD Graphics 630<br \/>Son: Synaptics HD Audio<br \/>R\u00e9seau: Intel Ethernet Connection I219-LM<br \/><strong>Syst\u00e8me op\u00e9ratif<\/strong><br \/>Windows 11 Pro<br \/><strong>Ports<\/strong><br \/>S\u00e9rie<br \/>4x USB 2.0<br \/>6x USB 3.0<br \/>USB-C<br \/><strong>Ports vid\u00e9o<\/strong><br \/>2x Display Port<br \/><strong>Connectivit\u00e9<\/strong><br \/>RJ-45<br \/><strong>Autres<\/strong><br \/>hR emballage<br \/><strong>Dimensions<\/strong><br \/>33.5&#215;32.5&#215;10 cm.<br \/><strong>Poids<\/strong><br \/>6.13 Kg.<br \/><strong>Sp\u00e9cifications suppl\u00e9mentaires<\/strong><br \/>Le HP ProDesk 600 G5 SFF est un ordinateur de bureau professionnel con\u00e7u pour offrir des performances \u00e9lev\u00e9es et une grande fiabilit\u00e9 dans des environnements de travail exigeants. Gr\u00e2ce \u00e0 son Intel Core i7-8700 \u00e0 6 c\u0153urs \u00e0 3,2 GHz, ce syst\u00e8me fournit une puissance remarquable pour le multit\u00e2che intensif, les applications d\u2019entreprise, les logiciels de gestion avanc\u00e9e et les environnements de productivit\u00e9 professionnelle o\u00f9 la stabilit\u00e9 est essentielle.<br \/>\u00c9quip\u00e9 de 16 Go de m\u00e9moire DDR4, il permet de travailler avec plusieurs applications simultan\u00e9ment avec une grande fluidit\u00e9, en maintenant des performances constantes tout au long de la journ\u00e9e de travail. Le SSD M.2 de 512 Go garantit des d\u00e9marrages rapides du syst\u00e8me, un chargement imm\u00e9diat des programmes et un acc\u00e8s rapide aux donn\u00e9es, optimisant ainsi l\u2019efficacit\u00e9 quotidienne du poste de travail. Avec Windows 11 Pro, ce PC de bureau pour entreprise int\u00e8gre des fonctions modernes de s\u00e9curit\u00e9, d\u2019administration et de connectivit\u00e9 adapt\u00e9es aux environnements professionnels actuels.<br \/>Son ch\u00e2ssis SFF (Small Form Factor) permet d\u2019int\u00e9grer facilement l\u2019\u00e9quipement sur des bureaux o\u00f9 l\u2019espace est limit\u00e9 sans renoncer aux possibilit\u00e9s d\u2019extension. Il dispose de slots PCIe x16 et x4, ce qui facilite l\u2019ajout de cartes graphiques, de contr\u00f4leurs ou d\u2019autres composants pour adapter le syst\u00e8me \u00e0 de nouveaux besoins technologiques.<br \/>Robuste, efficace et con\u00e7u pour fonctionner en continu, le ProDesk 600 G5 SFF se distingue comme un ordinateur de bureau fiable qui combine puissance, stabilit\u00e9 et \u00e9volutivit\u00e9. Un desktop puissant et \u00e9quilibr\u00e9, id\u00e9al pour les organisations et les professionnels qui recherchent une productivit\u00e9 constante, une grande durabilit\u00e9 et un investissement technologique pr\u00eat \u00e0 \u00e9voluer avec le temps.<br \/><b>Aspect ext\u00e9rieur impeccable<\/b>. Regardez dans \u00ab + Photos \u00bb et \u00ab Vid\u00e9o \u00bb et si vous avez des questions appelez-nous ou utilisez notre chat pour \u00e9largir les informations ou demander plus de d\u00e9tails.<br \/><strong>Commentaires<\/strong><br \/><u>1xPCIe X16 \/ 1xPCIe X4<\/u><\/p>\n","protected":false},"excerpt":{"rendered":"<p>Intel Core i7 8700 3.2 GHz. \u00b7 16 Gb. DDR4 RAM \u00b7 512 Gb. SSD M2 \u00b7 <strong>Windows 11 Pro<\/strong> \u00b7<br \/>\n<u>1xPCIe X16 \/ 1xPCIe X4<\/u><\/p>\n","protected":false},"featured_media":194434,"template":"","meta":[],"product_brand":[3453],"product_cat":[3124,2219],"product_tag":[],"class_list":{"0":"post-194505","1":"product","2":"type-product","3":"status-publish","4":"has-post-thumbnail","6":"product_brand-hp","7":"product_cat-ordinateurs-ordinateurs-fr","8":"product_cat-ordinateurs-fr","10":"first","11":"instock","12":"taxable","13":"shipping-taxable","14":"purchasable","15":"product-type-simple"},"bundled_by":[],"bundle_stock_status":"instock","bundle_stock_quantity":9,"bundle_virtual":false,"bundle_layout":"","bundle_add_to_cart_form_location":"","bundle_editable_in_cart":false,"bundle_sold_individually_context":"","bundle_item_grouping":"","bundle_min_size":"","bundle_max_size":"","bundle_price":[],"bundled_items":[],"bundle_sell_ids":[],"exclude_global_add_ons":true,"addons":{"webcam-upgrades":{"name":"Extension Webcam","type":"multiple_choice","position":0,"required":false,"title_format":"heading","default":"","description_enable":false,"description":"","placeholder_enable":false,"placeholder":"","display":"radiobutton","restrictions_type":"any_text","adjust_price":false,"price":"","price_type":"quantity_based","restrictions":false,"min":"0","max":"0","options":[{"label":"Conceptronic AMDIS FullHD [AMP00085]","price":"29.0000","price_type":"quantity_based","image":0,"visibility":true}]},"ram-memory-upgrades":{"name":"Extension RAM","type":"multiple_choice","position":0,"required":false,"title_format":"heading","default":"","description_enable":false,"description":"","placeholder_enable":false,"placeholder":"","display":"radiobutton","restrictions_type":"any_text","adjust_price":false,"price":"","price_type":"quantity_based","restrictions":false,"min":"0","max":"0","options":[{"label":"Extension de 32 Gb de RAM DIMM [AMP00122]","price":"150.0000","price_type":"quantity_based","image":0,"visibility":true}]},"hdd-upgrades":{"name":"Extension disque dur","type":"multiple_choice","position":0,"required":false,"title_format":"heading","default":"","description_enable":false,"description":"","placeholder_enable":false,"placeholder":"","display":"radiobutton","restrictions_type":"any_text","adjust_price":false,"price":"","price_type":"quantity_based","restrictions":false,"min":"0","max":"0","options":[{"label":"Passez au disque SSD 1 Tb. M.2 2280 PCIe [AMP00107]","price":"165.0000","price_type":"quantity_based","image":0,"visibility":true},{"label":"Passez au disque SSD 2 Tb. M.2 2280 PCIe [AMP00171]","price":"260.0000","price_type":"quantity_based","image":0,"visibility":true}]},"graphic-card-upgrades":{"name":"Extension carte graphique","type":"multiple_choice","position":0,"required":false,"title_format":"heading","default":"","description_enable":false,"description":"","placeholder_enable":false,"placeholder":"","display":"radiobutton","restrictions_type":"any_text","adjust_price":false,"price":"","price_type":"quantity_based","restrictions":false,"min":"0","max":"0","options":[{"label":"Graphique T. 2 Gb. (1xDVI, 1xHDMI) [AMP00010]","price":"60.0000","price_type":"quantity_based","image":0,"visibility":true}]},"network-card-upgrades":{"name":"Extension WIFI","type":"multiple_choice","position":0,"required":false,"title_format":"heading","default":"","description_enable":false,"description":"","placeholder_enable":false,"placeholder":"","display":"radiobutton","restrictions_type":"any_text","adjust_price":false,"price":"","price_type":"quantity_based","restrictions":false,"min":"0","max":"0","options":[{"label":"Mise \u00e0 niveau de la carte PCI Wi-Fi [AMP00017]","price":"15.0000","price_type":"quantity_based","image":0,"visibility":true},{"label":"Mise \u00e0 niveau nano USB sans fil [AMP00018]","price":"12.0000","price_type":"quantity_based","image":0,"visibility":true}]},"os-upgrades":{"name":"Expansion SO","type":"multiple_choice","position":0,"required":false,"title_format":"heading","default":"","description_enable":false,"description":"","placeholder_enable":false,"placeholder":"","display":"radiobutton","restrictions_type":"any_text","adjust_price":false,"price":"","price_type":"quantity_based","restrictions":false,"min":"0","max":"0","options":[{"label":"Changer la langue en fran\u00e7ais [AMP00125]","price":"0.0000","price_type":"quantity_based","image":0,"visibility":true},{"label":"Changer la langue en anglais [AMP00008]","price":"0.0000","price_type":"quantity_based","image":0,"visibility":true},{"label":"Changer la langue en portugais [AMP00009]","price":"0.0000","price_type":"quantity_based","image":0,"visibility":true}]},"keyboard-upgrades":{"name":"Extension clavier","type":"multiple_choice","position":0,"required":false,"title_format":"heading","default":"","description_enable":false,"description":"","placeholder_enable":false,"placeholder":"","display":"radiobutton","restrictions_type":"any_text","adjust_price":false,"price":"","price_type":"quantity_based","restrictions":false,"min":"0","max":"0","options":[{"label":"Clavier et souris [AMP00020]","price":"8.0000","price_type":"quantity_based","image":0,"visibility":true},{"label":"Clavier et souris Portuguese New [AMP00088]","price":"15.0000","price_type":"quantity_based","image":0,"visibility":true},{"label":"Clavier et souris USB espagnols (Nouveau) [AMP00068]","price":"12.0000","price_type":"quantity_based","image":0,"visibility":true}]}},"df_price":479.16,"df_sale_price":"","df_regular_price":479.16,"df_image_link":"https:\/\/zoca.es\/wp-content\/uploads\/images\/product\/14764\/hp03275_01-300x225.jpg","_links":{"self":[{"href":"https:\/\/zoca.es\/fr\/wp-json\/wp\/v2\/product\/194505","targetHints":{"allow":["GET"]}}],"collection":[{"href":"https:\/\/zoca.es\/fr\/wp-json\/wp\/v2\/product"}],"about":[{"href":"https:\/\/zoca.es\/fr\/wp-json\/wp\/v2\/types\/product"}],"wp:featuredmedia":[{"embeddable":true,"href":"https:\/\/zoca.es\/fr\/wp-json\/wp\/v2\/media\/194434"}],"wp:attachment":[{"href":"https:\/\/zoca.es\/fr\/wp-json\/wp\/v2\/media?parent=194505"}],"wp:term":[{"taxonomy":"product_brand","embeddable":true,"href":"https:\/\/zoca.es\/fr\/wp-json\/wp\/v2\/product_brand?post=194505"},{"taxonomy":"product_cat","embeddable":true,"href":"https:\/\/zoca.es\/fr\/wp-json\/wp\/v2\/product_cat?post=194505"},{"taxonomy":"product_tag","embeddable":true,"href":"https:\/\/zoca.es\/fr\/wp-json\/wp\/v2\/product_tag?post=194505"}],"curies":[{"name":"wp","href":"https:\/\/api.w.org\/{rel}","templated":true}]}}