{"id":191823,"date":"2026-03-02T12:51:20","date_gmt":"2026-03-02T11:51:20","guid":{"rendered":"https:\/\/zoca.es\/producto\/hp-elite-x2-g8-13-reconditionne-core-i5-26ghz-8-gb-ram-256-gb-ssd-m2-1920x1080-fr-14737\/"},"modified":"2026-03-02T12:51:37","modified_gmt":"2026-03-02T11:51:37","slug":"hp-elite-x2-g8-13-reconditionne-core-i5-26ghz-8-gb-ram-256-gb-ssd-m2-1920x1080-fr-14737","status":"publish","type":"product","link":"https:\/\/zoca.es\/fr\/produit\/hp-elite-x2-g8-13-reconditionne-core-i5-26ghz-8-gb-ram-256-gb-ssd-m2-1920x1080-fr-14737\/","title":{"rendered":"HP Elite X2 G8 13\u00a0\u00bb | Reconditionn\u00e9 | Core i5 2.6GHz | 8 GB RAM | 256 GB SSD M2 1920&#215;1080"},"content":{"rendered":"<p><strong>Processeur<\/strong><br \/>Intel Core i5 i5-1145G7 2.6 GHz.<br \/><strong>M\u00e9moire RAM<\/strong><br \/>8 Gb. SO-DDR3 RAM<br \/><strong>Disque dur<\/strong><br \/>256 Gb. SSD M2<br \/><strong>Cartes<\/strong><br \/>Graphique: Intel Irix Xe Graphics<br \/>Son: Audio Bang &amp; Olufsen<br \/>R\u00e9seau: &#8211;<br \/><strong>Syst\u00e8me op\u00e9ratif<\/strong><br \/>Windows 11 Pro<br \/><strong>Ports<\/strong><br \/>3x USB-C<br \/><strong>\u00c9cran<\/strong><br \/>Tactile 13 \u00a0\u00bb FullHD 16:10  \u00b7 R\u00e9solution 1920&#215;1080<br \/><strong>Multim\u00e9dias<\/strong><br \/>Lecteur d&#8217;empreintes<br \/>Cam\u00e9ra arri\u00e8re<br \/>Cam\u00e9ra frontale<br \/><strong>Connectivit\u00e9<\/strong><br \/>WIFI<br \/>Bluetooth<br \/><strong>Autres<\/strong><br \/>hR emballage<br \/><strong>Dimensions<\/strong><br \/>29&#215;22.5&#215;2 cm.<br \/><strong>Poids<\/strong><br \/>1.15 Kg.<br \/><strong>Sp\u00e9cifications suppl\u00e9mentaires<\/strong><br \/>Le HP Elite X2 G8 est une tablette professionnelle con\u00e7ue pour ceux qui recherchent mobilit\u00e9, performance et fiabilit\u00e9 dans un appareil compact. Son design convertible permet de passer de la tablette \u00e0 l\u2019ordinateur portable selon la t\u00e2che, offrant l\u2019exp\u00e9rience compl\u00e8te de Windows 11 Pro avec un syst\u00e8me l\u00e9ger, \u00e9l\u00e9gant et pr\u00eat pour des environnements d\u2019entreprise exigeants.<br \/>\u00c9quip\u00e9e d\u2019un Intel Core i5-1145G7 \u00e0 2,6 GHz, de 8 Go de RAM DDR3 et d\u2019un SSD M.2 rapide de 256 Go, elle assure fluidit\u00e9 en multit\u00e2che, applications professionnelles et travail dans le cloud. Son \u00e9cran tactile FullHD de 13 pouces (1920 x 1080) au format 16:10 fournit des images nettes et des couleurs pr\u00e9cises, offrant confort pour les documents, pr\u00e9sentations et navigation quotidienne. Le clavier espagnol et le TPM 2.0 apportent ergonomie et s\u00e9curit\u00e9 pour prot\u00e9ger vos donn\u00e9es dans tout environnement de travail.<br \/>Le HP Elite X2 G8 combine portabilit\u00e9, performance et design premium, devenant la tablette id\u00e9ale pour les professionnels recherchant productivit\u00e9 efficace, style moderne et mobilit\u00e9 sans compromis. Un appareil pr\u00eat \u00e0 stimuler l\u2019efficacit\u00e9 quotidienne avec \u00e9l\u00e9gance et fiabilit\u00e9 technologique.<br \/>Bon \u00e9tat ext\u00e9rieur. Peut pr\u00e9senter de l\u00e9g\u00e8res marques d\u2019usage sur le bo\u00eetier. Consultez \u201c+ Photos\u201d et si vous avez des doutes appelez-nous ou utilisez notre chat pour \u00e9largir l\u2019information ou pour demander plus de d\u00e9tails.<br \/><strong>Commentaires<\/strong><br \/><u>Clavier espagnol<\/u><\/p>\n","protected":false},"excerpt":{"rendered":"<p>Intel Core i5 i5-1145G7 2.6 GHz. \u00b7 8 Gb. SO-DDR3 RAM \u00b7 256 Gb. SSD M2 \u00b7 <strong>Windows 11 Pro<\/strong> \u00b7 Tactile 13 \u00a0\u00bb FullHD 16:10 \u00b7<br \/>\n<strong>Clavier espagnol<\/strong><\/p>\n","protected":false},"featured_media":191824,"template":"","meta":[],"product_brand":[3453],"product_cat":[3112,2302],"product_tag":[],"class_list":{"0":"post-191823","1":"product","2":"type-product","3":"status-publish","4":"has-post-thumbnail","6":"product_brand-hp","7":"product_cat-tablettes-tablettes-fr","8":"product_cat-tablettes-fr","10":"first","11":"outofstock","12":"taxable","13":"shipping-taxable","14":"purchasable","15":"product-type-simple"},"bundled_by":[],"bundle_stock_status":"outofstock","bundle_stock_quantity":0,"bundle_virtual":false,"bundle_layout":"","bundle_add_to_cart_form_location":"","bundle_editable_in_cart":false,"bundle_sold_individually_context":"","bundle_item_grouping":"","bundle_min_size":"","bundle_max_size":"","bundle_price":[],"bundled_items":[],"bundle_sell_ids":[],"exclude_global_add_ons":true,"addons":{"keyboard-iso-upgrades":{"name":"Choisir langue du clavier","type":"multiple_choice","position":0,"required":false,"title_format":"heading","default":"","description_enable":false,"description":"","placeholder_enable":false,"placeholder":"","display":"radiobutton","restrictions_type":"any_text","adjust_price":false,"price":"","price_type":"quantity_based","restrictions":false,"min":"0","max":"0","options":[{"label":"Autocollants fran\u00e7ais [AMP00084]","price":"0.0000","price_type":"quantity_based","image":0,"visibility":true},{"label":"Autocollants portugais [AMP00083]","price":"0.0000","price_type":"quantity_based","image":0,"visibility":true}]},"docking-station-upgrades":{"name":"Extension Docking Station","type":"multiple_choice","position":0,"required":false,"title_format":"heading","default":"","description_enable":false,"description":"","placeholder_enable":false,"placeholder":"","display":"radiobutton","restrictions_type":"any_text","adjust_price":false,"price":"","price_type":"quantity_based","restrictions":false,"min":"0","max":"0","options":[{"label":"HP USB-C Docking Station [AMP00091]","price":"55.0000","price_type":"quantity_based","image":0,"visibility":true}]},"pencil-upgrades":{"name":"Extension Crayon","type":"multiple_choice","position":0,"required":false,"title_format":"heading","default":"","description_enable":false,"description":"","placeholder_enable":false,"placeholder":"","display":"radiobutton","restrictions_type":"any_text","adjust_price":false,"price":"","price_type":"quantity_based","restrictions":false,"min":"0","max":"0","options":[{"label":"HP Elite X2 Active Pen [AMP00092]","price":"35.0000","price_type":"quantity_based","image":0,"visibility":true},{"label":"HP Elite X2 Active Pen Batterie [AMP00168]","price":"49.0000","price_type":"quantity_based","image":0,"visibility":true}]},"os-upgrades":{"name":"Expansion SO","type":"multiple_choice","position":0,"required":false,"title_format":"heading","default":"","description_enable":false,"description":"","placeholder_enable":false,"placeholder":"","display":"radiobutton","restrictions_type":"any_text","adjust_price":false,"price":"","price_type":"quantity_based","restrictions":false,"min":"0","max":"0","options":[{"label":"Changer la langue en fran\u00e7ais [AMP00125]","price":"0.0000","price_type":"quantity_based","image":0,"visibility":true},{"label":"Changer la langue en anglais [AMP00008]","price":"0.0000","price_type":"quantity_based","image":0,"visibility":true},{"label":"Changer la langue en portugais [AMP00009]","price":"0.0000","price_type":"quantity_based","image":0,"visibility":true}]}},"df_price":485.21,"df_sale_price":"","df_regular_price":485.21,"df_image_link":"https:\/\/zoca.es\/wp-content\/uploads\/images\/product\/14737\/hp03266_01-300x225.jpg","_links":{"self":[{"href":"https:\/\/zoca.es\/fr\/wp-json\/wp\/v2\/product\/191823","targetHints":{"allow":["GET"]}}],"collection":[{"href":"https:\/\/zoca.es\/fr\/wp-json\/wp\/v2\/product"}],"about":[{"href":"https:\/\/zoca.es\/fr\/wp-json\/wp\/v2\/types\/product"}],"wp:featuredmedia":[{"embeddable":true,"href":"https:\/\/zoca.es\/fr\/wp-json\/wp\/v2\/media\/191824"}],"wp:attachment":[{"href":"https:\/\/zoca.es\/fr\/wp-json\/wp\/v2\/media?parent=191823"}],"wp:term":[{"taxonomy":"product_brand","embeddable":true,"href":"https:\/\/zoca.es\/fr\/wp-json\/wp\/v2\/product_brand?post=191823"},{"taxonomy":"product_cat","embeddable":true,"href":"https:\/\/zoca.es\/fr\/wp-json\/wp\/v2\/product_cat?post=191823"},{"taxonomy":"product_tag","embeddable":true,"href":"https:\/\/zoca.es\/fr\/wp-json\/wp\/v2\/product_tag?post=191823"}],"curies":[{"name":"wp","href":"https:\/\/api.w.org\/{rel}","templated":true}]}}