{"id":191134,"date":"2026-03-02T11:27:56","date_gmt":"2026-03-02T10:27:56","guid":{"rendered":"https:\/\/zoca.es\/producto\/dell-optiplex-7090-impecable-mini-reconditionne-core-i5-15ghz-16-gb-ram-256-gb-ssd-m2-fr-14748\/"},"modified":"2026-03-02T11:34:53","modified_gmt":"2026-03-02T10:34:53","slug":"dell-optiplex-7090-impecable-mini-reconditionne-core-i5-15ghz-16-gb-ram-256-gb-ssd-m2-fr-14748","status":"publish","type":"product","link":"https:\/\/zoca.es\/fr\/produit\/dell-optiplex-7090-impecable-mini-reconditionne-core-i5-15ghz-16-gb-ram-256-gb-ssd-m2-fr-14748\/","title":{"rendered":"Dell OptiPlex 7090-Impecable Mini | Reconditionn\u00e9 | Core i5 1.5GHz | 16 GB RAM | 256 GB SSD M2"},"content":{"rendered":"<p><strong>Processeur<\/strong><br \/>Intel Core i5 11500T 1.5 GHz.<br \/><strong>Facteur de forme<\/strong><br \/>Mini<br \/><strong>M\u00e9moire RAM<\/strong><br \/>16 Gb. SO-DDR4 RAM<br \/><strong>Disque dur<\/strong><br \/>256 Gb. SSD M2<br \/><strong>Syst\u00e8me op\u00e9ratif<\/strong><br \/>Windows 11 Pro<br \/><strong>Ports<\/strong><br \/>USB-C<br \/>5x USB 3.1<br \/><strong>Ports vid\u00e9o<\/strong><br \/>2x Display Port<br \/><strong>Connectivit\u00e9<\/strong><br \/>RJ-45<br \/>WIFI<br \/><strong>Dimensions<\/strong><br \/>4x18x18 cm.<br \/><strong>Poids<\/strong><br \/>1.35 Kg.<br \/><strong>Sp\u00e9cifications suppl\u00e9mentaires<\/strong><br \/>Le DELL OptiPlex 7090 Mini est un ordinateur de bureau professionnel ultra-compact con\u00e7u pour combiner puissance, s\u00e9curit\u00e9 et connectivit\u00e9 dans un espace minimal. \u00c9quip\u00e9 du Intel Core i5-11500T, cet \u00e9quipement offre des performances fiables et efficaces pour des environnements d\u2019entreprise exigeants, permettant d\u2019ex\u00e9cuter du multit\u00e2che intensif, des applications bureautiques avanc\u00e9es et des logiciels de gestion avec une totale fluidit\u00e9, m\u00eame lors de longues journ\u00e9es de travail.<br \/>Avec 16 Go de m\u00e9moire DDR4, le syst\u00e8me maintient une r\u00e9ponse agile sous des charges de travail vari\u00e9es, r\u00e9duisant les temps d\u2019attente et apportant de la stabilit\u00e9 aux flux productifs continus. Le SSD M.2 de 256 Go acc\u00e9l\u00e8re le d\u00e9marrage du syst\u00e8me et l\u2019acc\u00e8s aux fichiers, se traduisant par une exp\u00e9rience d\u2019utilisation rapide et sans interruptions. \u00c9quip\u00e9 de Windows 11 Pro et TPM 2.0, ce PC de bureau pour entreprise int\u00e8gre des couches avanc\u00e9es de s\u00e9curit\u00e9 et de contr\u00f4le, essentielles pour prot\u00e9ger les donn\u00e9es dans les environnements professionnels.<br \/>La connectivit\u00e9 Wi-Fi int\u00e9gr\u00e9e facilite son installation dans des espaces de travail modernes sans d\u00e9pendre du c\u00e2blage, offrant de la flexibilit\u00e9 pour le positionnement de l\u2019\u00e9quipement. De plus, il dispose d\u2019un emplacement M.2 2280 libre pour stockage suppl\u00e9mentaire, permettant d\u2019augmenter facilement la capacit\u00e9 selon les besoins futurs.<br \/>Son format Mini permet de le placer derri\u00e8re le moniteur ou dans des espaces r\u00e9duits, optimisant l\u2019environnement de travail et maintenant un design ordonn\u00e9. Un ordinateur de bureau compact, puissant et s\u00e9curis\u00e9, id\u00e9al pour ceux qui recherchent productivit\u00e9 continue, efficacit\u00e9 \u00e9nerg\u00e9tique et performance stable \u00e0 long terme dans un \u00e9quipement fiable et polyvalent.<br \/><b>Aspect ext\u00e9rieur impeccable<\/b>. si vous avez des doutes appelez-nous ou utilisez notre chat pour \u00e9largir l\u2019information ou pour demander plus de d\u00e9tails.<br \/><strong>Commentaires<\/strong><br \/><u>Wi-Fi &#8211; 1xM.2 2280 pour le stockage disponible<\/u><\/p>\n","protected":false},"excerpt":{"rendered":"<p>Intel Core i5 11500T 1.5 GHz. \u00b7 16 Gb. SO-DDR4 RAM \u00b7 256 Gb. SSD M2 \u00b7 <strong>Windows 11 Pro \u00b7<br \/>\nWi-Fi<\/strong> &#8211; <u>1xM.2 2280 pour le stockage disponible<\/u><\/p>\n","protected":false},"featured_media":191073,"template":"","meta":[],"product_brand":[3445],"product_cat":[2219,2228],"product_tag":[],"class_list":{"0":"post-191134","1":"product","2":"type-product","3":"status-publish","4":"has-post-thumbnail","6":"product_brand-dell","7":"product_cat-ordinateurs-fr","8":"product_cat-ordinateurs-mini-fr","10":"first","11":"outofstock","12":"taxable","13":"shipping-taxable","14":"purchasable","15":"product-type-simple"},"bundled_by":[],"bundle_stock_status":"outofstock","bundle_stock_quantity":0,"bundle_virtual":false,"bundle_layout":"","bundle_add_to_cart_form_location":"","bundle_editable_in_cart":false,"bundle_sold_individually_context":"","bundle_item_grouping":"","bundle_min_size":"","bundle_max_size":"","bundle_price":[],"bundled_items":[],"bundle_sell_ids":[],"exclude_global_add_ons":true,"addons":{"webcam-upgrades":{"name":"Extension Webcam","type":"multiple_choice","position":0,"required":false,"title_format":"heading","default":"","description_enable":false,"description":"","placeholder_enable":false,"placeholder":"","display":"radiobutton","restrictions_type":"any_text","adjust_price":false,"price":"","price_type":"quantity_based","restrictions":false,"min":"0","max":"0","options":[{"label":"Conceptronic AMDIS FullHD [AMP00085]","price":"29.0000","price_type":"quantity_based","image":0,"visibility":true}]},"ram-memory-upgrades":{"name":"Extension RAM","type":"multiple_choice","position":0,"required":false,"title_format":"heading","default":"","description_enable":false,"description":"","placeholder_enable":false,"placeholder":"","display":"radiobutton","restrictions_type":"any_text","adjust_price":false,"price":"","price_type":"quantity_based","restrictions":false,"min":"0","max":"0","options":[{"label":"Extension de 32 Gb de RAM SODIMM [AMP00098]","price":"150.0000","price_type":"quantity_based","image":0,"visibility":true}]},"hdd-upgrades":{"name":"Extension disque dur","type":"multiple_choice","position":0,"required":false,"title_format":"heading","default":"","description_enable":false,"description":"","placeholder_enable":false,"placeholder":"","display":"radiobutton","restrictions_type":"any_text","adjust_price":false,"price":"","price_type":"quantity_based","restrictions":false,"min":"0","max":"0","options":[{"label":"Passez au disque SSD de 500 Gb. M.2 2280PCIe [AMP00106]","price":95,"price_type":"quantity_based","image":0,"visibility":true},{"label":"Passez au disque SSD 1 Tb. M.2 2280 PCIe [AMP00107]","price":165,"price_type":"quantity_based","image":0,"visibility":true},{"label":"Passez au disque SSD 2 Tb. M.2 2280 PCIe [AMP00171]","price":260,"price_type":"quantity_based","image":0,"visibility":true},{"label":"SSD suppl\u00e9mentaire 500 Gb. M.2 2280 PCIe [AMP00108]","price":100,"price_type":"quantity_based","image":0,"visibility":true},{"label":"Disque SSD de 1 Tb. M.2 2280 PCIe suppl\u00e9mentaire [AMP00109]","price":170,"price_type":"quantity_based","image":0,"visibility":true},{"label":"Disque SSD de 2 Tb. M.2 2280 PCIe suppl\u00e9mentaire [AMP00176]","price":265,"price_type":"quantity_based","image":0,"visibility":true}]},"os-upgrades":{"name":"Expansion SO","type":"multiple_choice","position":0,"required":false,"title_format":"heading","default":"","description_enable":false,"description":"","placeholder_enable":false,"placeholder":"","display":"radiobutton","restrictions_type":"any_text","adjust_price":false,"price":"","price_type":"quantity_based","restrictions":false,"min":"0","max":"0","options":[{"label":"Changer la langue en fran\u00e7ais [AMP00125]","price":"0.0000","price_type":"quantity_based","image":0,"visibility":true},{"label":"Changer la langue en anglais [AMP00008]","price":"0.0000","price_type":"quantity_based","image":0,"visibility":true},{"label":"Changer la langue en portugais [AMP00009]","price":"0.0000","price_type":"quantity_based","image":0,"visibility":true}]},"keyboard-upgrades":{"name":"Extension clavier","type":"multiple_choice","position":0,"required":false,"title_format":"heading","default":"","description_enable":false,"description":"","placeholder_enable":false,"placeholder":"","display":"radiobutton","restrictions_type":"any_text","adjust_price":false,"price":"","price_type":"quantity_based","restrictions":false,"min":"0","max":"0","options":[{"label":"Clavier et souris [AMP00020]","price":"8.0000","price_type":"quantity_based","image":0,"visibility":true},{"label":"Clavier et souris Portuguese New [AMP00088]","price":"15.0000","price_type":"quantity_based","image":0,"visibility":true},{"label":"Clavier et souris USB espagnols (Nouveau) [AMP00068]","price":"12.0000","price_type":"quantity_based","image":0,"visibility":true}]}},"df_price":562.65,"df_sale_price":"","df_regular_price":562.65,"df_image_link":"https:\/\/zoca.es\/wp-content\/uploads\/images\/product\/14748\/dell01652_01-300x225.jpg","_links":{"self":[{"href":"https:\/\/zoca.es\/fr\/wp-json\/wp\/v2\/product\/191134","targetHints":{"allow":["GET"]}}],"collection":[{"href":"https:\/\/zoca.es\/fr\/wp-json\/wp\/v2\/product"}],"about":[{"href":"https:\/\/zoca.es\/fr\/wp-json\/wp\/v2\/types\/product"}],"wp:featuredmedia":[{"embeddable":true,"href":"https:\/\/zoca.es\/fr\/wp-json\/wp\/v2\/media\/191073"}],"wp:attachment":[{"href":"https:\/\/zoca.es\/fr\/wp-json\/wp\/v2\/media?parent=191134"}],"wp:term":[{"taxonomy":"product_brand","embeddable":true,"href":"https:\/\/zoca.es\/fr\/wp-json\/wp\/v2\/product_brand?post=191134"},{"taxonomy":"product_cat","embeddable":true,"href":"https:\/\/zoca.es\/fr\/wp-json\/wp\/v2\/product_cat?post=191134"},{"taxonomy":"product_tag","embeddable":true,"href":"https:\/\/zoca.es\/fr\/wp-json\/wp\/v2\/product_tag?post=191134"}],"curies":[{"name":"wp","href":"https:\/\/api.w.org\/{rel}","templated":true}]}}