{"id":190750,"date":"2026-03-02T11:05:50","date_gmt":"2026-03-02T10:05:50","guid":{"rendered":"https:\/\/zoca.es\/producto\/hp-probook-650-g8-impecable-156-reconditionne-core-i5-24ghz-16-gb-ram-256-gb-ssd-m2-1920x1080-fr-14798\/"},"modified":"2026-04-15T15:14:03","modified_gmt":"2026-04-15T14:14:03","slug":"hp-probook-650-g8-impecable-156-reconditionne-core-i5-24ghz-16-gb-ram-256-gb-ssd-m2-1920x1080-fr-14798","status":"publish","type":"product","link":"https:\/\/zoca.es\/fr\/produit\/hp-probook-650-g8-impecable-156-reconditionne-core-i5-24ghz-16-gb-ram-256-gb-ssd-m2-1920x1080-fr-14798\/","title":{"rendered":"HP ProBook 650 G8-Impecable 15.6\u00a0\u00bb | Reconditionn\u00e9 | Core i5 2.4GHz | 16 GB RAM | 256 GB SSD M2 1920&#215;1080"},"content":{"rendered":"<p><strong>Processeur<\/strong><br \/>Intel Core i5 1135G7 2.4 GHz.<br \/><strong>M\u00e9moire RAM<\/strong><br \/>16 Gb. SO-DDR4 RAM<br \/><strong>Disque dur<\/strong><br \/>256 Gb. SSD M2<br \/><strong>Cartes<\/strong><br \/>Graphique: Intel Iris Xe Graphics<br \/>Son: Realtek HDA<br \/>R\u00e9seau: Intel Ethernet Connecti I219-LM<br \/><strong>Syst\u00e8me op\u00e9ratif<\/strong><br \/>Windows 11 Home<br \/><strong>Ports<\/strong><br \/>3x USB 3.0<br \/>USB-C<br \/><strong>\u00c9cran<\/strong><br \/>IPS 15.6 \u00a0\u00bb FullHD 16:9 \u00b7 R\u00e9solution 1920&#215;1080<br \/><strong>Ports vid\u00e9o<\/strong><br \/>HDMI<br \/><strong>Multim\u00e9dias<\/strong><br \/>Webcam<br \/>Lecteur d&#8217;empreintes<br \/>Lecteur carte d&rsquo;identit\u00e9<br \/><strong>Connectivit\u00e9<\/strong><br \/>RJ-45<br \/>WIFI<br \/>Bluetooth<br \/><strong>Notebook sp\u00e9cifique<\/strong><br \/>Langue du clavier Espagnol<br \/>Clavier num\u00e9rique<br \/><strong>Autres<\/strong><br \/>hR emballage<br \/><strong>Dimensions<\/strong><br \/>36x23x2.5 cm.<br \/><strong>Poids<\/strong><br \/>1.70 Kg.<br \/><strong>Sp\u00e9cifications suppl\u00e9mentaires<\/strong><br \/>Le HP ProBook 650 G8 est un ordinateur portable professionnel de derni\u00e8re g\u00e9n\u00e9ration con\u00e7u pour offrir des performances modernes, une s\u00e9curit\u00e9 int\u00e9gr\u00e9e et une efficacit\u00e9 maximale dans l\u2019environnement professionnel.\u00c9quip\u00e9 d\u2019un processeur Intel Core i5-1135G7 \u00e0 2.4 GHz (11e g\u00e9n\u00e9ration) et de 16 Go de m\u00e9moire DDR4, il garantit une fluidit\u00e9 en multit\u00e2che avanc\u00e9, applications professionnelles, gestion de donn\u00e9es et travail collaboratif. Son architecture optimis\u00e9e offre une meilleure efficacit\u00e9 \u00e9nerg\u00e9tique et de meilleures performances graphiques int\u00e9gr\u00e9es par rapport aux g\u00e9n\u00e9rations pr\u00e9c\u00e9dentes.Le SSD M.2 de 256 Go offre des d\u00e9marrages ultra-rapides et un acc\u00e8s imm\u00e9diat aux programmes et fichiers, am\u00e9liorant l\u2019exp\u00e9rience d\u2019utilisation d\u00e8s le premier instant. L\u2019\u00e9cran IPS de 15,6\u201d FullHD (1920&#215;1080) offre une excellente qualit\u00e9 d\u2019image, des couleurs plus pr\u00e9cises et de larges angles de vision, id\u00e9al pour de longues journ\u00e9es de travail.Il int\u00e8gre Windows 11 Home, offrant un environnement moderne, intuitif et pr\u00e9par\u00e9 aux nouvelles dynamiques de travail. De plus, il int\u00e8gre un lecteur d\u2019empreintes digitales et un lecteur de carte d\u2019identit\u00e9, renfor\u00e7ant la s\u00e9curit\u00e9 gr\u00e2ce \u00e0 l\u2019authentification biom\u00e9trique et \u00e0 l\u2019acc\u00e8s s\u00e9curis\u00e9 aux plateformes officielles.Le ProBook 650 G8 se distingue par son design professionnel, ses performances \u00e9quilibr\u00e9es et son haut niveau de s\u00e9curit\u00e9, se positionnant comme un ordinateur portable professionnel FullHD avec 16GB RAM id\u00e9al pour bureau, t\u00e9l\u00e9travail et environnements d\u2019entreprise, o\u00f9 la productivit\u00e9 et la protection des donn\u00e9es sont essentielles.<strong>Aspect ext\u00e9rieur impeccable<\/strong>. Consultez \u201c+ Photos\u201d et \u00ab\u00a0Vid\u00e9o\u00a0\u00bb et si vous avez des doutes appelez-nous ou utilisez notre chat pour \u00e9largir l\u2019information ou pour demander plus de d\u00e9tails.<\/p>\n","protected":false},"excerpt":{"rendered":"<p>Intel Core i5 1135G7 2.4 GHz. \u00b7 16 Gb. SO-DDR4 RAM \u00b7 256 Gb. SSD M2 \u00b7 <strong>Windows 11 Home<\/strong> \u00b7 IPS 15.6 \u00a0\u00bb FullHD 16:9 \u00b7 Webcam \u00b7 Lecteur d&#8217;empreintes \u00b7 Lecteur carte d&rsquo;identit\u00e9<\/p>\n","protected":false},"featured_media":190659,"template":"","meta":[],"product_brand":[3453],"product_cat":[2254,3121],"product_tag":[],"class_list":{"0":"post-190750","1":"product","2":"type-product","3":"status-publish","4":"has-post-thumbnail","6":"product_brand-hp","7":"product_cat-notebooks-fr","8":"product_cat-notebooks-notebooks-fr","10":"first","11":"instock","12":"taxable","13":"shipping-taxable","14":"purchasable","15":"product-type-simple"},"bundled_by":[],"bundle_stock_status":"instock","bundle_stock_quantity":27,"bundle_virtual":false,"bundle_layout":"","bundle_add_to_cart_form_location":"","bundle_editable_in_cart":false,"bundle_sold_individually_context":"","bundle_item_grouping":"","bundle_min_size":"","bundle_max_size":"","bundle_price":[],"bundled_items":[],"bundle_sell_ids":[],"exclude_global_add_ons":true,"addons":{"keyboard-iso-upgrades":{"name":"Choisir langue du clavier","type":"multiple_choice","position":0,"required":false,"title_format":"heading","default":"","description_enable":false,"description":"","placeholder_enable":false,"placeholder":"","display":"radiobutton","restrictions_type":"any_text","adjust_price":false,"price":"","price_type":"quantity_based","restrictions":false,"min":"0","max":"0","options":[{"label":"Autocollants fran\u00e7ais [AMP00084]","price":"0.0000","price_type":"quantity_based","image":0,"visibility":true},{"label":"Autocollants portugais [AMP00083]","price":"0.0000","price_type":"quantity_based","image":0,"visibility":true}]},"ram-memory-upgrades":{"name":"Extension RAM","type":"multiple_choice","position":0,"required":false,"title_format":"heading","default":"","description_enable":false,"description":"","placeholder_enable":false,"placeholder":"","display":"radiobutton","restrictions_type":"any_text","adjust_price":false,"price":"","price_type":"quantity_based","restrictions":false,"min":"0","max":"0","options":[{"label":"Extension de 32 Gb de RAM SODIMM [AMP00098]","price":"150.0000","price_type":"quantity_based","image":0,"visibility":true}]},"hdd-upgrades":{"name":"Extension disque dur","type":"multiple_choice","position":0,"required":false,"title_format":"heading","default":"","description_enable":false,"description":"","placeholder_enable":false,"placeholder":"","display":"radiobutton","restrictions_type":"any_text","adjust_price":false,"price":"","price_type":"quantity_based","restrictions":false,"min":"0","max":"0","options":[{"label":"Passez au disque SSD 1 Tb. M.2 2280 PCIe [AMP00107]","price":"165.0000","price_type":"quantity_based","image":0,"visibility":true},{"label":"Passez au disque SSD 2 Tb. M.2 2280 PCIe [AMP00171]","price":"260.0000","price_type":"quantity_based","image":0,"visibility":true},{"label":"Passez au disque SSD de 500 Gb. M.2 2280PCIe [AMP00106]","price":"110.0000","price_type":"quantity_based","image":0,"visibility":true}]},"os-upgrades":{"name":"Expansion SO","type":"multiple_choice","position":0,"required":false,"title_format":"heading","default":"","description_enable":false,"description":"","placeholder_enable":false,"placeholder":"","display":"radiobutton","restrictions_type":"any_text","adjust_price":false,"price":"","price_type":"quantity_based","restrictions":false,"min":"0","max":"0","options":[{"label":"Changer la langue en fran\u00e7ais [AMP00125]","price":"0.0000","price_type":"quantity_based","image":0,"visibility":true},{"label":"Changer la langue en anglais [AMP00008]","price":"0.0000","price_type":"quantity_based","image":0,"visibility":true},{"label":"Changer la langue en portugais [AMP00009]","price":"0.0000","price_type":"quantity_based","image":0,"visibility":true},{"label":"MAR Windows 11 PRO [AMP00145]","price":"30.0000","price_type":"quantity_based","image":0,"visibility":true}]},"briefcase-upgrades":{"name":"Porte-documents","type":"multiple_choice","position":0,"required":false,"title_format":"heading","default":"","description_enable":false,"description":"","placeholder_enable":false,"placeholder":"","display":"radiobutton","restrictions_type":"any_text","adjust_price":false,"price":"","price_type":"quantity_based","restrictions":false,"min":"0","max":"0","options":[{"label":"Mallette Notebook [AMP00041]","price":"5.0000","price_type":"quantity_based","image":0,"visibility":true}]}},"df_price":540.87,"df_sale_price":"","df_regular_price":540.87,"df_image_link":"https:\/\/zoca.es\/wp-content\/uploads\/images\/product\/14798\/hp03287_01-300x225.jpg","_links":{"self":[{"href":"https:\/\/zoca.es\/fr\/wp-json\/wp\/v2\/product\/190750","targetHints":{"allow":["GET"]}}],"collection":[{"href":"https:\/\/zoca.es\/fr\/wp-json\/wp\/v2\/product"}],"about":[{"href":"https:\/\/zoca.es\/fr\/wp-json\/wp\/v2\/types\/product"}],"wp:featuredmedia":[{"embeddable":true,"href":"https:\/\/zoca.es\/fr\/wp-json\/wp\/v2\/media\/190659"}],"wp:attachment":[{"href":"https:\/\/zoca.es\/fr\/wp-json\/wp\/v2\/media?parent=190750"}],"wp:term":[{"taxonomy":"product_brand","embeddable":true,"href":"https:\/\/zoca.es\/fr\/wp-json\/wp\/v2\/product_brand?post=190750"},{"taxonomy":"product_cat","embeddable":true,"href":"https:\/\/zoca.es\/fr\/wp-json\/wp\/v2\/product_cat?post=190750"},{"taxonomy":"product_tag","embeddable":true,"href":"https:\/\/zoca.es\/fr\/wp-json\/wp\/v2\/product_tag?post=190750"}],"curies":[{"name":"wp","href":"https:\/\/api.w.org\/{rel}","templated":true}]}}