{"id":190199,"date":"2026-02-26T17:40:55","date_gmt":"2026-02-26T16:40:55","guid":{"rendered":"https:\/\/zoca.es\/producto\/fujitsu-esprimo-d538-sff-reconditionne-core-i3-36ghz-8-gb-ram-128-gb-ssd-fr-14749\/"},"modified":"2026-03-30T10:45:16","modified_gmt":"2026-03-30T09:45:16","slug":"fujitsu-esprimo-d538-sff-reconditionne-core-i3-36ghz-8-gb-ram-128-gb-ssd-fr-14749","status":"publish","type":"product","link":"https:\/\/zoca.es\/fr\/produit\/fujitsu-esprimo-d538-sff-reconditionne-core-i3-36ghz-8-gb-ram-128-gb-ssd-fr-14749\/","title":{"rendered":"Fujitsu Esprimo D538 SFF | Reconditionn\u00e9 | Core i3 3.6GHz | 8 GB RAM | 128 GB SSD"},"content":{"rendered":"<p><strong>Processeur<\/strong><br \/>Intel Core i3 8100 3.6 GHz.<br \/><strong>Facteur de forme<\/strong><br \/>SFF<br \/><strong>M\u00e9moire RAM<\/strong><br \/>8 Gb. DDR4 RAM<br \/><strong>Disque dur<\/strong><br \/>128 Gb. SSD<br \/><strong>Lecteur optique<\/strong><br \/>DVD-RW<br \/><strong>Cartes<\/strong><br \/>Graphique: Intel UHD Graphics 630<br \/>R\u00e9seau: Realtek PCIe GbE Family Conrtroller<br \/><strong>Syst\u00e8me op\u00e9ratif<\/strong><br \/>Windows 11 Pro<br \/><strong>Ports<\/strong><br \/>4x USB 2.0<br \/>2x PS2<br \/>4x USB 3.0<br \/><strong>Ports vid\u00e9o<\/strong><br \/>Display Port<br \/>DVI<br \/><strong>Connectivit\u00e9<\/strong><br \/>RJ-45<br \/><strong>Autres<\/strong><br \/>hR emballage<br \/><strong>Dimensions<\/strong><br \/>31x28x9 cm.<br \/><strong>Poids<\/strong><br \/>4.20 Kg.<br \/><strong>Sp\u00e9cifications suppl\u00e9mentaires<\/strong><br \/>Le FUJITSU Esprimo D538 SFF est un ordinateur de bureau professionnel qui combine fiabilit\u00e9, performances \u00e9quilibr\u00e9es et un design compact id\u00e9al pour les bureaux et environnements d\u2019entreprise. Son Intel Core i3-8100 3.6 GHz offre des performances solides pour les t\u00e2ches administratives, la gestion de donn\u00e9es, les outils bureautiques et la navigation intensive, garantissant une exp\u00e9rience stable et sans interruptions dans l\u2019usage quotidien.Avec 8 Go de m\u00e9moire DDR4, cet \u00e9quipement maintient de l\u2019agilit\u00e9 m\u00eame avec plusieurs applications ouvertes, et le SSD de 128 Go acc\u00e9l\u00e8re les d\u00e9marrages, les acc\u00e8s aux donn\u00e9es et les temps de chargement, am\u00e9liorant l\u2019efficacit\u00e9 g\u00e9n\u00e9rale du poste de travail. Le lecteur DVD-RW int\u00e9gr\u00e9 apporte de la polyvalence pour l\u2019installation de logiciels, le transport de donn\u00e9es ou la sauvegarde physique lorsque n\u00e9cessaire.\u00c9quip\u00e9 de Windows 11 Pro, l\u2019Esprimo D538 SFF int\u00e8gre des fonctions avanc\u00e9es de s\u00e9curit\u00e9 et d\u2019administration, pens\u00e9es pour des besoins professionnels, garantissant la compatibilit\u00e9 avec les outils d\u2019entreprise et les flux de travail modernes. Son ch\u00e2ssis au format SFF (Small Form Factor) permet de gagner de l\u2019espace sur les bureaux, optimisant les environnements avec plusieurs \u00e9quipements sans sacrifier l\u2019accessibilit\u00e9 ou la ventilation.De plus, il offre des possibilit\u00e9s d\u2019extension, avec un emplacement M.2 2280 libre pour stockage suppl\u00e9mentaire et des ports PCIe (x16, x4 et x1) permettant d\u2019adapter le syst\u00e8me \u00e0 de nouvelles fonctions ou cartes \u00e0 mesure que l\u2019infrastructure \u00e9volue. Un PC de bureau pour entreprise qui se distingue par son efficacit\u00e9, son \u00e9quilibre et sa faible consommation, id\u00e9al pour ceux qui recherchent un ordinateur compact et fiable avec des performances stables et des options d\u2019\u00e9volution.Bon aspect ext\u00e9rieur. Peut pr\u00e9senter de l\u00e9g\u00e8res marques d\u2019usage sur le bo\u00eetier. Regardez dans \u201c+ Photos\u201d et si vous avez des doutes appelez-nous ou utilisez notre chat pour \u00e9largir l\u2019information ou pour demander plus de d\u00e9tails.<br \/><strong>Commentaires<\/strong><br \/><u>1xM.2 2280 pour le stockage disponible &#8211; 1xPCIe X16 \/ 1xPCIe X4 \/ 1xPCIe X1<\/u><\/p>\n","protected":false},"excerpt":{"rendered":"<p>Intel Core i3 8100 3.6 GHz. \u00b7 8 Gb. DDR4 RAM \u00b7 128 Gb. SSD \u00b7 DVD-RW \u00b7 <strong>Windows 11 Pro<\/strong> \u00b7<br \/>\n<u>1xM.2 2280 pour le stockage disponible &#8211; 1xPCIe X16 \/ 1xPCIe X4 \/ 1xPCIe X1<br \/>\n<\/u><\/p>\n","protected":false},"featured_media":190128,"template":"","meta":[],"product_brand":[3458],"product_cat":[3124,2219],"product_tag":[],"class_list":{"0":"post-190199","1":"product","2":"type-product","3":"status-publish","4":"has-post-thumbnail","6":"product_brand-fujitsu","7":"product_cat-ordinateurs-ordinateurs-fr","8":"product_cat-ordinateurs-fr","10":"first","11":"instock","12":"sale","13":"taxable","14":"shipping-taxable","15":"purchasable","16":"product-type-simple"},"bundled_by":[],"bundle_stock_status":"instock","bundle_stock_quantity":12,"bundle_virtual":false,"bundle_layout":"","bundle_add_to_cart_form_location":"","bundle_editable_in_cart":false,"bundle_sold_individually_context":"","bundle_item_grouping":"","bundle_min_size":"","bundle_max_size":"","bundle_price":[],"bundled_items":[],"bundle_sell_ids":[],"exclude_global_add_ons":true,"addons":{"webcam-upgrades":{"name":"Extension Webcam","type":"multiple_choice","position":0,"required":false,"title_format":"heading","default":"","description_enable":false,"description":"","placeholder_enable":false,"placeholder":"","display":"radiobutton","restrictions_type":"any_text","adjust_price":false,"price":"","price_type":"quantity_based","restrictions":false,"min":"0","max":"0","options":[{"label":"Conceptronic AMDIS FullHD [AMP00085]","price":"29.0000","price_type":"quantity_based","image":0,"visibility":true}]},"ram-memory-upgrades":{"name":"Extension RAM","type":"multiple_choice","position":0,"required":false,"title_format":"heading","default":"","description_enable":false,"description":"","placeholder_enable":false,"placeholder":"","display":"radiobutton","restrictions_type":"any_text","adjust_price":false,"price":"","price_type":"quantity_based","restrictions":false,"min":"0","max":"0","options":[{"label":"Extension de 16 Gb Gb de RAM DDR4 [AMP00079]","price":"60.0000","price_type":"quantity_based","image":0,"visibility":true}]},"hdd-upgrades":{"name":"Extension disque dur","type":"multiple_choice","position":0,"required":false,"title_format":"heading","default":"","description_enable":false,"description":"","placeholder_enable":false,"placeholder":"","display":"radiobutton","restrictions_type":"any_text","adjust_price":false,"price":"","price_type":"quantity_based","restrictions":false,"min":"0","max":"0","options":[{"label":"Passez au disque SSD de 240 Gb. [AMP00013]","price":"35.0000","price_type":"quantity_based","image":0,"visibility":true},{"label":"Passez au disque SSD de 480 Gb. [AMP00014]","price":"59.0000","price_type":"quantity_based","image":0,"visibility":true},{"label":"Passez au disque SSD 1 Tb. [AMP00071]","price":"95.0000","price_type":"quantity_based","image":0,"visibility":true},{"label":"Passez au disque SSD de 500 Gb. M.2 2280PCIe [AMP00106]","price":"110.0000","price_type":"quantity_based","image":0,"visibility":true},{"label":"Passez au disque SSD 1 Tb. M.2 2280 PCIe [AMP00107]","price":"165.0000","price_type":"quantity_based","image":0,"visibility":true},{"label":"Passez au disque SSD 2 Tb. M.2 2280 PCIe [AMP00171]","price":"260.0000","price_type":"quantity_based","image":0,"visibility":true},{"label":"SSD suppl\u00e9mentaire 500 Gb. M.2 2280 PCIe [AMP00108]","price":"115.0000","price_type":"quantity_based","image":0,"visibility":true},{"label":"Disque SSD de 1 Tb. M.2 2280 PCIe suppl\u00e9mentaire [AMP00109]","price":"170.0000","price_type":"quantity_based","image":0,"visibility":true},{"label":"Disque SSD de 2 Tb. M.2 2280 PCIe suppl\u00e9mentaire [AMP00176]","price":"265.0000","price_type":"quantity_based","image":0,"visibility":true}]},"graphic-card-upgrades":{"name":"Extension carte graphique","type":"multiple_choice","position":0,"required":false,"title_format":"heading","default":"","description_enable":false,"description":"","placeholder_enable":false,"placeholder":"","display":"radiobutton","restrictions_type":"any_text","adjust_price":false,"price":"","price_type":"quantity_based","restrictions":false,"min":"0","max":"0","options":[{"label":"Graphique T. 2 Gb. (1xDVI, 1xHDMI) [AMP00010]","price":"60.0000","price_type":"quantity_based","image":0,"visibility":true}]},"network-card-upgrades":{"name":"Extension WIFI","type":"multiple_choice","position":0,"required":false,"title_format":"heading","default":"","description_enable":false,"description":"","placeholder_enable":false,"placeholder":"","display":"radiobutton","restrictions_type":"any_text","adjust_price":false,"price":"","price_type":"quantity_based","restrictions":false,"min":"0","max":"0","options":[{"label":"Mise \u00e0 niveau de la carte PCI Wi-Fi [AMP00017]","price":"15.0000","price_type":"quantity_based","image":0,"visibility":true},{"label":"Mise \u00e0 niveau nano USB sans fil [AMP00018]","price":"12.0000","price_type":"quantity_based","image":0,"visibility":true}]},"os-upgrades":{"name":"Expansion SO","type":"multiple_choice","position":0,"required":false,"title_format":"heading","default":"","description_enable":false,"description":"","placeholder_enable":false,"placeholder":"","display":"radiobutton","restrictions_type":"any_text","adjust_price":false,"price":"","price_type":"quantity_based","restrictions":false,"min":"0","max":"0","options":[{"label":"Changer la langue en fran\u00e7ais [AMP00125]","price":"0.0000","price_type":"quantity_based","image":0,"visibility":true},{"label":"Changer la langue en anglais [AMP00008]","price":"0.0000","price_type":"quantity_based","image":0,"visibility":true},{"label":"Changer la langue en portugais [AMP00009]","price":"0.0000","price_type":"quantity_based","image":0,"visibility":true}]},"keyboard-upgrades":{"name":"Extension clavier","type":"multiple_choice","position":0,"required":false,"title_format":"heading","default":"","description_enable":false,"description":"","placeholder_enable":false,"placeholder":"","display":"radiobutton","restrictions_type":"any_text","adjust_price":false,"price":"","price_type":"quantity_based","restrictions":false,"min":"0","max":"0","options":[{"label":"Clavier et souris [AMP00020]","price":"8.0000","price_type":"quantity_based","image":0,"visibility":true},{"label":"Clavier et souris Portuguese New [AMP00088]","price":"15.0000","price_type":"quantity_based","image":0,"visibility":true},{"label":"Clavier et souris USB espagnols (Nouveau) [AMP00068]","price":"12.0000","price_type":"quantity_based","image":0,"visibility":true}]}},"df_price":189.97,"df_sale_price":189.97,"df_regular_price":210.54,"df_image_link":"https:\/\/zoca.es\/wp-content\/uploads\/images\/product\/14749\/fuji00289_01-300x225.jpg","_links":{"self":[{"href":"https:\/\/zoca.es\/fr\/wp-json\/wp\/v2\/product\/190199","targetHints":{"allow":["GET"]}}],"collection":[{"href":"https:\/\/zoca.es\/fr\/wp-json\/wp\/v2\/product"}],"about":[{"href":"https:\/\/zoca.es\/fr\/wp-json\/wp\/v2\/types\/product"}],"wp:featuredmedia":[{"embeddable":true,"href":"https:\/\/zoca.es\/fr\/wp-json\/wp\/v2\/media\/190128"}],"wp:attachment":[{"href":"https:\/\/zoca.es\/fr\/wp-json\/wp\/v2\/media?parent=190199"}],"wp:term":[{"taxonomy":"product_brand","embeddable":true,"href":"https:\/\/zoca.es\/fr\/wp-json\/wp\/v2\/product_brand?post=190199"},{"taxonomy":"product_cat","embeddable":true,"href":"https:\/\/zoca.es\/fr\/wp-json\/wp\/v2\/product_cat?post=190199"},{"taxonomy":"product_tag","embeddable":true,"href":"https:\/\/zoca.es\/fr\/wp-json\/wp\/v2\/product_tag?post=190199"}],"curies":[{"name":"wp","href":"https:\/\/api.w.org\/{rel}","templated":true}]}}