{"id":175115,"date":"2026-02-25T09:06:00","date_gmt":"2026-02-25T08:06:00","guid":{"rendered":"https:\/\/zoca.es\/producto\/dell-latitude-5410-14-reconditionne-core-i5-17ghz-8-gb-ram-256-gb-ssd-m2-1920x1080-fr-14578\/"},"modified":"2026-05-15T10:26:28","modified_gmt":"2026-05-15T09:26:28","slug":"dell-latitude-5410-14-reconditionne-core-i5-17ghz-8-gb-ram-256-gb-ssd-m2-1920x1080-fr-14578","status":"publish","type":"product","link":"https:\/\/zoca.es\/fr\/produit\/dell-latitude-5410-14-reconditionne-core-i5-17ghz-8-gb-ram-256-gb-ssd-m2-1920x1080-fr-14578\/","title":{"rendered":"Dell Latitude 5410 14\u00a0\u00bb | Reconditionn\u00e9 | Core i5 1.7GHz | 8 GB RAM | 256 GB SSD M2 1920&#215;1080"},"content":{"rendered":"<p><strong>Processeur<\/strong><br \/>Intel Core i5 10310U 1.7 GHz.<br \/><strong>M\u00e9moire RAM<\/strong><br \/>8 Gb. SO-DDR4 RAM<br \/><strong>Disque dur<\/strong><br \/>256 Gb. SSD M2<br \/><strong>Cartes<\/strong><br \/>Graphique: Intel UHD Graphics<br \/>Son: Realtek HDA<br \/>R\u00e9seau: L219LM Gigabit Ethernet<br \/><strong>Syst\u00e8me op\u00e9ratif<\/strong><br \/>Windows 11 Pro<br \/><strong>Ports<\/strong><br \/>3x USB 3.1<br \/><strong>\u00c9cran<\/strong><br \/>Led 14 \u00a0\u00bb FullHD 16:9 \u00b7 R\u00e9solution 1920&#215;1080<br \/><strong>Ports vid\u00e9o<\/strong><br \/>HDMI<br \/>Mini Display Port<br \/><strong>Multim\u00e9dias<\/strong><br \/>Webcam<br \/>Lecteur SD<br \/>Lecteur carte d&rsquo;identit\u00e9<br \/><strong>Connectivit\u00e9<\/strong><br \/>RJ-45<br \/>WIFI<br \/>Bluetooth<br \/><strong>Notebook sp\u00e9cifique<\/strong><br \/>Langue du clavier International (autocollants espagnols)<br \/><strong>Autres<\/strong><br \/>hR emballage<br \/><strong>Dimensions<\/strong><br \/>22x33x2.5 cm.<br \/><strong>Poids<\/strong><br \/>1.50 Kg.<br \/><strong>Sp\u00e9cifications suppl\u00e9mentaires<\/strong><br \/>Le Dell Latitude 5410 est un ordinateur portable professionnel de 14\u201d qui combine performances modernes, s\u00e9curit\u00e9 avanc\u00e9e et excellente qualit\u00e9 d\u2019image, devenant une solution fiable pour les environnements d\u2019entreprise et professionnels exigeants.\u00c9quip\u00e9 d\u2019un processeur Intel Core i5-10310U de 10e g\u00e9n\u00e9ration \u00e0 1.7 GHz et de 8 Go de m\u00e9moire DDR4, il assure une grande fluidit\u00e9 en multit\u00e2che, applications bureautiques, gestion administrative et travail dans le cloud. Son SSD M.2 de 256 Go garantit des d\u00e9marrages rapides et un acc\u00e8s imm\u00e9diat aux fichiers et programmes, optimisant la productivit\u00e9 quotidienne.L\u2019\u00e9cran LED de 14\u201d FullHD (1920&#215;1080) fait la diff\u00e9rence, offrant une meilleure nettet\u00e9, une d\u00e9finition de texte plus pr\u00e9cise et un confort visuel sup\u00e9rieur pour de longues journ\u00e9es de travail, visioconf\u00e9rences et gestion documentaire.Il inclut Windows 11 Pro et TPM 2.0, garantissant compatibilit\u00e9 avec les infrastructures actuelles et hauts standards de s\u00e9curit\u00e9. Il int\u00e8gre \u00e9galement une webcam, un lecteur de cartes SD et un lecteur de carte d\u2019identit\u00e9 (DNI), facilitant l\u2019authentification s\u00e9curis\u00e9e et les op\u00e9rations administratives num\u00e9riques.Le Latitude 5410 se distingue par son design robuste, sa fiabilit\u00e9 professionnelle et son \u00e9quilibre entre puissance et mobilit\u00e9, se positionnant comme un ordinateur portable id\u00e9al pour le bureau, le t\u00e9l\u00e9travail et les environnements d\u2019entreprise, combinant s\u00e9curit\u00e9, performances et qualit\u00e9 visuelle dans un format compact et polyvalent.Bon \u00e9tat ext\u00e9rieur. Peut pr\u00e9senter de l\u00e9g\u00e8res marques d\u2019usage sur le ch\u00e2ssis. Consultez \u201c+ Photos\u201d et \u201cVid\u00e9o\u201d et, si vous avez la moindre question, appelez-nous ou utilisez notre chat pour obtenir plus d\u2019informations ou demander davantage de d\u00e9tails.<\/p>\n","protected":false},"excerpt":{"rendered":"<p>Intel Core i5 10310U 1.7 GHz. \u00b7 8 Gb. SO-DDR4 RAM \u00b7 256 Gb. SSD M2 \u00b7 <strong>Windows 11 Pro<\/strong> \u00b7 Led 14 \u00a0\u00bb FullHD 16:9 \u00b7 Webcam \u00b7<u>Clavier international avec autocollants en fran\u00e7ais<\/u><\/p>\n","protected":false},"featured_media":175014,"template":"","meta":[],"product_brand":[3445],"product_cat":[2254,3121],"product_tag":[],"class_list":{"0":"post-175115","1":"product","2":"type-product","3":"status-publish","4":"has-post-thumbnail","6":"product_brand-dell","7":"product_cat-notebooks-fr","8":"product_cat-notebooks-notebooks-fr","10":"first","11":"instock","12":"taxable","13":"shipping-taxable","14":"purchasable","15":"product-type-simple"},"bundled_by":[],"bundle_stock_status":"instock","bundle_stock_quantity":1,"bundle_virtual":false,"bundle_layout":"","bundle_add_to_cart_form_location":"","bundle_editable_in_cart":false,"bundle_sold_individually_context":"","bundle_item_grouping":"","bundle_min_size":"","bundle_max_size":"","bundle_price":[],"bundled_items":[],"bundle_sell_ids":[],"exclude_global_add_ons":true,"addons":{"keyboard-iso-upgrades":{"name":"Choisir langue du clavier","type":"multiple_choice","position":0,"required":false,"title_format":"heading","default":"","description_enable":false,"description":"","placeholder_enable":false,"placeholder":"","display":"radiobutton","restrictions_type":"any_text","adjust_price":false,"price":"","price_type":"quantity_based","restrictions":false,"min":"0","max":"0","options":[{"label":"Autocollants espagnols [AMP00082]","price":"0.0000","price_type":"quantity_based","image":0,"visibility":true},{"label":"Autocollants fran\u00e7ais [AMP00084]","price":"0.0000","price_type":"quantity_based","image":0,"visibility":true},{"label":"Autocollants portugais [AMP00083]","price":"0.0000","price_type":"quantity_based","image":0,"visibility":true}]},"ram-memory-upgrades":{"name":"Extension RAM","type":"multiple_choice","position":0,"required":false,"title_format":"heading","default":"","description_enable":false,"description":"","placeholder_enable":false,"placeholder":"","display":"radiobutton","restrictions_type":"any_text","adjust_price":false,"price":"","price_type":"quantity_based","restrictions":false,"min":"0","max":"0","options":[{"label":"Extension de 16 Gb Gb de RAM SO-DIMM DDR4 [AMP00081]","price":"60.0000","price_type":"quantity_based","image":0,"visibility":true}]},"hdd-upgrades":{"name":"Extension disque dur","type":"multiple_choice","position":0,"required":false,"title_format":"heading","default":"","description_enable":false,"description":"","placeholder_enable":false,"placeholder":"","display":"radiobutton","restrictions_type":"any_text","adjust_price":false,"price":"","price_type":"quantity_based","restrictions":false,"min":"0","max":"0","options":[{"label":"Passez au disque SSD de 500 Gb. M.2 2280PCIe [AMP00106]","price":"110.0000","price_type":"quantity_based","image":0,"visibility":true},{"label":"Passez au disque SSD 1 Tb. M.2 2280 PCIe [AMP00107]","price":"165.0000","price_type":"quantity_based","image":0,"visibility":true},{"label":"Passez au disque SSD 2 Tb. M.2 2280 PCIe [AMP00171]","price":"260.0000","price_type":"quantity_based","image":0,"visibility":true}]},"os-upgrades":{"name":"Expansion SO","type":"multiple_choice","position":0,"required":false,"title_format":"heading","default":"","description_enable":false,"description":"","placeholder_enable":false,"placeholder":"","display":"radiobutton","restrictions_type":"any_text","adjust_price":false,"price":"","price_type":"quantity_based","restrictions":false,"min":"0","max":"0","options":[{"label":"Changer la langue en fran\u00e7ais [AMP00125]","price":"0.0000","price_type":"quantity_based","image":0,"visibility":true},{"label":"Changer la langue en anglais [AMP00008]","price":"0.0000","price_type":"quantity_based","image":0,"visibility":true},{"label":"Changer la langue en portugais [AMP00009]","price":"0.0000","price_type":"quantity_based","image":0,"visibility":true}]},"briefcase-upgrades":{"name":"Porte-documents","type":"multiple_choice","position":0,"required":false,"title_format":"heading","default":"","description_enable":false,"description":"","placeholder_enable":false,"placeholder":"","display":"radiobutton","restrictions_type":"any_text","adjust_price":false,"price":"","price_type":"quantity_based","restrictions":false,"min":"0","max":"0","options":[{"label":"Mallette Notebook [AMP00041]","price":"5.0000","price_type":"quantity_based","image":0,"visibility":true}]}},"df_price":313.39,"df_sale_price":"","df_regular_price":313.39,"df_image_link":"https:\/\/zoca.es\/wp-content\/uploads\/images\/product\/14578\/dell01614_01-300x225.jpg","_links":{"self":[{"href":"https:\/\/zoca.es\/fr\/wp-json\/wp\/v2\/product\/175115","targetHints":{"allow":["GET"]}}],"collection":[{"href":"https:\/\/zoca.es\/fr\/wp-json\/wp\/v2\/product"}],"about":[{"href":"https:\/\/zoca.es\/fr\/wp-json\/wp\/v2\/types\/product"}],"wp:featuredmedia":[{"embeddable":true,"href":"https:\/\/zoca.es\/fr\/wp-json\/wp\/v2\/media\/175014"}],"wp:attachment":[{"href":"https:\/\/zoca.es\/fr\/wp-json\/wp\/v2\/media?parent=175115"}],"wp:term":[{"taxonomy":"product_brand","embeddable":true,"href":"https:\/\/zoca.es\/fr\/wp-json\/wp\/v2\/product_brand?post=175115"},{"taxonomy":"product_cat","embeddable":true,"href":"https:\/\/zoca.es\/fr\/wp-json\/wp\/v2\/product_cat?post=175115"},{"taxonomy":"product_tag","embeddable":true,"href":"https:\/\/zoca.es\/fr\/wp-json\/wp\/v2\/product_tag?post=175115"}],"curies":[{"name":"wp","href":"https:\/\/api.w.org\/{rel}","templated":true}]}}