{"id":161866,"date":"2026-02-19T09:31:42","date_gmt":"2026-02-19T08:31:42","guid":{"rendered":"https:\/\/zoca.es\/producto\/hp-elite-x2-g8-13-reconditionne-core-i5-26ghz-16-gb-ram-256-gb-ssd-m2-1920x1280-fr-14726\/"},"modified":"2026-03-04T08:44:48","modified_gmt":"2026-03-04T07:44:48","slug":"hp-elite-x2-g8-13-reconditionne-core-i5-26ghz-16-gb-ram-256-gb-ssd-m2-1920x1280-fr-14726","status":"publish","type":"product","link":"https:\/\/zoca.es\/fr\/produit\/hp-elite-x2-g8-13-reconditionne-core-i5-26ghz-16-gb-ram-256-gb-ssd-m2-1920x1280-fr-14726\/","title":{"rendered":"HP Elite X2 G8 13\u00a0\u00bb | Reconditionn\u00e9 | Core i5 2.6GHz | 16 GB RAM | 256 GB SSD M2 1920&#215;1280"},"content":{"rendered":"<p><strong>Processeur<\/strong><br \/>Intel Core i5 i5-1145G7 2.6 GHz.<br \/><strong>M\u00e9moire RAM<\/strong><br \/>16 Gb. SO-DDR4 RAM<br \/><strong>Disque dur<\/strong><br \/>256 Gb. SSD M2<br \/><strong>Cartes<\/strong><br \/>Graphique: Intel Irix Xe Graphics<br \/>Son: Audio Bang &amp; Olufsen<br \/>R\u00e9seau: &#8211;<br \/><strong>Syst\u00e8me op\u00e9ratif<\/strong><br \/>Windows 11 Pro<br \/><strong>Ports<\/strong><br \/>3x USB-C<br \/><strong>\u00c9cran<\/strong><br \/>Tactile 13 \u00a0\u00bb FullHD 16:10  \u00b7 R\u00e9solution 1920&#215;1280<br \/><strong>Multim\u00e9dias<\/strong><br \/>Lecteur d&#8217;empreintes<br \/>Cam\u00e9ra arri\u00e8re<br \/>Cam\u00e9ra frontale<br \/><strong>Connectivit\u00e9<\/strong><br \/>WIFI<br \/>Bluetooth<br \/>4G<br \/><strong>Autres<\/strong><br \/>hR emballage<br \/><strong>Dimensions<\/strong><br \/>29&#215;22.5&#215;2 cm.<br \/><strong>Poids<\/strong><br \/>1.15 Kg.<br \/><strong>Sp\u00e9cifications suppl\u00e9mentaires<\/strong><br \/>La HP Elite x2 G8 est une tablette convertible con\u00e7ue pour ceux qui recherchent des performances avanc\u00e9es, une mobilit\u00e9 r\u00e9elle et une s\u00e9curit\u00e9 professionnelle dans un appareil compact et premium. Pens\u00e9e pour des environnements de travail exigeants, elle combine la polyvalence d\u2019une tablette tactile avec la productivit\u00e9 d\u2019un ordinateur portable complet avec Windows 11 Pro, s\u2019adaptant parfaitement au bureau, au t\u00e9l\u00e9travail ou \u00e0 une mobilit\u00e9 constante.<br \/>\u00c9quip\u00e9e d\u2019un Intel Core i5-1145G7 de 11e g\u00e9n\u00e9ration \u00e0 2.6 GHz, de 16 Go de m\u00e9moire DDR4 et d\u2019un rapide SSD M.2 de 256 Go, elle offre des performances fluides m\u00eame en multit\u00e2che intensif, applications professionnelles et travail collaboratif dans le cloud. Son \u00e9cran tactile de 13 pouces FullHD (1920 x 1280) au format 16:10 offre une plus grande surface verticale utile et une exp\u00e9rience visuelle nette et confortable pour les documents, feuilles de calcul et pr\u00e9sentations. Le clavier espagnol am\u00e9liore l\u2019ergonomie lors de longues journ\u00e9es de travail, tandis que le TPM 2.0 garantit une protection avanc\u00e9e des donn\u00e9es.<br \/>La HP Elite x2 G8 se distingue par son \u00e9quilibre entre puissance, l\u00e9g\u00e8ret\u00e9 et design premium, se positionnant comme une tablette Windows professionnelle pr\u00eate \u00e0 remplacer un ordinateur portable traditionnel sans perdre en mobilit\u00e9. Un appareil moderne, s\u00e9curis\u00e9 et efficace qui stimule la productivit\u00e9 et projette une image technologique de haut niveau.<br \/>Bon \u00e9tat ext\u00e9rieur. Regardez dans \u00ab + Photos \u00bb et si vous avez la moindre question appelez-nous ou utilisez notre chat pour obtenir plus d\u2019informations ou pour demander plus de d\u00e9tails.<br \/><strong>Commentaires<\/strong><br \/><u>Clavier international avec autocollants en fran\u00e7ais<\/u><\/p>\n","protected":false},"excerpt":{"rendered":"<p>Intel Core i5 i5-1145G7 2.6 GHz. \u00b7 16 Gb. SO-DDR4 RAM \u00b7 256 Gb. SSD M2 \u00b7 <strong>Windows 11 Pro<\/strong> \u00b7 Tactile 13 \u00a0\u00bb FullHD 16:10 \u00b7<br \/>\n<u>Clavier international avec autocollants en fran\u00e7ais<br \/>\n<\/u><\/p>\n","protected":false},"featured_media":161809,"template":"","meta":[],"product_brand":[3453],"product_cat":[3112,2302],"product_tag":[],"class_list":{"0":"post-161866","1":"product","2":"type-product","3":"status-publish","4":"has-post-thumbnail","6":"product_brand-hp","7":"product_cat-tablettes-tablettes-fr","8":"product_cat-tablettes-fr","10":"first","11":"instock","12":"taxable","13":"shipping-taxable","14":"purchasable","15":"product-type-simple"},"bundled_by":[],"bundle_stock_status":"instock","bundle_stock_quantity":18,"bundle_virtual":false,"bundle_layout":"","bundle_add_to_cart_form_location":"","bundle_editable_in_cart":false,"bundle_sold_individually_context":"","bundle_item_grouping":"","bundle_min_size":"","bundle_max_size":"","bundle_price":[],"bundled_items":[],"bundle_sell_ids":[],"exclude_global_add_ons":true,"addons":{"keyboard-iso-upgrades":{"name":"Choisir langue du clavier","type":"multiple_choice","position":0,"required":false,"title_format":"heading","default":"","description_enable":false,"description":"","placeholder_enable":false,"placeholder":"","display":"radiobutton","restrictions_type":"any_text","adjust_price":false,"price":"","price_type":"quantity_based","restrictions":false,"min":"0","max":"0","options":[{"label":"Autocollants espagnols [AMP00082]","price":"0.0000","price_type":"quantity_based","image":0,"visibility":true},{"label":"Autocollants fran\u00e7ais [AMP00084]","price":"0.0000","price_type":"quantity_based","image":0,"visibility":true},{"label":"Autocollants portugais [AMP00083]","price":"0.0000","price_type":"quantity_based","image":0,"visibility":true}]},"pencil-upgrades":{"name":"Extension Crayon","type":"multiple_choice","position":0,"required":false,"title_format":"heading","default":"","description_enable":false,"description":"","placeholder_enable":false,"placeholder":"","display":"radiobutton","restrictions_type":"any_text","adjust_price":false,"price":"","price_type":"quantity_based","restrictions":false,"min":"0","max":"0","options":[{"label":"HP Elite X2 Active Pen [AMP00092]","price":"35.0000","price_type":"quantity_based","image":0,"visibility":true},{"label":"HP Elite X2 Active Pen Batterie [AMP00168]","price":"49.0000","price_type":"quantity_based","image":0,"visibility":true}]},"os-upgrades":{"name":"Expansion SO","type":"multiple_choice","position":0,"required":false,"title_format":"heading","default":"","description_enable":false,"description":"","placeholder_enable":false,"placeholder":"","display":"radiobutton","restrictions_type":"any_text","adjust_price":false,"price":"","price_type":"quantity_based","restrictions":false,"min":"0","max":"0","options":[{"label":"Changer la langue en fran\u00e7ais [AMP00125]","price":"0.0000","price_type":"quantity_based","image":0,"visibility":true},{"label":"Changer la langue en anglais [AMP00008]","price":"0.0000","price_type":"quantity_based","image":0,"visibility":true},{"label":"Changer la langue en portugais [AMP00009]","price":"0.0000","price_type":"quantity_based","image":0,"visibility":true}]}},"df_price":506.99,"df_sale_price":"","df_regular_price":506.99,"df_image_link":"https:\/\/zoca.es\/wp-content\/uploads\/images\/product\/14726\/hp03262_01-300x225.jpg","_links":{"self":[{"href":"https:\/\/zoca.es\/fr\/wp-json\/wp\/v2\/product\/161866","targetHints":{"allow":["GET"]}}],"collection":[{"href":"https:\/\/zoca.es\/fr\/wp-json\/wp\/v2\/product"}],"about":[{"href":"https:\/\/zoca.es\/fr\/wp-json\/wp\/v2\/types\/product"}],"wp:featuredmedia":[{"embeddable":true,"href":"https:\/\/zoca.es\/fr\/wp-json\/wp\/v2\/media\/161809"}],"wp:attachment":[{"href":"https:\/\/zoca.es\/fr\/wp-json\/wp\/v2\/media?parent=161866"}],"wp:term":[{"taxonomy":"product_brand","embeddable":true,"href":"https:\/\/zoca.es\/fr\/wp-json\/wp\/v2\/product_brand?post=161866"},{"taxonomy":"product_cat","embeddable":true,"href":"https:\/\/zoca.es\/fr\/wp-json\/wp\/v2\/product_cat?post=161866"},{"taxonomy":"product_tag","embeddable":true,"href":"https:\/\/zoca.es\/fr\/wp-json\/wp\/v2\/product_tag?post=161866"}],"curies":[{"name":"wp","href":"https:\/\/api.w.org\/{rel}","templated":true}]}}