{"id":161551,"date":"2026-02-18T17:30:35","date_gmt":"2026-02-18T16:30:35","guid":{"rendered":"https:\/\/zoca.es\/producto\/hp-prodesk-600-g6-impecable-sff-reconditionne-core-i5-29ghz-16-gb-ram-256-gb-ssd-m2-fr-14708\/"},"modified":"2026-03-02T15:16:55","modified_gmt":"2026-03-02T14:16:55","slug":"hp-prodesk-600-g6-impecable-sff-reconditionne-core-i5-29ghz-16-gb-ram-256-gb-ssd-m2-fr-14708","status":"publish","type":"product","link":"https:\/\/zoca.es\/fr\/produit\/hp-prodesk-600-g6-impecable-sff-reconditionne-core-i5-29ghz-16-gb-ram-256-gb-ssd-m2-fr-14708\/","title":{"rendered":"HP ProDesk 600 G6-Impecable SFF | Reconditionn\u00e9 | Core i5 2.9GHz | 16 GB RAM | 256 GB SSD M2"},"content":{"rendered":"<p><strong>Processeur<\/strong><br \/>Intel Core i5 10400F 2.9 GHz.<br \/><strong>Facteur de forme<\/strong><br \/>SFF<br \/><strong>M\u00e9moire RAM<\/strong><br \/>16 Gb. DDR4 RAM<br \/><strong>Disque dur<\/strong><br \/>256 Gb. SSD M2<br \/><strong>Cartes<\/strong><br \/>Graphique: QUADRO P620 2GB DDR5<br \/>Son: AMD HDA<br \/>R\u00e9seau: Intel Ethernet Connection I219-LM<br \/><strong>Syst\u00e8me op\u00e9ratif<\/strong><br \/>Windows 11 Pro<br \/><strong>Ports<\/strong><br \/>2x USB 2.0<br \/>7x USB 3.0<br \/>USB-C<br \/><strong>Ports vid\u00e9o<\/strong><br \/>4x Mini Display Port<br \/><strong>Connectivit\u00e9<\/strong><br \/>RJ-45<br \/><strong>Autres<\/strong><br \/>hR emballage<br \/><strong>Dimensions<\/strong><br \/>32&#215;26.7&#215;10 cm.<br \/><strong>Poids<\/strong><br \/>3.85 Kg.<br \/><strong>Sp\u00e9cifications suppl\u00e9mentaires<\/strong><br \/>Le HP ProDesk 600 G6 SFF est un ordinateur de bureau professionnel destin\u00e9 aux environnements techniques et professionnels qui n\u00e9cessitent une puissance r\u00e9elle dans un format compact. Son Intel Core i5-10400F \u00e0 6 c\u0153urs offre des performances solides et constantes, id\u00e9ales pour les logiciels de conception, les applications techniques, la gestion avanc\u00e9e et le multit\u00e2che intensif au bureau.<br \/>Les 16 Go de m\u00e9moire DDR4 garantissent une grande fluidit\u00e9 m\u00eame dans des sc\u00e9narios de travail exigeants, tandis que le SSD M.2 de 256 Go assure des d\u00e9marrages rapides et des temps de chargement minimaux, optimisant chaque journ\u00e9e de travail. \u00c9quip\u00e9 de Windows 11 Pro et du TPM 2.0, ce PC de bureau pour entreprise int\u00e8gre une s\u00e9curit\u00e9 avanc\u00e9e et des outils d\u2019administration con\u00e7us pour les environnements professionnels modernes.<br \/>Il int\u00e8gre une carte graphique professionnelle nVidia Quadro P620 de 2 Go GDDR5, une solution fiable pour la CAO, la mod\u00e9lisation 2D\/3D l\u00e9g\u00e8re, la conception technique ou les environnements o\u00f9 la stabilit\u00e9 graphique est prioritaire par rapport \u00e0 l\u2019usage gaming. Son format SFF (Small Form Factor) permet de gagner de l\u2019espace sans renoncer \u00e0 la capacit\u00e9 d\u2019extension, en conservant un emplacement PCIe x4 libre pour de futures extensions.<br \/>Robuste, efficace et pr\u00eat pour une utilisation continue, le ProDesk 600 G6 SFF est un ordinateur de bureau puissant et compact, parfait comme station de travail technique ou \u00e9quipement fiable pour un bureau avanc\u00e9. Une solution \u00e9quilibr\u00e9e entre performances professionnelles, s\u00e9curit\u00e9 et rentabilit\u00e9 \u00e0 long terme.<br \/><b>Aspect ext\u00e9rieur impeccable<\/b>. Regardez dans \u00ab + Photos \u00bb et si vous avez la moindre question appelez-nous ou utilisez notre chat pour obtenir plus d\u2019informations ou pour demander plus de d\u00e9tails.<br \/><strong>Commentaires<\/strong><br \/><u>nVidia Quadro P620 2 Go GDDR5 &#8211; 1xPCIe X16 (occup\u00e9) \/ 1xPCIe X4<\/u><\/p>\n","protected":false},"excerpt":{"rendered":"<p>Intel Core i5 10400F 2.9 GHz. \u00b7 16 Gb. DDR4 RAM \u00b7 256 Gb. SSD M2 \u00b7 <strong>Windows 11 Pro \u00b7<br \/>\nnVidia Quadro P620 2 GB GDDR5<\/strong> &#8211; <u>1xPCIe X16 (occup\u00e9) \/ 1xPCIe X4<br \/>\n<\/u><\/p>\n","protected":false},"featured_media":161496,"template":"","meta":[],"product_brand":[3453],"product_cat":[3124,2219,2222],"product_tag":[],"class_list":{"0":"post-161551","1":"product","2":"type-product","3":"status-publish","4":"has-post-thumbnail","6":"product_brand-hp","7":"product_cat-ordinateurs-ordinateurs-fr","8":"product_cat-ordinateurs-fr","9":"product_cat-ordinateurs-workstations-fr","11":"first","12":"outofstock","13":"taxable","14":"shipping-taxable","15":"purchasable","16":"product-type-simple"},"bundled_by":[],"bundle_stock_status":"outofstock","bundle_stock_quantity":0,"bundle_virtual":false,"bundle_layout":"","bundle_add_to_cart_form_location":"","bundle_editable_in_cart":false,"bundle_sold_individually_context":"","bundle_item_grouping":"","bundle_min_size":"","bundle_max_size":"","bundle_price":[],"bundled_items":[],"bundle_sell_ids":[],"exclude_global_add_ons":true,"addons":{"webcam-upgrades":{"name":"Extension Webcam","type":"multiple_choice","position":0,"required":false,"title_format":"heading","default":"","description_enable":false,"description":"","placeholder_enable":false,"placeholder":"","display":"radiobutton","restrictions_type":"any_text","adjust_price":false,"price":"","price_type":"quantity_based","restrictions":false,"min":"0","max":"0","options":[{"label":"Conceptronic AMDIS FullHD [AMP00085]","price":"29.0000","price_type":"quantity_based","image":0,"visibility":true}]},"ram-memory-upgrades":{"name":"Extension RAM","type":"multiple_choice","position":0,"required":false,"title_format":"heading","default":"","description_enable":false,"description":"","placeholder_enable":false,"placeholder":"","display":"radiobutton","restrictions_type":"any_text","adjust_price":false,"price":"","price_type":"quantity_based","restrictions":false,"min":"0","max":"0","options":[{"label":"Extension de 32 Gb de RAM DIMM [AMP00122]","price":"150.0000","price_type":"quantity_based","image":0,"visibility":true}]},"hdd-upgrades":{"name":"Extension disque dur","type":"multiple_choice","position":0,"required":false,"title_format":"heading","default":"","description_enable":false,"description":"","placeholder_enable":false,"placeholder":"","display":"radiobutton","restrictions_type":"any_text","adjust_price":false,"price":"","price_type":"quantity_based","restrictions":false,"min":"0","max":"0","options":[{"label":"Passez au disque SSD de 500 Gb. M.2 2280PCIe [AMP00106]","price":110,"price_type":"quantity_based","image":0,"visibility":true},{"label":"Passez au disque SSD 1 Tb. M.2 2280 PCIe [AMP00107]","price":165,"price_type":"quantity_based","image":0,"visibility":true},{"label":"Passez au disque SSD 2 Tb. M.2 2280 PCIe [AMP00171]","price":260,"price_type":"quantity_based","image":0,"visibility":true}]},"network-card-upgrades":{"name":"Extension WIFI","type":"multiple_choice","position":0,"required":false,"title_format":"heading","default":"","description_enable":false,"description":"","placeholder_enable":false,"placeholder":"","display":"radiobutton","restrictions_type":"any_text","adjust_price":false,"price":"","price_type":"quantity_based","restrictions":false,"min":"0","max":"0","options":[{"label":"Mise \u00e0 niveau de la carte PCI Wi-Fi [AMP00017]","price":"15.0000","price_type":"quantity_based","image":0,"visibility":true},{"label":"Mise \u00e0 niveau nano USB sans fil [AMP00018]","price":"12.0000","price_type":"quantity_based","image":0,"visibility":true}]},"os-upgrades":{"name":"Expansion SO","type":"multiple_choice","position":0,"required":false,"title_format":"heading","default":"","description_enable":false,"description":"","placeholder_enable":false,"placeholder":"","display":"radiobutton","restrictions_type":"any_text","adjust_price":false,"price":"","price_type":"quantity_based","restrictions":false,"min":"0","max":"0","options":[{"label":"Changer la langue en fran\u00e7ais [AMP00125]","price":"0.0000","price_type":"quantity_based","image":0,"visibility":true},{"label":"Changer la langue en anglais [AMP00008]","price":"0.0000","price_type":"quantity_based","image":0,"visibility":true},{"label":"Changer la langue en portugais [AMP00009]","price":"0.0000","price_type":"quantity_based","image":0,"visibility":true}]},"keyboard-upgrades":{"name":"Extension clavier","type":"multiple_choice","position":0,"required":false,"title_format":"heading","default":"","description_enable":false,"description":"","placeholder_enable":false,"placeholder":"","display":"radiobutton","restrictions_type":"any_text","adjust_price":false,"price":"","price_type":"quantity_based","restrictions":false,"min":"0","max":"0","options":[{"label":"Clavier et souris [AMP00020]","price":"8.0000","price_type":"quantity_based","image":0,"visibility":true},{"label":"Clavier et souris Portuguese New [AMP00088]","price":"15.0000","price_type":"quantity_based","image":0,"visibility":true},{"label":"Clavier et souris USB espagnols (Nouveau) [AMP00068]","price":"12.0000","price_type":"quantity_based","image":0,"visibility":true}]}},"df_price":451.33,"df_sale_price":"","df_regular_price":451.33,"df_image_link":"https:\/\/zoca.es\/wp-content\/uploads\/images\/product\/14708\/hp03254_01-300x225.jpg","_links":{"self":[{"href":"https:\/\/zoca.es\/fr\/wp-json\/wp\/v2\/product\/161551","targetHints":{"allow":["GET"]}}],"collection":[{"href":"https:\/\/zoca.es\/fr\/wp-json\/wp\/v2\/product"}],"about":[{"href":"https:\/\/zoca.es\/fr\/wp-json\/wp\/v2\/types\/product"}],"wp:featuredmedia":[{"embeddable":true,"href":"https:\/\/zoca.es\/fr\/wp-json\/wp\/v2\/media\/161496"}],"wp:attachment":[{"href":"https:\/\/zoca.es\/fr\/wp-json\/wp\/v2\/media?parent=161551"}],"wp:term":[{"taxonomy":"product_brand","embeddable":true,"href":"https:\/\/zoca.es\/fr\/wp-json\/wp\/v2\/product_brand?post=161551"},{"taxonomy":"product_cat","embeddable":true,"href":"https:\/\/zoca.es\/fr\/wp-json\/wp\/v2\/product_cat?post=161551"},{"taxonomy":"product_tag","embeddable":true,"href":"https:\/\/zoca.es\/fr\/wp-json\/wp\/v2\/product_tag?post=161551"}],"curies":[{"name":"wp","href":"https:\/\/api.w.org\/{rel}","templated":true}]}}