{"id":161451,"date":"2026-02-18T17:06:41","date_gmt":"2026-02-18T16:06:41","guid":{"rendered":"https:\/\/zoca.es\/producto\/getac-s410-g4-rugerizado-14-reconditionne-core-i5-24ghz-16-gb-ram-256-gb-ssd-m2-1366x768-fr-14601\/"},"modified":"2026-02-25T10:30:54","modified_gmt":"2026-02-25T09:30:54","slug":"getac-s410-g4-rugerizado-14-reconditionne-core-i5-24ghz-16-gb-ram-256-gb-ssd-m2-1366x768-fr-14601","status":"publish","type":"product","link":"https:\/\/zoca.es\/fr\/produit\/getac-s410-g4-rugerizado-14-reconditionne-core-i5-24ghz-16-gb-ram-256-gb-ssd-m2-1366x768-fr-14601\/","title":{"rendered":"GETAC S410 G4 Rugerizado 14\u00a0\u00bb | Reconditionn\u00e9 | Core i5 2.4GHz | 16 GB RAM | 256 GB SSD M2 1366&#215;768"},"content":{"rendered":"<p><strong>Processeur<\/strong><br \/>Intel Core i5 1135G7 2.4 GHz.<br \/><strong>M\u00e9moire RAM<\/strong><br \/>16 Gb. SO-DDR4 RAM<br \/><strong>Disque dur<\/strong><br \/>256 Gb. SSD M2<br \/><strong>Cartes<\/strong><br \/>Graphique: Intel Iris Xe Graphics<br \/>Son: Realtek HDA<br \/>R\u00e9seau: Intel I219-LM<br \/><strong>Syst\u00e8me op\u00e9ratif<\/strong><br \/>Windows 11 Pro<br \/><strong>Ports<\/strong><br \/>S\u00e9rie<br \/>USB 2.0<br \/>2x USB 3.0<br \/>USB-C<br \/><strong>\u00c9cran<\/strong><br \/>Tactile 14 \u00a0\u00bb HD 16:9 \u00b7 R\u00e9solution 1366&#215;768<br \/><strong>Ports vid\u00e9o<\/strong><br \/>HDMI<br \/>Display Port<br \/><strong>Multim\u00e9dias<\/strong><br \/>Webcam<br \/>Lecteur SD<br \/><strong>Connectivit\u00e9<\/strong><br \/>RJ-45<br \/>WIFI<br \/>Bluetooth<br \/>4G<br \/><strong>Notebook sp\u00e9cifique<\/strong><br \/>Langue du clavier International (autocollants espagnols)<br \/><strong>Autres<\/strong><br \/>hR emballage<br \/><strong>Dimensions<\/strong><br \/>35&#215;29.3&#215;3.8 cm.<br \/><strong>Poids<\/strong><br \/>2.38 Kg.<br \/><strong>Sp\u00e9cifications suppl\u00e9mentaires<\/strong><br \/>Le Getac S410 G4 Rugged est un ordinateur portable professionnel con\u00e7u pour offrir fiabilit\u00e9, performance et continuit\u00e9 op\u00e9rationnelle dans des environnements o\u00f9 la r\u00e9sistance de l\u2019appareil est un facteur d\u00e9terminant. Destin\u00e9 \u00e0 des secteurs tels que l\u2019industrie, la maintenance technique, la logistique, la s\u00e9curit\u00e9 ou les travaux sur le terrain, il combine une construction robuste avec un \u00e9cran tactile de 14 pouces facilitant l\u2019interaction directe avec les applications professionnelles et les environnements de gestion technique. Son processeur Intel Core i5 de 11e g\u00e9n\u00e9ration, associ\u00e9 \u00e0 16 Go de m\u00e9moire RAM et \u00e0 un SSD M.2 de 256 Go, garantit fluidit\u00e9 dans les t\u00e2ches administratives, les logiciels d\u2019entreprise et les applications terrain, tandis que Windows 11 Pro apporte une s\u00e9curit\u00e9 avanc\u00e9e et une compatibilit\u00e9 professionnelle. L\u2019int\u00e9gration d\u2019une webcam, d\u2019un lecteur SD et d\u2019un syst\u00e8me \u00e0 double batterie augmente sa polyvalence et son autonomie, et le stylet tactile permet une interaction pr\u00e9cise dans les travaux techniques, garantissant que le Getac S410 G4 soit un outil solide, adaptable et pr\u00eat pour des environnements exigeants.<strong>Caract\u00e9ristiques de ruggedisation<\/strong><u>Ch\u00e2ssis renforc\u00e9 de conception industrielle<\/u> prot\u00e9geant les composants internes contre les impacts, chutes accidentelles et vibrations, assurant un fonctionnement stable dans des conditions de travail exigeantes.<u>Protection contre la poussi\u00e8re et l\u2019eau<\/u> permettant d\u2019utiliser l\u2019appareil en ext\u00e9rieur, dans des entrep\u00f4ts ou dans des environnements industriels sans compromettre son fonctionnement, maintenant la productivit\u00e9 m\u00eame dans des situations environnementales d\u00e9favorables.<u>\u00c9cran tactile int\u00e9gr\u00e9 dans une structure robuste<\/u>, con\u00e7u pour supporter un usage intensif quotidien et faciliter une interaction pr\u00e9cise dans des environnements professionnels o\u00f9 la durabilit\u00e9 est essentielle.<u>Design ergonomique orient\u00e9 vers la mobilit\u00e9 professionnelle<\/u>, facilitant le transport fr\u00e9quent et l\u2019utilisation prolong\u00e9e pendant des journ\u00e9es intensives sans perdre stabilit\u00e9 ni confort.<u>Syst\u00e8me \u00e0 double batterie<\/u> permettant d\u2019augmenter l\u2019autonomie et de r\u00e9duire les interruptions lors des travaux sur le terrain ou des d\u00e9placements continus.<strong>Certifications de ruggedisation<\/strong><u>MIL-STD-810G<\/u>, certifiant que l\u2019ordinateur portable a \u00e9t\u00e9 soumis \u00e0 des tests de r\u00e9sistance aux chocs, vibrations, humidit\u00e9 et variations de temp\u00e9rature, garantissant fiabilit\u00e9 dans des conditions d\u00e9favorables et des environnements professionnels exigeants.<u>IP65<\/u>, offrant une protection contre la p\u00e9n\u00e9tration de poussi\u00e8re et contre les jets d\u2019eau, id\u00e9al pour les travaux en ext\u00e9rieur ou dans des environnements industriels o\u00f9 l\u2019appareil peut \u00eatre expos\u00e9 \u00e0 des agents environnementaux s\u00e9v\u00e8res.Bon aspect ext\u00e9rieur. Peut pr\u00e9senter de l\u00e9g\u00e8res marques d\u2019usage sur le bo\u00eetier. Regardez dans \u201c+ Photos\u201d et \u00ab\u00a0Vid\u00e9o\u00a0\u00bb et si vous avez des questions, appelez-nous ou utilisez notre chat pour obtenir plus d\u2019informations ou demander plus de d\u00e9tails.<br \/><strong>Commentaires<\/strong><br \/><u>2xBattery &#8211; Comprend un stylet<\/u><\/p>\n","protected":false},"excerpt":{"rendered":"<p>Intel Core i5 1135G7 2.4 GHz. \u00b7 16 Gb. SO-DDR4 RAM \u00b7 256 Gb. SSD M2 \u00b7 <strong>Windows 11 Pro<\/strong> \u00b7 Tactile 14 \u00a0\u00bb HD 16:9 \u00b7 Webcam \u00b7<br \/>\n<strong>2xBattery<\/strong>\u00b7<strong>Comprend un stylet<\/strong> \u00b7<u>Clavier international avec autocollants en fran\u00e7ais<\/u><\/p>\n","protected":false},"featured_media":161366,"template":"","meta":[],"product_brand":[3462],"product_cat":[2254,3068,2275],"product_tag":[],"class_list":{"0":"post-161451","1":"product","2":"type-product","3":"status-publish","4":"has-post-thumbnail","6":"product_brand-getac","7":"product_cat-notebooks-fr","8":"product_cat-ruggerized-fr","9":"product_cat-notebooks-ruggerized-fr","11":"first","12":"outofstock","13":"taxable","14":"shipping-taxable","15":"purchasable","16":"product-type-simple"},"bundled_by":[],"bundle_stock_status":"outofstock","bundle_stock_quantity":0,"bundle_virtual":false,"bundle_layout":"","bundle_add_to_cart_form_location":"","bundle_editable_in_cart":false,"bundle_sold_individually_context":"","bundle_item_grouping":"","bundle_min_size":"","bundle_max_size":"","bundle_price":[],"bundled_items":[],"bundle_sell_ids":[],"exclude_global_add_ons":true,"addons":{"keyboard-iso-upgrades":{"name":"Choisir langue du clavier","type":"multiple_choice","position":0,"required":false,"title_format":"heading","default":"","description_enable":false,"description":"","placeholder_enable":false,"placeholder":"","display":"radiobutton","restrictions_type":"any_text","adjust_price":false,"price":"","price_type":"quantity_based","restrictions":false,"min":"0","max":"0","options":[{"label":"Autocollants espagnols [AMP00082]","price":"0.0000","price_type":"quantity_based","image":0,"visibility":true},{"label":"Autocollants fran\u00e7ais [AMP00084]","price":"0.0000","price_type":"quantity_based","image":0,"visibility":true},{"label":"Autocollants portugais [AMP00083]","price":"0.0000","price_type":"quantity_based","image":0,"visibility":true}]},"docking-station-upgrades":{"name":"Extension Docking Station","type":"multiple_choice","position":0,"required":false,"title_format":"heading","default":"","description_enable":false,"description":"","placeholder_enable":false,"placeholder":"","display":"radiobutton","restrictions_type":"any_text","adjust_price":false,"price":"","price_type":"quantity_based","restrictions":false,"min":"0","max":"0","options":[{"label":"GETAC Docking Station S410 [AMP00161]","price":"50.0000","price_type":"quantity_based","image":0,"visibility":true}]},"hdd-upgrades":{"name":"Extension disque dur","type":"multiple_choice","position":0,"required":false,"title_format":"heading","default":"","description_enable":false,"description":"","placeholder_enable":false,"placeholder":"","display":"radiobutton","restrictions_type":"any_text","adjust_price":false,"price":"","price_type":"quantity_based","restrictions":false,"min":"0","max":"0","options":[{"label":"Passez au disque SSD 1 Tb. M.2 2280 PCIe [AMP00107]","price":165,"price_type":"quantity_based","image":0,"visibility":true},{"label":"Passez au disque SSD 2 Tb. M.2 2280 PCIe [AMP00171]","price":260,"price_type":"quantity_based","image":0,"visibility":true},{"label":"Passez au disque SSD de 500 Gb. M.2 2280PCIe [AMP00106]","price":95,"price_type":"quantity_based","image":0,"visibility":true}]},"os-upgrades":{"name":"Expansion SO","type":"multiple_choice","position":0,"required":false,"title_format":"heading","default":"","description_enable":false,"description":"","placeholder_enable":false,"placeholder":"","display":"radiobutton","restrictions_type":"any_text","adjust_price":false,"price":"","price_type":"quantity_based","restrictions":false,"min":"0","max":"0","options":[{"label":"Changer la langue en fran\u00e7ais [AMP00125]","price":"0.0000","price_type":"quantity_based","image":0,"visibility":true},{"label":"Changer la langue en anglais [AMP00008]","price":"0.0000","price_type":"quantity_based","image":0,"visibility":true},{"label":"Changer la langue en portugais [AMP00009]","price":"0.0000","price_type":"quantity_based","image":0,"visibility":true}]},"briefcase-upgrades":{"name":"Porte-documents","type":"multiple_choice","position":0,"required":false,"title_format":"heading","default":"","description_enable":false,"description":"","placeholder_enable":false,"placeholder":"","display":"radiobutton","restrictions_type":"any_text","adjust_price":false,"price":"","price_type":"quantity_based","restrictions":false,"min":"0","max":"0","options":[{"label":"Mallette Notebook [AMP00041]","price":"5.0000","price_type":"quantity_based","image":0,"visibility":true}]}},"df_price":884.51,"df_sale_price":"","df_regular_price":884.51,"df_image_link":"https:\/\/zoca.es\/wp-content\/uploads\/images\/product\/14601\/gtc00062_01-300x225.jpg","_links":{"self":[{"href":"https:\/\/zoca.es\/fr\/wp-json\/wp\/v2\/product\/161451","targetHints":{"allow":["GET"]}}],"collection":[{"href":"https:\/\/zoca.es\/fr\/wp-json\/wp\/v2\/product"}],"about":[{"href":"https:\/\/zoca.es\/fr\/wp-json\/wp\/v2\/types\/product"}],"wp:featuredmedia":[{"embeddable":true,"href":"https:\/\/zoca.es\/fr\/wp-json\/wp\/v2\/media\/161366"}],"wp:attachment":[{"href":"https:\/\/zoca.es\/fr\/wp-json\/wp\/v2\/media?parent=161451"}],"wp:term":[{"taxonomy":"product_brand","embeddable":true,"href":"https:\/\/zoca.es\/fr\/wp-json\/wp\/v2\/product_brand?post=161451"},{"taxonomy":"product_cat","embeddable":true,"href":"https:\/\/zoca.es\/fr\/wp-json\/wp\/v2\/product_cat?post=161451"},{"taxonomy":"product_tag","embeddable":true,"href":"https:\/\/zoca.es\/fr\/wp-json\/wp\/v2\/product_tag?post=161451"}],"curies":[{"name":"wp","href":"https:\/\/api.w.org\/{rel}","templated":true}]}}