{"id":160309,"date":"2026-02-16T12:34:05","date_gmt":"2026-02-16T11:34:05","guid":{"rendered":"https:\/\/zoca.es\/producto\/dell-latitude-5410-14-reconditionne-core-i5-17ghz-8-gb-ram-256-gb-ssd-m2-1366x768-fr-14468\/"},"modified":"2026-03-30T10:40:05","modified_gmt":"2026-03-30T09:40:05","slug":"dell-latitude-5410-14-reconditionne-core-i5-17ghz-8-gb-ram-256-gb-ssd-m2-1366x768-fr-14468","status":"publish","type":"product","link":"https:\/\/zoca.es\/fr\/produit\/dell-latitude-5410-14-reconditionne-core-i5-17ghz-8-gb-ram-256-gb-ssd-m2-1366x768-fr-14468\/","title":{"rendered":"Dell Latitude 5410 14\u00a0\u00bb | Reconditionn\u00e9 | Core i5 1.7GHz | 8 GB RAM | 256 GB SSD M2 1366&#215;768"},"content":{"rendered":"<p><strong>Processeur<\/strong><br \/>Intel Core i5 10310U 1.7 GHz.<br \/><strong>M\u00e9moire RAM<\/strong><br \/>8 Gb. SO-DDR4 RAM<br \/><strong>Disque dur<\/strong><br \/>256 Gb. SSD M2<br \/><strong>Cartes<\/strong><br \/>Graphique: Intel UHD Graphics<br \/>Son: Realtek HDA<br \/>R\u00e9seau: L219LM Gigabit Ethernet<br \/><strong>Syst\u00e8me op\u00e9ratif<\/strong><br \/>Windows 11 Pro<br \/><strong>Ports<\/strong><br \/>3x USB 3.1<br \/><strong>\u00c9cran<\/strong><br \/>Led 14 \u00a0\u00bb HD 16:9 \u00b7 R\u00e9solution 1366&#215;768<br \/><strong>Ports vid\u00e9o<\/strong><br \/>HDMI<br \/>Mini Display Port<br \/><strong>Multim\u00e9dias<\/strong><br \/>Webcam<br \/>Lecteur SD<br \/>Lecteur carte d&rsquo;identit\u00e9<br \/><strong>Connectivit\u00e9<\/strong><br \/>RJ-45<br \/>WIFI<br \/>Bluetooth<br \/><strong>Notebook sp\u00e9cifique<\/strong><br \/>Langue du clavier Espagnol<br \/><strong>Autres<\/strong><br \/>hR emballage<br \/><strong>Dimensions<\/strong><br \/>22x33x2.5 cm.<br \/><strong>Poids<\/strong><br \/>1.50 Kg.<br \/><strong>Sp\u00e9cifications suppl\u00e9mentaires<\/strong><br \/>Le Dell Latitude 5410 est un ordinateur portable professionnel con\u00e7u pour offrir des performances efficaces, une s\u00e9curit\u00e9 avanc\u00e9e et une fiabilit\u00e9 \u00e0 long terme. \u00c9quip\u00e9 d\u2019un processeur Intel Core i5-10310U de 10e g\u00e9n\u00e9ration \u00e0 1.7 GHz et de 8 Go de m\u00e9moire DDR4, il offre une exp\u00e9rience fluide en multit\u00e2che, applications bureautiques, gestion administrative et environnements professionnels exigeants.Son SSD M.2 de 256 Go garantit des d\u00e9marrages rapides et un acc\u00e8s imm\u00e9diat aux donn\u00e9es, optimisant le temps de travail et am\u00e9liorant la productivit\u00e9 quotidienne. L\u2019\u00e9cran LED HD de 14\u201d au format 16:9 offre un \u00e9quilibre id\u00e9al entre portabilit\u00e9 et confort visuel, parfait pour des journ\u00e9es intensives aussi bien au bureau qu\u2019en mobilit\u00e9.Il inclut Windows 11 Pro et TPM 2.0, assurant un environnement s\u00e9curis\u00e9, \u00e0 jour et compatible avec les outils professionnels modernes. De plus, il int\u00e8gre une webcam, un lecteur de carte SD et un lecteur de carte d\u2019identit\u00e9, apportant connectivit\u00e9 et authentification s\u00e9curis\u00e9e dans les environnements professionnels et administratifs.Le Latitude 5410 se distingue par sa construction robuste et son design \u00e9l\u00e9gant, caract\u00e9ristiques de la gamme Latitude, ce qui en fait un excellent choix comme ordinateur portable professionnel pour entreprise, t\u00e9l\u00e9travail ou poste fixe compact, combinant performance, s\u00e9curit\u00e9 et efficacit\u00e9 op\u00e9rationnelle dans un seul appareil.Bon aspect ext\u00e9rieur. Regardez dans \u201c+ Photos\u201d et \u00ab\u00a0Video\u00a0\u00bb et si vous avez la moindre question appelez-nous ou utilisez notre chat pour obtenir plus d\u2019informations ou pour demander plus de d\u00e9tails.<\/p>\n","protected":false},"excerpt":{"rendered":"<p>Intel Core i5 10310U 1.7 GHz. \u00b7 8 Gb. SO-DDR4 RAM \u00b7 256 Gb. SSD M2 \u00b7 <strong>Windows 11 Pro<\/strong> \u00b7 Led 14 \u00a0\u00bb HD 16:9 \u00b7 R\u00e9solution 1366&#215;768 \u00b7 Webcam \u00b7 Lecteur SD \u00b7 Lecteur carte d&rsquo;identit\u00e9<\/p>\n","protected":false},"featured_media":160248,"template":"","meta":[],"product_brand":[3445],"product_cat":[2254,3121],"product_tag":[],"class_list":{"0":"post-160309","1":"product","2":"type-product","3":"status-publish","4":"has-post-thumbnail","6":"product_brand-dell","7":"product_cat-notebooks-fr","8":"product_cat-notebooks-notebooks-fr","10":"first","11":"instock","12":"sale","13":"taxable","14":"shipping-taxable","15":"purchasable","16":"product-type-simple"},"bundled_by":[],"bundle_stock_status":"instock","bundle_stock_quantity":14,"bundle_virtual":false,"bundle_layout":"","bundle_add_to_cart_form_location":"","bundle_editable_in_cart":false,"bundle_sold_individually_context":"","bundle_item_grouping":"","bundle_min_size":"","bundle_max_size":"","bundle_price":[],"bundled_items":[],"bundle_sell_ids":[],"exclude_global_add_ons":true,"addons":{"keyboard-iso-upgrades":{"name":"Choisir langue du clavier","type":"multiple_choice","position":0,"required":false,"title_format":"heading","default":"","description_enable":false,"description":"","placeholder_enable":false,"placeholder":"","display":"radiobutton","restrictions_type":"any_text","adjust_price":false,"price":"","price_type":"quantity_based","restrictions":false,"min":"0","max":"0","options":[{"label":"Autocollants fran\u00e7ais [AMP00084]","price":"0.0000","price_type":"quantity_based","image":0,"visibility":true},{"label":"Autocollants portugais [AMP00083]","price":"0.0000","price_type":"quantity_based","image":0,"visibility":true}]},"ram-memory-upgrades":{"name":"Extension RAM","type":"multiple_choice","position":0,"required":false,"title_format":"heading","default":"","description_enable":false,"description":"","placeholder_enable":false,"placeholder":"","display":"radiobutton","restrictions_type":"any_text","adjust_price":false,"price":"","price_type":"quantity_based","restrictions":false,"min":"0","max":"0","options":[{"label":"Extension de 16 Gb Gb de RAM SO-DIMM DDR4 [AMP00081]","price":"60.0000","price_type":"quantity_based","image":0,"visibility":true}]},"hdd-upgrades":{"name":"Extension disque dur","type":"multiple_choice","position":0,"required":false,"title_format":"heading","default":"","description_enable":false,"description":"","placeholder_enable":false,"placeholder":"","display":"radiobutton","restrictions_type":"any_text","adjust_price":false,"price":"","price_type":"quantity_based","restrictions":false,"min":"0","max":"0","options":[{"label":"Passez au disque SSD de 500 Gb. M.2 2280PCIe [AMP00106]","price":"110.0000","price_type":"quantity_based","image":0,"visibility":true},{"label":"Passez au disque SSD 1 Tb. M.2 2280 PCIe [AMP00107]","price":"165.0000","price_type":"quantity_based","image":0,"visibility":true},{"label":"Passez au disque SSD 2 Tb. M.2 2280 PCIe [AMP00171]","price":"260.0000","price_type":"quantity_based","image":0,"visibility":true}]},"os-upgrades":{"name":"Expansion SO","type":"multiple_choice","position":0,"required":false,"title_format":"heading","default":"","description_enable":false,"description":"","placeholder_enable":false,"placeholder":"","display":"radiobutton","restrictions_type":"any_text","adjust_price":false,"price":"","price_type":"quantity_based","restrictions":false,"min":"0","max":"0","options":[{"label":"Changer la langue en fran\u00e7ais [AMP00125]","price":"0.0000","price_type":"quantity_based","image":0,"visibility":true},{"label":"Changer la langue en anglais [AMP00008]","price":"0.0000","price_type":"quantity_based","image":0,"visibility":true},{"label":"Changer la langue en portugais [AMP00009]","price":"0.0000","price_type":"quantity_based","image":0,"visibility":true}]},"briefcase-upgrades":{"name":"Porte-documents","type":"multiple_choice","position":0,"required":false,"title_format":"heading","default":"","description_enable":false,"description":"","placeholder_enable":false,"placeholder":"","display":"radiobutton","restrictions_type":"any_text","adjust_price":false,"price":"","price_type":"quantity_based","restrictions":false,"min":"0","max":"0","options":[{"label":"Mallette Notebook [AMP00041]","price":"5.0000","price_type":"quantity_based","image":0,"visibility":true}]}},"df_price":267.41,"df_sale_price":267.41,"df_regular_price":297.66,"df_image_link":"https:\/\/zoca.es\/wp-content\/uploads\/images\/product\/14468\/dell01583_01-300x225.jpg","_links":{"self":[{"href":"https:\/\/zoca.es\/fr\/wp-json\/wp\/v2\/product\/160309","targetHints":{"allow":["GET"]}}],"collection":[{"href":"https:\/\/zoca.es\/fr\/wp-json\/wp\/v2\/product"}],"about":[{"href":"https:\/\/zoca.es\/fr\/wp-json\/wp\/v2\/types\/product"}],"wp:featuredmedia":[{"embeddable":true,"href":"https:\/\/zoca.es\/fr\/wp-json\/wp\/v2\/media\/160248"}],"wp:attachment":[{"href":"https:\/\/zoca.es\/fr\/wp-json\/wp\/v2\/media?parent=160309"}],"wp:term":[{"taxonomy":"product_brand","embeddable":true,"href":"https:\/\/zoca.es\/fr\/wp-json\/wp\/v2\/product_brand?post=160309"},{"taxonomy":"product_cat","embeddable":true,"href":"https:\/\/zoca.es\/fr\/wp-json\/wp\/v2\/product_cat?post=160309"},{"taxonomy":"product_tag","embeddable":true,"href":"https:\/\/zoca.es\/fr\/wp-json\/wp\/v2\/product_tag?post=160309"}],"curies":[{"name":"wp","href":"https:\/\/api.w.org\/{rel}","templated":true}]}}