{"id":159615,"date":"2026-02-12T12:09:14","date_gmt":"2026-02-12T11:09:14","guid":{"rendered":"https:\/\/zoca.es\/producto\/dell-latitude-7320-13-reconditionne-core-i5-11ghz-8-gb-ram-256-gb-ssd-m2-1920x1280-fr-14687\/"},"modified":"2026-04-08T16:04:16","modified_gmt":"2026-04-08T15:04:16","slug":"dell-latitude-7320-13-reconditionne-core-i5-11ghz-8-gb-ram-256-gb-ssd-m2-1920x1280-fr-14687","status":"publish","type":"product","link":"https:\/\/zoca.es\/fr\/produit\/dell-latitude-7320-13-reconditionne-core-i5-11ghz-8-gb-ram-256-gb-ssd-m2-1920x1280-fr-14687\/","title":{"rendered":"Dell Latitude 7320 13\u00a0\u00bb | Reconditionn\u00e9 | Core i5 1.1GHz | 8 GB RAM | 256 GB SSD M2 1920&#215;1280"},"content":{"rendered":"<p><strong>Processeur<\/strong><br \/>Intel Core i5 1140G7 1.1 GHz.<br \/><strong>M\u00e9moire RAM<\/strong><br \/>8 Gb. SO-DDR4 RAM<br \/><strong>Disque dur<\/strong><br \/>256 Gb. SSD M2<br \/><strong>Cartes<\/strong><br \/>Graphique: Intel Iris Xe Graphics<br \/>Son: Realtek SoundWire HW<br \/>R\u00e9seau: &#8211;<br \/><strong>Syst\u00e8me op\u00e9ratif<\/strong><br \/>Windows 11 Pro<br \/><strong>Ports<\/strong><br \/>2x USB-C<br \/><strong>\u00c9cran<\/strong><br \/>Tactile 13 \u00a0\u00bb FullHD 16:10  \u00b7 R\u00e9solution 1920&#215;1280<br \/><strong>Multim\u00e9dias<\/strong><br \/>Cam\u00e9ra arri\u00e8re<br \/>Cam\u00e9ra frontale<br \/><strong>Connectivit\u00e9<\/strong><br \/>WIFI<br \/>Bluetooth<br \/>4G<br \/><strong>Autres<\/strong><br \/>hR emballage<br \/><strong>Dimensions<\/strong><br \/>28x20x1 cm.<br \/><strong>Poids<\/strong><br \/>0.78 Kg.<br \/><strong>Sp\u00e9cifications suppl\u00e9mentaires<\/strong><br \/>La Dell Latitude 7320 est une tablette professionnelle de derni\u00e8re g\u00e9n\u00e9ration con\u00e7ue pour ceux qui ont besoin de travailler depuis n\u2019importe o\u00f9 avec une autonomie totale et une connexion permanente. Gr\u00e2ce \u00e0 sa connectivit\u00e9 4G int\u00e9gr\u00e9e, elle devient l\u2019outil id\u00e9al pour les environnements dynamiques, le travail en mobilit\u00e9, les \u00e9quipes techniques ou les profils n\u00e9cessitant un acc\u00e8s continu au cloud et \u00e0 leurs applications professionnelles avec Windows 11 Pro.<br \/>\u00c9quip\u00e9e d\u2019un performant Intel Core i5-1140G7 de 11e g\u00e9n\u00e9ration, de 8 Go de m\u00e9moire DDR4 et d\u2019un rapide SSD M.2 de 256 Go, elle offre des performances agiles et stables pour le multit\u00e2che, la gestion d\u2019entreprise et le travail collaboratif. Son \u00e9cran tactile FullHD de 13 pouces (1920 x 1280) au format 16:10 offre davantage d\u2019espace vertical et une excellente nettet\u00e9 pour les documents, feuilles de calcul et pr\u00e9sentations. De plus, elle int\u00e8gre TPM 2.0 pour renforcer la s\u00e9curit\u00e9 des donn\u00e9es et un clavier international pour une exp\u00e9rience de frappe confortable et professionnelle.<br \/>La Dell Latitude 7320 combine portabilit\u00e9, connectivit\u00e9 mobile 4G et s\u00e9curit\u00e9 avanc\u00e9e, devenant une tablette Windows haut de gamme pens\u00e9e pour une productivit\u00e9 r\u00e9elle en d\u00e9placement. Un appareil \u00e9l\u00e9gant, fiable et pr\u00eat pour des environnements professionnels exigeants o\u00f9 la connexion constante fait la diff\u00e9rence.<br \/>Bon aspect ext\u00e9rieur. Peut pr\u00e9senter de l\u00e9g\u00e8res marques d\u2019utilisation sur le bo\u00eetier. Si vous avez la moindre question appelez-nous ou utilisez notre chat pour obtenir plus d\u2019informations ou pour demander plus de d\u00e9tails.<\/p>\n","protected":false},"excerpt":{"rendered":"<p>Intel Core i5 1140G7 1.1 GHz. \u00b7 8 Gb. SO-DDR4 RAM \u00b7 256 Gb. SSD M2 \u00b7 <strong>Windows 11 Pro<\/strong> \u00b7 Tactile 13 \u00a0\u00bb FullHD 16:10 \u00b7<u>Clavier international avec autocollants en fran\u00e7ais<\/u><\/p>\n","protected":false},"featured_media":159590,"template":"","meta":[],"product_brand":[3445],"product_cat":[3112,2302],"product_tag":[],"class_list":{"0":"post-159615","1":"product","2":"type-product","3":"status-publish","4":"has-post-thumbnail","6":"product_brand-dell","7":"product_cat-tablettes-tablettes-fr","8":"product_cat-tablettes-fr","10":"first","11":"instock","12":"taxable","13":"shipping-taxable","14":"purchasable","15":"product-type-simple"},"bundled_by":[],"bundle_stock_status":"instock","bundle_stock_quantity":11,"bundle_virtual":false,"bundle_layout":"","bundle_add_to_cart_form_location":"","bundle_editable_in_cart":false,"bundle_sold_individually_context":"","bundle_item_grouping":"","bundle_min_size":"","bundle_max_size":"","bundle_price":[],"bundled_items":[],"bundle_sell_ids":[],"exclude_global_add_ons":true,"addons":{"keyboard-iso-upgrades":{"name":"Choisir langue du clavier","type":"multiple_choice","position":0,"required":false,"title_format":"heading","default":"","description_enable":false,"description":"","placeholder_enable":false,"placeholder":"","display":"radiobutton","restrictions_type":"any_text","adjust_price":false,"price":"","price_type":"quantity_based","restrictions":false,"min":"0","max":"0","options":[{"label":"Autocollants espagnols [AMP00082]","price":"0.0000","price_type":"quantity_based","image":0,"visibility":true},{"label":"Autocollants fran\u00e7ais [AMP00084]","price":"0.0000","price_type":"quantity_based","image":0,"visibility":true},{"label":"Autocollants portugais [AMP00083]","price":"0.0000","price_type":"quantity_based","image":0,"visibility":true}]},"os-upgrades":{"name":"Expansion SO","type":"multiple_choice","position":0,"required":false,"title_format":"heading","default":"","description_enable":false,"description":"","placeholder_enable":false,"placeholder":"","display":"radiobutton","restrictions_type":"any_text","adjust_price":false,"price":"","price_type":"quantity_based","restrictions":false,"min":"0","max":"0","options":[{"label":"Changer la langue en fran\u00e7ais [AMP00125]","price":"0.0000","price_type":"quantity_based","image":0,"visibility":true},{"label":"Changer la langue en anglais [AMP00008]","price":"0.0000","price_type":"quantity_based","image":0,"visibility":true},{"label":"Changer la langue en portugais [AMP00009]","price":"0.0000","price_type":"quantity_based","image":0,"visibility":true}]}},"df_price":406.56,"df_sale_price":"","df_regular_price":406.56,"df_image_link":"https:\/\/zoca.es\/wp-content\/uploads\/images\/product\/14687\/dell01636_01-300x225.jpg","_links":{"self":[{"href":"https:\/\/zoca.es\/fr\/wp-json\/wp\/v2\/product\/159615","targetHints":{"allow":["GET"]}}],"collection":[{"href":"https:\/\/zoca.es\/fr\/wp-json\/wp\/v2\/product"}],"about":[{"href":"https:\/\/zoca.es\/fr\/wp-json\/wp\/v2\/types\/product"}],"wp:featuredmedia":[{"embeddable":true,"href":"https:\/\/zoca.es\/fr\/wp-json\/wp\/v2\/media\/159590"}],"wp:attachment":[{"href":"https:\/\/zoca.es\/fr\/wp-json\/wp\/v2\/media?parent=159615"}],"wp:term":[{"taxonomy":"product_brand","embeddable":true,"href":"https:\/\/zoca.es\/fr\/wp-json\/wp\/v2\/product_brand?post=159615"},{"taxonomy":"product_cat","embeddable":true,"href":"https:\/\/zoca.es\/fr\/wp-json\/wp\/v2\/product_cat?post=159615"},{"taxonomy":"product_tag","embeddable":true,"href":"https:\/\/zoca.es\/fr\/wp-json\/wp\/v2\/product_tag?post=159615"}],"curies":[{"name":"wp","href":"https:\/\/api.w.org\/{rel}","templated":true}]}}