{"id":159394,"date":"2026-02-11T15:50:06","date_gmt":"2026-02-11T14:50:06","guid":{"rendered":"https:\/\/zoca.es\/producto\/apple-macbook-pro-162-133-reconditionne-core-i5-2ghz-16-gb-ram-512-gb-ssd-m2-2560x1600-fr-14320\/"},"modified":"2026-02-25T10:09:49","modified_gmt":"2026-02-25T09:09:49","slug":"apple-macbook-pro-162-133-reconditionne-core-i5-2ghz-16-gb-ram-512-gb-ssd-m2-2560x1600-fr-14320","status":"publish","type":"product","link":"https:\/\/zoca.es\/fr\/produit\/apple-macbook-pro-162-133-reconditionne-core-i5-2ghz-16-gb-ram-512-gb-ssd-m2-2560x1600-fr-14320\/","title":{"rendered":"Apple MacBook Pro 16,2 13.3\u00a0\u00bb | Reconditionn\u00e9 | Core i5 2GHz | 16 GB RAM | 512 GB SSD M2 2560&#215;1600"},"content":{"rendered":"<p><strong>Processeur<\/strong><br \/>Intel Core i5 1038NG7 2 GHz.<br \/><strong>M\u00e9moire RAM<\/strong><br \/>16 Gb. SO-DDR4 RAM<br \/><strong>Disque dur<\/strong><br \/>512 Gb. SSD M2<br \/><strong>Cartes<\/strong><br \/>Graphique: Intel Iris 1.5Gb<br \/>Son: HD Audio Dolby Atmos<br \/><strong>Syst\u00e8me op\u00e9ratif<\/strong><br \/>macOS Tahoe<br \/><strong>Ports<\/strong><br \/>4x USB-C<br \/><strong>\u00c9cran<\/strong><br \/>Retina 13.3 \u00a0\u00bb 2K 16:9 \u00b7 R\u00e9solution 2560&#215;1600<br \/><strong>Multim\u00e9dias<\/strong><br \/>Webcam<br \/><strong>Connectivit\u00e9<\/strong><br \/>WIFI<br \/>Bluetooth<br \/><strong>Notebook sp\u00e9cifique<\/strong><br \/>Langue du clavier Espagnol<br \/><strong>Autres<\/strong><br \/>hR emballage<br \/><strong>Dimensions<\/strong><br \/>30.4&#215;21.2&#215;1.6 cm.<br \/><strong>Poids<\/strong><br \/>1.40 Kg.<br \/><strong>Sp\u00e9cifications suppl\u00e9mentaires<\/strong><br \/>L\u2019Apple MacBook Pro 16,2 (A2251) combine puissance professionnelle, design iconique et une fluidit\u00e9 in\u00e9galable dans chaque t\u00e2che. \u00c9quip\u00e9 d\u2019un processeur Intel Core i5 1038NG7 de 10e g\u00e9n\u00e9ration et de 16 Go de m\u00e9moire DDR4, cet ordinateur portable offre des performances solides et efficaces, id\u00e9ales pour les professionnels qui recherchent vitesse, stabilit\u00e9 et capacit\u00e9 multit\u00e2che sans compromis. Son \u00e9cran Retina 2K de 13,3 pouces \u00e9blouit par une qualit\u00e9 d\u2019image spectaculaire : couleurs r\u00e9alistes, luminosit\u00e9 uniforme et une r\u00e9solution de 2560&#215;1600 qui transforme chaque d\u00e9tail en une \u0153uvre de pr\u00e9cision.Le SSD M.2 de 512 Go acc\u00e9l\u00e8re le travail quotidien avec des d\u00e9marrages instantan\u00e9s et une gestion des fichiers ultra fluide, tandis que la Touch Bar introduit une mani\u00e8re plus intuitive et cr\u00e9ative d\u2019interagir avec vos applications. Avec macOS Tahoe, vous profiterez d\u2019une exp\u00e9rience moderne, s\u00e9curis\u00e9e et parfaitement optimis\u00e9e pour l\u2019\u00e9cosyst\u00e8me Apple. Sa finition \u00e9l\u00e9gante Space Grey et son aspect ext\u00e9rieur impeccable compl\u00e8tent un ordinateur portable qui se distingue autant \u00e0 l\u2019int\u00e9rieur qu\u2019\u00e0 l\u2019ext\u00e9rieur. Le MacBook Pro 16,2 est le choix parfait pour ceux qui exigent des performances maximales avec le style inimitable d\u2019Apple.Bon aspect ext\u00e9rieur. <strong>Pr\u00e9sente des marques d\u2019utilisation sur le bo\u00eetier. Il s\u2019agit d\u2019une question purement esth\u00e9tique. Les fonctionnalit\u00e9s de l\u2019ordinateur portable sont correctes.<\/strong> Regardez dans \u201c+ Photos\u201d et si vous avez des questions appelez-nous ou utilisez notre chat pour \u00e9largir les informations ou pour demander plus de d\u00e9tails.<br \/><strong>Commentaires<\/strong><br \/><u>TouchBar \u2013 Clavier espagnol \u2013 Mod\u00e8le A2251 (2020) \u2013 Couleur Space Grey<\/u><\/p>\n","protected":false},"excerpt":{"rendered":"<p>Intel Core i5 1038NG7 2 GHz. \u00b7 16 Gb. SO-DDR4 RAM \u00b7 512 Gb. SSD M2 \u00b7 macOS Tahoe \u00b7 Retina 13.3 \u00a0\u00bb 2K 16:9 \u00b7 Webcam \u00b7<br \/>\n<strong>TouchBar \u2013 Clavier espagnol <\/strong>\u2013 <u>Mod\u00e8le A2251 (2020) \u2013 Couleur Space Grey \u00b7Traces d&rsquo;utilisation sur le bo\u00eetier<\/u><\/p>\n","protected":false},"featured_media":159333,"template":"","meta":[],"product_brand":[3449],"product_cat":[2254,3121],"product_tag":[],"class_list":{"0":"post-159394","1":"product","2":"type-product","3":"status-publish","4":"has-post-thumbnail","6":"product_brand-apple","7":"product_cat-notebooks-fr","8":"product_cat-notebooks-notebooks-fr","10":"first","11":"outofstock","12":"taxable","13":"shipping-taxable","14":"purchasable","15":"product-type-simple"},"bundled_by":[],"bundle_stock_status":"outofstock","bundle_stock_quantity":0,"bundle_virtual":false,"bundle_layout":"","bundle_add_to_cart_form_location":"","bundle_editable_in_cart":false,"bundle_sold_individually_context":"","bundle_item_grouping":"","bundle_min_size":"","bundle_max_size":"","bundle_price":[],"bundled_items":[],"bundle_sell_ids":[],"exclude_global_add_ons":true,"addons":{"keyboard-iso-upgrades":{"name":"Choisir langue du clavier","type":"multiple_choice","position":0,"required":false,"title_format":"heading","default":"","description_enable":false,"description":"","placeholder_enable":false,"placeholder":"","display":"radiobutton","restrictions_type":"any_text","adjust_price":false,"price":"","price_type":"quantity_based","restrictions":false,"min":"0","max":"0","options":[{"label":"Autocollants fran\u00e7ais [AMP00084]","price":"0.0000","price_type":"quantity_based","image":0,"visibility":true},{"label":"Autocollants portugais [AMP00083]","price":"0.0000","price_type":"quantity_based","image":0,"visibility":true}]},"mouse-upgrades":{"name":"Extension souris","type":"multiple_choice","position":0,"required":false,"title_format":"heading","default":"","description_enable":false,"description":"","placeholder_enable":false,"placeholder":"","display":"radiobutton","restrictions_type":"any_text","adjust_price":false,"price":"","price_type":"quantity_based","restrictions":false,"min":"0","max":"0","options":[{"label":"Apple Magic Mouse 2 (A1657) [AMP00060]","price":"60.0000","price_type":"quantity_based","image":0,"visibility":true}]},"os-upgrades":{"name":"Expansion SO","type":"multiple_choice","position":0,"required":false,"title_format":"heading","default":"","description_enable":false,"description":"","placeholder_enable":false,"placeholder":"","display":"radiobutton","restrictions_type":"any_text","adjust_price":false,"price":"","price_type":"quantity_based","restrictions":false,"min":"0","max":"0","options":[{"label":"Changer la langue en fran\u00e7ais [AMP00125]","price":"0.0000","price_type":"quantity_based","image":0,"visibility":true},{"label":"Changer la langue en anglais [AMP00008]","price":"0.0000","price_type":"quantity_based","image":0,"visibility":true},{"label":"Changer la langue en portugais [AMP00009]","price":"0.0000","price_type":"quantity_based","image":0,"visibility":true}]}},"df_price":556.6,"df_sale_price":"","df_regular_price":556.6,"df_image_link":"https:\/\/zoca.es\/wp-content\/uploads\/images\/product\/14320\/appl00668_01-300x225.jpg","_links":{"self":[{"href":"https:\/\/zoca.es\/fr\/wp-json\/wp\/v2\/product\/159394","targetHints":{"allow":["GET"]}}],"collection":[{"href":"https:\/\/zoca.es\/fr\/wp-json\/wp\/v2\/product"}],"about":[{"href":"https:\/\/zoca.es\/fr\/wp-json\/wp\/v2\/types\/product"}],"wp:featuredmedia":[{"embeddable":true,"href":"https:\/\/zoca.es\/fr\/wp-json\/wp\/v2\/media\/159333"}],"wp:attachment":[{"href":"https:\/\/zoca.es\/fr\/wp-json\/wp\/v2\/media?parent=159394"}],"wp:term":[{"taxonomy":"product_brand","embeddable":true,"href":"https:\/\/zoca.es\/fr\/wp-json\/wp\/v2\/product_brand?post=159394"},{"taxonomy":"product_cat","embeddable":true,"href":"https:\/\/zoca.es\/fr\/wp-json\/wp\/v2\/product_cat?post=159394"},{"taxonomy":"product_tag","embeddable":true,"href":"https:\/\/zoca.es\/fr\/wp-json\/wp\/v2\/product_tag?post=159394"}],"curies":[{"name":"wp","href":"https:\/\/api.w.org\/{rel}","templated":true}]}}