{"id":159224,"date":"2026-02-11T12:20:07","date_gmt":"2026-02-11T11:20:07","guid":{"rendered":"https:\/\/zoca.es\/producto\/dell-optiplex-7070-sff-reconditionne-core-i5-29ghz-8-gb-ram-256-gb-ssd-m2-fr-14706\/"},"modified":"2026-02-25T10:06:30","modified_gmt":"2026-02-25T09:06:30","slug":"dell-optiplex-7070-sff-reconditionne-core-i5-29ghz-8-gb-ram-256-gb-ssd-m2-fr-14706","status":"publish","type":"product","link":"https:\/\/zoca.es\/fr\/produit\/dell-optiplex-7070-sff-reconditionne-core-i5-29ghz-8-gb-ram-256-gb-ssd-m2-fr-14706\/","title":{"rendered":"Dell OptiPlex 7070 SFF | Reconditionn\u00e9 | Core i5 2.9GHz | 8 GB RAM | 256 GB SSD M2"},"content":{"rendered":"<p><strong>Processeur<\/strong><br \/>Intel Core i5 9400 2.9 GHz.<br \/><strong>Facteur de forme<\/strong><br \/>SFF<br \/><strong>M\u00e9moire RAM<\/strong><br \/>8 Gb. DDR4 RAM<br \/><strong>Disque dur<\/strong><br \/>256 Gb. SSD M2<br \/><strong>Cartes<\/strong><br \/>Graphique: Intel Graphics 630<br \/>Son: Realtek HDA<br \/>R\u00e9seau: Intel I219-LM<br \/><strong>Syst\u00e8me op\u00e9ratif<\/strong><br \/>Windows 11 Pro<br \/><strong>Ports<\/strong><br \/>S\u00e9rie<br \/>4x USB 2.0<br \/>2x PS2<br \/>USB-C<br \/>5x USB 3.1<br \/><strong>Ports vid\u00e9o<\/strong><br \/>2x Display Port<br \/><strong>Connectivit\u00e9<\/strong><br \/>RJ-45<br \/><strong>Autres<\/strong><br \/>hR emballage<br \/><strong>Dimensions<\/strong><br \/>31.5x29x9.5 cm.<br \/><strong>Poids<\/strong><br \/>3.85 Kg.<br \/><strong>Sp\u00e9cifications suppl\u00e9mentaires<\/strong><br \/>Le DELL OptiPlex 7070 SFF est un ordinateur de bureau professionnel con\u00e7u pour des environnements de travail qui requi\u00e8rent un \u00e9quilibre entre performances, taille compacte et capacit\u00e9 d\u2019extension. Son Intel Core i5-9400 \u00e0 6 c\u0153urs offre une puissance plus que suffisante pour la gestion d\u2019entreprise, les applications corporatives, les outils de productivit\u00e9 et le multit\u00e2che quotidien en toute stabilit\u00e9.<br \/>\u00c9quip\u00e9 de 8 Go de m\u00e9moire DDR4, il offre une exp\u00e9rience fluide au quotidien, tandis que le SSD M.2 de 256 Go garantit des d\u00e9marrages rapides et des temps de r\u00e9ponse imm\u00e9diats, am\u00e9liorant le flux de travail et r\u00e9duisant les attentes inutiles. Avec Windows 11 Pro et TPM 2.0, ce PC de bureau pour entreprise int\u00e8gre un environnement s\u00e9curis\u00e9, pr\u00eat pour des politiques de s\u00e9curit\u00e9 avanc\u00e9es et une gestion professionnelle.<br \/>Son format SFF (Small Form Factor) permet d\u2019optimiser l\u2019espace sur le bureau sans renoncer aux possibilit\u00e9s d\u2019\u00e9volution. Gr\u00e2ce \u00e0 ses emplacements PCIe x16 et x4, cet ordinateur de bureau \u00e9volutif peut s\u2019adapter \u00e0 de nouveaux besoins, tels que des cartes graphiques d\u00e9di\u00e9es ou des solutions d\u2019extension sp\u00e9cifiques.<br \/>Robuste, silencieux et efficace, l\u2019OptiPlex 7070 SFF est un \u00e9quipement fiable pour le bureau, con\u00e7u pour offrir durabilit\u00e9, faible consommation et excellente rentabilit\u00e9 \u00e0 moyen et long terme. Une solution solide pour ceux qui recherchent un ordinateur de bureau puissant et \u00e9quilibr\u00e9 avec la garantie de qualit\u00e9 Dell.<br \/>Bon aspect ext\u00e9rieur. Peut pr\u00e9senter de l\u00e9g\u00e8res marques d\u2019utilisation sur le bo\u00eetier. Regardez dans \u201c+ Photos\u201d et \u00ab\u00a0Video\u00a0\u00bb et si vous avez des questions appelez-nous ou utilisez notre chat pour \u00e9largir les informations ou pour demander plus de d\u00e9tails.<br \/><strong>Commentaires<\/strong><br \/><u>1xPCIe X16 \/ 1xPCIe X4<\/u><\/p>\n","protected":false},"excerpt":{"rendered":"<p>Intel Core i5 9400 2.9 GHz. \u00b7 8 Gb. DDR4 RAM \u00b7 256 Gb. SSD M2 \u00b7 <strong>Windows 11 Pro<\/strong> \u00b7<br \/>\n<u>1xPCIe X16 \/ 1xPCIe X4<br \/>\n<\/u><\/p>\n","protected":false},"featured_media":159181,"template":"","meta":[],"product_brand":[3445],"product_cat":[3124,2219],"product_tag":[],"class_list":{"0":"post-159224","1":"product","2":"type-product","3":"status-publish","4":"has-post-thumbnail","6":"product_brand-dell","7":"product_cat-ordinateurs-ordinateurs-fr","8":"product_cat-ordinateurs-fr","10":"first","11":"outofstock","12":"taxable","13":"shipping-taxable","14":"purchasable","15":"product-type-simple"},"bundled_by":[],"bundle_stock_status":"outofstock","bundle_stock_quantity":0,"bundle_virtual":false,"bundle_layout":"","bundle_add_to_cart_form_location":"","bundle_editable_in_cart":false,"bundle_sold_individually_context":"","bundle_item_grouping":"","bundle_min_size":"","bundle_max_size":"","bundle_price":[],"bundled_items":[],"bundle_sell_ids":[],"exclude_global_add_ons":true,"addons":{"ram-memory-upgrades":{"name":"Extension RAM","type":"multiple_choice","position":0,"required":false,"title_format":"heading","default":"","description_enable":false,"description":"","placeholder_enable":false,"placeholder":"","display":"radiobutton","restrictions_type":"any_text","adjust_price":false,"price":"","price_type":"quantity_based","restrictions":false,"min":"0","max":"0","options":[{"label":"Extension de 16 Gb Gb de RAM DDR4 [AMP00079]","price":"60.0000","price_type":"quantity_based","image":0,"visibility":true}]},"hdd-upgrades":{"name":"Extension disque dur","type":"multiple_choice","position":0,"required":false,"title_format":"heading","default":"","description_enable":false,"description":"","placeholder_enable":false,"placeholder":"","display":"radiobutton","restrictions_type":"any_text","adjust_price":false,"price":"","price_type":"quantity_based","restrictions":false,"min":"0","max":"0","options":[{"label":"Passez au disque SSD de 500 Gb. M.2 2280PCIe [AMP00106]","price":110,"price_type":"quantity_based","image":0,"visibility":true},{"label":"Passez au disque SSD 1 Tb. M.2 2280 PCIe [AMP00107]","price":165,"price_type":"quantity_based","image":0,"visibility":true},{"label":"Passez au disque SSD 2 Tb. M.2 2280 PCIe [AMP00171]","price":260,"price_type":"quantity_based","image":0,"visibility":true}]},"network-card-upgrades":{"name":"Extension WIFI","type":"multiple_choice","position":0,"required":false,"title_format":"heading","default":"","description_enable":false,"description":"","placeholder_enable":false,"placeholder":"","display":"radiobutton","restrictions_type":"any_text","adjust_price":false,"price":"","price_type":"quantity_based","restrictions":false,"min":"0","max":"0","options":[{"label":"Mise \u00e0 niveau de la carte PCI Wi-Fi [AMP00017]","price":"15.0000","price_type":"quantity_based","image":0,"visibility":true},{"label":"Mise \u00e0 niveau nano USB sans fil [AMP00018]","price":"12.0000","price_type":"quantity_based","image":0,"visibility":true}]},"os-upgrades":{"name":"Expansion SO","type":"multiple_choice","position":0,"required":false,"title_format":"heading","default":"","description_enable":false,"description":"","placeholder_enable":false,"placeholder":"","display":"radiobutton","restrictions_type":"any_text","adjust_price":false,"price":"","price_type":"quantity_based","restrictions":false,"min":"0","max":"0","options":[{"label":"Changer la langue en fran\u00e7ais [AMP00125]","price":"0.0000","price_type":"quantity_based","image":0,"visibility":true},{"label":"Changer la langue en anglais [AMP00008]","price":"0.0000","price_type":"quantity_based","image":0,"visibility":true},{"label":"Changer la langue en portugais [AMP00009]","price":"0.0000","price_type":"quantity_based","image":0,"visibility":true}]},"keyboard-upgrades":{"name":"Extension clavier","type":"multiple_choice","position":0,"required":false,"title_format":"heading","default":"","description_enable":false,"description":"","placeholder_enable":false,"placeholder":"","display":"radiobutton","restrictions_type":"any_text","adjust_price":false,"price":"","price_type":"quantity_based","restrictions":false,"min":"0","max":"0","options":[{"label":"Clavier et souris [AMP00020]","price":"8.0000","price_type":"quantity_based","image":0,"visibility":true},{"label":"Clavier et souris Portuguese New [AMP00088]","price":"15.0000","price_type":"quantity_based","image":0,"visibility":true},{"label":"Clavier et souris USB espagnols (Nouveau) [AMP00068]","price":"12.0000","price_type":"quantity_based","image":0,"visibility":true}]}},"df_price":312.18,"df_sale_price":"","df_regular_price":312.18,"df_image_link":"https:\/\/zoca.es\/wp-content\/uploads\/images\/product\/14706\/dell01640_01-300x225.jpg","_links":{"self":[{"href":"https:\/\/zoca.es\/fr\/wp-json\/wp\/v2\/product\/159224","targetHints":{"allow":["GET"]}}],"collection":[{"href":"https:\/\/zoca.es\/fr\/wp-json\/wp\/v2\/product"}],"about":[{"href":"https:\/\/zoca.es\/fr\/wp-json\/wp\/v2\/types\/product"}],"wp:featuredmedia":[{"embeddable":true,"href":"https:\/\/zoca.es\/fr\/wp-json\/wp\/v2\/media\/159181"}],"wp:attachment":[{"href":"https:\/\/zoca.es\/fr\/wp-json\/wp\/v2\/media?parent=159224"}],"wp:term":[{"taxonomy":"product_brand","embeddable":true,"href":"https:\/\/zoca.es\/fr\/wp-json\/wp\/v2\/product_brand?post=159224"},{"taxonomy":"product_cat","embeddable":true,"href":"https:\/\/zoca.es\/fr\/wp-json\/wp\/v2\/product_cat?post=159224"},{"taxonomy":"product_tag","embeddable":true,"href":"https:\/\/zoca.es\/fr\/wp-json\/wp\/v2\/product_tag?post=159224"}],"curies":[{"name":"wp","href":"https:\/\/api.w.org\/{rel}","templated":true}]}}