{"id":158915,"date":"2026-02-11T10:43:03","date_gmt":"2026-02-11T09:43:03","guid":{"rendered":"https:\/\/zoca.es\/producto\/microsoft-surface-go-2-105-reconditionne-core-m-11ghz-4-gb-ram-64-gb-flash-1920x1280-fr-14702\/"},"modified":"2026-04-08T11:12:21","modified_gmt":"2026-04-08T10:12:21","slug":"microsoft-surface-go-2-105-reconditionne-core-m-11ghz-4-gb-ram-64-gb-flash-1920x1280-fr-14702","status":"publish","type":"product","link":"https:\/\/zoca.es\/fr\/produit\/microsoft-surface-go-2-105-reconditionne-core-m-11ghz-4-gb-ram-64-gb-flash-1920x1280-fr-14702\/","title":{"rendered":"Microsoft Surface Go 2 10.5\u00a0\u00bb | Reconditionn\u00e9 | Core M 1.1GHz | 4 GB RAM | 64 GB FLASH 1920&#215;1280"},"content":{"rendered":"<p><strong>Processeur<\/strong><br \/>Intel Core M 3- 8100Y 1.1 GHz.<br \/><strong>M\u00e9moire RAM<\/strong><br \/>4 Gb. SO-DDR3 RAM<br \/><strong>Disque dur<\/strong><br \/>64 Gb. FLASH<br \/><strong>Cartes<\/strong><br \/>Graphique: UHD Graphics 615<br \/>Son: Realtek High Definition Audio<br \/><strong>Syst\u00e8me op\u00e9ratif<\/strong><br \/>Windows 11 Pro<br \/><strong>Ports<\/strong><br \/>USB-C<br \/><strong>\u00c9cran<\/strong><br \/>Tactile 10.5 \u00a0\u00bb FullHD 16:10 \u00b7 R\u00e9solution 1920&#215;1280<br \/><strong>Multim\u00e9dias<\/strong><br \/>Lecteur SD<br \/>Cam\u00e9ra arri\u00e8re<br \/>Cam\u00e9ra frontale<br \/><strong>Connectivit\u00e9<\/strong><br \/>WIFI<br \/>Bluetooth<br \/><strong>Autres<\/strong><br \/>hR emballage<br \/><strong>Dimensions<\/strong><br \/>24.50&#215;17.50&#215;0.83 cm.<br \/><strong>Poids<\/strong><br \/>0.55 Kg.<br \/><strong>Sp\u00e9cifications suppl\u00e9mentaires<\/strong><br \/>La Microsoft Surface Go 2 est la tablette professionnelle id\u00e9ale pour ceux qui ont besoin d\u2019une mobilit\u00e9 maximale sans renoncer \u00e0 l\u2019environnement Windows 11 Pro. Compacte, \u00e9l\u00e9gante et facile \u00e0 transporter, elle est con\u00e7ue pour travailler depuis n\u2019importe o\u00f9 : bureau, r\u00e9unions, formation ou d\u00e9placements. Une solution pratique pour ceux qui recherchent un \u00e9quipement l\u00e9ger mais pleinement fonctionnel.Elle int\u00e8gre un processeur Intel Core m3-8100Y, accompagn\u00e9 de 4 Go de RAM et de 64 Go de stockage Flash, offrant des performances fluides pour la bureautique, la gestion d\u2019entreprise, la navigation et le travail dans le cloud. Son \u00e9cran tactile de 10,5 pouces FullHD (1920 x 1280) au format 16:10 offre plus d\u2019espace vertical et une excellente nettet\u00e9 pour les documents, pr\u00e9sentations et contenus num\u00e9riques. De plus, elle int\u00e8gre le TPM 2.0, renfor\u00e7ant la s\u00e9curit\u00e9 des donn\u00e9es dans les environnements professionnels.La Surface Go 2 se distingue par son \u00e9quilibre entre portabilit\u00e9, productivit\u00e9 et design premium, devenant une excellente tablette Windows compacte pour un usage professionnel ou \u00e9ducatif. Un appareil polyvalent, fiable et avec le soutien de Microsoft, parfait pour ceux qui recherchent efficacit\u00e9, mobilit\u00e9 et une exp\u00e9rience moderne dans un format r\u00e9duit.Bon aspect ext\u00e9rieur. Si vous avez des questions, appelez-nous ou utilisez notre chat pour \u00e9largir les informations ou pour demander plus de d\u00e9tails.<\/p>\n","protected":false},"excerpt":{"rendered":"<p>Intel Core M 3- 8100Y 1.1 GHz. \u00b7 4 Gb. SO-DDR3 RAM \u00b7 64 Gb. FLASH \u00b7 <strong>Windows 11 Pro<\/strong> \u00b7 Tactile 10.5 \u00a0\u00bb FullHD 16:10 \u00b7 R\u00e9solution 1920&#215;1280<\/p>\n","protected":false},"featured_media":158896,"template":"","meta":[],"product_brand":[3456],"product_cat":[3186,2302],"product_tag":[],"class_list":{"0":"post-158915","1":"product","2":"type-product","3":"status-publish","4":"has-post-thumbnail","6":"product_brand-microsoft","7":"product_cat-tablettes-surface-fr","8":"product_cat-tablettes-fr","10":"first","11":"instock","12":"taxable","13":"shipping-taxable","14":"purchasable","15":"product-type-simple"},"bundled_by":[],"bundle_stock_status":"instock","bundle_stock_quantity":1,"bundle_virtual":false,"bundle_layout":"","bundle_add_to_cart_form_location":"","bundle_editable_in_cart":false,"bundle_sold_individually_context":"","bundle_item_grouping":"","bundle_min_size":"","bundle_max_size":"","bundle_price":[],"bundled_items":[],"bundle_sell_ids":[],"exclude_global_add_ons":true,"addons":{"pencil-upgrades":{"name":"Extension Crayon","type":"multiple_choice","position":0,"required":false,"title_format":"heading","default":"","description_enable":false,"description":"","placeholder_enable":false,"placeholder":"","display":"radiobutton","restrictions_type":"any_text","adjust_price":false,"price":"","price_type":"quantity_based","restrictions":false,"min":"0","max":"0","options":[{"label":"Stylet Microsoft Surface Original [AMP00087]","price":"50.0000","price_type":"quantity_based","image":0,"visibility":true}]},"os-upgrades":{"name":"Expansion SO","type":"multiple_choice","position":0,"required":false,"title_format":"heading","default":"","description_enable":false,"description":"","placeholder_enable":false,"placeholder":"","display":"radiobutton","restrictions_type":"any_text","adjust_price":false,"price":"","price_type":"quantity_based","restrictions":false,"min":"0","max":"0","options":[{"label":"Changer la langue en fran\u00e7ais [AMP00125]","price":"0.0000","price_type":"quantity_based","image":0,"visibility":true},{"label":"Changer la langue en anglais [AMP00008]","price":"0.0000","price_type":"quantity_based","image":0,"visibility":true},{"label":"Changer la langue en portugais [AMP00009]","price":"0.0000","price_type":"quantity_based","image":0,"visibility":true}]}},"df_price":196.02,"df_sale_price":"","df_regular_price":196.02,"df_image_link":"https:\/\/zoca.es\/wp-content\/uploads\/images\/product\/14702\/ms00225_01-300x225.jpg","_links":{"self":[{"href":"https:\/\/zoca.es\/fr\/wp-json\/wp\/v2\/product\/158915","targetHints":{"allow":["GET"]}}],"collection":[{"href":"https:\/\/zoca.es\/fr\/wp-json\/wp\/v2\/product"}],"about":[{"href":"https:\/\/zoca.es\/fr\/wp-json\/wp\/v2\/types\/product"}],"wp:featuredmedia":[{"embeddable":true,"href":"https:\/\/zoca.es\/fr\/wp-json\/wp\/v2\/media\/158896"}],"wp:attachment":[{"href":"https:\/\/zoca.es\/fr\/wp-json\/wp\/v2\/media?parent=158915"}],"wp:term":[{"taxonomy":"product_brand","embeddable":true,"href":"https:\/\/zoca.es\/fr\/wp-json\/wp\/v2\/product_brand?post=158915"},{"taxonomy":"product_cat","embeddable":true,"href":"https:\/\/zoca.es\/fr\/wp-json\/wp\/v2\/product_cat?post=158915"},{"taxonomy":"product_tag","embeddable":true,"href":"https:\/\/zoca.es\/fr\/wp-json\/wp\/v2\/product_tag?post=158915"}],"curies":[{"name":"wp","href":"https:\/\/api.w.org\/{rel}","templated":true}]}}