{"id":157679,"date":"2026-02-07T18:06:08","date_gmt":"2026-02-07T17:06:08","guid":{"rendered":"https:\/\/zoca.es\/producto\/dell-latitude-7212-rugged-extreme-116-reconditionne-core-i7-28ghz-16-gb-ram-256-gb-ssd-m2-1920x1080-fr-14724\/"},"modified":"2026-02-27T13:57:05","modified_gmt":"2026-02-27T12:57:05","slug":"dell-latitude-7212-rugged-extreme-116-reconditionne-core-i7-28ghz-16-gb-ram-256-gb-ssd-m2-1920x1080-fr-14724","status":"publish","type":"product","link":"https:\/\/zoca.es\/fr\/produit\/dell-latitude-7212-rugged-extreme-116-reconditionne-core-i7-28ghz-16-gb-ram-256-gb-ssd-m2-1920x1080-fr-14724\/","title":{"rendered":"Dell Latitude 7212 Rugged Extreme 11.6\u00a0\u00bb | Reconditionn\u00e9 | Core i7 2.8GHz | 16 GB RAM | 256 GB SSD M2 1920&#215;1080"},"content":{"rendered":"<p><strong>Processeur<\/strong><br \/>Intel Core i7 7600U 2.8 GHz.<br \/><strong>M\u00e9moire RAM<\/strong><br \/>16 Gb. SO-DDR3 RAM<br \/><strong>Disque dur<\/strong><br \/>256 Gb. SSD M2<br \/><strong>Cartes<\/strong><br \/>Graphique: Intel UHD Graphics 620<br \/>Son: Realtek Audio<br \/>R\u00e9seau: &#8211;<br \/><strong>Syst\u00e8me op\u00e9ratif<\/strong><br \/>Windows 10 Pro<br \/><strong>Ports<\/strong><br \/>USB 3.0<br \/><strong>\u00c9cran<\/strong><br \/>Tactile 11.6 \u00a0\u00bb FullHD 16:9 \u00b7 R\u00e9solution 1920&#215;1080<br \/><strong>Ports vid\u00e9o<\/strong><br \/>Mini HDMI<br \/>Mini Display Port<br \/><strong>Multim\u00e9dias<\/strong><br \/>Lecteur d&#8217;empreintes<br \/>Lecteur carte d&rsquo;identit\u00e9<br \/>Cam\u00e9ra arri\u00e8re<br \/>Cam\u00e9ra frontale<br \/><strong>Connectivit\u00e9<\/strong><br \/>WIFI<br \/>Bluetooth<br \/>4G<br \/><strong>Autres<\/strong><br \/>hR emballage<br \/><strong>Dimensions<\/strong><br \/>31x20x3 cm.<br \/><strong>Poids<\/strong><br \/>1.50 Kg.<br \/><strong>Sp\u00e9cifications suppl\u00e9mentaires<\/strong><br \/>La Dell Latitude 7212 Rugged Extreme est une tablette professionnelle con\u00e7ue pour offrir des performances exceptionnelles et une fiabilit\u00e9 dans les environnements les plus exigeants, o\u00f9 les appareils conventionnels ne supportent pas l\u2019utilisation quotidienne. Destin\u00e9e \u00e0 des secteurs tels que l\u2019industrie, la logistique, la maintenance, la s\u00e9curit\u00e9 ou les services sur le terrain, elle combine un format compact de 11,6 pouces avec une construction robuste qui prot\u00e8ge les composants internes contre les d\u00e9fis du travail mobile. Son processeur Intel Core i7 avec 16 Go de RAM et un stockage SSD de 256 Go garantissent des performances stables pour les applications professionnelles, tandis que Windows 10 Pro assure compatibilit\u00e9, s\u00e9curit\u00e9 et contr\u00f4le d\u2019entreprise. L\u2019\u00e9cran tactile FullHD permet une interaction directe confortable et pr\u00e9cise, et l\u2019inclusion de deux batteries et d\u2019un stylet augmente l\u2019autonomie et la polyvalence de l\u2019appareil, garantissant que la Dell Latitude 7212 Rugged Extreme accompagne le professionnel l\u00e0 o\u00f9 elle est le plus n\u00e9cessaire sans compromettre productivit\u00e9 ni durabilit\u00e9.<strong>Caract\u00e9ristiques de Rugerisation<\/strong><u>Ch\u00e2ssis renforc\u00e9 de design industriel<\/u> prot\u00e9geant les composants internes contre chocs, chutes et vibrations, garantissant un fonctionnement s\u00fbr et constant dans des environnements professionnels exigeants.<u>Protection contre la poussi\u00e8re et l\u2019eau<\/u>, permettant d\u2019utiliser la tablette en ext\u00e9rieur, dans des ateliers ou environnements industriels sans compromettre son fonctionnement, assurant la continuit\u00e9 du travail m\u00eame en conditions d\u00e9favorables.<u>\u00c9cran tactile int\u00e9gr\u00e9<\/u> dans une structure robuste, con\u00e7u pour r\u00e9sister \u00e0 une utilisation intensive quotidienne et offrir une visualisation claire et pr\u00e9cise dans des environnements professionnels o\u00f9 la durabilit\u00e9 est essentielle.<u>Design ergonomique orient\u00e9 vers la mobilit\u00e9 professionnelle<\/u>, facilitant le transport fr\u00e9quent et l\u2019utilisation prolong\u00e9e pendant des journ\u00e9es de travail intensives sans perte de stabilit\u00e9 ni de confort.<u>Construction pens\u00e9e pour des environnements de travail r\u00e9els<\/u>, o\u00f9 la r\u00e9sistance physique de l\u2019appareil est aussi importante que ses performances, r\u00e9duisant les temps d\u2019arr\u00eat et les co\u00fbts li\u00e9s aux pannes.<strong>Certifications de Rugerisation<\/strong><u>MIL-STD-810G<\/u>, garantissant que la tablette a \u00e9t\u00e9 soumise \u00e0 des tests de r\u00e9sistance aux chocs, vibrations, humidit\u00e9 et variations de temp\u00e9rature, assurant des performances fiables dans des conditions d\u00e9favorables et des environnements professionnels exigeants.<u>IP65<\/u>, offrant une protection contre l\u2019entr\u00e9e de poussi\u00e8re et d\u2019eau projet\u00e9e, id\u00e9ale pour les travaux en ext\u00e9rieur ou dans des environnements industriels o\u00f9 l\u2019appareil peut \u00eatre expos\u00e9 \u00e0 des agents environnementaux s\u00e9v\u00e8res.Bon aspect ext\u00e9rieur. Peut pr\u00e9senter de l\u00e9g\u00e8res marques d\u2019usage sur le bo\u00eetier. Si vous avez la moindre question, appelez-nous ou utilisez notre chat pour obtenir plus d\u2019informations ou pour demander plus de d\u00e9tails.<br \/><strong>Commentaires<\/strong><br \/><u>2xBattery &#8211; Comprend un stylet<\/u><\/p>\n","protected":false},"excerpt":{"rendered":"<p>Intel Core i7 7600U 2.8 GHz. \u00b7 16 Gb. SO-DDR3 RAM \u00b7 256 Gb. SSD M2 \u00b7 Windows 10 Pro \u00b7 Tactile 11.6 \u00a0\u00bb FullHD 16:9 \u00b7<br \/>\n<strong>2xBattery<\/strong> &#8211; <u>Comprend un stylet<br \/>\n<\/u><\/p>\n","protected":false},"featured_media":157660,"template":"","meta":[],"product_brand":[3445],"product_cat":[3130,2302,3068],"product_tag":[],"class_list":{"0":"post-157679","1":"product","2":"type-product","3":"status-publish","4":"has-post-thumbnail","6":"product_brand-dell","7":"product_cat-tablettes-ruggerized-fr","8":"product_cat-tablettes-fr","9":"product_cat-ruggerized-fr","11":"first","12":"outofstock","13":"taxable","14":"shipping-taxable","15":"purchasable","16":"product-type-simple"},"bundled_by":[],"bundle_stock_status":"outofstock","bundle_stock_quantity":0,"bundle_virtual":false,"bundle_layout":"","bundle_add_to_cart_form_location":"","bundle_editable_in_cart":false,"bundle_sold_individually_context":"","bundle_item_grouping":"","bundle_min_size":"","bundle_max_size":"","bundle_price":[],"bundled_items":[],"bundle_sell_ids":[],"exclude_global_add_ons":true,"addons":{"os-upgrades":{"name":"Expansion SO","type":"multiple_choice","position":0,"required":false,"title_format":"heading","default":"","description_enable":false,"description":"","placeholder_enable":false,"placeholder":"","display":"radiobutton","restrictions_type":"any_text","adjust_price":false,"price":"","price_type":"quantity_based","restrictions":false,"min":"0","max":"0","options":[{"label":"Changer la langue en fran\u00e7ais [AMP00125]","price":"0.0000","price_type":"quantity_based","image":0,"visibility":true},{"label":"Changer la langue en anglais [AMP00008]","price":"0.0000","price_type":"quantity_based","image":0,"visibility":true},{"label":"Changer la langue en portugais [AMP00009]","price":"0.0000","price_type":"quantity_based","image":0,"visibility":true}]}},"df_price":590.48,"df_sale_price":"","df_regular_price":590.48,"df_image_link":"https:\/\/zoca.es\/wp-content\/uploads\/images\/product\/14724\/dell01644_01-300x225.jpg","_links":{"self":[{"href":"https:\/\/zoca.es\/fr\/wp-json\/wp\/v2\/product\/157679","targetHints":{"allow":["GET"]}}],"collection":[{"href":"https:\/\/zoca.es\/fr\/wp-json\/wp\/v2\/product"}],"about":[{"href":"https:\/\/zoca.es\/fr\/wp-json\/wp\/v2\/types\/product"}],"wp:featuredmedia":[{"embeddable":true,"href":"https:\/\/zoca.es\/fr\/wp-json\/wp\/v2\/media\/157660"}],"wp:attachment":[{"href":"https:\/\/zoca.es\/fr\/wp-json\/wp\/v2\/media?parent=157679"}],"wp:term":[{"taxonomy":"product_brand","embeddable":true,"href":"https:\/\/zoca.es\/fr\/wp-json\/wp\/v2\/product_brand?post=157679"},{"taxonomy":"product_cat","embeddable":true,"href":"https:\/\/zoca.es\/fr\/wp-json\/wp\/v2\/product_cat?post=157679"},{"taxonomy":"product_tag","embeddable":true,"href":"https:\/\/zoca.es\/fr\/wp-json\/wp\/v2\/product_tag?post=157679"}],"curies":[{"name":"wp","href":"https:\/\/api.w.org\/{rel}","templated":true}]}}