{"id":157273,"date":"2026-02-07T15:20:04","date_gmt":"2026-02-07T14:20:04","guid":{"rendered":"https:\/\/zoca.es\/producto\/dell-optiplex-5090-mini-reconditionne-core-i5-15ghz-8-gb-ram-256-gb-ssd-m2-fr-14649\/"},"modified":"2026-02-25T10:40:18","modified_gmt":"2026-02-25T09:40:18","slug":"dell-optiplex-5090-mini-reconditionne-core-i5-15ghz-8-gb-ram-256-gb-ssd-m2-fr-14649","status":"publish","type":"product","link":"https:\/\/zoca.es\/fr\/produit\/dell-optiplex-5090-mini-reconditionne-core-i5-15ghz-8-gb-ram-256-gb-ssd-m2-fr-14649\/","title":{"rendered":"Dell OptiPlex 5090 Mini | Reconditionn\u00e9 | Core i5 1.5GHz | 8 GB RAM | 256 GB SSD M2"},"content":{"rendered":"<p><strong>Processeur<\/strong><br \/>Intel Core i5 11500T 1.5 GHz.<br \/><strong>Facteur de forme<\/strong><br \/>Mini<br \/><strong>M\u00e9moire RAM<\/strong><br \/>8 Gb. SO-DDR4 RAM<br \/><strong>Disque dur<\/strong><br \/>256 Gb. SSD M2<br \/><strong>Cartes<\/strong><br \/>Graphique: Intel UHD Graphics 750<br \/>Son: Realtek Audio<br \/>R\u00e9seau: intel(R) ethernet l219-LM<br \/><strong>Syst\u00e8me op\u00e9ratif<\/strong><br \/>Windows 11 Pro<br \/><strong>Ports<\/strong><br \/>5x USB 3.0<br \/>USB-C<br \/><strong>Ports vid\u00e9o<\/strong><br \/>2x Display Port<br \/><strong>Connectivit\u00e9<\/strong><br \/>RJ-45<br \/><strong>Autres<\/strong><br \/>hR emballage<br \/><strong>Dimensions<\/strong><br \/>18x17x4 cm.<br \/><strong>Poids<\/strong><br \/>1.31 Kg.<br \/><strong>Sp\u00e9cifications suppl\u00e9mentaires<\/strong><br \/>Le DELL OptiPlex 5090 Mini est un ordinateur de bureau professionnel compact, con\u00e7u pour les environnements o\u00f9 l\u2019espace, l\u2019efficacit\u00e9 et la fiabilit\u00e9 sont essentiels. Son processeur Intel Core i5-11500T de 11e g\u00e9n\u00e9ration, avec une architecture moderne et une faible consommation d\u2019\u00e9nergie, offre des performances solides et stables pour les t\u00e2ches bureautiques avanc\u00e9es, la gestion administrative, les logiciels professionnels et le multit\u00e2che quotidien, tout en conservant un fonctionnement silencieux.<br \/>Les 8 Go de m\u00e9moire DDR4 assurent une exp\u00e9rience fluide au quotidien, tandis que le SSD M.2 de 256 Go garantit des d\u00e9marrages quasi instantan\u00e9s et des temps de chargement minimaux, optimisant chaque journ\u00e9e de travail. Avec Windows 11 Pro, ce PC de bureau professionnel int\u00e8gre des fonctions avanc\u00e9es de s\u00e9curit\u00e9 et de gestion, renforc\u00e9es par le TPM 2.0, indispensable dans les environnements o\u00f9 la protection des donn\u00e9es est prioritaire.<br \/>Son format Mini permet une int\u00e9gration facile sur des bureaux r\u00e9duits, des comptoirs ou m\u00eame derri\u00e8re un \u00e9cran, apportant ordre et propret\u00e9 \u00e0 l\u2019espace de travail. De plus, il se distingue par sa faible consommation \u00e9nerg\u00e9tique et son niveau sonore minimal, id\u00e9al pour les bureaux modernes et les espaces partag\u00e9s. Un ordinateur de bureau compact et efficace, con\u00e7u pour offrir une productivit\u00e9 continue, une fiabilit\u00e9 \u00e0 long terme et une excellente rentabilit\u00e9 dans les environnements professionnels.<br \/>Bon \u00e9tat ext\u00e9rieur. Si vous avez des questions, appelez-nous ou utilisez notre chat pour obtenir plus d\u2019informations ou demander des d\u00e9tails suppl\u00e9mentaires.<\/p>\n","protected":false},"excerpt":{"rendered":"<p>Intel Core i5 11500T 1.5 GHz. \u00b7 8 Gb. SO-DDR4 RAM \u00b7 256 Gb. SSD M2 \u00b7 <strong>Windows 11 Pro<\/strong><\/p>\n","protected":false},"featured_media":157242,"template":"","meta":[],"product_brand":[3445],"product_cat":[2219,2228],"product_tag":[],"class_list":{"0":"post-157273","1":"product","2":"type-product","3":"status-publish","4":"has-post-thumbnail","6":"product_brand-dell","7":"product_cat-ordinateurs-fr","8":"product_cat-ordinateurs-mini-fr","10":"first","11":"instock","12":"taxable","13":"shipping-taxable","14":"purchasable","15":"product-type-simple"},"bundled_by":[],"bundle_stock_status":"instock","bundle_stock_quantity":2,"bundle_virtual":false,"bundle_layout":"","bundle_add_to_cart_form_location":"","bundle_editable_in_cart":false,"bundle_sold_individually_context":"","bundle_item_grouping":"","bundle_min_size":"","bundle_max_size":"","bundle_price":[],"bundled_items":[],"bundle_sell_ids":[],"exclude_global_add_ons":true,"addons":{"ram-memory-upgrades":{"name":"Extension RAM","type":"multiple_choice","position":0,"required":false,"title_format":"heading","default":"","description_enable":false,"description":"","placeholder_enable":false,"placeholder":"","display":"radiobutton","restrictions_type":"any_text","adjust_price":false,"price":"","price_type":"quantity_based","restrictions":false,"min":"0","max":"0","options":[{"label":"Extension de 16 Gb Gb de RAM SO-DIMM DDR4 [AMP00081]","price":"60.0000","price_type":"quantity_based","image":0,"visibility":true}]},"hdd-upgrades":{"name":"Extension disque dur","type":"multiple_choice","position":0,"required":false,"title_format":"heading","default":"","description_enable":false,"description":"","placeholder_enable":false,"placeholder":"","display":"radiobutton","restrictions_type":"any_text","adjust_price":false,"price":"","price_type":"quantity_based","restrictions":false,"min":"0","max":"0","options":[{"label":"Passez au disque SSD de 500 Gb. M.2 2280PCIe [AMP00106]","price":110,"price_type":"quantity_based","image":0,"visibility":true},{"label":"Passez au disque SSD 1 Tb. M.2 2280 PCIe [AMP00107]","price":165,"price_type":"quantity_based","image":0,"visibility":true},{"label":"Passez au disque SSD 2 Tb. M.2 2280 PCIe [AMP00171]","price":260,"price_type":"quantity_based","image":0,"visibility":true}]},"network-card-upgrades":{"name":"Extension WIFI","type":"multiple_choice","position":0,"required":false,"title_format":"heading","default":"","description_enable":false,"description":"","placeholder_enable":false,"placeholder":"","display":"radiobutton","restrictions_type":"any_text","adjust_price":false,"price":"","price_type":"quantity_based","restrictions":false,"min":"0","max":"0","options":[{"label":"Mise \u00e0 niveau nano USB sans fil [AMP00018]","price":"12.0000","price_type":"quantity_based","image":0,"visibility":true}]},"os-upgrades":{"name":"Expansion SO","type":"multiple_choice","position":0,"required":false,"title_format":"heading","default":"","description_enable":false,"description":"","placeholder_enable":false,"placeholder":"","display":"radiobutton","restrictions_type":"any_text","adjust_price":false,"price":"","price_type":"quantity_based","restrictions":false,"min":"0","max":"0","options":[{"label":"Changer la langue en fran\u00e7ais [AMP00125]","price":"0.0000","price_type":"quantity_based","image":0,"visibility":true},{"label":"Changer la langue en anglais [AMP00008]","price":"0.0000","price_type":"quantity_based","image":0,"visibility":true},{"label":"Changer la langue en portugais [AMP00009]","price":"0.0000","price_type":"quantity_based","image":0,"visibility":true}]},"keyboard-upgrades":{"name":"Extension clavier","type":"multiple_choice","position":0,"required":false,"title_format":"heading","default":"","description_enable":false,"description":"","placeholder_enable":false,"placeholder":"","display":"radiobutton","restrictions_type":"any_text","adjust_price":false,"price":"","price_type":"quantity_based","restrictions":false,"min":"0","max":"0","options":[{"label":"Clavier et souris [AMP00020]","price":"8.0000","price_type":"quantity_based","image":0,"visibility":true},{"label":"Clavier et souris Portuguese New [AMP00088]","price":"15.0000","price_type":"quantity_based","image":0,"visibility":true},{"label":"Clavier et souris USB espagnols (Nouveau) [AMP00068]","price":"12.0000","price_type":"quantity_based","image":0,"visibility":true}]}},"df_price":465.85,"df_sale_price":"","df_regular_price":465.85,"df_image_link":"https:\/\/zoca.es\/wp-content\/uploads\/images\/product\/14649\/dell01632_01-300x225.jpg","_links":{"self":[{"href":"https:\/\/zoca.es\/fr\/wp-json\/wp\/v2\/product\/157273","targetHints":{"allow":["GET"]}}],"collection":[{"href":"https:\/\/zoca.es\/fr\/wp-json\/wp\/v2\/product"}],"about":[{"href":"https:\/\/zoca.es\/fr\/wp-json\/wp\/v2\/types\/product"}],"wp:featuredmedia":[{"embeddable":true,"href":"https:\/\/zoca.es\/fr\/wp-json\/wp\/v2\/media\/157242"}],"wp:attachment":[{"href":"https:\/\/zoca.es\/fr\/wp-json\/wp\/v2\/media?parent=157273"}],"wp:term":[{"taxonomy":"product_brand","embeddable":true,"href":"https:\/\/zoca.es\/fr\/wp-json\/wp\/v2\/product_brand?post=157273"},{"taxonomy":"product_cat","embeddable":true,"href":"https:\/\/zoca.es\/fr\/wp-json\/wp\/v2\/product_cat?post=157273"},{"taxonomy":"product_tag","embeddable":true,"href":"https:\/\/zoca.es\/fr\/wp-json\/wp\/v2\/product_tag?post=157273"}],"curies":[{"name":"wp","href":"https:\/\/api.w.org\/{rel}","templated":true}]}}