{"id":157095,"date":"2026-02-03T16:04:18","date_gmt":"2026-02-03T15:04:18","guid":{"rendered":"https:\/\/zoca.es\/producto\/getac-s410-g2-rugerizado-14-reconditionne-core-i3-24ghz-8-gb-ram-256-gb-ssd-1366x768-fr-14720\/"},"modified":"2026-02-25T09:49:32","modified_gmt":"2026-02-25T08:49:32","slug":"getac-s410-g2-rugerizado-14-reconditionne-core-i3-24ghz-8-gb-ram-256-gb-ssd-1366x768-fr-14720","status":"publish","type":"product","link":"https:\/\/zoca.es\/fr\/produit\/getac-s410-g2-rugerizado-14-reconditionne-core-i3-24ghz-8-gb-ram-256-gb-ssd-1366x768-fr-14720\/","title":{"rendered":"GETAC S410 G2 Rugerizado 14\u00a0\u00bb | Reconditionn\u00e9 | Core i3 2.4GHz | 8 GB RAM | 256 GB SSD 1366&#215;768"},"content":{"rendered":"<p><strong>Processeur<\/strong><br \/>Intel Core i3 7100U 2.4 GHz.<br \/><strong>M\u00e9moire RAM<\/strong><br \/>8 Gb. SO-DDR4 RAM<br \/><strong>Disque dur<\/strong><br \/>256 Gb. SSD<br \/><strong>Cartes<\/strong><br \/>Graphique: Intel UHD 620<br \/>Son: Realtek HDA<br \/>R\u00e9seau: Intel i219-LM Gigabit Ethernet<br \/><strong>Syst\u00e8me op\u00e9ratif<\/strong><br \/>Windows 10 Pro<br \/><strong>Ports<\/strong><br \/>USB 2.0<br \/>3x USB 3.0<br \/><strong>\u00c9cran<\/strong><br \/>Tactile 14 \u00a0\u00bb HD 16:9 \u00b7 R\u00e9solution 1366&#215;768<br \/><strong>Ports vid\u00e9o<\/strong><br \/>HDMI<br \/><strong>Multim\u00e9dias<\/strong><br \/>Lecteur SD<br \/><strong>Connectivit\u00e9<\/strong><br \/>RJ-45<br \/>WIFI<br \/>Bluetooth<br \/>4G<br \/><strong>Notebook sp\u00e9cifique<\/strong><br \/>Langue du clavier International (autocollants espagnols)<br \/><strong>Autres<\/strong><br \/>hR emballage<br \/><strong>Dimensions<\/strong><br \/>35&#215;29.3&#215;3.8 cm.<br \/><strong>Poids<\/strong><br \/>2.38 Kg.<br \/><strong>Sp\u00e9cifications suppl\u00e9mentaires<\/strong><br \/>Le Getac S410 durci est un ordinateur portable professionnel con\u00e7u pour offrir fiabilit\u00e9 et continuit\u00e9 de travail dans des environnements exigeants o\u00f9 la r\u00e9sistance de l\u2019\u00e9quipement est un facteur critique. Con\u00e7u pour des secteurs tels que l\u2019industrie, la logistique, la maintenance, la s\u00e9curit\u00e9 ou les services de terrain, il combine une construction robuste avec un \u00e9cran tactile de 14 pouces qui facilite le travail direct avec des applications techniques et op\u00e9rationnelles. Son processeur Intel Core i3, associ\u00e9 \u00e0 8 Go de m\u00e9moire RAM et \u00e0 un stockage SSD de 256 Go, offre des performances stables pour les t\u00e2ches professionnelles courantes, tandis que Windows 10 Pro garantit compatibilit\u00e9, s\u00e9curit\u00e9 et contr\u00f4le dans les environnements d\u2019entreprise. Le lecteur SD renforce sa fonctionnalit\u00e9 pour les travaux de terrain, et le slot M.2 disponible permet d\u2019\u00e9tendre le stockage selon les besoins de l\u2019utilisateur, faisant du Getac S410 un outil fiable, r\u00e9sistant et pr\u00eat \u00e0 accompagner le professionnel dans son activit\u00e9 quotidienne.<strong>Caract\u00e9ristiques de durcissement<\/strong><u>Ch\u00e2ssis renforc\u00e9 de conception industrielle<\/u> qui prot\u00e8ge les composants internes contre les chocs, les chutes et les vibrations, garantissant un fonctionnement fiable m\u00eame dans des conditions de travail exigeantes.<u>Protection contre la poussi\u00e8re et l\u2019eau<\/u> permettant d\u2019utiliser l\u2019\u00e9quipement dans des ateliers, des entrep\u00f4ts ou en ext\u00e9rieur sans compromettre son fonctionnement, en maintenant la productivit\u00e9 dans des environnements d\u00e9favorables.<u>\u00c9cran tactile int\u00e9gr\u00e9<\/u> dans une structure robuste, con\u00e7u pour supporter une utilisation intensive quotidienne et faciliter l\u2019interaction directe dans des environnements professionnels o\u00f9 la durabilit\u00e9 est essentielle.<u>Conception ergonomique orient\u00e9e vers la mobilit\u00e9 professionnelle<\/u>, facilitant le transport fr\u00e9quent et l\u2019utilisation prolong\u00e9e lors de journ\u00e9es de travail intensives sans perdre en stabilit\u00e9 ni en confort.<u>Construction pens\u00e9e pour des environnements de travail r\u00e9els<\/u>, o\u00f9 la r\u00e9sistance physique de l\u2019\u00e9quipement est aussi importante que ses performances, r\u00e9duisant les temps d\u2019arr\u00eat et les co\u00fbts li\u00e9s aux pannes.<strong>Certifications de durcissement<\/strong><u>MIL-STD-810G<\/u>, qui certifie que l\u2019ordinateur portable a \u00e9t\u00e9 soumis \u00e0 des tests de r\u00e9sistance aux chocs, aux vibrations, \u00e0 l\u2019humidit\u00e9 et aux variations de temp\u00e9rature, garantissant des performances fiables dans des conditions d\u00e9favorables et des environnements professionnels exigeants.<u>IP65<\/u>, qui offre une protection contre la p\u00e9n\u00e9tration de poussi\u00e8re et l\u2019eau projet\u00e9e, id\u00e9ale pour les travaux en ext\u00e9rieur ou dans des environnements industriels o\u00f9 l\u2019\u00e9quipement peut \u00eatre expos\u00e9 \u00e0 des agents environnementaux s\u00e9v\u00e8res.Bon aspect ext\u00e9rieur. Pr\u00e9sente des marques d\u2019utilisation sur le ch\u00e2ssis. Consultez \u201c+ Photos\u201d et si vous avez des questions appelez-nous ou utilisez notre chat pour obtenir plus d\u2019informations ou demander plus de d\u00e9tails.<br \/><strong>Commentaires<\/strong><br \/><u>1xM.2 2280 pour le stockage disponible<\/u><\/p>\n","protected":false},"excerpt":{"rendered":"<p>Intel Core i3 7100U 2.4 GHz. \u00b7 8 Gb. SO-DDR4 RAM \u00b7 256 Gb. SSD \u00b7 Windows 10 Pro \u00b7 <strong>Tactile 14 \u00a0\u00bb HD<\/strong> 16:9 \u00b7<br \/>\n<u>1xM.2 2280 pour le stockage disponible \u00b7Clavier international avec autocollants en fran\u00e7ais<\/u><\/p>\n","protected":false},"featured_media":157067,"template":"","meta":[],"product_brand":[3462],"product_cat":[2254,3068,2275],"product_tag":[],"class_list":{"0":"post-157095","1":"product","2":"type-product","3":"status-publish","4":"has-post-thumbnail","6":"product_brand-getac","7":"product_cat-notebooks-fr","8":"product_cat-ruggerized-fr","9":"product_cat-notebooks-ruggerized-fr","11":"first","12":"instock","13":"taxable","14":"shipping-taxable","15":"purchasable","16":"product-type-simple"},"bundled_by":[],"bundle_stock_status":"instock","bundle_stock_quantity":3,"bundle_virtual":false,"bundle_layout":"","bundle_add_to_cart_form_location":"","bundle_editable_in_cart":false,"bundle_sold_individually_context":"","bundle_item_grouping":"","bundle_min_size":"","bundle_max_size":"","bundle_price":[],"bundled_items":[],"bundle_sell_ids":[],"exclude_global_add_ons":true,"addons":{"keyboard-iso-upgrades":{"name":"Choisir langue du clavier","type":"multiple_choice","position":0,"required":false,"title_format":"heading","default":"","description_enable":false,"description":"","placeholder_enable":false,"placeholder":"","display":"radiobutton","restrictions_type":"any_text","adjust_price":false,"price":"","price_type":"quantity_based","restrictions":false,"min":"0","max":"0","options":[{"label":"Autocollants espagnols [AMP00082]","price":"0.0000","price_type":"quantity_based","image":0,"visibility":true},{"label":"Autocollants fran\u00e7ais [AMP00084]","price":"0.0000","price_type":"quantity_based","image":0,"visibility":true},{"label":"Autocollants portugais [AMP00083]","price":"0.0000","price_type":"quantity_based","image":0,"visibility":true}]},"docking-station-upgrades":{"name":"Extension Docking Station","type":"multiple_choice","position":0,"required":false,"title_format":"heading","default":"","description_enable":false,"description":"","placeholder_enable":false,"placeholder":"","display":"radiobutton","restrictions_type":"any_text","adjust_price":false,"price":"","price_type":"quantity_based","restrictions":false,"min":"0","max":"0","options":[{"label":"GETAC Docking Station S410 [AMP00161]","price":"50.0000","price_type":"quantity_based","image":0,"visibility":true}]},"ram-memory-upgrades":{"name":"Extension RAM","type":"multiple_choice","position":0,"required":false,"title_format":"heading","default":"","description_enable":false,"description":"","placeholder_enable":false,"placeholder":"","display":"radiobutton","restrictions_type":"any_text","adjust_price":false,"price":"","price_type":"quantity_based","restrictions":false,"min":"0","max":"0","options":[{"label":"Extension de 16 Gb Gb de RAM SO-DIMM DDR4 [AMP00081]","price":"60.0000","price_type":"quantity_based","image":0,"visibility":true}]},"hdd-upgrades":{"name":"Extension disque dur","type":"multiple_choice","position":0,"required":false,"title_format":"heading","default":"","description_enable":false,"description":"","placeholder_enable":false,"placeholder":"","display":"radiobutton","restrictions_type":"any_text","adjust_price":false,"price":"","price_type":"quantity_based","restrictions":false,"min":"0","max":"0","options":[{"label":"Passez au disque SSD de 480 Gb. [AMP00014]","price":"59.0000","price_type":"quantity_based","image":0,"visibility":true},{"label":"Passez au disque SSD 1 Tb. [AMP00071]","price":"95.0000","price_type":"quantity_based","image":0,"visibility":true},{"label":"Passez au disque SSD de 500 Gb. M.2 2280PCIe [AMP00106]","price":110,"price_type":"quantity_based","image":0,"visibility":true},{"label":"Passez au disque SSD 1 Tb. M.2 2280 PCIe [AMP00107]","price":165,"price_type":"quantity_based","image":0,"visibility":true},{"label":"Passez au disque SSD 2 Tb. M.2 2280 PCIe [AMP00171]","price":260,"price_type":"quantity_based","image":0,"visibility":true},{"label":"SSD suppl\u00e9mentaire 500 Gb. M.2 2280 PCIe [AMP00108]","price":115,"price_type":"quantity_based","image":0,"visibility":true},{"label":"Disque SSD de 1 Tb. M.2 2280 PCIe suppl\u00e9mentaire [AMP00109]","price":170,"price_type":"quantity_based","image":0,"visibility":true},{"label":"Disque SSD de 2 Tb. M.2 2280 PCIe suppl\u00e9mentaire [AMP00176]","price":265,"price_type":"quantity_based","image":0,"visibility":true}]},"os-upgrades":{"name":"Expansion SO","type":"multiple_choice","position":0,"required":false,"title_format":"heading","default":"","description_enable":false,"description":"","placeholder_enable":false,"placeholder":"","display":"radiobutton","restrictions_type":"any_text","adjust_price":false,"price":"","price_type":"quantity_based","restrictions":false,"min":"0","max":"0","options":[{"label":"Changer la langue en fran\u00e7ais [AMP00125]","price":"0.0000","price_type":"quantity_based","image":0,"visibility":true},{"label":"Changer la langue en anglais [AMP00008]","price":"0.0000","price_type":"quantity_based","image":0,"visibility":true},{"label":"Changer la langue en portugais [AMP00009]","price":"0.0000","price_type":"quantity_based","image":0,"visibility":true}]},"briefcase-upgrades":{"name":"Porte-documents","type":"multiple_choice","position":0,"required":false,"title_format":"heading","default":"","description_enable":false,"description":"","placeholder_enable":false,"placeholder":"","display":"radiobutton","restrictions_type":"any_text","adjust_price":false,"price":"","price_type":"quantity_based","restrictions":false,"min":"0","max":"0","options":[{"label":"Mallette Notebook [AMP00041]","price":"5.0000","price_type":"quantity_based","image":0,"visibility":true}]}},"df_price":326.7,"df_sale_price":"","df_regular_price":326.7,"df_image_link":"https:\/\/zoca.es\/wp-content\/uploads\/images\/product\/14720\/gtc00064_01-300x225.jpg","_links":{"self":[{"href":"https:\/\/zoca.es\/fr\/wp-json\/wp\/v2\/product\/157095","targetHints":{"allow":["GET"]}}],"collection":[{"href":"https:\/\/zoca.es\/fr\/wp-json\/wp\/v2\/product"}],"about":[{"href":"https:\/\/zoca.es\/fr\/wp-json\/wp\/v2\/types\/product"}],"wp:featuredmedia":[{"embeddable":true,"href":"https:\/\/zoca.es\/fr\/wp-json\/wp\/v2\/media\/157067"}],"wp:attachment":[{"href":"https:\/\/zoca.es\/fr\/wp-json\/wp\/v2\/media?parent=157095"}],"wp:term":[{"taxonomy":"product_brand","embeddable":true,"href":"https:\/\/zoca.es\/fr\/wp-json\/wp\/v2\/product_brand?post=157095"},{"taxonomy":"product_cat","embeddable":true,"href":"https:\/\/zoca.es\/fr\/wp-json\/wp\/v2\/product_cat?post=157095"},{"taxonomy":"product_tag","embeddable":true,"href":"https:\/\/zoca.es\/fr\/wp-json\/wp\/v2\/product_tag?post=157095"}],"curies":[{"name":"wp","href":"https:\/\/api.w.org\/{rel}","templated":true}]}}