{"id":156711,"date":"2026-01-29T12:58:41","date_gmt":"2026-01-29T11:58:41","guid":{"rendered":"https:\/\/zoca.es\/producto\/apple-macbook-pro-161-16-reconditionne-core-i7-26ghz-16-gb-ram-512-gb-ssd-m2-3072x1920-fr-14324\/"},"modified":"2026-04-15T10:52:04","modified_gmt":"2026-04-15T09:52:04","slug":"apple-macbook-pro-161-16-reconditionne-core-i7-26ghz-16-gb-ram-512-gb-ssd-m2-3072x1920-fr-14324","status":"publish","type":"product","link":"https:\/\/zoca.es\/fr\/produit\/apple-macbook-pro-161-16-reconditionne-core-i7-26ghz-16-gb-ram-512-gb-ssd-m2-3072x1920-fr-14324\/","title":{"rendered":"Apple MacBook Pro 16,1 16\u00a0\u00bb | Reconditionn\u00e9 | Core i7 2.6GHz | 16 GB RAM | 512 GB SSD M2 3072&#215;1920"},"content":{"rendered":"<p><strong>Processeur<\/strong><br \/>Intel Core i7 9750H 2.6 GHz.<br \/><strong>M\u00e9moire RAM<\/strong><br \/>16 Gb. SO-DDR4 RAM<br \/><strong>Disque dur<\/strong><br \/>512 Gb. SSD M2<br \/><strong>Cartes<\/strong><br \/>Graphique: AMD Radeon Pro 5300M 4 Gb. GDDR6<br \/>Son: HD Audio Dolby Atmos<br \/><strong>Syst\u00e8me op\u00e9ratif<\/strong><br \/>macOS Tahoe<br \/><strong>Ports<\/strong><br \/>4x USB-C<br \/><strong>\u00c9cran<\/strong><br \/>Retina 16 \u00a0\u00bb 2K 16:9 \u00b7 R\u00e9solution 3072&#215;1920<br \/><strong>Multim\u00e9dias<\/strong><br \/>Webcam<br \/><strong>Connectivit\u00e9<\/strong><br \/>WIFI<br \/>Bluetooth<br \/><strong>Notebook sp\u00e9cifique<\/strong><br \/>Langue du clavier Espagnol<br \/><strong>Autres<\/strong><br \/>hR emballage<br \/><strong>Dimensions<\/strong><br \/>35.8&#215;24.6&#215;1.6 cm.<br \/><strong>Poids<\/strong><br \/>2.00 Kg.<br \/><strong>Sp\u00e9cifications suppl\u00e9mentaires<\/strong><br \/>Le MacBook Pro 16&Prime; A2141 n\u2019est pas seulement un ordinateur portable, c\u2019est une d\u00e9claration d\u2019intention. Avec son Intel Core i7 de 9e g\u00e9n\u00e9ration, il g\u00e8re toutes les t\u00e2ches sans effort, de l\u2019\u00e9dition vid\u00e9o en 4K aux rendus lourds ou au d\u00e9veloppement logiciel. Les 16 Go de RAM garantissent un multit\u00e2che fluide, quel que soit le nombre d\u2019applications ouvertes, et avec son SSD M.2 de 512 Go, les temps d\u2019attente disparaissent : tout se charge instantan\u00e9ment. Mais ce qui distingue vraiment ce MacBook, c\u2019est son \u00e9cran Retina de 16&Prime; avec une r\u00e9solution 2K (3072&#215;1920), un v\u00e9ritable joyau pour les designers, les \u00e9diteurs et tous ceux qui appr\u00e9cient la qualit\u00e9 visuelle. Des couleurs vibrantes, des noirs profonds et une d\u00e9finition qui laisse la concurrence derri\u00e8re. Si l\u2019on ajoute \u00e0 cela l\u2019AMD Radeon Pro 5300M avec 4 Go de GDDR6, les performances graphiques sont tout simplement spectaculaires. La Touch Bar apporte un gain d\u2019efficacit\u00e9 suppl\u00e9mentaire, en s\u2019adaptant \u00e0 chaque application pour offrir des raccourcis et des acc\u00e8s rapides qui rendent le travail plus intuitif. Et bien s\u00fbr, avec macOS Sequoia, la stabilit\u00e9, la s\u00e9curit\u00e9 et la synchronisation avec l\u2019\u00e9cosyst\u00e8me Apple sont garanties. Ce MacBook n\u2019est pas seulement un ordinateur, c\u2019est un outil pour ceux qui exigent le meilleur sans compromis. Design premium, puissance brute et exp\u00e9rience utilisateur in\u00e9gal\u00e9e. Vous cherchez un ordinateur portable pour porter votre cr\u00e9ativit\u00e9 et votre productivit\u00e9 au niveau sup\u00e9rieur ? Vous l\u2019avez d\u00e9j\u00e0 trouv\u00e9.Bon aspect ext\u00e9rieur. <strong>Il pr\u00e9sente de l\u00e9g\u00e8res marques d\u2019utilisation sur le ch\u00e2ssis<\/strong>. Consultez la section \u00ab + Photos \u00bb et si vous avez des questions, appelez-nous ou utilisez notre chat pour obtenir plus d\u2019informations ou demander plus de d\u00e9tails.<br \/><strong>Commentaires<\/strong><br \/><u>AMD Radeon Pro 5300M 4 Go. GDDR6 &#8211; TouchBar &#8211; Clavier espagnol &#8211; Mod\u00e8le A2141 (2019)<\/u><\/p>\n","protected":false},"excerpt":{"rendered":"<p>Intel Core i7 9750H 2.6 GHz. \u00b7 16 Gb. SO-DDR4 RAM \u00b7 512 Gb. SSD M2 \u00b7 macOS Tahoe \u00b7 Retina 16 \u00a0\u00bb 2K 16:9 \u00b7 Webcam \u00b7<br \/>\n<strong>AMD Radeon Pro 5300M 4 GB. GDDR6 &#8211; TouchBar &#8211; Clavier espagnol<\/strong> &#8211; <u>Mod\u00e8le A2141 (2019)<br \/>\n<\/u><\/p>\n","protected":false},"featured_media":156686,"template":"","meta":[],"product_brand":[3449],"product_cat":[2254,3121],"product_tag":[],"class_list":{"0":"post-156711","1":"product","2":"type-product","3":"status-publish","4":"has-post-thumbnail","6":"product_brand-apple","7":"product_cat-notebooks-fr","8":"product_cat-notebooks-notebooks-fr","10":"first","11":"instock","12":"taxable","13":"shipping-taxable","14":"purchasable","15":"product-type-simple"},"bundled_by":[],"bundle_stock_status":"instock","bundle_stock_quantity":1,"bundle_virtual":false,"bundle_layout":"","bundle_add_to_cart_form_location":"","bundle_editable_in_cart":false,"bundle_sold_individually_context":"","bundle_item_grouping":"","bundle_min_size":"","bundle_max_size":"","bundle_price":[],"bundled_items":[],"bundle_sell_ids":[],"exclude_global_add_ons":true,"addons":{"keyboard-iso-upgrades":{"name":"Choisir langue du clavier","type":"multiple_choice","position":0,"required":false,"title_format":"heading","default":"","description_enable":false,"description":"","placeholder_enable":false,"placeholder":"","display":"radiobutton","restrictions_type":"any_text","adjust_price":false,"price":"","price_type":"quantity_based","restrictions":false,"min":"0","max":"0","options":[{"label":"Autocollants fran\u00e7ais [AMP00084]","price":"0.0000","price_type":"quantity_based","image":0,"visibility":true},{"label":"Autocollants portugais [AMP00083]","price":"0.0000","price_type":"quantity_based","image":0,"visibility":true}]},"mouse-upgrades":{"name":"Extension souris","type":"multiple_choice","position":0,"required":false,"title_format":"heading","default":"","description_enable":false,"description":"","placeholder_enable":false,"placeholder":"","display":"radiobutton","restrictions_type":"any_text","adjust_price":false,"price":"","price_type":"quantity_based","restrictions":false,"min":"0","max":"0","options":[{"label":"Apple Magic Mouse 2 (A1657) [AMP00060]","price":"60.0000","price_type":"quantity_based","image":0,"visibility":true}]}},"df_price":680.02,"df_sale_price":"","df_regular_price":680.02,"df_image_link":"https:\/\/zoca.es\/wp-content\/uploads\/images\/product\/14324\/appl00672_01-300x225.jpg","_links":{"self":[{"href":"https:\/\/zoca.es\/fr\/wp-json\/wp\/v2\/product\/156711","targetHints":{"allow":["GET"]}}],"collection":[{"href":"https:\/\/zoca.es\/fr\/wp-json\/wp\/v2\/product"}],"about":[{"href":"https:\/\/zoca.es\/fr\/wp-json\/wp\/v2\/types\/product"}],"wp:featuredmedia":[{"embeddable":true,"href":"https:\/\/zoca.es\/fr\/wp-json\/wp\/v2\/media\/156686"}],"wp:attachment":[{"href":"https:\/\/zoca.es\/fr\/wp-json\/wp\/v2\/media?parent=156711"}],"wp:term":[{"taxonomy":"product_brand","embeddable":true,"href":"https:\/\/zoca.es\/fr\/wp-json\/wp\/v2\/product_brand?post=156711"},{"taxonomy":"product_cat","embeddable":true,"href":"https:\/\/zoca.es\/fr\/wp-json\/wp\/v2\/product_cat?post=156711"},{"taxonomy":"product_tag","embeddable":true,"href":"https:\/\/zoca.es\/fr\/wp-json\/wp\/v2\/product_tag?post=156711"}],"curies":[{"name":"wp","href":"https:\/\/api.w.org\/{rel}","templated":true}]}}