{"id":156213,"date":"2026-01-26T17:25:20","date_gmt":"2026-01-26T16:25:20","guid":{"rendered":"https:\/\/zoca.es\/producto\/microsoft-surface-pro-7-plus-kit-portugues-reconditionne-fr-13928-bundle\/"},"modified":"2026-02-02T11:59:21","modified_gmt":"2026-02-02T10:59:21","slug":"microsoft-surface-pro-7-plus-kit-portugues-reconditionne-fr-13928-bundle","status":"publish","type":"product","link":"https:\/\/zoca.es\/fr\/produit\/microsoft-surface-pro-7-plus-kit-portugues-reconditionne-fr-13928-bundle\/","title":{"rendered":"Microsoft Surface Pro 7 Plus Portugais avec Calvier Tablette 3&Prime;"},"content":{"rendered":"<table class=\"table\" aria-describedby=\"heading-ficha-tecnica\">\n<caption class=\"sr-only\">Fiche technique de la Microsoft Surface Pro 7 Plus<\/caption>\n<tbody>\n<tr class=\"compont d-flex\">\n<th scope=\"row\" class=\"col-4\">Marque<\/th>\n<td class=\"col-8\">Microsoft<\/td>\n<\/tr>\n<tr class=\"compont d-flex\">\n<th scope=\"row\" class=\"col-4\">Mod\u00e8le<\/th>\n<td class=\"col-8\">Surface Pro 7 Plus<\/td>\n<\/tr>\n<tr class=\"compont d-flex\">\n<th scope=\"row\" class=\"col-4\">Processeur<\/th>\n<td class=\"col-8\">Intel Core i5-1135G7 2.4&nbsp;GHz<\/td>\n<\/tr>\n<tr class=\"compont d-flex\">\n<th scope=\"row\" class=\"col-4\">M\u00e9moire RAM<\/th>\n<td class=\"col-8\">16&nbsp;GB SO-DDR4<\/td>\n<\/tr>\n<tr class=\"compont d-flex\">\n<th scope=\"row\" class=\"col-4\">Stockage<\/th>\n<td class=\"col-8\">256&nbsp;GB SSD M.2<\/td>\n<\/tr>\n<tr class=\"compont d-flex\">\n<th scope=\"row\" class=\"col-4\">Graphiques<\/th>\n<td class=\"col-8\">Intel Iris Xe Graphics<\/td>\n<\/tr>\n<tr class=\"compont d-flex\">\n<th scope=\"row\" class=\"col-4\">Syst\u00e8me d\u2019exploitation<\/th>\n<td class=\"col-8\">Windows 11 Pro (Portugais)<\/td>\n<\/tr>\n<tr class=\"compont d-flex\">\n<th scope=\"row\" class=\"col-4\">\u00c9cran<\/th>\n<td class=\"col-8\">Tactile 12.3&Prime; 2K 2736\u00d71824 (16:9)<\/td>\n<\/tr>\n<tr class=\"compont d-flex\">\n<th scope=\"row\" class=\"col-4\">Cam\u00e9ras<\/th>\n<td class=\"col-8\">Cam\u00e9ra avant et arri\u00e8re<\/td>\n<\/tr>\n<tr class=\"compont d-flex\">\n<th scope=\"row\" class=\"col-4\">Ports<\/th>\n<td class=\"col-8\">USB 3.0, USB-C<\/td>\n<\/tr>\n<tr class=\"compont d-flex\">\n<th scope=\"row\" class=\"col-4\">Connectivit\u00e9<\/th>\n<td class=\"col-8\">WiFi, Bluetooth<\/td>\n<\/tr>\n<tr class=\"compont d-flex\">\n<th scope=\"row\" class=\"col-4\">Clavier<\/th>\n<td class=\"col-8\">Clavier portugais (inclus)<\/td>\n<\/tr>\n<tr class=\"compont d-flex\">\n<th scope=\"row\" class=\"col-4\">Dimensions<\/th>\n<td class=\"col-8\">29.2 \u00d7 20.1 \u00d7 0.85&nbsp;cm<\/td>\n<\/tr>\n<tr class=\"compont d-flex\">\n<th scope=\"row\" class=\"col-4\">Poids<\/th>\n<td class=\"col-8\">0.79&nbsp;kg<\/td>\n<\/tr>\n<tr class=\"compont d-flex\">\n<th scope=\"row\" class=\"col-4\">\u00c9tat esth\u00e9tique<\/th>\n<td class=\"col-8\">Tr\u00e8s bon \u00e9tat ext\u00e9rieur<\/td>\n<\/tr>\n<\/tbody>\n<\/table>\n","protected":false},"excerpt":{"rendered":"<p>D\u00e9couvrez une tablette-PC 2-en-1 tactile 12,3&Prime; 2K avec Windows 11 Pro, cam\u00e9ras avant et arri\u00e8re, connectivit\u00e9 USB-C, USB 3.0, WiFi et Bluetooth. Ce bundle inclut le clavier et le syst\u00e8me d\u2019exploitation en portugais, id\u00e9al pour un usage professionnel ou acad\u00e9mique. Une solution l\u00e9g\u00e8re, moderne et polyvalente pour travailler partout avec confort.<\/p>\n","protected":false},"featured_media":139998,"template":"","meta":[],"product_brand":[3456],"product_cat":[3186,2302],"product_tag":[],"class_list":{"0":"post-156213","1":"product","2":"type-product","3":"status-publish","4":"has-post-thumbnail","6":"product_brand-microsoft","7":"product_cat-tablettes-surface-fr","8":"product_cat-tablettes-fr","10":"first","11":"instock","12":"sale","13":"virtual","14":"taxable","15":"purchasable","16":"product-type-bundle"},"bundled_by":[],"bundle_stock_status":"instock","bundle_stock_quantity":24,"bundle_virtual":false,"bundle_layout":"default","bundle_add_to_cart_form_location":"default","bundle_editable_in_cart":false,"bundle_sold_individually_context":"product","bundle_item_grouping":"parent","bundle_min_size":1,"bundle_max_size":2,"bundle_price":{"price":{"min":{"incl_tax":"624.36","excl_tax":"516"},"max":{"incl_tax":"693.33","excl_tax":"573"}},"regular_price":{"min":{"incl_tax":"624.36","excl_tax":"516"},"max":{"incl_tax":"696.96","excl_tax":"576"}}},"bundled_items":[{"bundled_item_id":43,"product_id":140023,"menu_order":0,"quantity_min":1,"quantity_max":1,"quantity_default":1,"priced_individually":true,"shipped_individually":false,"override_title":false,"title":"Microsoft Surface Pro 7 Plus Kit Portugu\u00e9s | Reconditionn\u00e9","override_description":false,"description":"Microsoft Surface Pro 7 Plus Kit Portugu\u00e9s | Reconditionn\u00e9","optional":false,"hide_thumbnail":false,"discount":"","override_variations":false,"allowed_variations":[""],"override_default_variation_attributes":false,"default_variation_attributes":[],"single_product_visibility":"visible","cart_visibility":"visible","order_visibility":"visible","single_product_price_visibility":"visible","cart_price_visibility":"visible","order_price_visibility":"visible","stock_status":"in_stock"},{"bundled_item_id":44,"product_id":72240,"menu_order":1,"quantity_min":1,"quantity_max":1,"quantity_default":1,"priced_individually":true,"shipped_individually":false,"override_title":false,"title":"Option notebook Microsoft Surface Dockin 1661 | Reconditionn\u00e9","override_description":false,"description":"Option notebook Microsoft Surface Dockin 1661 | Reconditionn\u00e9","optional":true,"hide_thumbnail":false,"discount":"48","override_variations":false,"allowed_variations":[""],"override_default_variation_attributes":false,"default_variation_attributes":[],"single_product_visibility":"visible","cart_visibility":"visible","order_visibility":"visible","single_product_price_visibility":"visible","cart_price_visibility":"visible","order_price_visibility":"visible","stock_status":"in_stock"}],"bundle_sell_ids":[],"exclude_global_add_ons":[],"addons":[],"df_price":"","df_sale_price":"","df_regular_price":"","df_image_link":"https:\/\/zoca.es\/wp-content\/uploads\/images\/product\/13928\/ms00200_01-300x225.jpg","_links":{"self":[{"href":"https:\/\/zoca.es\/fr\/wp-json\/wp\/v2\/product\/156213","targetHints":{"allow":["GET"]}}],"collection":[{"href":"https:\/\/zoca.es\/fr\/wp-json\/wp\/v2\/product"}],"about":[{"href":"https:\/\/zoca.es\/fr\/wp-json\/wp\/v2\/types\/product"}],"wp:featuredmedia":[{"embeddable":true,"href":"https:\/\/zoca.es\/fr\/wp-json\/wp\/v2\/media\/139998"}],"wp:attachment":[{"href":"https:\/\/zoca.es\/fr\/wp-json\/wp\/v2\/media?parent=156213"}],"wp:term":[{"taxonomy":"product_brand","embeddable":true,"href":"https:\/\/zoca.es\/fr\/wp-json\/wp\/v2\/product_brand?post=156213"},{"taxonomy":"product_cat","embeddable":true,"href":"https:\/\/zoca.es\/fr\/wp-json\/wp\/v2\/product_cat?post=156213"},{"taxonomy":"product_tag","embeddable":true,"href":"https:\/\/zoca.es\/fr\/wp-json\/wp\/v2\/product_tag?post=156213"}],"curies":[{"name":"wp","href":"https:\/\/api.w.org\/{rel}","templated":true}]}}