{"id":155828,"date":"2026-01-21T09:44:15","date_gmt":"2026-01-21T08:44:15","guid":{"rendered":"https:\/\/zoca.es\/producto\/dell-poweredge-t430-tour-reconditionne-xeon-deca-core-26ghz-32-gb-ram-600-gb-sas-fr-14642\/"},"modified":"2026-03-20T14:21:44","modified_gmt":"2026-03-20T13:21:44","slug":"dell-poweredge-t430-tour-reconditionne-xeon-deca-core-26ghz-32-gb-ram-600-gb-sas-fr-14642","status":"publish","type":"product","link":"https:\/\/zoca.es\/fr\/produit\/dell-poweredge-t430-tour-reconditionne-xeon-deca-core-26ghz-32-gb-ram-600-gb-sas-fr-14642\/","title":{"rendered":"Dell PowerEdge T430 Tour | Reconditionn\u00e9 | Xeon Deca Core 2.6GHz | 32 GB RAM | 600 GB SAS"},"content":{"rendered":"<p><strong>Processeur<\/strong><br \/>Intel Xeon Deca Core E5-2660 V3 2.6 GHz.<br \/><strong>Facteur de forme<\/strong><br \/>Tour<br \/><strong>M\u00e9moire RAM<\/strong><br \/>32 Gb. DDR4 RAM<br \/>12 emplacements (10 vide )<br \/><strong>Disque dur<\/strong><br \/>4x 600 Gb. SAS 2.5\u00a0\u00bb 10krpm<br \/>8 emplacements (4 vide )<br \/><strong>Lecteur optique<\/strong><br \/>DVD<br \/><strong>Cartes<\/strong><br \/>Graphique: d200ER2<br \/>R\u00e9seau: Broadcom 5720<br \/><strong>Syst\u00e8me op\u00e9ratif<\/strong><br \/>&#8211; Sans SO &#8211;<br \/><strong>Ports<\/strong><br \/>S\u00e9rie<br \/>5x USB 2.0<br \/>3x USB 3.0<br \/><strong>Connectivit\u00e9<\/strong><br \/>2x RJ-45<br \/><strong>Source de courant<\/strong><br \/>2x Alimentations (Hotplug)<br \/><strong>Autres<\/strong><br \/>hR emballage<br \/><strong>Dimensions<\/strong><br \/>71&#215;44.5&#215;22 cm.<br \/><strong>Poids<\/strong><br \/>28.25 Kg.<br \/><strong>Sp\u00e9cifications suppl\u00e9mentaires<\/strong><br \/>Le Dell PowerEdge T430 est un serveur tour con\u00e7u pour les environnements professionnels qui n\u00e9cessitent des performances \u00e9lev\u00e9es, de la fiabilit\u00e9 et une capacit\u00e9 de croissance \u00e0 moyen et long terme. \u00c9quip\u00e9 d\u2019un Intel Xeon Deca Core E5-2660 v3, il offre une excellente capacit\u00e9 de traitement pour la virtualisation, les bases de donn\u00e9es, les applications professionnelles et les services critiques.<br \/>Ses 32 Go de m\u00e9moire DDR4 garantissent stabilit\u00e9 et fluidit\u00e9 dans les charges de travail exigeantes, tandis que le contr\u00f4leur RAID H330 apporte s\u00e9curit\u00e9 et flexibilit\u00e9 dans la gestion du stockage.<br \/>Les 4 disques SAS de 600 Go \u00e0 10K rpm offrent un \u00e9quilibre optimal entre vitesse et fiabilit\u00e9, id\u00e9al pour les environnements productifs.<br \/>Son format tour permet une int\u00e9gration facile dans les bureaux ou salles techniques, r\u00e9duisant les co\u00fbts par rapport aux solutions rack traditionnelles.<br \/>Un serveur robuste, silencieux et pr\u00eat \u00e0 cro\u00eetre avec votre infrastructure IT, parfait pour les PME, les environnements professionnels et les projets de consolidation de serveurs.<br \/>Un pari s\u00fbr pour les serveurs Dell PowerEdge, o\u00f9 fiabilit\u00e9 et performance vont de pair.<br \/>Bon \u00e9tat ext\u00e9rieur. Si vous avez des questions, appelez-nous ou utilisez notre chat pour obtenir plus d\u2019informations ou demander plus de d\u00e9tails.<br \/><strong>Commentaires<\/strong><br \/><u>H330 Raid Controller &#8211; 4xPCIe 3.0 \/ 2xPCIe 2.0<\/u><\/p>\n","protected":false},"excerpt":{"rendered":"<p>Intel Xeon Deca Core E5-2660 V3 2.6 GHz. \u00b7 32 Gb. DDR4 RAM \u00b7 12 emplacements (10 vide ) \u00b7 4x 600 Gb. SAS 2.5\u00a0\u00bb 10krpm \u00b7 8 emplacements (4 vide ) \u00b7 DVD \u00b7<br \/>\n<strong>H330 Raid Controller<\/strong> &#8211; <u>4xPCIe 3.0 \/ 2xPCIe 2.0<br \/>\n<\/u><\/p>\n","protected":false},"featured_media":155818,"template":"","meta":[],"product_brand":[3445],"product_cat":[2339,2348],"product_tag":[],"class_list":{"0":"post-155828","1":"product","2":"type-product","3":"status-publish","4":"has-post-thumbnail","6":"product_brand-dell","7":"product_cat-serveurs-fr","8":"product_cat-serveurs-la-tour-fr","10":"first","11":"instock","12":"taxable","13":"shipping-taxable","14":"purchasable","15":"product-type-simple"},"bundled_by":[],"bundle_stock_status":"instock","bundle_stock_quantity":15,"bundle_virtual":false,"bundle_layout":"","bundle_add_to_cart_form_location":"","bundle_editable_in_cart":false,"bundle_sold_individually_context":"","bundle_item_grouping":"","bundle_min_size":"","bundle_max_size":"","bundle_price":[],"bundled_items":[],"bundle_sell_ids":[],"exclude_global_add_ons":true,"addons":{"hdd-upgrades":{"name":"Extension disque dur","type":"multiple_choice","position":0,"required":false,"title_format":"heading","default":"","description_enable":false,"description":"","placeholder_enable":false,"placeholder":"","display":"radiobutton","restrictions_type":"any_text","adjust_price":false,"price":"","price_type":"quantity_based","restrictions":false,"min":"0","max":"0","options":[{"label":"2x disque SSD 240 Gb. [AMP00058]","price":"100.0000","price_type":"quantity_based","image":0,"visibility":true},{"label":"2x disque SSD 480 Gb. [AMP00059]","price":"200.0000","price_type":"quantity_based","image":0,"visibility":true}]}},"df_price":809.49,"df_sale_price":"","df_regular_price":809.49,"df_image_link":"https:\/\/zoca.es\/wp-content\/uploads\/images\/product\/14642\/dell01629_01-300x225.jpg","_links":{"self":[{"href":"https:\/\/zoca.es\/fr\/wp-json\/wp\/v2\/product\/155828","targetHints":{"allow":["GET"]}}],"collection":[{"href":"https:\/\/zoca.es\/fr\/wp-json\/wp\/v2\/product"}],"about":[{"href":"https:\/\/zoca.es\/fr\/wp-json\/wp\/v2\/types\/product"}],"wp:featuredmedia":[{"embeddable":true,"href":"https:\/\/zoca.es\/fr\/wp-json\/wp\/v2\/media\/155818"}],"wp:attachment":[{"href":"https:\/\/zoca.es\/fr\/wp-json\/wp\/v2\/media?parent=155828"}],"wp:term":[{"taxonomy":"product_brand","embeddable":true,"href":"https:\/\/zoca.es\/fr\/wp-json\/wp\/v2\/product_brand?post=155828"},{"taxonomy":"product_cat","embeddable":true,"href":"https:\/\/zoca.es\/fr\/wp-json\/wp\/v2\/product_cat?post=155828"},{"taxonomy":"product_tag","embeddable":true,"href":"https:\/\/zoca.es\/fr\/wp-json\/wp\/v2\/product_tag?post=155828"}],"curies":[{"name":"wp","href":"https:\/\/api.w.org\/{rel}","templated":true}]}}