{"id":155005,"date":"2026-01-12T17:32:58","date_gmt":"2026-01-12T16:32:58","guid":{"rendered":"https:\/\/zoca.es\/producto\/hp-elitedesk-800-g4-mini-impecable-mini-reconditionne-core-i7-24ghz-16-gb-ram-512-gb-ssd-m2-fr-14625\/"},"modified":"2026-03-04T09:04:37","modified_gmt":"2026-03-04T08:04:37","slug":"hp-elitedesk-800-g4-mini-impecable-mini-reconditionne-core-i7-24ghz-16-gb-ram-512-gb-ssd-m2-fr-14625","status":"publish","type":"product","link":"https:\/\/zoca.es\/fr\/produit\/hp-elitedesk-800-g4-mini-impecable-mini-reconditionne-core-i7-24ghz-16-gb-ram-512-gb-ssd-m2-fr-14625\/","title":{"rendered":"HP EliteDesk 800 G4-Impecable Mini | Reconditionn\u00e9 | Core i7 2.4GHz | 16 GB RAM | 512 GB SSD M2"},"content":{"rendered":"<p><strong>Processeur<\/strong><br \/>Intel Core i7 8700T 2.4 GHz.<br \/><strong>Facteur de forme<\/strong><br \/>Mini<br \/><strong>M\u00e9moire RAM<\/strong><br \/>16 Gb. SO-DDR4 RAM<br \/><strong>Disque dur<\/strong><br \/>512 Gb. SSD M2<br \/><strong>Cartes<\/strong><br \/>Graphique: Intel UHD Graphics 630<br \/>Son: Synaptics HD Audio<br \/>R\u00e9seau: Intel Ethernet Connection I219-LM<br \/><strong>Syst\u00e8me op\u00e9ratif<\/strong><br \/>Windows 11 Pro<br \/><strong>Ports<\/strong><br \/>6x USB 3.0<br \/>USB-C<br \/><strong>Ports vid\u00e9o<\/strong><br \/>2x Display Port<br \/><strong>Connectivit\u00e9<\/strong><br \/>RJ-45<br \/><strong>Autres<\/strong><br \/>hR emballage<br \/><strong>Dimensions<\/strong><br \/>18.5x18x4 cm.<br \/><strong>Poids<\/strong><br \/>1.20 Kg.<br \/><strong>Sp\u00e9cifications suppl\u00e9mentaires<\/strong><br \/>Le HP EliteDesk 800 G4 Mini est un ordinateur de bureau professionnel au format ultra-compact qui combine puissance avanc\u00e9e et design optimis\u00e9 pour l\u2019espace, sans compromis sur les performances. Gr\u00e2ce \u00e0 son processeur Intel Core i7 8700T, ce syst\u00e8me offre une excellente r\u00e9activit\u00e9 pour le multit\u00e2che intensif, les applications professionnelles et les environnements d\u2019entreprise o\u00f9 la fluidit\u00e9 est essentielle.<br \/>Avec 16 Go de m\u00e9moire DDR4 et un SSD M.2 de 512 Go, le syst\u00e8me se distingue par des d\u00e9marrages rapides et une grande agilit\u00e9 au quotidien, permettant de travailler avec plusieurs applications ouvertes simultan\u00e9ment sans ralentissement. Le tout fonctionne sous Windows 11 Pro, qui apporte s\u00e9curit\u00e9, stabilit\u00e9 et compatibilit\u00e9 avec les plateformes professionnelles les plus r\u00e9centes, faisant de cet ordinateur un PC de bureau professionnel pr\u00eat pour le pr\u00e9sent et l\u2019avenir.<br \/>Son format compact permet de l\u2019installer facilement derri\u00e8re un \u00e9cran, sur des bureaux minimalistes ou dans des espaces o\u00f9 un ordinateur de bureau traditionnel ne conviendrait pas, tout en maintenant un espace de travail propre et ordonn\u00e9. L\u2019int\u00e9gration du TPM 2.0 ajoute une couche suppl\u00e9mentaire de protection pour les donn\u00e9es et les identifiants, essentielle dans les environnements professionnels manipulant des informations sensibles.<br \/>Silencieux, efficace et construit avec la qualit\u00e9 reconnue de HP, cet ordinateur fiable pour le bureau se distingue par sa stabilit\u00e9 \u00e0 long terme et sa faible consommation \u00e9nerg\u00e9tique. Le HP EliteDesk 800 G4 Mini est le choix id\u00e9al pour ceux qui recherchent un ordinateur de bureau puissant et compact, capable d\u2019offrir de hautes performances, une s\u00e9curit\u00e9 renforc\u00e9e et une exp\u00e9rience professionnelle sans encombrement inutile.<br \/><b>Aspect ext\u00e9rieur impeccable.<\/b> Consultez \u00ab + Photos \u00bb et \u00ab Vid\u00e9o \u00bb et, si vous avez des questions, appelez-nous ou utilisez notre chat pour obtenir plus d\u2019informations ou demander davantage de d\u00e9tails.<br \/><strong>Commentaires<\/strong><br \/><u>1xM.2 2280 pour le stockage<\/u><\/p>\n","protected":false},"excerpt":{"rendered":"<p>Intel Core i7 8700T 2.4 GHz. \u00b7 16 Gb. SO-DDR4 RAM \u00b7 512 Gb. SSD M2 \u00b7 <strong>Windows 11 Pro<\/strong> \u00b7<br \/>\n<u>1xM.2 2280 pour le stockage<br \/>\n<\/u><\/p>\n","protected":false},"featured_media":154983,"template":"","meta":[],"product_brand":[3453],"product_cat":[2219,2228],"product_tag":[],"class_list":{"0":"post-155005","1":"product","2":"type-product","3":"status-publish","4":"has-post-thumbnail","6":"product_brand-hp","7":"product_cat-ordinateurs-fr","8":"product_cat-ordinateurs-mini-fr","10":"first","11":"outofstock","12":"taxable","13":"shipping-taxable","14":"purchasable","15":"product-type-simple"},"bundled_by":[],"bundle_stock_status":"outofstock","bundle_stock_quantity":0,"bundle_virtual":false,"bundle_layout":"","bundle_add_to_cart_form_location":"","bundle_editable_in_cart":false,"bundle_sold_individually_context":"","bundle_item_grouping":"","bundle_min_size":"","bundle_max_size":"","bundle_price":[],"bundled_items":[],"bundle_sell_ids":[],"exclude_global_add_ons":true,"addons":{"webcam-upgrades":{"name":"Extension Webcam","type":"multiple_choice","position":0,"required":false,"title_format":"heading","default":"","description_enable":false,"description":"","placeholder_enable":false,"placeholder":"","display":"radiobutton","restrictions_type":"any_text","adjust_price":false,"price":"","price_type":"quantity_based","restrictions":false,"min":"0","max":"0","options":[{"label":"Conceptronic AMDIS FullHD [AMP00085]","price":"29.0000","price_type":"quantity_based","image":0,"visibility":true}]},"ram-memory-upgrades":{"name":"Extension RAM","type":"multiple_choice","position":0,"required":false,"title_format":"heading","default":"","description_enable":false,"description":"","placeholder_enable":false,"placeholder":"","display":"radiobutton","restrictions_type":"any_text","adjust_price":false,"price":"","price_type":"quantity_based","restrictions":false,"min":"0","max":"0","options":[{"label":"Extension de 32 Gb de RAM SODIMM [AMP00098]","price":"150.0000","price_type":"quantity_based","image":0,"visibility":true}]},"hdd-upgrades":{"name":"Extension disque dur","type":"multiple_choice","position":0,"required":false,"title_format":"heading","default":"","description_enable":false,"description":"","placeholder_enable":false,"placeholder":"","display":"radiobutton","restrictions_type":"any_text","adjust_price":false,"price":"","price_type":"quantity_based","restrictions":false,"min":"0","max":"0","options":[{"label":"Passez au disque SSD 1 Tb. M.2 2280 PCIe [AMP00107]","price":165,"price_type":"quantity_based","image":0,"visibility":true},{"label":"Passez au disque SSD 2 Tb. M.2 2280 PCIe [AMP00171]","price":260,"price_type":"quantity_based","image":0,"visibility":true}]},"network-card-upgrades":{"name":"Extension WIFI","type":"multiple_choice","position":0,"required":false,"title_format":"heading","default":"","description_enable":false,"description":"","placeholder_enable":false,"placeholder":"","display":"radiobutton","restrictions_type":"any_text","adjust_price":false,"price":"","price_type":"quantity_based","restrictions":false,"min":"0","max":"0","options":[{"label":"Mise \u00e0 niveau nano USB sans fil [AMP00018]","price":"12.0000","price_type":"quantity_based","image":0,"visibility":true}]},"os-upgrades":{"name":"Expansion SO","type":"multiple_choice","position":0,"required":false,"title_format":"heading","default":"","description_enable":false,"description":"","placeholder_enable":false,"placeholder":"","display":"radiobutton","restrictions_type":"any_text","adjust_price":false,"price":"","price_type":"quantity_based","restrictions":false,"min":"0","max":"0","options":[{"label":"Changer la langue en fran\u00e7ais [AMP00125]","price":"0.0000","price_type":"quantity_based","image":0,"visibility":true},{"label":"Changer la langue en anglais [AMP00008]","price":"0.0000","price_type":"quantity_based","image":0,"visibility":true},{"label":"Changer la langue en portugais [AMP00009]","price":"0.0000","price_type":"quantity_based","image":0,"visibility":true}]},"keyboard-upgrades":{"name":"Extension clavier","type":"multiple_choice","position":0,"required":false,"title_format":"heading","default":"","description_enable":false,"description":"","placeholder_enable":false,"placeholder":"","display":"radiobutton","restrictions_type":"any_text","adjust_price":false,"price":"","price_type":"quantity_based","restrictions":false,"min":"0","max":"0","options":[{"label":"Clavier et souris [AMP00020]","price":"8.0000","price_type":"quantity_based","image":0,"visibility":true},{"label":"Clavier et souris Portuguese New [AMP00088]","price":"15.0000","price_type":"quantity_based","image":0,"visibility":true},{"label":"Clavier et souris USB espagnols (Nouveau) [AMP00068]","price":"12.0000","price_type":"quantity_based","image":0,"visibility":true}]}},"df_price":410.19,"df_sale_price":"","df_regular_price":410.19,"df_image_link":"https:\/\/zoca.es\/wp-content\/uploads\/images\/product\/14625\/hp03229_01-300x225.jpg","_links":{"self":[{"href":"https:\/\/zoca.es\/fr\/wp-json\/wp\/v2\/product\/155005","targetHints":{"allow":["GET"]}}],"collection":[{"href":"https:\/\/zoca.es\/fr\/wp-json\/wp\/v2\/product"}],"about":[{"href":"https:\/\/zoca.es\/fr\/wp-json\/wp\/v2\/types\/product"}],"wp:featuredmedia":[{"embeddable":true,"href":"https:\/\/zoca.es\/fr\/wp-json\/wp\/v2\/media\/154983"}],"wp:attachment":[{"href":"https:\/\/zoca.es\/fr\/wp-json\/wp\/v2\/media?parent=155005"}],"wp:term":[{"taxonomy":"product_brand","embeddable":true,"href":"https:\/\/zoca.es\/fr\/wp-json\/wp\/v2\/product_brand?post=155005"},{"taxonomy":"product_cat","embeddable":true,"href":"https:\/\/zoca.es\/fr\/wp-json\/wp\/v2\/product_cat?post=155005"},{"taxonomy":"product_tag","embeddable":true,"href":"https:\/\/zoca.es\/fr\/wp-json\/wp\/v2\/product_tag?post=155005"}],"curies":[{"name":"wp","href":"https:\/\/api.w.org\/{rel}","templated":true}]}}