{"id":154310,"date":"2025-12-30T13:35:30","date_gmt":"2025-12-30T12:35:30","guid":{"rendered":"https:\/\/zoca.es\/producto\/hp-z24i-g2-238-ips-169-reconditionne-1920x1080-fr-14392\/"},"modified":"2026-03-30T14:56:58","modified_gmt":"2026-03-30T13:56:58","slug":"hp-z24i-g2-238-ips-169-reconditionne-1920x1080-fr-14392","status":"publish","type":"product","link":"https:\/\/zoca.es\/fr\/produit\/hp-z24i-g2-238-ips-169-reconditionne-1920x1080-fr-14392\/","title":{"rendered":"HP Z24I G2 23.8\u00a0\u00bb IPS 16:9 | Reconditionn\u00e9 | 1920&#215;1080"},"content":{"rendered":"<p><strong>\u00c9cran<\/strong><br \/>IPS 23.8 \u00a0\u00bb FullHD 16:9  \u00b7 R\u00e9solution 1920&#215;1080<br \/>Dot pitch 0.265 mm<br \/>R\u00e9ponse 5 ms<br \/>Contraste 10,000,000:1 dynamic<br \/>Luminosit\u00e9 300 cd\/m2<br \/>Angle vision 178\u00b0v\/178\u00b0h<br \/><strong>Ports vid\u00e9o<\/strong><br \/>VGA<br \/>HDMI<br \/>Display Port<br \/><strong>Affichage sp\u00e9cifique<\/strong><br \/>Stand VESA<br \/>Base<br \/>R\u00e9glable en hauteur<br \/><strong>Autres<\/strong><br \/>hR emballage<br \/><strong>Dimensions<\/strong><br \/>54&#215;20.5&#215;50 cm.<br \/><strong>Poids<\/strong><br \/>6.00 Kg.<br \/><strong>Sp\u00e9cifications suppl\u00e9mentaires<\/strong><br \/>Le HP Z24i G2 est un moniteur de 23,8 pouces con\u00e7u pour les environnements professionnels o\u00f9 la fid\u00e9lit\u00e9 visuelle et le confort d\u2019utilisation sont essentiels. Destin\u00e9 aux bureaux techniques, \u00e0 la cr\u00e9ation de contenu, au design, \u00e0 l\u2019ing\u00e9nierie ou aux postes corporatifs avanc\u00e9s, il offre une exp\u00e9rience d\u2019affichage stable et pr\u00e9cise, adapt\u00e9e aux longues journ\u00e9es de travail sans compromettre les performances.<br \/>Son panneau IPS Full HD de 23,8\u201d avec une r\u00e9solution de 1920&#215;1080 garantit des couleurs homog\u00e8nes et une image constante sous tous les angles gr\u00e2ce \u00e0 ses larges angles de vision de 178\u00b0 en vertical et en horizontal. Le pas de pixel de 0,265 mm assure une excellente nettet\u00e9 des textes et des graphiques, tandis que le contraste dynamique de 10 000 000:1 am\u00e9liore la profondeur et le d\u00e9tail de l\u2019image. Avec une luminosit\u00e9 de 300 cd\/m\u00b2, il fonctionne efficacement m\u00eame dans des environnements tr\u00e8s lumineux, et son temps de r\u00e9ponse de 5 ms garantit une utilisation fluide au quotidien. La connectivit\u00e9 VGA, HDMI et DisplayPort, associ\u00e9e aux ports USB 3.0 int\u00e9gr\u00e9s, permet une int\u00e9gration propre et flexible sur tout poste de travail.<br \/>Le HP Z24i G2 se distingue par son \u00e9quilibre entre qualit\u00e9 d\u2019image, connectivit\u00e9 et fiabilit\u00e9, en faisant un outil solide pour ceux qui recherchent pr\u00e9cision et constance visuelle. Un moniteur \u00e0 vocation professionnelle qui apporte productivit\u00e9, confort et une r\u00e9elle valeur ajout\u00e9e dans tout environnement o\u00f9 l\u2019image compte.<br \/>Bon aspect ext\u00e9rieur. Si vous avez des questions, appelez-nous ou utilisez notre chat pour obtenir plus d\u2019informations ou demander davantage de d\u00e9tails.<br \/><strong>Commentaires<\/strong><br \/><u>C\u00e2ble d&rsquo;alimentation et VGA inclus &#8211; 2xUSB 3.0<\/u><\/p>\n","protected":false},"excerpt":{"rendered":"<p>IPS 23.8 \u00a0\u00bb FullHD 16:9 \u00b7 Dot pitch 0.265 mm \u00b7 R\u00e9ponse 5 ms \u00b7 Contraste 10,000,000:1 dynamic \u00b7 Luminosit\u00e9 300 cd\/m2 \u00b7 VGA \u00b7 HDMI \u00b7 Display Port \u00b7<br \/>\n<u>C\u00e2ble d&rsquo;alimentation et VGA inclus &#8211; 2xUSB 3.0<br \/>\n<\/u><\/p>\n","protected":false},"featured_media":154288,"template":"","meta":[],"product_brand":[3453],"product_cat":[2237,3127],"product_tag":[],"class_list":{"0":"post-154310","1":"product","2":"type-product","3":"status-publish","4":"has-post-thumbnail","6":"product_brand-hp","7":"product_cat-moniteurs-fr","8":"product_cat-moniteurs-moniteurs-fr","10":"first","11":"instock","12":"taxable","13":"shipping-taxable","14":"purchasable","15":"product-type-simple"},"bundled_by":[],"bundle_stock_status":"instock","bundle_stock_quantity":2,"bundle_virtual":false,"bundle_layout":"","bundle_add_to_cart_form_location":"","bundle_editable_in_cart":false,"bundle_sold_individually_context":"","bundle_item_grouping":"","bundle_min_size":"","bundle_max_size":"","bundle_price":[],"bundled_items":[],"bundle_sell_ids":[],"exclude_global_add_ons":true,"addons":{"hdmi-upgrades":{"name":"Extension c\u00e2ble","type":"multiple_choice","position":0,"required":false,"title_format":"heading","default":"","description_enable":false,"description":"","placeholder_enable":false,"placeholder":"","display":"radiobutton","restrictions_type":"any_text","adjust_price":false,"price":"","price_type":"quantity_based","restrictions":false,"min":"0","max":"0","options":[{"label":"C\u00e2ble HDMI 2 mts. [AMP00104]","price":"6.0000","price_type":"quantity_based","image":0,"visibility":true},{"label":"C\u00e2ble DisplayPort vers DisplayPort 1,8 mts. [AMP00103]","price":"8.0000","price_type":"quantity_based","image":0,"visibility":true}]}},"df_price":123.42,"df_sale_price":"","df_regular_price":123.42,"df_image_link":"https:\/\/zoca.es\/wp-content\/uploads\/images\/product\/14392\/hp03184_01-300x225.jpg","_links":{"self":[{"href":"https:\/\/zoca.es\/fr\/wp-json\/wp\/v2\/product\/154310","targetHints":{"allow":["GET"]}}],"collection":[{"href":"https:\/\/zoca.es\/fr\/wp-json\/wp\/v2\/product"}],"about":[{"href":"https:\/\/zoca.es\/fr\/wp-json\/wp\/v2\/types\/product"}],"wp:featuredmedia":[{"embeddable":true,"href":"https:\/\/zoca.es\/fr\/wp-json\/wp\/v2\/media\/154288"}],"wp:attachment":[{"href":"https:\/\/zoca.es\/fr\/wp-json\/wp\/v2\/media?parent=154310"}],"wp:term":[{"taxonomy":"product_brand","embeddable":true,"href":"https:\/\/zoca.es\/fr\/wp-json\/wp\/v2\/product_brand?post=154310"},{"taxonomy":"product_cat","embeddable":true,"href":"https:\/\/zoca.es\/fr\/wp-json\/wp\/v2\/product_cat?post=154310"},{"taxonomy":"product_tag","embeddable":true,"href":"https:\/\/zoca.es\/fr\/wp-json\/wp\/v2\/product_tag?post=154310"}],"curies":[{"name":"wp","href":"https:\/\/api.w.org\/{rel}","templated":true}]}}