{"id":152111,"date":"2025-12-10T16:13:00","date_gmt":"2025-12-10T15:13:00","guid":{"rendered":"https:\/\/zoca.es\/producto\/hannspree-he225dpb-22-led-169-reconditionne-1920x1080-fr-14544\/"},"modified":"2026-02-25T09:56:53","modified_gmt":"2026-02-25T08:56:53","slug":"hannspree-he225dpb-22-led-169-reconditionne-1920x1080-fr-14544","status":"publish","type":"product","link":"https:\/\/zoca.es\/fr\/produit\/hannspree-he225dpb-22-led-169-reconditionne-1920x1080-fr-14544\/","title":{"rendered":"Hannspree HE225DPB 22\u00a0\u00bb Led 16:9 | Reconditionn\u00e9 | 1920&#215;1080"},"content":{"rendered":"<p><strong>\u00c9cran<\/strong><br \/>Led 22 \u00a0\u00bb FullHD avec Haut-parleurs \u00b7 16:9 \u00b7 R\u00e9solution 1920&#215;1080<br \/>Dot pitch 0.248 mm<br \/>R\u00e9ponse 5 ms<br \/>Contraste 1000:1<br \/>Luminosit\u00e9 250 cd\/m2<br \/>Angle vision 170\u00b0v\/176\u00b0h<br \/><strong>Ports vid\u00e9o<\/strong><br \/>VGA<br \/>DVI<br \/><strong>Affichage sp\u00e9cifique<\/strong><br \/>Stand VESA<br \/>Base<br \/><strong>Autres<\/strong><br \/>hR emballage<br \/><strong>Dimensions<\/strong><br \/>51x39x19 cm.<br \/><strong>Poids<\/strong><br \/>3.25 Kg.<br \/><strong>Sp\u00e9cifications suppl\u00e9mentaires<\/strong><br \/>Le Hannspree HE225DPB est con\u00e7u pour ceux qui recherchent un moniteur de 22 pouces alliant de bonnes performances visuelles \u00e0 la commodit\u00e9 d\u2019un son int\u00e9gr\u00e9. Parfait pour les bureaux, les environnements domestiques ou les espaces r\u00e9duits o\u00f9 la praticit\u00e9 compte, ce moniteur offre une exp\u00e9rience visuelle fluide et compl\u00e8te, sans complications.Son \u00e9cran LED FullHD de 22\u2019\u2019 avec une r\u00e9solution de 1920&#215;1080 au format 16:9 fournit des images claires et d\u00e9taill\u00e9es, gr\u00e2ce \u00e0 un dot pitch de 0.248 mm qui maintient une excellente nettet\u00e9 dans les textes, graphiques et vid\u00e9os. Avec un contraste de 1000:1 et une luminosit\u00e9 de 250 cd\/m\u00b2, l\u2019image reste \u00e9quilibr\u00e9e m\u00eame sous des conditions d\u2019\u00e9clairage variables. Son temps de r\u00e9ponse de 5 ms garantit des transitions fluides sans flous g\u00eanants, tandis que les larges angles de vision de 170\u00b0 vertical et 176\u00b0 horizontal permettent une visualisation de qualit\u00e9 depuis diff\u00e9rentes positions. De plus, les haut-parleurs int\u00e9gr\u00e9s \u00e9vitent l\u2019utilisation de p\u00e9riph\u00e9riques suppl\u00e9mentaires, et les connexions VGA et DVI assurent une compatibilit\u00e9 avec un large \u00e9ventail d\u2019appareils, tout en incluant ce qu\u2019il faut pour commencer \u00e0 l\u2019utiliser.Le Hannspree HE225DPB allie polyvalence, confort et fonctionnalit\u00e9, et constitue une option id\u00e9ale pour ceux qui souhaitent un \u00e9cran pratique et pr\u00eat \u00e0 l\u2019emploi, sans sacrifier la qualit\u00e9 ni la simplicit\u00e9. Un moniteur complet qui optimise l\u2019espace, int\u00e8gre l\u2019audio et offre une exp\u00e9rience visuelle confortable et fiable, aussi bien en environnement professionnel qu\u2019\u00e0 domicile.Bon aspect ext\u00e9rieur. Si vous avez la moindre question, appelez-nous ou utilisez notre chat pour demander plus d\u2019informations ou davantage de d\u00e9tails.<br \/><strong>Commentaires<\/strong><br \/><u>C\u00e2ble d&rsquo;alimentation et VGA inclus<\/u><\/p>\n","protected":false},"excerpt":{"rendered":"<p>Led 22 \u00a0\u00bb FullHD avec Haut-parleurs \u00b7 16:9 \u00b7 R\u00e9solution 1920&#215;1080 \u00b7 Dot pitch 0.248 mm \u00b7 R\u00e9ponse 5 ms \u00b7 Contraste 1000:1 \u00b7 Luminosit\u00e9 250 cd\/m2 \u00b7 VGA \u00b7 DVI \u00b7<br \/>\n<u>C\u00e2ble d&rsquo;alimentation et VGA inclus<br \/>\n<\/u><\/p>\n","protected":false},"featured_media":152092,"template":"","meta":[],"product_brand":[3513],"product_cat":[2237,3127],"product_tag":[],"class_list":{"0":"post-152111","1":"product","2":"type-product","3":"status-publish","4":"has-post-thumbnail","6":"product_brand-hannspree","7":"product_cat-moniteurs-fr","8":"product_cat-moniteurs-moniteurs-fr","10":"first","11":"instock","12":"taxable","13":"shipping-taxable","14":"purchasable","15":"product-type-simple"},"bundled_by":[],"bundle_stock_status":"instock","bundle_stock_quantity":4,"bundle_virtual":false,"bundle_layout":"","bundle_add_to_cart_form_location":"","bundle_editable_in_cart":false,"bundle_sold_individually_context":"","bundle_item_grouping":"","bundle_min_size":"","bundle_max_size":"","bundle_price":[],"bundled_items":[],"bundle_sell_ids":[],"exclude_global_add_ons":true,"addons":{"webcam-upgrades":{"name":"Extension Webcam","type":"multiple_choice","position":0,"required":false,"title_format":"heading","default":"","description_enable":false,"description":"","placeholder_enable":false,"placeholder":"","display":"radiobutton","restrictions_type":"any_text","adjust_price":false,"price":"","price_type":"quantity_based","restrictions":false,"min":"0","max":"0","options":[{"label":"Conceptronic AMDIS FullHD [AMP00085]","price":"29.0000","price_type":"quantity_based","image":0,"visibility":true}]},"hdmi-upgrades":{"name":"Extension c\u00e2ble","type":"multiple_choice","position":0,"required":false,"title_format":"heading","default":"","description_enable":false,"description":"","placeholder_enable":false,"placeholder":"","display":"radiobutton","restrictions_type":"any_text","adjust_price":false,"price":"","price_type":"quantity_based","restrictions":false,"min":"0","max":"0","options":[{"label":"C\u00e2ble DVI-D M\/M Dual Link 1,8 mts. [AMP00102]","price":"2.0000","price_type":"quantity_based","image":0,"visibility":true}]}},"df_price":84.7,"df_sale_price":"","df_regular_price":84.7,"df_image_link":"https:\/\/zoca.es\/wp-content\/uploads\/images\/product\/14544\/han00002_01-300x225.jpg","_links":{"self":[{"href":"https:\/\/zoca.es\/fr\/wp-json\/wp\/v2\/product\/152111","targetHints":{"allow":["GET"]}}],"collection":[{"href":"https:\/\/zoca.es\/fr\/wp-json\/wp\/v2\/product"}],"about":[{"href":"https:\/\/zoca.es\/fr\/wp-json\/wp\/v2\/types\/product"}],"wp:featuredmedia":[{"embeddable":true,"href":"https:\/\/zoca.es\/fr\/wp-json\/wp\/v2\/media\/152092"}],"wp:attachment":[{"href":"https:\/\/zoca.es\/fr\/wp-json\/wp\/v2\/media?parent=152111"}],"wp:term":[{"taxonomy":"product_brand","embeddable":true,"href":"https:\/\/zoca.es\/fr\/wp-json\/wp\/v2\/product_brand?post=152111"},{"taxonomy":"product_cat","embeddable":true,"href":"https:\/\/zoca.es\/fr\/wp-json\/wp\/v2\/product_cat?post=152111"},{"taxonomy":"product_tag","embeddable":true,"href":"https:\/\/zoca.es\/fr\/wp-json\/wp\/v2\/product_tag?post=152111"}],"curies":[{"name":"wp","href":"https:\/\/api.w.org\/{rel}","templated":true}]}}