{"id":152016,"date":"2025-12-10T12:30:21","date_gmt":"2025-12-10T11:30:21","guid":{"rendered":"https:\/\/zoca.es\/producto\/philips-221v8-00-22-led-169-reconditionne-1920x1080-fr-14518\/"},"modified":"2026-02-25T10:34:37","modified_gmt":"2026-02-25T09:34:37","slug":"philips-221v8-00-22-led-169-reconditionne-1920x1080-fr-14518","status":"publish","type":"product","link":"https:\/\/zoca.es\/fr\/produit\/philips-221v8-00-22-led-169-reconditionne-1920x1080-fr-14518\/","title":{"rendered":"Philips 221v8-00 22\u00a0\u00bb Led 16:9 | Reconditionn\u00e9 | 1920&#215;1080"},"content":{"rendered":"<p><strong>\u00c9cran<\/strong><br \/>Led 22 \u00a0\u00bb FullHD 16:9 \u00b7 R\u00e9solution 1920&#215;1080<br \/>Dot pitch 0.248 mm<br \/>R\u00e9ponse 4 ms<br \/>Contraste 4000:1<br \/>Luminosit\u00e9 200 cd\/m2<br \/>Angle vision 178\u00b0v\/178\u00b0h<br \/><strong>Ports vid\u00e9o<\/strong><br \/>VGA<br \/>HDMI<br \/><strong>Affichage sp\u00e9cifique<\/strong><br \/>Stand VESA<br \/>Base<br \/><strong>Autres<\/strong><br \/>hR emballage<br \/><strong>Dimensions<\/strong><br \/>49x38x22 cm.<br \/><strong>Poids<\/strong><br \/>2.75 Kg.<br \/><strong>Sp\u00e9cifications suppl\u00e9mentaires<\/strong><br \/>Le Philips 221V8-00 r\u00e9unit dans ses 22 pouces la combinaison id\u00e9ale entre format confortable, polyvalence et performances visuelles solides. Id\u00e9al pour les bureaux, les postes de travail \u00e0 domicile ou les environnements multit\u00e2ches, ce moniteur offre la qualit\u00e9 n\u00e9cessaire \u00e0 ceux qui recherchent stabilit\u00e9, clart\u00e9 et efficacit\u00e9 sans complications.Son panneau LED FullHD de 22\u2019\u2019 avec une r\u00e9solution de 1920\u00d71080 fournit des images nettes et bien d\u00e9finies, tandis que son dot pitch de 0,248 mm garantit un niveau de d\u00e9tail adapt\u00e9 aux documents, tableaux, travaux graphiques ou contenus multim\u00e9dias. Le contraste de 4000:1 assure des noirs profonds et des couleurs bien nuanc\u00e9es, et sa luminosit\u00e9 de 200 cd\/m\u00b2 convient parfaitement aux environnements de travail mod\u00e9r\u00e9ment \u00e9clair\u00e9s. Avec un temps de r\u00e9ponse rapide de 4 ms, les transitions sont fluides, et les larges angles de vision de 178\u00b0\/178\u00b0 garantissent une image coh\u00e9rente quel que soit l\u2019angle d\u2019observation. Gr\u00e2ce \u00e0 ses ports VGA et HDMI, le moniteur est compatible aussi bien avec des PC compacts qu\u2019avec des \u00e9quipements modernes, permettant une installation rapide et flexible.Le Philips 221V8-00 s\u2019impose comme un choix judicieux pour ceux qui privil\u00e9gient une exp\u00e9rience visuelle \u00e9quilibr\u00e9e, polyvalente et confortable dans des environnements professionnels ou de loisirs. Un moniteur fiable, efficace et facile \u00e0 int\u00e9grer, qui am\u00e9liore votre espace de travail sans effort et avec style.Bon aspect ext\u00e9rieur. Si vous avez des questions, appelez-nous ou utilisez notre chat pour obtenir plus d\u2019informations ou demander plus de d\u00e9tails.<br \/><strong>Commentaires<\/strong><br \/><u>C\u00e2ble d&rsquo;alimentation et VGA inclus<\/u><\/p>\n","protected":false},"excerpt":{"rendered":"<p>Led 22 \u00a0\u00bb FullHD 16:9 \u00b7 R\u00e9solution 1920&#215;1080 \u00b7 Dot pitch 0.248 mm \u00b7 R\u00e9ponse 4 ms \u00b7 Contraste 4000:1 \u00b7 Luminosit\u00e9 200 cd\/m2 \u00b7 VGA \u00b7 HDMI \u00b7<br \/>\n<u>C\u00e2ble d&rsquo;alimentation et VGA inclus<br \/>\n<\/u><\/p>\n","protected":false},"featured_media":152000,"template":"","meta":[],"product_brand":[3461],"product_cat":[2237,3127],"product_tag":[],"class_list":{"0":"post-152016","1":"product","2":"type-product","3":"status-publish","4":"has-post-thumbnail","6":"product_brand-philips","7":"product_cat-moniteurs-fr","8":"product_cat-moniteurs-moniteurs-fr","10":"first","11":"instock","12":"taxable","13":"shipping-taxable","14":"purchasable","15":"product-type-simple"},"bundled_by":[],"bundle_stock_status":"instock","bundle_stock_quantity":5,"bundle_virtual":false,"bundle_layout":"","bundle_add_to_cart_form_location":"","bundle_editable_in_cart":false,"bundle_sold_individually_context":"","bundle_item_grouping":"","bundle_min_size":"","bundle_max_size":"","bundle_price":[],"bundled_items":[],"bundle_sell_ids":[],"exclude_global_add_ons":true,"addons":{"webcam-upgrades":{"name":"Extension Webcam","type":"multiple_choice","position":0,"required":false,"title_format":"heading","default":"","description_enable":false,"description":"","placeholder_enable":false,"placeholder":"","display":"radiobutton","restrictions_type":"any_text","adjust_price":false,"price":"","price_type":"quantity_based","restrictions":false,"min":"0","max":"0","options":[{"label":"Conceptronic AMDIS FullHD [AMP00085]","price":"29.0000","price_type":"quantity_based","image":0,"visibility":true}]},"hdmi-upgrades":{"name":"Extension c\u00e2ble","type":"multiple_choice","position":0,"required":false,"title_format":"heading","default":"","description_enable":false,"description":"","placeholder_enable":false,"placeholder":"","display":"radiobutton","restrictions_type":"any_text","adjust_price":false,"price":"","price_type":"quantity_based","restrictions":false,"min":"0","max":"0","options":[{"label":"C\u00e2ble HDMI 2 mts. [AMP00104]","price":"6.0000","price_type":"quantity_based","image":0,"visibility":true}]},"warranty-upgrades":{"name":"Extension garantie","type":"multiple_choice","position":0,"required":false,"title_format":"heading","default":"","description_enable":false,"description":"","placeholder_enable":false,"placeholder":"","display":"radiobutton","restrictions_type":"any_text","adjust_price":false,"price":"","price_type":"quantity_based","restrictions":false,"min":"0","max":"0","options":[{"label":"Extension de garantie \u00e0 2 ans [AMP00021]","price":"15.0000","price_type":"quantity_based","image":0,"visibility":true}]}},"df_price":94.38,"df_sale_price":"","df_regular_price":94.38,"df_image_link":"https:\/\/zoca.es\/wp-content\/uploads\/images\/product\/14518\/phil00059_01-300x225.jpg","_links":{"self":[{"href":"https:\/\/zoca.es\/fr\/wp-json\/wp\/v2\/product\/152016","targetHints":{"allow":["GET"]}}],"collection":[{"href":"https:\/\/zoca.es\/fr\/wp-json\/wp\/v2\/product"}],"about":[{"href":"https:\/\/zoca.es\/fr\/wp-json\/wp\/v2\/types\/product"}],"wp:featuredmedia":[{"embeddable":true,"href":"https:\/\/zoca.es\/fr\/wp-json\/wp\/v2\/media\/152000"}],"wp:attachment":[{"href":"https:\/\/zoca.es\/fr\/wp-json\/wp\/v2\/media?parent=152016"}],"wp:term":[{"taxonomy":"product_brand","embeddable":true,"href":"https:\/\/zoca.es\/fr\/wp-json\/wp\/v2\/product_brand?post=152016"},{"taxonomy":"product_cat","embeddable":true,"href":"https:\/\/zoca.es\/fr\/wp-json\/wp\/v2\/product_cat?post=152016"},{"taxonomy":"product_tag","embeddable":true,"href":"https:\/\/zoca.es\/fr\/wp-json\/wp\/v2\/product_tag?post=152016"}],"curies":[{"name":"wp","href":"https:\/\/api.w.org\/{rel}","templated":true}]}}