{"id":149714,"date":"2025-11-25T12:10:36","date_gmt":"2025-11-25T11:10:36","guid":{"rendered":"https:\/\/zoca.es\/producto\/hp-probook-640-g5-14-reconditionne-core-i5-16ghz-8-gb-ram-500-gb-ssd-m2-1920x1080-fr-14361\/"},"modified":"2026-04-10T12:47:12","modified_gmt":"2026-04-10T11:47:12","slug":"hp-probook-640-g5-14-reconditionne-core-i5-16ghz-8-gb-ram-500-gb-ssd-m2-1920x1080-fr-14361","status":"publish","type":"product","link":"https:\/\/zoca.es\/fr\/produit\/hp-probook-640-g5-14-reconditionne-core-i5-16ghz-8-gb-ram-500-gb-ssd-m2-1920x1080-fr-14361\/","title":{"rendered":"HP ProBook 640 G5 14\u00a0\u00bb | Reconditionn\u00e9 | Core i5 1.6GHz | 8 GB RAM | 500 GB SSD M2 1920&#215;1080"},"content":{"rendered":"<p><strong>Processeur<\/strong><br \/>Intel Core i5 8265U 1.6 GHz.<br \/><strong>M\u00e9moire RAM<\/strong><br \/>8 Gb. SO-DDR4 RAM<br \/><strong>Disque dur<\/strong><br \/>500 Gb. SSD M2<br \/><strong>Cartes<\/strong><br \/>Graphique: Intel UHD Graphics 620<br \/>Son: Realtek HD Audio<br \/>R\u00e9seau: Intel Ethernet Connection I219-v<br \/><strong>Syst\u00e8me op\u00e9ratif<\/strong><br \/>Windows 11 Pro<br \/><strong>Ports<\/strong><br \/>USB-C<br \/>3x USB 3.1<br \/><strong>\u00c9cran<\/strong><br \/>Led 14 \u00a0\u00bb FullHD 16:10  \u00b7 R\u00e9solution 1920&#215;1080<br \/><strong>Ports vid\u00e9o<\/strong><br \/>VGA<br \/>HDMI<br \/><strong>Multim\u00e9dias<\/strong><br \/>Webcam<br \/>Lecteur d&#8217;empreintes<br \/>Lecteur carte d&rsquo;identit\u00e9<br \/><strong>Connectivit\u00e9<\/strong><br \/>RJ-45<br \/>WIFI<br \/>Bluetooth<br \/><strong>Notebook sp\u00e9cifique<\/strong><br \/>Langue du clavier Espagnol<br \/><strong>Autres<\/strong><br \/>hR emballage<br \/><strong>Dimensions<\/strong><br \/>34x24x2 cm.<br \/><strong>Poids<\/strong><br \/>1.70 Kg.<br \/><strong>Sp\u00e9cifications suppl\u00e9mentaires<\/strong><br \/>Le HP ProBook 640 G5 est un ordinateur portable sp\u00e9cialement con\u00e7u pour les environnements professionnels exigeant stabilit\u00e9, s\u00e9curit\u00e9 et performance continue. Gr\u00e2ce \u00e0 son processeur Intel Core i5-8265U \u00e0 1,6 GHz, il offre une ex\u00e9cution fluide des applications m\u00e9tiers, un multit\u00e2che efficace et une consommation \u00e9nerg\u00e9tique optimis\u00e9e. Ses 8 Go de RAM DDR4 assurent un fonctionnement stable, tandis que son SSD M.2 rapide de 500 Go offre un espace g\u00e9n\u00e9reux et des temps de chargement r\u00e9duits, am\u00e9liorant sensiblement la productivit\u00e9 quotidienne.<br \/>Son \u00e9cran LED de 14\u2019\u2019 FullHD (1920&#215;1080) au format 16:10 offre une plus grande surface verticale, id\u00e9ale pour les documents, feuilles de calcul et la navigation professionnelle. La webcam et la cam\u00e9ra frontale permettent des visioconf\u00e9rences claires et fiables, indispensables dans le contexte professionnel actuel.<br \/>En mati\u00e8re de s\u00e9curit\u00e9, ce mod\u00e8le se distingue par l\u2019int\u00e9gration d\u2019un lecteur d\u2019empreintes digitales, d\u2019un lecteur DNI et d\u2019un syst\u00e8me complet de protection professionnelle, parfaitement compl\u00e9t\u00e9 par Windows 11 Pro pour offrir une exp\u00e9rience moderne, s\u00fbre et conforme aux standards actuels de l\u2019entreprise.<br \/>La s\u00e9rie ProBook est reconnue pour sa durabilit\u00e9, son design sobre et sa fiabilit\u00e9 \u00e0 long terme, faisant de ce mod\u00e8le un compagnon id\u00e9al pour les professionnels, entreprises et \u00e9tudiants recherchant un ordinateur portable robuste, \u00e9quilibr\u00e9 et pr\u00eat \u00e0 affronter des journ\u00e9es de travail exigeantes.<br \/>Bon aspect ext\u00e9rieur. Consultez \u201c+ Photos\u201d et \u201cVid\u00e9o\u201d, et si vous avez des questions, appelez-nous ou utilisez notre chat pour demander plus d\u2019informations ou des d\u00e9tails suppl\u00e9mentaires.<\/p>\n","protected":false},"excerpt":{"rendered":"<p>Intel Core i5 8265U 1.6 GHz. \u00b7 8 Gb. SO-DDR4 RAM \u00b7 500 Gb. SSD M2 \u00b7 <strong>Windows 11 Pro<\/strong> \u00b7 Led 14 \u00a0\u00bb FullHD 16:10 \u00b7 Webcam \u00b7 Lecteur d&#8217;empreintes \u00b7 Lecteur carte d&rsquo;identit\u00e9<\/p>\n","protected":false},"featured_media":149683,"template":"","meta":[],"product_brand":[3453],"product_cat":[2254,3121],"product_tag":[],"class_list":{"0":"post-149714","1":"product","2":"type-product","3":"status-publish","4":"has-post-thumbnail","6":"product_brand-hp","7":"product_cat-notebooks-fr","8":"product_cat-notebooks-notebooks-fr","10":"first","11":"instock","12":"sale","13":"taxable","14":"shipping-taxable","15":"purchasable","16":"product-type-simple"},"bundled_by":[],"bundle_stock_status":"instock","bundle_stock_quantity":79,"bundle_virtual":false,"bundle_layout":"","bundle_add_to_cart_form_location":"","bundle_editable_in_cart":false,"bundle_sold_individually_context":"","bundle_item_grouping":"","bundle_min_size":"","bundle_max_size":"","bundle_price":[],"bundled_items":[],"bundle_sell_ids":[],"exclude_global_add_ons":true,"addons":{"keyboard-iso-upgrades":{"name":"Choisir langue du clavier","type":"multiple_choice","position":0,"required":false,"title_format":"heading","default":"","description_enable":false,"description":"","placeholder_enable":false,"placeholder":"","display":"radiobutton","restrictions_type":"any_text","adjust_price":false,"price":"","price_type":"quantity_based","restrictions":false,"min":"0","max":"0","options":[{"label":"Autocollants fran\u00e7ais [AMP00084]","price":"0.0000","price_type":"quantity_based","image":0,"visibility":true},{"label":"Autocollants portugais [AMP00083]","price":"0.0000","price_type":"quantity_based","image":0,"visibility":true}]},"ram-memory-upgrades":{"name":"Extension RAM","type":"multiple_choice","position":0,"required":false,"title_format":"heading","default":"","description_enable":false,"description":"","placeholder_enable":false,"placeholder":"","display":"radiobutton","restrictions_type":"any_text","adjust_price":false,"price":"","price_type":"quantity_based","restrictions":false,"min":"0","max":"0","options":[{"label":"Extension de 16 Gb Gb de RAM SO-DIMM DDR4 [AMP00081]","price":"60.0000","price_type":"quantity_based","image":0,"visibility":true}]},"hdd-upgrades":{"name":"Extension disque dur","type":"multiple_choice","position":0,"required":false,"title_format":"heading","default":"","description_enable":false,"description":"","placeholder_enable":false,"placeholder":"","display":"radiobutton","restrictions_type":"any_text","adjust_price":false,"price":"","price_type":"quantity_based","restrictions":false,"min":"0","max":"0","options":[{"label":"Passez au disque SSD 1 Tb. M.2 2280 PCIe [AMP00107]","price":"165.0000","price_type":"quantity_based","image":0,"visibility":true}]},"os-upgrades":{"name":"Expansion SO","type":"multiple_choice","position":0,"required":false,"title_format":"heading","default":"","description_enable":false,"description":"","placeholder_enable":false,"placeholder":"","display":"radiobutton","restrictions_type":"any_text","adjust_price":false,"price":"","price_type":"quantity_based","restrictions":false,"min":"0","max":"0","options":[{"label":"Changer la langue en fran\u00e7ais [AMP00125]","price":"0.0000","price_type":"quantity_based","image":0,"visibility":true},{"label":"Changer la langue en anglais [AMP00008]","price":"0.0000","price_type":"quantity_based","image":0,"visibility":true},{"label":"Changer la langue en portugais [AMP00009]","price":"0.0000","price_type":"quantity_based","image":0,"visibility":true}]},"briefcase-upgrades":{"name":"Porte-documents","type":"multiple_choice","position":0,"required":false,"title_format":"heading","default":"","description_enable":false,"description":"","placeholder_enable":false,"placeholder":"","display":"radiobutton","restrictions_type":"any_text","adjust_price":false,"price":"","price_type":"quantity_based","restrictions":false,"min":"0","max":"0","options":[{"label":"Mallette Notebook [AMP00041]","price":"5.0000","price_type":"quantity_based","image":0,"visibility":true}]}},"df_price":249.26,"df_sale_price":249.26,"df_regular_price":262.57,"df_image_link":"https:\/\/zoca.es\/wp-content\/uploads\/images\/product\/14361\/hp03176_01-300x225.jpg","_links":{"self":[{"href":"https:\/\/zoca.es\/fr\/wp-json\/wp\/v2\/product\/149714","targetHints":{"allow":["GET"]}}],"collection":[{"href":"https:\/\/zoca.es\/fr\/wp-json\/wp\/v2\/product"}],"about":[{"href":"https:\/\/zoca.es\/fr\/wp-json\/wp\/v2\/types\/product"}],"wp:featuredmedia":[{"embeddable":true,"href":"https:\/\/zoca.es\/fr\/wp-json\/wp\/v2\/media\/149683"}],"wp:attachment":[{"href":"https:\/\/zoca.es\/fr\/wp-json\/wp\/v2\/media?parent=149714"}],"wp:term":[{"taxonomy":"product_brand","embeddable":true,"href":"https:\/\/zoca.es\/fr\/wp-json\/wp\/v2\/product_brand?post=149714"},{"taxonomy":"product_cat","embeddable":true,"href":"https:\/\/zoca.es\/fr\/wp-json\/wp\/v2\/product_cat?post=149714"},{"taxonomy":"product_tag","embeddable":true,"href":"https:\/\/zoca.es\/fr\/wp-json\/wp\/v2\/product_tag?post=149714"}],"curies":[{"name":"wp","href":"https:\/\/api.w.org\/{rel}","templated":true}]}}